{"id":1734,"date":"2023-12-08T11:44:01","date_gmt":"2023-12-08T15:44:01","guid":{"rendered":"https:\/\/site.ac-martinique.fr\/sciences-economiques\/?page_id=1734"},"modified":"2023-12-08T11:44:09","modified_gmt":"2023-12-08T15:44:09","slug":"comment-expliquer-les-crises-financieres-et-reguler-le-systeme-financier-version-prof","status":"publish","type":"page","link":"https:\/\/site.ac-martinique.fr\/sciences-economiques\/?page_id=1734","title":{"rendered":"Comment expliquer les crises financi\u00e8res et r\u00e9guler le syst\u00e8me financier ? \/ Version prof"},"content":{"rendered":"","protected":true},"excerpt":{"rendered":"","protected":true},"author":81,"featured_media":0,"parent":1566,"menu_order":8,"comment_status":"closed","ping_status":"closed","template":"","meta":{"footnotes":"","_links_to":"","_links_to_target":""},"class_list":["post-1734","page","type-page","status-publish","post-password-required","hentry"],"_links":{"self":[{"href":"https:\/\/site.ac-martinique.fr\/sciences-economiques\/index.php?rest_route=\/wp\/v2\/pages\/1734","targetHints":{"allow":["GET"]}}],"collection":[{"href":"https:\/\/site.ac-martinique.fr\/sciences-economiques\/index.php?rest_route=\/wp\/v2\/pages"}],"about":[{"href":"https:\/\/site.ac-martinique.fr\/sciences-economiques\/index.php?rest_route=\/wp\/v2\/types\/page"}],"author":[{"embeddable":true,"href":"https:\/\/site.ac-martinique.fr\/sciences-economiques\/index.php?rest_route=\/wp\/v2\/users\/81"}],"replies":[{"embeddable":true,"href":"https:\/\/site.ac-martinique.fr\/sciences-economiques\/index.php?rest_route=%2Fwp%2Fv2%2Fcomments&post=1734"}],"version-history":[{"count":1,"href":"https:\/\/site.ac-martinique.fr\/sciences-economiques\/index.php?rest_route=\/wp\/v2\/pages\/1734\/revisions"}],"predecessor-version":[{"id":1736,"href":"https:\/\/site.ac-martinique.fr\/sciences-economiques\/index.php?rest_route=\/wp\/v2\/pages\/1734\/revisions\/1736"}],"up":[{"embeddable":true,"href":"https:\/\/site.ac-martinique.fr\/sciences-economiques\/index.php?rest_route=\/wp\/v2\/pages\/1566"}],"wp:attachment":[{"href":"https:\/\/site.ac-martinique.fr\/sciences-economiques\/index.php?rest_route=%2Fwp%2Fv2%2Fmedia&parent=1734"}],"curies":[{"name":"wp","href":"https:\/\/api.w.org\/{rel}","templated":true}]}}