{"id":1753,"date":"2024-06-11T11:32:26","date_gmt":"2024-06-11T15:32:26","guid":{"rendered":"https:\/\/site.ac-martinique.fr\/sciences-economiques\/?page_id=1753"},"modified":"2024-06-11T11:32:26","modified_gmt":"2024-06-11T15:32:26","slug":"la-plate-forme-moodle-elea","status":"publish","type":"page","link":"https:\/\/site.ac-martinique.fr\/sciences-economiques\/?page_id=1753","title":{"rendered":"LA PLATE-FORME MOODLE : ELEA"},"content":{"rendered":"<p>Une pr\u00e9sentation de la plate-forme El\u00e9a est propos\u00e9e aux professeurs de S.E.S. Elle est r\u00e9alis\u00e9e par l&#8217;\u00e9quipier num\u00e9rique Jaunet Arnaud. Cliquez sur ce lien : <a href=\"https:\/\/tube-arts-lettres-sciences-humaines.apps.education.fr\/w\/1v5wgKrWBi4gFeH5TSyy8X\" target=\"_blank\" rel=\"noopener\">tutoriel El\u00e9a<\/a><\/p>\n<p>Bonne d\u00e9couverte !<\/p>\n","protected":false},"excerpt":{"rendered":"<p>Une pr\u00e9sentation de la plate-forme El\u00e9a est propos\u00e9e aux professeurs de S.E.S. Elle est r\u00e9alis\u00e9e par l&#8217;\u00e9quipier num\u00e9rique Jaunet Arnaud. Cliquez sur ce lien : tutoriel El\u00e9a Bonne d\u00e9couverte !<\/p>\n","protected":false},"author":81,"featured_media":0,"parent":969,"menu_order":9,"comment_status":"closed","ping_status":"closed","template":"","meta":{"footnotes":"","_links_to":"","_links_to_target":""},"class_list":["post-1753","page","type-page","status-publish","hentry"],"_links":{"self":[{"href":"https:\/\/site.ac-martinique.fr\/sciences-economiques\/index.php?rest_route=\/wp\/v2\/pages\/1753","targetHints":{"allow":["GET"]}}],"collection":[{"href":"https:\/\/site.ac-martinique.fr\/sciences-economiques\/index.php?rest_route=\/wp\/v2\/pages"}],"about":[{"href":"https:\/\/site.ac-martinique.fr\/sciences-economiques\/index.php?rest_route=\/wp\/v2\/types\/page"}],"author":[{"embeddable":true,"href":"https:\/\/site.ac-martinique.fr\/sciences-economiques\/index.php?rest_route=\/wp\/v2\/users\/81"}],"replies":[{"embeddable":true,"href":"https:\/\/site.ac-martinique.fr\/sciences-economiques\/index.php?rest_route=%2Fwp%2Fv2%2Fcomments&post=1753"}],"version-history":[{"count":1,"href":"https:\/\/site.ac-martinique.fr\/sciences-economiques\/index.php?rest_route=\/wp\/v2\/pages\/1753\/revisions"}],"predecessor-version":[{"id":1754,"href":"https:\/\/site.ac-martinique.fr\/sciences-economiques\/index.php?rest_route=\/wp\/v2\/pages\/1753\/revisions\/1754"}],"up":[{"embeddable":true,"href":"https:\/\/site.ac-martinique.fr\/sciences-economiques\/index.php?rest_route=\/wp\/v2\/pages\/969"}],"wp:attachment":[{"href":"https:\/\/site.ac-martinique.fr\/sciences-economiques\/index.php?rest_route=%2Fwp%2Fv2%2Fmedia&parent=1753"}],"curies":[{"name":"wp","href":"https:\/\/api.w.org\/{rel}","templated":true}]}}