{"id":1818,"date":"2025-10-09T08:47:53","date_gmt":"2025-10-09T12:47:53","guid":{"rendered":"https:\/\/site.ac-martinique.fr\/sciences-economiques\/?page_id=1818"},"modified":"2025-10-09T08:48:31","modified_gmt":"2025-10-09T12:48:31","slug":"informations-sur-le-choix-de-la-specialite-ses-dans-lacademie-martinique","status":"publish","type":"page","link":"https:\/\/site.ac-martinique.fr\/sciences-economiques\/?page_id=1818","title":{"rendered":"Informations sur le choix de la sp\u00e9cialit\u00e9 SES dans l&#8217;acad\u00e9mie Martinique"},"content":{"rendered":"<ul>\n<li><strong>Le choix de la sp\u00e9cialit\u00e9 SES en Martinique<\/strong><\/li>\n<\/ul>\n<div dir=\"auto\">En cliquant sur les liens suivants, vous acc\u00e9derez aux\u00a0 donn\u00e9es relatives au choix de la sp\u00e9cialit\u00e9 S.E.S en de classe de premi\u00e8re et classe de terminale dans l&#8217;acad\u00e9mie. Ces donn\u00e9es sont compar\u00e9es aux moyennes nationales.<\/div>\n<div dir=\"auto\"><a href=\"https:\/\/site.ac-martinique.fr\/sciences-economiques\/wp-content\/uploads\/sites\/25\/2025\/10\/Specialites-en-Martinique-1.pdf\" target=\"_blank\" rel=\"noopener\">Sp\u00e9cialit\u00e9 en Martinique 1<\/a><\/div>\n<div dir=\"auto\"><a href=\"https:\/\/site.ac-martinique.fr\/sciences-economiques\/wp-content\/uploads\/sites\/25\/2025\/10\/Specialites-en-Martinique-2.pdf\" target=\"_blank\" rel=\"noopener\">Sp\u00e9cialit\u00e9 en Martinique\u00a0 2<\/a><\/div>\n<div dir=\"auto\"><a href=\"https:\/\/site.ac-martinique.fr\/sciences-economiques\/wp-content\/uploads\/sites\/25\/2025\/10\/Specialites-en-Martinique-3.pdf\" target=\"_blank\" rel=\"noopener\">Sp\u00e9cialit\u00e9 en Martinique 3<\/a><\/div>\n<div dir=\"auto\"><\/div>\n","protected":false},"excerpt":{"rendered":"<p>Le choix de la sp\u00e9cialit\u00e9 SES en Martinique En cliquant sur les liens suivants, vous acc\u00e9derez aux\u00a0 donn\u00e9es relatives au choix de la sp\u00e9cialit\u00e9 S.E.S en de classe de premi\u00e8re et classe de terminale dans l&#8217;acad\u00e9mie. Ces donn\u00e9es sont compar\u00e9es &hellip; <a href=\"https:\/\/site.ac-martinique.fr\/sciences-economiques\/?page_id=1818\">Continuer la lecture <span class=\"meta-nav\">&rarr;<\/span><\/a><\/p>\n","protected":false},"author":81,"featured_media":0,"parent":1087,"menu_order":0,"comment_status":"closed","ping_status":"closed","template":"","meta":{"footnotes":"","_links_to":"","_links_to_target":""},"class_list":["post-1818","page","type-page","status-publish","hentry"],"_links":{"self":[{"href":"https:\/\/site.ac-martinique.fr\/sciences-economiques\/index.php?rest_route=\/wp\/v2\/pages\/1818","targetHints":{"allow":["GET"]}}],"collection":[{"href":"https:\/\/site.ac-martinique.fr\/sciences-economiques\/index.php?rest_route=\/wp\/v2\/pages"}],"about":[{"href":"https:\/\/site.ac-martinique.fr\/sciences-economiques\/index.php?rest_route=\/wp\/v2\/types\/page"}],"author":[{"embeddable":true,"href":"https:\/\/site.ac-martinique.fr\/sciences-economiques\/index.php?rest_route=\/wp\/v2\/users\/81"}],"replies":[{"embeddable":true,"href":"https:\/\/site.ac-martinique.fr\/sciences-economiques\/index.php?rest_route=%2Fwp%2Fv2%2Fcomments&post=1818"}],"version-history":[{"count":2,"href":"https:\/\/site.ac-martinique.fr\/sciences-economiques\/index.php?rest_route=\/wp\/v2\/pages\/1818\/revisions"}],"predecessor-version":[{"id":1823,"href":"https:\/\/site.ac-martinique.fr\/sciences-economiques\/index.php?rest_route=\/wp\/v2\/pages\/1818\/revisions\/1823"}],"up":[{"embeddable":true,"href":"https:\/\/site.ac-martinique.fr\/sciences-economiques\/index.php?rest_route=\/wp\/v2\/pages\/1087"}],"wp:attachment":[{"href":"https:\/\/site.ac-martinique.fr\/sciences-economiques\/index.php?rest_route=%2Fwp%2Fv2%2Fmedia&parent=1818"}],"curies":[{"name":"wp","href":"https:\/\/api.w.org\/{rel}","templated":true}]}}