{"id":2,"date":"2014-02-10T13:18:17","date_gmt":"2014-02-10T17:18:17","guid":{"rendered":"\/sciences-economiques\/?page_id=2"},"modified":"2025-10-09T08:32:44","modified_gmt":"2025-10-09T12:32:44","slug":"page-d-exemple","status":"publish","type":"page","link":"https:\/\/site.ac-martinique.fr\/sciences-economiques\/?page_id=2","title":{"rendered":"Mentions L\u00e9gales"},"content":{"rendered":"<p><strong>Directrice de publication : <\/strong>Madame Nathalie MONS, Rectrice de l&#8217;Acad\u00e9mie de Martinique<\/p>\n<p><strong>Responsable de publication : <\/strong>Monsieur L&#8217;IA\/IPR Christophe MARTIN de l&#8217;Acad\u00e9mie de Nantes et de l&#8217;Acad\u00e9mie de Martinique<\/p>\n<p><strong>Interlocutrice acad\u00e9mique au num\u00e9rique : <\/strong>Madame Sandra Gaby RENE-CORAIL<\/p>\n<p><strong>\u00c9quipiers num\u00e9riques : <\/strong>Monsieur Arnaud JAUNET ; Madame Ena NEREE<\/p>\n","protected":false},"excerpt":{"rendered":"<p>Directrice de publication : Madame Nathalie MONS, Rectrice de l&#8217;Acad\u00e9mie de Martinique Responsable de publication : Monsieur L&#8217;IA\/IPR Christophe MARTIN de l&#8217;Acad\u00e9mie de Nantes et de l&#8217;Acad\u00e9mie de Martinique Interlocutrice acad\u00e9mique au num\u00e9rique : Madame Sandra Gaby RENE-CORAIL \u00c9quipiers num\u00e9riques &hellip; <a href=\"https:\/\/site.ac-martinique.fr\/sciences-economiques\/?page_id=2\">Continuer la lecture <span class=\"meta-nav\">&rarr;<\/span><\/a><\/p>\n","protected":false},"author":81,"featured_media":0,"parent":0,"menu_order":0,"comment_status":"closed","ping_status":"closed","template":"","meta":{"footnotes":"","_links_to":"","_links_to_target":""},"class_list":["post-2","page","type-page","status-publish","hentry"],"_links":{"self":[{"href":"https:\/\/site.ac-martinique.fr\/sciences-economiques\/index.php?rest_route=\/wp\/v2\/pages\/2","targetHints":{"allow":["GET"]}}],"collection":[{"href":"https:\/\/site.ac-martinique.fr\/sciences-economiques\/index.php?rest_route=\/wp\/v2\/pages"}],"about":[{"href":"https:\/\/site.ac-martinique.fr\/sciences-economiques\/index.php?rest_route=\/wp\/v2\/types\/page"}],"author":[{"embeddable":true,"href":"https:\/\/site.ac-martinique.fr\/sciences-economiques\/index.php?rest_route=\/wp\/v2\/users\/81"}],"replies":[{"embeddable":true,"href":"https:\/\/site.ac-martinique.fr\/sciences-economiques\/index.php?rest_route=%2Fwp%2Fv2%2Fcomments&post=2"}],"version-history":[{"count":11,"href":"https:\/\/site.ac-martinique.fr\/sciences-economiques\/index.php?rest_route=\/wp\/v2\/pages\/2\/revisions"}],"predecessor-version":[{"id":1816,"href":"https:\/\/site.ac-martinique.fr\/sciences-economiques\/index.php?rest_route=\/wp\/v2\/pages\/2\/revisions\/1816"}],"wp:attachment":[{"href":"https:\/\/site.ac-martinique.fr\/sciences-economiques\/index.php?rest_route=%2Fwp%2Fv2%2Fmedia&parent=2"}],"curies":[{"name":"wp","href":"https:\/\/api.w.org\/{rel}","templated":true}]}}