{"id":18,"date":"2014-04-10T13:25:11","date_gmt":"2014-04-10T12:25:11","guid":{"rendered":"\/seminairecollegesaintemarie\/?page_id=18"},"modified":"2014-04-10T17:13:14","modified_gmt":"2014-04-10T16:13:14","slug":"presentation","status":"publish","type":"page","link":"https:\/\/site.ac-martinique.fr\/seminairecollegesaintemarie\/?page_id=18","title":{"rendered":"Accueil"},"content":{"rendered":"<h1 dir=\"ltr\" style=\"text-align: center;\" data-angle=\"0\" data-font-name=\"g_font_13_0\" data-canvas-width=\"64.26560191526414\"><span style=\"color: #ff6600;\">SEMINAIRE-COLLEGE SAINTE-MARIE<\/span><\/h1>\n<div dir=\"ltr\" style=\"text-align: center;\" data-angle=\"0\" data-font-name=\"g_font_15_0\" data-canvas-width=\"348.7840103945732\">Etablissements Priv\u00e9s Catholiques d\u2019Enseignement<\/div>\n<div dir=\"ltr\" style=\"text-align: center;\" data-angle=\"0\" data-font-name=\"g_font_15_0\" data-canvas-width=\"277.1200082588196\">Contrat d\u2019Association avec l\u2019Etat.<\/div>\n<div dir=\"ltr\" style=\"text-align: center;\" data-angle=\"0\" data-font-name=\"Times New Roman\" data-canvas-width=\"153.72800458145142\">Ecole \u2013 Coll\u00e8ge \u2013Lyc\u00e9e sur le m\u00eame site<\/div>\n<div dir=\"ltr\" style=\"text-align: center;\" data-angle=\"0\" data-font-name=\"g_font_20_0\" data-canvas-width=\"361.25857076634406\"><span style=\"color: #ffffff;\">&#8230;&#8230;&#8230;&#8230;&#8230;&#8230;&#8230;&#8230;&#8230;&#8230;&#8230;&#8230;&#8230;&#8230;&#8230;&#8230;&#8230;&#8230;.<\/span><\/div>\n<div dir=\"ltr\" style=\"text-align: center;\" data-angle=\"0\" data-font-name=\"g_font_20_0\" data-canvas-width=\"361.25857076634406\"><span style=\"color: #ffffff;\">&#8230;&#8230;&#8230;&#8230;&#8230;&#8230;&#8230;&#8230;&#8230;&#8230;&#8230;&#8230;&#8230;&#8230;&#8230;&#8230;&#8230;&#8230;..<\/span><\/div>\n<div dir=\"ltr\" style=\"text-align: center;\" data-angle=\"0\" data-font-name=\"g_font_20_0\" data-canvas-width=\"361.25857076634406\"><span style=\"color: #ff6600;\">PRESENTATION DE L\u2019ETABLISSEMENT<\/span><\/div>\n<div dir=\"ltr\" style=\"text-align: center;\" data-angle=\"0\" data-font-name=\"g_font_27_0\" data-canvas-width=\"41.71648124324798\"><span style=\"color: #ffffff;\">\u00a0&#8230;&#8230;&#8230;&#8230;&#8230;&#8230;&#8230;&#8230;&#8230;&#8230;&#8230;&#8230;&#8230;&#8230;&#8230;&#8230;&#8230;<\/span><\/div>\n<div dir=\"ltr\" style=\"text-align: center;\" data-angle=\"0\" data-font-name=\"g_font_27_0\" data-canvas-width=\"41.71648124324798\"><span style=\"color: #ffffff;\">&#8230;&#8230;&#8230;&#8230;&#8230;&#8230;&#8230;&#8230;&#8230;&#8230;&#8230;&#8230;&#8230;&#8230;&#8230;&#8230;&#8230;&#8230;&#8230;&#8230;<\/span><\/div>\n<div dir=\"ltr\" data-angle=\"0\" data-font-name=\"g_font_27_0\" data-canvas-width=\"41.71648124324798\"><\/div>\n<div dir=\"ltr\" data-angle=\"0\" data-font-name=\"g_font_27_0\" data-canvas-width=\"41.71648124324798\">Externat \u2013Demi-pension<\/div>\n<div dir=\"ltr\" data-angle=\"0\" data-font-name=\"g_font_27_0\" data-canvas-width=\"87.61344261108397\">Mixit\u00e9 de la Maternelle \u00e0 la Terminale<\/div>\n<div dir=\"ltr\" data-angle=\"0\" data-font-name=\"g_font_27_0\" data-canvas-width=\"53.37472159069062\">Infirmerie<\/div>\n<div dir=\"ltr\" data-angle=\"0\" data-font-name=\"g_font_27_0\" data-canvas-width=\"99.91936297782897\">Bourses nationales<\/div>\n<div dir=\"ltr\" data-angle=\"0\" data-font-name=\"g_font_27_0\" data-canvas-width=\"236.07936703571323\">Services de car pour le transport des \u00e9l\u00e8ves<\/div>\n<div dir=\"ltr\" data-angle=\"0\" data-font-name=\"g_font_27_0\" data-canvas-width=\"2.723200081157684\"><span style=\"text-decoration: underline;\">Cat\u00e9ch\u00e8se:<\/span> Pr\u00e9paration aux Sacrements (Premi\u00e8re communion\u2013Confirmation) ou Culture religieuse<\/div>\n<div dir=\"ltr\" data-angle=\"0\" data-font-name=\"Times New Roman\" data-canvas-width=\"243.5760072591305\"><span style=\"text-decoration: underline;\">Projet \u00e9ducatif :<\/span> D\u00e9veloppons ensemble la relation \u00e0 l\u2019autre dans le respect et la tol\u00e9rance pour faire grandir la personne: <em>Une communaut\u00e9 Chr\u00e9tienne ouverte \u00e0 tous, espace de proposition de la foi, Une communaut\u00e9 Educative, espace de respect, de solidarit\u00e9 et de libert\u00e9,Une communaut\u00e9 Humaine, espace de r\u00e9flexion sur la complexit\u00e9 du monde.<\/em><\/div>\n<div dir=\"ltr\" data-angle=\"0\" data-font-name=\"Times New Roman\" data-canvas-width=\"243.5760072591305\"><span style=\"color: #ffffff;\">&#8230;&#8230;&#8230;&#8230;&#8230;&#8230;&#8230;&#8230;&#8230;&#8230;&#8230;&#8230;&#8230;&#8230;&#8230;&#8230;&#8230;&#8230;&#8230;&#8230;<\/span><\/div>\n<div dir=\"ltr\" style=\"text-align: center;\" data-angle=\"0\" data-font-name=\"Times New Roman\" data-canvas-width=\"243.5760072591305\"><a href=\"http:\/\/seminairecollege.pagesperso-orange.fr\/historique.htm\"><span style=\"color: #ff6600;\">HISTORIQUE<\/span><\/a><\/div>\n<div dir=\"ltr\" data-angle=\"0\" data-font-name=\"Times New Roman\" data-canvas-width=\"243.5760072591305\"><\/div>\n","protected":false},"excerpt":{"rendered":"<p>SEMINAIRE-COLLEGE SAINTE-MARIE Etablissements Priv\u00e9s Catholiques d\u2019Enseignement Contrat d\u2019Association avec l\u2019Etat. Ecole \u2013 Coll\u00e8ge \u2013Lyc\u00e9e sur le m\u00eame site &#8230;&#8230;&#8230;&#8230;&#8230;&#8230;&#8230;&#8230;&#8230;&#8230;&#8230;&#8230;&#8230;&#8230;&#8230;&#8230;&#8230;&#8230;. &#8230;&#8230;&#8230;&#8230;&#8230;&#8230;&#8230;&#8230;&#8230;&#8230;&#8230;&#8230;&#8230;&#8230;&#8230;&#8230;&#8230;&#8230;.. PRESENTATION DE L\u2019ETABLISSEMENT \u00a0&#8230;&#8230;&#8230;&#8230;&#8230;&#8230;&#8230;&#8230;&#8230;&#8230;&#8230;&#8230;&#8230;&#8230;&#8230;&#8230;&#8230; &#8230;&#8230;&#8230;&#8230;&#8230;&#8230;&#8230;&#8230;&#8230;&#8230;&#8230;&#8230;&#8230;&#8230;&#8230;&#8230;&#8230;&#8230;&#8230;&#8230; Externat \u2013Demi-pension Mixit\u00e9 de la Maternelle \u00e0 la Terminale Infirmerie Bourses nationales Services de car &hellip; <a href=\"https:\/\/site.ac-martinique.fr\/seminairecollegesaintemarie\/?page_id=18\">Continuer la lecture <span class=\"meta-nav\">&rarr;<\/span><\/a><\/p>\n","protected":false},"author":175,"featured_media":0,"parent":0,"menu_order":0,"comment_status":"closed","ping_status":"open","template":"","meta":{"footnotes":""},"class_list":["post-18","page","type-page","status-publish","hentry"],"_links":{"self":[{"href":"https:\/\/site.ac-martinique.fr\/seminairecollegesaintemarie\/index.php?rest_route=\/wp\/v2\/pages\/18","targetHints":{"allow":["GET"]}}],"collection":[{"href":"https:\/\/site.ac-martinique.fr\/seminairecollegesaintemarie\/index.php?rest_route=\/wp\/v2\/pages"}],"about":[{"href":"https:\/\/site.ac-martinique.fr\/seminairecollegesaintemarie\/index.php?rest_route=\/wp\/v2\/types\/page"}],"author":[{"embeddable":true,"href":"https:\/\/site.ac-martinique.fr\/seminairecollegesaintemarie\/index.php?rest_route=\/wp\/v2\/users\/175"}],"replies":[{"embeddable":true,"href":"https:\/\/site.ac-martinique.fr\/seminairecollegesaintemarie\/index.php?rest_route=%2Fwp%2Fv2%2Fcomments&post=18"}],"version-history":[{"count":14,"href":"https:\/\/site.ac-martinique.fr\/seminairecollegesaintemarie\/index.php?rest_route=\/wp\/v2\/pages\/18\/revisions"}],"predecessor-version":[{"id":81,"href":"https:\/\/site.ac-martinique.fr\/seminairecollegesaintemarie\/index.php?rest_route=\/wp\/v2\/pages\/18\/revisions\/81"}],"wp:attachment":[{"href":"https:\/\/site.ac-martinique.fr\/seminairecollegesaintemarie\/index.php?rest_route=%2Fwp%2Fv2%2Fmedia&parent=18"}],"curies":[{"name":"wp","href":"https:\/\/api.w.org\/{rel}","templated":true}]}}