{"id":233,"date":"2014-05-16T02:45:44","date_gmt":"2014-05-16T01:45:44","guid":{"rendered":"\/seminairecollegesaintemarie\/?page_id=233"},"modified":"2018-06-09T22:59:22","modified_gmt":"2018-06-09T21:59:22","slug":"reglement-interieur","status":"publish","type":"page","link":"https:\/\/site.ac-martinique.fr\/seminairecollegesaintemarie\/?page_id=233","title":{"rendered":"R\u00e9glement int\u00e9rieur lyc\u00e9e."},"content":{"rendered":"<p>Tous les \u00e9l\u00e8ves s&rsquo;engagent \u00e0 respecter la pr\u00e9sente charte:<\/p>\n<p><a href=\"\/seminairecollegesaintemarie\/wp-content\/uploads\/sites\/71\/2014\/06\/Charte-TIC-SCSM.pdf\">Charte TIC SCSM<\/a><\/p>\n","protected":false},"excerpt":{"rendered":"<p>Tous les \u00e9l\u00e8ves s&rsquo;engagent \u00e0 respecter la pr\u00e9sente charte: Charte TIC SCSM<\/p>\n","protected":false},"author":175,"featured_media":0,"parent":231,"menu_order":0,"comment_status":"closed","ping_status":"closed","template":"","meta":{"footnotes":""},"class_list":["post-233","page","type-page","status-publish","hentry"],"_links":{"self":[{"href":"https:\/\/site.ac-martinique.fr\/seminairecollegesaintemarie\/index.php?rest_route=\/wp\/v2\/pages\/233","targetHints":{"allow":["GET"]}}],"collection":[{"href":"https:\/\/site.ac-martinique.fr\/seminairecollegesaintemarie\/index.php?rest_route=\/wp\/v2\/pages"}],"about":[{"href":"https:\/\/site.ac-martinique.fr\/seminairecollegesaintemarie\/index.php?rest_route=\/wp\/v2\/types\/page"}],"author":[{"embeddable":true,"href":"https:\/\/site.ac-martinique.fr\/seminairecollegesaintemarie\/index.php?rest_route=\/wp\/v2\/users\/175"}],"replies":[{"embeddable":true,"href":"https:\/\/site.ac-martinique.fr\/seminairecollegesaintemarie\/index.php?rest_route=%2Fwp%2Fv2%2Fcomments&post=233"}],"version-history":[{"count":5,"href":"https:\/\/site.ac-martinique.fr\/seminairecollegesaintemarie\/index.php?rest_route=\/wp\/v2\/pages\/233\/revisions"}],"predecessor-version":[{"id":725,"href":"https:\/\/site.ac-martinique.fr\/seminairecollegesaintemarie\/index.php?rest_route=\/wp\/v2\/pages\/233\/revisions\/725"}],"up":[{"embeddable":true,"href":"https:\/\/site.ac-martinique.fr\/seminairecollegesaintemarie\/index.php?rest_route=\/wp\/v2\/pages\/231"}],"wp:attachment":[{"href":"https:\/\/site.ac-martinique.fr\/seminairecollegesaintemarie\/index.php?rest_route=%2Fwp%2Fv2%2Fmedia&parent=233"}],"curies":[{"name":"wp","href":"https:\/\/api.w.org\/{rel}","templated":true}]}}