{"id":251,"date":"2014-06-16T16:52:55","date_gmt":"2014-06-16T15:52:55","guid":{"rendered":"\/seminairecollegesaintemarie\/?page_id=251"},"modified":"2018-06-09T22:55:03","modified_gmt":"2018-06-09T21:55:03","slug":"reglement-interieur-college","status":"publish","type":"page","link":"https:\/\/site.ac-martinique.fr\/seminairecollegesaintemarie\/?page_id=251","title":{"rendered":"R\u00e9glement int\u00e9rieur Coll\u00e8ge"},"content":{"rendered":"<p>Tous les \u00e9l\u00e8ves s&rsquo;engagent \u00e0 respecter la pr\u00e9sente charte:<\/p>\n<p><a href=\"\/seminairecollegesaintemarie\/wp-content\/uploads\/sites\/71\/2014\/06\/Charte-TIC-SCSM.pdf\">Charte TIC SCSM<\/a><\/p>\n","protected":false},"excerpt":{"rendered":"<p>Tous les \u00e9l\u00e8ves s&rsquo;engagent \u00e0 respecter la pr\u00e9sente charte: Charte TIC SCSM<\/p>\n","protected":false},"author":175,"featured_media":0,"parent":231,"menu_order":0,"comment_status":"closed","ping_status":"open","template":"","meta":{"footnotes":""},"class_list":["post-251","page","type-page","status-publish","hentry"],"_links":{"self":[{"href":"https:\/\/site.ac-martinique.fr\/seminairecollegesaintemarie\/index.php?rest_route=\/wp\/v2\/pages\/251","targetHints":{"allow":["GET"]}}],"collection":[{"href":"https:\/\/site.ac-martinique.fr\/seminairecollegesaintemarie\/index.php?rest_route=\/wp\/v2\/pages"}],"about":[{"href":"https:\/\/site.ac-martinique.fr\/seminairecollegesaintemarie\/index.php?rest_route=\/wp\/v2\/types\/page"}],"author":[{"embeddable":true,"href":"https:\/\/site.ac-martinique.fr\/seminairecollegesaintemarie\/index.php?rest_route=\/wp\/v2\/users\/175"}],"replies":[{"embeddable":true,"href":"https:\/\/site.ac-martinique.fr\/seminairecollegesaintemarie\/index.php?rest_route=%2Fwp%2Fv2%2Fcomments&post=251"}],"version-history":[{"count":4,"href":"https:\/\/site.ac-martinique.fr\/seminairecollegesaintemarie\/index.php?rest_route=\/wp\/v2\/pages\/251\/revisions"}],"predecessor-version":[{"id":723,"href":"https:\/\/site.ac-martinique.fr\/seminairecollegesaintemarie\/index.php?rest_route=\/wp\/v2\/pages\/251\/revisions\/723"}],"up":[{"embeddable":true,"href":"https:\/\/site.ac-martinique.fr\/seminairecollegesaintemarie\/index.php?rest_route=\/wp\/v2\/pages\/231"}],"wp:attachment":[{"href":"https:\/\/site.ac-martinique.fr\/seminairecollegesaintemarie\/index.php?rest_route=%2Fwp%2Fv2%2Fmedia&parent=251"}],"curies":[{"name":"wp","href":"https:\/\/api.w.org\/{rel}","templated":true}]}}