{"id":29,"date":"2014-04-10T13:43:10","date_gmt":"2014-04-10T12:43:10","guid":{"rendered":"\/seminairecollegesaintemarie\/?page_id=29"},"modified":"2016-06-01T20:02:51","modified_gmt":"2016-06-01T19:02:51","slug":"ecole","status":"publish","type":"page","link":"https:\/\/site.ac-martinique.fr\/seminairecollegesaintemarie\/?page_id=29","title":{"rendered":"L&rsquo; \u00e9cole"},"content":{"rendered":"<h1 dir=\"ltr\" data-canvas-width=\"58.72000174999237\" data-font-name=\"Times New Roman\" data-angle=\"0\"><span style=\"color: #ff6600;\">Ecole Priv\u00e9e Catholique S\u00e9minaire &#8211; Coll\u00e8ge Sainte-Marie<\/span><\/h1>\n<div dir=\"ltr\" data-canvas-width=\"58.72000174999237\" data-font-name=\"Times New Roman\" data-angle=\"0\">Maternelle &#8211; Primaire<\/div>\n<div dir=\"ltr\" data-canvas-width=\"128.43088382753848\" data-font-name=\"g_font_43_0\" data-angle=\"0\"><span style=\"text-decoration: underline;\"><span style=\"color: #ff6600; text-decoration: underline;\">Directrice:<\/span><\/span> Mme Elisabeth MASOT<\/div>\n<div dir=\"ltr\" data-canvas-width=\"17.835040531525614\" data-font-name=\"g_font_43_0\" data-angle=\"0\"><span style=\"color: #ffffff;\">&#8230;&#8230;&#8230;&#8230;&#8230;&#8230;&#8230;&#8230;&#8230;&#8230;&#8230;&#8230;&#8230;..<\/span><\/div>\n<div dir=\"ltr\" data-canvas-width=\"37.5824011200428\" data-font-name=\"g_font_43_0\" data-angle=\"0\">(599 \u00e9l\u00e8ves)<\/div>\n<div dir=\"ltr\" data-canvas-width=\"371.0617710585022\" data-font-name=\"g_font_27_0\" data-angle=\"0\"><span style=\"text-decoration: underline;\">Formation:<\/span>\u00a0\u00a0\u00a0\u00a0\u00a0\u00a0\u00a0\u00a0\u00a0\u00a0\u00a0\u00a0\u00a0\u00a0\u00a0 21 classes de la Maternelle Petite Section (\u00e0 partir de 3 ans) au CM2<\/div>\n<div dir=\"ltr\" data-canvas-width=\"138.97152414167402\" data-font-name=\"g_font_27_0\" data-angle=\"0\"><span style=\"text-decoration: underline;\">Cat\u00e9ch\u00e8se:<\/span>\u00a0\u00a0\u00a0\u00a0\u00a0\u00a0\u00a0\u00a0\u00a0\u00a0\u00a0\u00a0\u00a0\u00a0 Pr\u00e9paration au Sacrement de Premi\u00e8re Communion.<\/div>\n<div dir=\"ltr\" data-canvas-width=\"2.723200081157684\" data-font-name=\"g_font_27_0\" data-angle=\"0\"><span style=\"text-decoration: underline;\">Activit\u00e9s propos\u00e9es:<\/span> Natation (MPS au CM2),<\/div>\n<div dir=\"ltr\" data-canvas-width=\"2.723200081157684\" data-font-name=\"g_font_27_0\" data-angle=\"0\">\u00a0\u00a0\u00a0\u00a0\u00a0\u00a0\u00a0\u00a0\u00a0\u00a0\u00a0\u00a0\u00a0\u00a0\u00a0\u00a0\u00a0\u00a0\u00a0\u00a0\u00a0\u00a0\u00a0\u00a0\u00a0\u00a0\u00a0\u00a0\u00a0\u00a0\u00a0\u00a0 Tennis (CE2 au CM2),<\/div>\n<div dir=\"ltr\" data-canvas-width=\"2.723200081157684\" data-font-name=\"g_font_27_0\" data-angle=\"0\">\u00a0\u00a0\u00a0\u00a0\u00a0\u00a0\u00a0\u00a0\u00a0\u00a0\u00a0\u00a0\u00a0\u00a0\u00a0\u00a0\u00a0\u00a0\u00a0\u00a0\u00a0\u00a0\u00a0\u00a0\u00a0\u00a0\u00a0\u00a0\u00a0\u00a0\u00a0\u00a0\u00a0Fitness (MGS au CP),<\/div>\n<div dir=\"ltr\" data-canvas-width=\"2.723200081157684\" data-font-name=\"g_font_27_0\" data-angle=\"0\">\u00a0\u00a0\u00a0\u00a0\u00a0\u00a0\u00a0\u00a0\u00a0\u00a0\u00a0\u00a0\u00a0\u00a0\u00a0\u00a0\u00a0\u00a0\u00a0\u00a0\u00a0\u00a0\u00a0\u00a0\u00a0\u00a0\u00a0\u00a0\u00a0\u00a0\u00a0\u00a0\u00a0Echecs (CP au CM2),<\/div>\n<div dir=\"ltr\" data-canvas-width=\"2.723200081157684\" data-font-name=\"g_font_27_0\" data-angle=\"0\">\u00a0\u00a0\u00a0\u00a0\u00a0\u00a0\u00a0\u00a0\u00a0\u00a0\u00a0\u00a0\u00a0\u00a0\u00a0\u00a0\u00a0\u00a0\u00a0\u00a0\u00a0\u00a0\u00a0\u00a0\u00a0\u00a0\u00a0\u00a0\u00a0\u00a0\u00a0\u00a0 Initiation \u00e0 l\u2019Anglais (MPS au CP),<\/div>\n<div dir=\"ltr\" data-canvas-width=\"2.723200081157684\" data-font-name=\"g_font_27_0\" data-angle=\"0\">\u00a0\u00a0\u00a0\u00a0\u00a0\u00a0\u00a0\u00a0\u00a0\u00a0\u00a0\u00a0\u00a0\u00a0\u00a0\u00a0\u00a0\u00a0\u00a0\u00a0\u00a0\u00a0\u00a0\u00a0\u00a0\u00a0\u00a0\u00a0\u00a0\u00a0\u00a0\u00a0\u00a0Voile (CM1 au CM2);<\/div>\n<div dir=\"ltr\" data-canvas-width=\"242.65920723180764\" data-font-name=\"g_font_27_0\" data-angle=\"0\">\u00a0\u00a0\u00a0\u00a0\u00a0\u00a0\u00a0\u00a0\u00a0\u00a0\u00a0\u00a0\u00a0\u00a0\u00a0\u00a0\u00a0\u00a0\u00a0\u00a0\u00a0\u00a0\u00a0\u00a0\u00a0\u00a0\u00a0\u00a0\u00a0\u00a0\u00a0\u00a0\u00a0Animation biblioth\u00e8que centre documentaire;<\/div>\n<div dir=\"ltr\" data-canvas-width=\"242.65920723180764\" data-font-name=\"g_font_27_0\" data-angle=\"0\">\u00a0\u00a0\u00a0\u00a0\u00a0\u00a0\u00a0\u00a0\u00a0\u00a0\u00a0\u00a0\u00a0\u00a0\u00a0\u00a0\u00a0\u00a0\u00a0\u00a0\u00a0\u00a0\u00a0\u00a0\u00a0\u00a0\u00a0\u00a0\u00a0\u00a0\u00a0\u00a0\u00a0Initiation \u00e0 l\u2019informatique.<\/div>\n<div dir=\"ltr\" data-canvas-width=\"242.65920723180764\" data-font-name=\"g_font_27_0\" data-angle=\"0\"><span style=\"color: #ffffff;\">&#8230;&#8230;&#8230;&#8230;&#8230;&#8230;&#8230;&#8230;&#8230;&#8230;&#8230;&#8230;&#8230;.<\/span><\/div>\n<div dir=\"ltr\" data-canvas-width=\"242.65920723180764\" data-font-name=\"g_font_27_0\" data-angle=\"0\">\n<div dir=\"ltr\" data-canvas-width=\"34.979521042470935\" data-font-name=\"Times New Roman\" data-angle=\"0\"><span style=\"color: #ff6600;\">Ecole Priv\u00e9e Catholique S\u00e9minaire &#8211; Coll\u00e8ge Sainte-Marie<\/span><\/div>\n<div dir=\"ltr\" data-canvas-width=\"166.34528495747566\" data-font-name=\"Times New Roman\" data-angle=\"0\">27 rue Martin Luther King<\/div>\n<div dir=\"ltr\" data-canvas-width=\"166.34528495747566\" data-font-name=\"Times New Roman\" data-angle=\"0\">97200 FORT DE FRANCE<\/div>\n<div dir=\"ltr\" data-canvas-width=\"166.34528495747566\" data-font-name=\"Times New Roman\" data-angle=\"0\"><span style=\"color: #ffffff;\">&#8230;&#8230;&#8230;&#8230;&#8230;&#8230;&#8230;&#8230;&#8230;&#8230;&#8230;&#8230;&#8230;..<\/span><\/div>\n<div dir=\"ltr\" data-canvas-width=\"50.410881502361306\" data-font-name=\"Times New Roman\" data-angle=\"0\">T\u00e9l:\u00a0\u00a0 0596 63 22 96,<\/div>\n<div dir=\"ltr\" data-canvas-width=\"30.10576089722157\" data-font-name=\"Times New Roman\" data-angle=\"0\">Fax: 0596 70 04 61.<\/div>\n<div dir=\"ltr\" data-canvas-width=\"143.43728427476404\" data-font-name=\"Times New Roman\" data-angle=\"0\">E-mail:\u00a0\u00a0\u00a0\u00a0\u00a0 seminaire-college.ecole@wanadoo.fr<\/div>\n<div dir=\"ltr\" data-canvas-width=\"64.93920193533899\" data-font-name=\"g_font_25_0\" data-angle=\"0\"><\/div>\n<\/div>\n","protected":false},"excerpt":{"rendered":"<p>Ecole Priv\u00e9e Catholique S\u00e9minaire &#8211; Coll\u00e8ge Sainte-Marie Maternelle &#8211; Primaire Directrice: Mme Elisabeth MASOT &#8230;&#8230;&#8230;&#8230;&#8230;&#8230;&#8230;&#8230;&#8230;&#8230;&#8230;&#8230;&#8230;.. (599 \u00e9l\u00e8ves) Formation:\u00a0\u00a0\u00a0\u00a0\u00a0\u00a0\u00a0\u00a0\u00a0\u00a0\u00a0\u00a0\u00a0\u00a0\u00a0 21 classes de la Maternelle Petite Section (\u00e0 partir de 3 ans) au CM2 Cat\u00e9ch\u00e8se:\u00a0\u00a0\u00a0\u00a0\u00a0\u00a0\u00a0\u00a0\u00a0\u00a0\u00a0\u00a0\u00a0\u00a0 Pr\u00e9paration au Sacrement de Premi\u00e8re Communion. Activit\u00e9s &hellip; <a href=\"https:\/\/site.ac-martinique.fr\/seminairecollegesaintemarie\/?page_id=29\">Continuer la lecture <span class=\"meta-nav\">&rarr;<\/span><\/a><\/p>\n","protected":false},"author":175,"featured_media":0,"parent":52,"menu_order":0,"comment_status":"closed","ping_status":"open","template":"","meta":{"footnotes":""},"class_list":["post-29","page","type-page","status-publish","hentry"],"_links":{"self":[{"href":"https:\/\/site.ac-martinique.fr\/seminairecollegesaintemarie\/index.php?rest_route=\/wp\/v2\/pages\/29","targetHints":{"allow":["GET"]}}],"collection":[{"href":"https:\/\/site.ac-martinique.fr\/seminairecollegesaintemarie\/index.php?rest_route=\/wp\/v2\/pages"}],"about":[{"href":"https:\/\/site.ac-martinique.fr\/seminairecollegesaintemarie\/index.php?rest_route=\/wp\/v2\/types\/page"}],"author":[{"embeddable":true,"href":"https:\/\/site.ac-martinique.fr\/seminairecollegesaintemarie\/index.php?rest_route=\/wp\/v2\/users\/175"}],"replies":[{"embeddable":true,"href":"https:\/\/site.ac-martinique.fr\/seminairecollegesaintemarie\/index.php?rest_route=%2Fwp%2Fv2%2Fcomments&post=29"}],"version-history":[{"count":8,"href":"https:\/\/site.ac-martinique.fr\/seminairecollegesaintemarie\/index.php?rest_route=\/wp\/v2\/pages\/29\/revisions"}],"predecessor-version":[{"id":418,"href":"https:\/\/site.ac-martinique.fr\/seminairecollegesaintemarie\/index.php?rest_route=\/wp\/v2\/pages\/29\/revisions\/418"}],"up":[{"embeddable":true,"href":"https:\/\/site.ac-martinique.fr\/seminairecollegesaintemarie\/index.php?rest_route=\/wp\/v2\/pages\/52"}],"wp:attachment":[{"href":"https:\/\/site.ac-martinique.fr\/seminairecollegesaintemarie\/index.php?rest_route=%2Fwp%2Fv2%2Fmedia&parent=29"}],"curies":[{"name":"wp","href":"https:\/\/api.w.org\/{rel}","templated":true}]}}