{"id":36,"date":"2014-04-10T13:50:33","date_gmt":"2014-04-10T12:50:33","guid":{"rendered":"\/seminairecollegesaintemarie\/?page_id=36"},"modified":"2020-02-16T20:41:00","modified_gmt":"2020-02-16T19:41:00","slug":"le-college","status":"publish","type":"page","link":"https:\/\/site.ac-martinique.fr\/seminairecollegesaintemarie\/?page_id=36","title":{"rendered":"Pr\u00e9sentation coll\u00e8ge"},"content":{"rendered":"<h1 dir=\"ltr\" data-angle=\"0\" data-font-name=\"Times New Roman\" data-canvas-width=\"58.72000174999237\"><span style=\"color: #ff6600;\">Coll\u00e8ge Priv\u00e9 Catholique S\u00e9minaire &#8211; Coll\u00e8ge Sainte-Marie<\/span><\/h1>\n<div dir=\"ltr\" data-angle=\"0\" data-font-name=\"Times New Roman\" data-canvas-width=\"58.72000174999237\">Secondaire 1er cycle<\/div>\n<div dir=\"ltr\" data-angle=\"0\" data-font-name=\"g_font_43_0\" data-canvas-width=\"128.43088382753848\"><span style=\"text-decoration: underline;\"><span style=\"color: #ff6600; text-decoration: underline;\">Directeur:<\/span><\/span><span style=\"color: #ff6600;\"><span style=\"color: #000000;\"> M. Alain ARNAULD<\/span><\/span><\/div>\n<div dir=\"ltr\" data-angle=\"0\" data-font-name=\"g_font_27_0\" data-canvas-width=\"62.79552187145232\">(750 \u00e9l\u00e8ves)<\/div>\n<div dir=\"ltr\" data-angle=\"0\" data-font-name=\"g_font_27_0\" data-canvas-width=\"62.79552187145232\"><span style=\"color: #ffffff;\">&#8230;&#8230;&#8230;&#8230;&#8230;&#8230;&#8230;&#8230;&#8230;&#8230;&#8230;&#8230;&#8230;&#8230;&#8230;&#8230;.<\/span><\/div>\n<div dir=\"ltr\" data-angle=\"0\" data-font-name=\"g_font_27_0\" data-canvas-width=\"62.79552187145232\"><span style=\"text-decoration: underline;\">Formation<\/span>:\u00a0\u00a0\u00a0\u00a0\u00a0\u00a0\u00a0\u00a0\u00a0\u00a0\u00a0\u00a0\u00a0\u00a0\u00a0\u00a0\u00a0\u00a0\u00a0\u00a0\u00a0\u00a0\u00a0\u00a0\u00a0\u00a0\u00a0\u00a0\u00a0 Classes de la 6\u00e8me \u00e0 la 3\u00e8me<\/div>\n<div dir=\"ltr\" data-angle=\"0\" data-font-name=\"g_font_27_0\" data-canvas-width=\"62.79552187145232\">\u00a0\u00a0\u00a0\u00a0\u00a0\u00a0\u00a0\u00a0\u00a0\u00a0\u00a0\u00a0\u00a0\u00a0\u00a0\u00a0\u00a0\u00a0\u00a0\u00a0\u00a0\u00a0\u00a0\u00a0\u00a0\u00a0\u00a0\u00a0\u00a0\u00a0\u00a0\u00a0\u00a0\u00a0\u00a0\u00a0\u00a0\u00a0\u00a0\u00a0\u00a0\u00a0\u00a0\u00a0\u00a0\u00a0 (24 classes sur 2 sites: Fort de France et Rivi\u00e8re Sal\u00e9e)<\/div>\n<div dir=\"ltr\" data-angle=\"0\" data-font-name=\"g_font_27_0\" data-canvas-width=\"242.65920723180764\">\n<div dir=\"ltr\" data-angle=\"0\" data-font-name=\"g_font_27_0\" data-canvas-width=\"53.27168158761979\"><span style=\"text-decoration: underline;\">Langues vivantes<\/span>:\u00a0\u00a0\u00a0\u00a0\u00a0\u00a0\u00a0\u00a0\u00a0\u00a0\u00a0\u00a0\u00a0\u00a0\u00a0\u00a0\u00a0 1\u00e8re: Anglais, 2\u00e8me: Espagnol\u2013Allemand.<\/div>\n<div dir=\"ltr\" data-angle=\"0\" data-font-name=\"g_font_27_0\" data-canvas-width=\"53.551361595954894\"><span style=\"text-decoration: underline;\">Options<\/span>:\u00a0\u00a0\u00a0\u00a0\u00a0\u00a0\u00a0\u00a0\u00a0\u00a0\u00a0\u00a0\u00a0\u00a0\u00a0\u00a0\u00a0\u00a0\u00a0\u00a0\u00a0\u00a0\u00a0\u00a0\u00a0\u00a0\u00a0\u00a0\u00a0\u00a0\u00a0\u00a0\u00a0 Latin (5\u00e8me, 4\u00e8me, 3\u00e8me),<\/div>\n<div dir=\"ltr\" data-angle=\"0\" data-font-name=\"g_font_27_0\" data-canvas-width=\"2.723200081157684\"><span style=\"text-decoration: underline;\">Cat\u00e9ch\u00e8se<\/span>:\u00a0\u00a0\u00a0\u00a0\u00a0\u00a0\u00a0\u00a0\u00a0\u00a0\u00a0\u00a0\u00a0\u00a0\u00a0\u00a0\u00a0\u00a0\u00a0\u00a0\u00a0\u00a0\u00a0\u00a0\u00a0\u00a0\u00a0\u00a0 Pr\u00e9paration aux Sacrements (Premi\u00e8re Communion,<\/div>\n<div dir=\"ltr\" data-angle=\"0\" data-font-name=\"g_font_27_0\" data-canvas-width=\"2.723200081157684\">\u00a0 \u00a0 \u00a0 \u00a0 \u00a0 \u00a0 \u00a0 \u00a0 \u00a0 \u00a0 \u00a0 \u00a0 \u00a0 \u00a0 \u00a0 \u00a0 \u00a0 \u00a0 \u00a0 \u00a0 \u00a0 \u00a0 \u00a0 \u00a0Confirmation et \u00e0 la Profession de Foi) ou Culture<\/div>\n<div dir=\"ltr\" data-angle=\"0\" data-font-name=\"g_font_27_0\" data-canvas-width=\"2.723200081157684\">\u00a0 \u00a0 \u00a0 \u00a0 \u00a0 \u00a0 \u00a0 \u00a0 \u00a0 \u00a0 \u00a0 \u00a0 \u00a0 \u00a0 \u00a0 \u00a0 \u00a0 \u00a0 \u00a0 \u00a0 \u00a0 \u00a0 \u00a0 \u00a0religieuse.<\/div>\n<div dir=\"ltr\" data-angle=\"0\" data-font-name=\"g_font_27_0\" data-canvas-width=\"6.7108268666648865\"><span style=\"text-decoration: underline;\">Accueil<\/span>:\u00a0\u00a0\u00a0\u00a0\u00a0\u00a0\u00a0\u00a0\u00a0\u00a0\u00a0\u00a0\u00a0\u00a0\u00a0\u00a0\u00a0\u00a0\u00a0\u00a0\u00a0\u00a0\u00a0\u00a0\u00a0\u00a0\u00a0\u00a0\u00a0\u00a0\u00a0\u00a0\u00a0\u00a0 Etablissement mixte, Externat, Demi-pension,<\/div>\n<div dir=\"ltr\" data-angle=\"0\" data-font-name=\"g_font_27_0\" data-canvas-width=\"156.98880467863083\">\u00a0 \u00a0 \u00a0 \u00a0 \u00a0 \u00a0 \u00a0 \u00a0 \u00a0 \u00a0 \u00a0 \u00a0 \u00a0 \u00a0 \u00a0 \u00a0 \u00a0 \u00a0 \u00a0 \u00a0 \u00a0 \u00a0 \u00a0 \u00a0Infirmerie,\u00a0Bus scolaire,\u00a0CDI,\u00a0Uniforme.<\/div>\n<div dir=\"ltr\" data-angle=\"0\" data-font-name=\"g_font_29_0\" data-canvas-width=\"195.24608581878655\"><span style=\"text-decoration: underline;\">Activit\u00e9s propos\u00e9es<\/span>:\u00a0\u00a0\u00a0\u00a0\u00a0\u00a0\u00a0\u00a0\u00a0\u00a0\u00a0\u00a0\u00a0\u00a0 Sports UNSS \u2013 Natation \u2013 Voile\u2013 Planche \u00e0 voile \u2013<\/div>\n<div dir=\"ltr\" data-angle=\"0\" data-font-name=\"g_font_29_0\" data-canvas-width=\"195.24608581878655\">\u00a0 \u00a0 \u00a0 \u00a0 \u00a0 \u00a0 \u00a0 \u00a0 \u00a0 \u00a0 \u00a0 \u00a0 \u00a0 \u00a0 \u00a0 \u00a0 \u00a0 \u00a0 \u00a0 \u00a0 \u00a0 \u00a0 \u00a0 \u00a0Atelier d\u2019Accompagnement \u00e9ducatif.<\/div>\n<div dir=\"ltr\" data-angle=\"0\" data-font-name=\"g_font_27_0\" data-canvas-width=\"198.08704590345383\">\u00a0 \u00a0 \u00a0 \u00a0 \u00a0 \u00a0 \u00a0 \u00a0 \u00a0 \u00a0 \u00a0 \u00a0 \u00a0 \u00a0 \u00a0 \u00a0 \u00a0 \u00a0 \u00a0 \u00a0 \u00a0 \u00a0 \u00a0 \u00a0Activit\u00e9s sportives pour les demi-pensionnaires,<\/div>\n<div dir=\"ltr\" data-angle=\"0\" data-font-name=\"g_font_27_0\" data-canvas-width=\"198.08704590345383\">\u00a0 \u00a0 \u00a0 \u00a0 \u00a0 \u00a0 \u00a0 \u00a0 \u00a0 \u00a0 \u00a0 \u00a0 \u00a0 \u00a0 \u00a0 \u00a0 \u00a0 \u00a0 \u00a0 \u00a0 \u00a0 \u00a0 \u00a0 \u00a0activit\u00e9s\u00a0culturelles, chorale.<\/div>\n<div dir=\"ltr\" data-angle=\"0\" data-font-name=\"g_font_27_0\" data-canvas-width=\"42.20224125772476\"><span style=\"text-decoration: underline;\">Logiciel de vie scolaire:\u00a0<\/span> \u00a0 \u00a0 \u00a0 \u00a0 \u00ab\u00a0Pronote\u00a0\u00bb.<\/div>\n<\/div>\n<div dir=\"ltr\" data-angle=\"0\" data-font-name=\"g_font_27_0\" data-canvas-width=\"242.65920723180764\"><\/div>\n<div dir=\"ltr\" data-angle=\"0\" data-font-name=\"g_font_27_0\" data-canvas-width=\"242.65920723180764\"><span style=\"color: #ffffff;\">&#8230;&#8230;&#8230;&#8230;&#8230;&#8230;&#8230;&#8230;&#8230;&#8230;&#8230;&#8230;&#8230;.<\/span><\/div>\n<div dir=\"ltr\" data-angle=\"0\" data-font-name=\"Times New Roman\" data-canvas-width=\"34.979521042470935\"><span style=\"color: #ff6600;\">Coll\u00e8ge Priv\u00e9 Catholique S\u00e9minaire &#8211; Coll\u00e8ge Sainte-Marie<\/span><\/div>\n<div dir=\"ltr\" data-angle=\"0\" data-font-name=\"Times New Roman\" data-canvas-width=\"166.34528495747566\">27 rue Martin Luther King<\/div>\n<div dir=\"ltr\" data-angle=\"0\" data-font-name=\"Times New Roman\" data-canvas-width=\"166.34528495747566\">97200 FORT DE FRANCE<\/div>\n<div dir=\"ltr\" data-angle=\"0\" data-font-name=\"Times New Roman\" data-canvas-width=\"166.34528495747566\"><span style=\"color: #ffffff;\">&#8230;&#8230;&#8230;&#8230;&#8230;&#8230;&#8230;&#8230;&#8230;&#8230;&#8230;&#8230;&#8230;..<\/span><\/div>\n<div dir=\"ltr\" data-angle=\"0\" data-font-name=\"Times New Roman\" data-canvas-width=\"50.410881502361306\">T\u00e9l:\u00a0\u00a0 0596 63 22 96,<\/div>\n<div dir=\"ltr\" data-angle=\"0\" data-font-name=\"Times New Roman\" data-canvas-width=\"30.10576089722157\">Fax:\u00a0 0596 63 70 41.<\/div>\n<div dir=\"ltr\" data-angle=\"0\" data-font-name=\"Times New Roman\" data-canvas-width=\"30.10576089722157\"><\/div>\n<div dir=\"ltr\" data-angle=\"0\" data-font-name=\"Times New Roman\" data-canvas-width=\"143.43728427476404\">E-mail:\u00a0\u00a0\u00a0\u00a0\u00a0 direction.2degre@edu-seminairecollege.com<br dir=\"ltr\" data-angle=\"0\" data-font-name=\"g_font_25_0\" data-canvas-width=\"65.23136194404603\" \/><br dir=\"ltr\" data-angle=\"0\" data-font-name=\"g_font_27_0\" data-canvas-width=\"62.79552187145232\" \/><\/div>\n","protected":false},"excerpt":{"rendered":"<p>Coll\u00e8ge Priv\u00e9 Catholique S\u00e9minaire &#8211; Coll\u00e8ge Sainte-Marie Secondaire 1er cycle Directeur: M. Alain ARNAULD (750 \u00e9l\u00e8ves) &#8230;&#8230;&#8230;&#8230;&#8230;&#8230;&#8230;&#8230;&#8230;&#8230;&#8230;&#8230;&#8230;&#8230;&#8230;&#8230;. Formation:\u00a0\u00a0\u00a0\u00a0\u00a0\u00a0\u00a0\u00a0\u00a0\u00a0\u00a0\u00a0\u00a0\u00a0\u00a0\u00a0\u00a0\u00a0\u00a0\u00a0\u00a0\u00a0\u00a0\u00a0\u00a0\u00a0\u00a0\u00a0\u00a0 Classes de la 6\u00e8me \u00e0 la 3\u00e8me \u00a0\u00a0\u00a0\u00a0\u00a0\u00a0\u00a0\u00a0\u00a0\u00a0\u00a0\u00a0\u00a0\u00a0\u00a0\u00a0\u00a0\u00a0\u00a0\u00a0\u00a0\u00a0\u00a0\u00a0\u00a0\u00a0\u00a0\u00a0\u00a0\u00a0\u00a0\u00a0\u00a0\u00a0\u00a0\u00a0\u00a0\u00a0\u00a0\u00a0\u00a0\u00a0\u00a0\u00a0\u00a0\u00a0 (24 classes sur 2 sites: Fort de France et Rivi\u00e8re Sal\u00e9e) Langues vivantes:\u00a0\u00a0\u00a0\u00a0\u00a0\u00a0\u00a0\u00a0\u00a0\u00a0\u00a0\u00a0\u00a0\u00a0\u00a0\u00a0\u00a0 1\u00e8re: &hellip; <a href=\"https:\/\/site.ac-martinique.fr\/seminairecollegesaintemarie\/?page_id=36\">Continuer la lecture <span class=\"meta-nav\">&rarr;<\/span><\/a><\/p>\n","protected":false},"author":175,"featured_media":0,"parent":52,"menu_order":0,"comment_status":"closed","ping_status":"open","template":"","meta":{"footnotes":""},"class_list":["post-36","page","type-page","status-publish","hentry"],"_links":{"self":[{"href":"https:\/\/site.ac-martinique.fr\/seminairecollegesaintemarie\/index.php?rest_route=\/wp\/v2\/pages\/36","targetHints":{"allow":["GET"]}}],"collection":[{"href":"https:\/\/site.ac-martinique.fr\/seminairecollegesaintemarie\/index.php?rest_route=\/wp\/v2\/pages"}],"about":[{"href":"https:\/\/site.ac-martinique.fr\/seminairecollegesaintemarie\/index.php?rest_route=\/wp\/v2\/types\/page"}],"author":[{"embeddable":true,"href":"https:\/\/site.ac-martinique.fr\/seminairecollegesaintemarie\/index.php?rest_route=\/wp\/v2\/users\/175"}],"replies":[{"embeddable":true,"href":"https:\/\/site.ac-martinique.fr\/seminairecollegesaintemarie\/index.php?rest_route=%2Fwp%2Fv2%2Fcomments&post=36"}],"version-history":[{"count":15,"href":"https:\/\/site.ac-martinique.fr\/seminairecollegesaintemarie\/index.php?rest_route=\/wp\/v2\/pages\/36\/revisions"}],"predecessor-version":[{"id":969,"href":"https:\/\/site.ac-martinique.fr\/seminairecollegesaintemarie\/index.php?rest_route=\/wp\/v2\/pages\/36\/revisions\/969"}],"up":[{"embeddable":true,"href":"https:\/\/site.ac-martinique.fr\/seminairecollegesaintemarie\/index.php?rest_route=\/wp\/v2\/pages\/52"}],"wp:attachment":[{"href":"https:\/\/site.ac-martinique.fr\/seminairecollegesaintemarie\/index.php?rest_route=%2Fwp%2Fv2%2Fmedia&parent=36"}],"curies":[{"name":"wp","href":"https:\/\/api.w.org\/{rel}","templated":true}]}}