{"id":403,"date":"2016-05-27T04:00:03","date_gmt":"2016-05-27T03:00:03","guid":{"rendered":"\/seminairecollegesaintemarie\/?page_id=403"},"modified":"2016-06-14T20:16:07","modified_gmt":"2016-06-14T19:16:07","slug":"infirmerie","status":"publish","type":"page","link":"https:\/\/site.ac-martinique.fr\/seminairecollegesaintemarie\/?page_id=403","title":{"rendered":"Infirmerie"},"content":{"rendered":"<h1 dir=\"ltr\" data-angle=\"0\" data-font-name=\"Times New Roman\" data-canvas-width=\"34.979521042470935\"><span style=\"color: #ff6600;\">Coll\u00e8ge Priv\u00e9 Catholique S\u00e9minaire \u2013 Coll\u00e8ge Sainte-Marie<\/span><\/h1>\n<div dir=\"ltr\" data-angle=\"0\" data-font-name=\"Times New Roman\" data-canvas-width=\"34.979521042470935\">Service Infirmerie<\/div>\n<div dir=\"ltr\" data-angle=\"0\" data-font-name=\"Times New Roman\" data-canvas-width=\"166.34528495747566\">27 rue Martin Luther King<\/div>\n<div dir=\"ltr\" data-angle=\"0\" data-font-name=\"Times New Roman\" data-canvas-width=\"166.34528495747566\">BP 1004<\/div>\n<div dir=\"ltr\" data-angle=\"0\" data-font-name=\"Times New Roman\" data-canvas-width=\"166.34528495747566\">97200 FORT DE FRANCE<\/div>\n<div dir=\"ltr\" data-angle=\"0\" data-font-name=\"Times New Roman\" data-canvas-width=\"166.34528495747566\"><\/div>\n<div dir=\"ltr\" style=\"text-align: center;\" data-angle=\"0\" data-font-name=\"Times New Roman\" data-canvas-width=\"36.97152110183717\"><strong>INFORMATION PAI<\/strong><\/div>\n<p>&nbsp;<\/p>\n<p>-Si votre enfant b\u00e9n\u00e9ficiait d\u00e9j\u00e0 d\u2019un PAI pour raison de sant\u00e9,<\/p>\n<p>-Si \u00a0votre enfant est susceptible de prendre un traitement d\u2019urgence \u00e0 l\u2019\u00e9cole (allergie alimentaire\u2026)<\/p>\n<p>-Si votre enfant souffre d\u2019une pathologie chronique n\u00e9cessitant une surveillance ou l\u2019administration d\u2019un traitement dans le temps scolaire,<\/p>\n<p>&#8211; Si votre enfant est atteint d\u2019 d\u2019un <strong>handicap<\/strong> ou d\u2019une <strong>maladie invalidante<\/strong> n\u00e9cessitant des am\u00e9nagements particuliers, mat\u00e9riels et\/ou p\u00e9dagogiques, dans le cadre scolaire,<\/p>\n<p>&nbsp;<\/p>\n<p>Veuillez contacter l\u2019infirmi\u00e8re de l\u2019\u00e9tablissement (0596 63 11 45) pour la mise en place d\u2019un Protocole d\u2019Accueil Individualis\u00e9 (PAI).<\/p>\n<p>Le PAI est mat\u00e9rialis\u00e9 par un formulaire correspondant \u00e0 la pathologie, qui doit \u00eatre compl\u00e9t\u00e9 par le M\u00e9decin assurant le suivi de votre enfant. Vous pouvez t\u00e9l\u00e9charger le formulaire ci-apr\u00e8s.<\/p>\n<p>Celui-ci devra renseigner obligatoirement le nom et le dosage des m\u00e9dicaments prescrits et devra \u00eatre accompagn\u00e9 de l\u2019ordonnance correspondant au protocole.<\/p>\n<p>Le traitement devra \u00eatre identifi\u00e9 au nom de l\u2019enfant et rang\u00e9 dans une trousse \u00e0 son nom (attention aux dates de p\u00e9remption qui doivent couvrir toute l\u2019ann\u00e9e scolaire). Les \u00e9l\u00e8ves souffrant d\u2019asthme devront la r\u00e9cup\u00e9rer \u00e0 l\u2019infirmerie pour les cours de sport et la rapporter en fin de cours.<\/p>\n<p>Ce document et le traitement doivent \u00eatre remis \u00e0 l\u2019infirmi\u00e8re <u>sur rendez-vous imp\u00e9rativement avant le 14 septembre 2016<\/u> ( s\u2019inscrire \u00e0 son bureau \u00e0 la rentr\u00e9e).<\/p>\n<p>Aucun PAI incomplet ne sera pris en compte.<\/p>\n<p>Nous vous remercions de votre collaboration.<\/p>\n<p>&nbsp;<\/p>\n<p><span style=\"text-decoration: underline;\">Formulaires t\u00e9l\u00e9chargeables:<\/span><\/p>\n<p><a href=\"\/seminairecollegesaintemarie\/wp-content\/uploads\/sites\/71\/2016\/05\/PAI-Diab\u00e8te-modifi\u00e9-297019.pdf\" rel=\"\">PAI Diab\u00e8te 297019<\/a><\/p>\n<p><a href=\"\/seminairecollegesaintemarie\/wp-content\/uploads\/sites\/71\/2016\/05\/P.A.I._MUCOVISCIDOSE-284018.pdf\" rel=\"\">PAI Mucoviscidose 284018<\/a><\/p>\n<p><a href=\"\/seminairecollegesaintemarie\/wp-content\/uploads\/sites\/71\/2016\/05\/mod\u00e8le-PAI-all-piq\u00fbres-284004.pdf\" rel=\"\">PAI Allergies piq\u00fbres 284004<\/a><\/p>\n<p><a href=\"\/seminairecollegesaintemarie\/wp-content\/uploads\/sites\/71\/2016\/05\/Mod\u00e8le-PAI-asthme-284003.pdf\" rel=\"\">PAI Asthme 284003<\/a><\/p>\n<p><a href=\"\/seminairecollegesaintemarie\/wp-content\/uploads\/sites\/71\/2016\/05\/PAI-allergie-alimentaire-284016.pdf\" rel=\"\">PAI Allergie alimentaire 284016<\/a><\/p>\n<p><a href=\"\/seminairecollegesaintemarie\/wp-content\/uploads\/sites\/71\/2016\/05\/PAI-Crises-convulsives-284015.pdf\" rel=\"\">PAI Crises convulsives 284015<\/a><\/p>\n<p><a href=\"\/seminairecollegesaintemarie\/wp-content\/uploads\/sites\/71\/2016\/05\/PAI-Intol\u00e9rance-alimentaire-284017.pdf\" rel=\"\">PAI Intol\u00e9rance alimentaire 284017<\/a><\/p>\n<p><a href=\"\/seminairecollegesaintemarie\/wp-content\/uploads\/sites\/71\/2016\/05\/formulaire-PAI-dr\u00e9panocytaire-438490.pdf\" rel=\"\">PAI Dr\u00e9panocytaire 438490<\/a><\/p>\n<p>&nbsp;<\/p>\n","protected":false},"excerpt":{"rendered":"<p>Coll\u00e8ge Priv\u00e9 Catholique S\u00e9minaire \u2013 Coll\u00e8ge Sainte-Marie Service Infirmerie 27 rue Martin Luther King BP 1004 97200 FORT DE FRANCE INFORMATION PAI &nbsp; -Si votre enfant b\u00e9n\u00e9ficiait d\u00e9j\u00e0 d\u2019un PAI pour raison de sant\u00e9, -Si \u00a0votre enfant est susceptible de &hellip; <a href=\"https:\/\/site.ac-martinique.fr\/seminairecollegesaintemarie\/?page_id=403\">Continuer la lecture <span class=\"meta-nav\">&rarr;<\/span><\/a><\/p>\n","protected":false},"author":175,"featured_media":0,"parent":0,"menu_order":0,"comment_status":"closed","ping_status":"closed","template":"","meta":{"footnotes":""},"class_list":["post-403","page","type-page","status-publish","hentry"],"_links":{"self":[{"href":"https:\/\/site.ac-martinique.fr\/seminairecollegesaintemarie\/index.php?rest_route=\/wp\/v2\/pages\/403","targetHints":{"allow":["GET"]}}],"collection":[{"href":"https:\/\/site.ac-martinique.fr\/seminairecollegesaintemarie\/index.php?rest_route=\/wp\/v2\/pages"}],"about":[{"href":"https:\/\/site.ac-martinique.fr\/seminairecollegesaintemarie\/index.php?rest_route=\/wp\/v2\/types\/page"}],"author":[{"embeddable":true,"href":"https:\/\/site.ac-martinique.fr\/seminairecollegesaintemarie\/index.php?rest_route=\/wp\/v2\/users\/175"}],"replies":[{"embeddable":true,"href":"https:\/\/site.ac-martinique.fr\/seminairecollegesaintemarie\/index.php?rest_route=%2Fwp%2Fv2%2Fcomments&post=403"}],"version-history":[{"count":12,"href":"https:\/\/site.ac-martinique.fr\/seminairecollegesaintemarie\/index.php?rest_route=\/wp\/v2\/pages\/403\/revisions"}],"predecessor-version":[{"id":441,"href":"https:\/\/site.ac-martinique.fr\/seminairecollegesaintemarie\/index.php?rest_route=\/wp\/v2\/pages\/403\/revisions\/441"}],"wp:attachment":[{"href":"https:\/\/site.ac-martinique.fr\/seminairecollegesaintemarie\/index.php?rest_route=%2Fwp%2Fv2%2Fmedia&parent=403"}],"curies":[{"name":"wp","href":"https:\/\/api.w.org\/{rel}","templated":true}]}}