{"id":43,"date":"2014-04-10T14:27:21","date_gmt":"2014-04-10T13:27:21","guid":{"rendered":"\/seminairecollegesaintemarie\/?page_id=43"},"modified":"2020-07-08T19:20:19","modified_gmt":"2020-07-08T18:20:19","slug":"le-lycee","status":"publish","type":"page","link":"https:\/\/site.ac-martinique.fr\/seminairecollegesaintemarie\/?page_id=43","title":{"rendered":"Pr\u00e9sentation"},"content":{"rendered":"<h1 dir=\"ltr\" data-angle=\"0\" data-font-name=\"Times New Roman\" data-canvas-width=\"58.72000174999237\"><span style=\"color: #ff6600;\">Lyc\u00e9e Priv\u00e9 Catholique S\u00e9minaire &#8211; Coll\u00e8ge Sainte-Marie<\/span><\/h1>\n<div dir=\"ltr\" data-angle=\"0\" data-font-name=\"Times New Roman\" data-canvas-width=\"58.72000174999237\">Secondaire 2\u00e8me cycle<\/div>\n<div dir=\"ltr\" data-angle=\"0\" data-font-name=\"g_font_43_0\" data-canvas-width=\"128.43088382753848\"><span style=\"text-decoration: underline;\"><span style=\"color: #ff6600; text-decoration: underline;\">Directeur:<\/span><\/span><span style=\"color: #333333;\">\u00a0M. Alain ARNAULD<\/span><\/div>\n<div dir=\"ltr\" data-angle=\"0\" data-font-name=\"g_font_27_0\" data-canvas-width=\"62.79552187145232\">(220 \u00e9l\u00e8ves)<\/div>\n<div dir=\"ltr\" data-angle=\"0\" data-font-name=\"g_font_27_0\" data-canvas-width=\"62.79552187145232\"><span style=\"color: #ffffff;\">&#8230;&#8230;&#8230;&#8230;&#8230;&#8230;&#8230;&#8230;&#8230;&#8230;&#8230;&#8230;&#8230;&#8230;&#8230;&#8230;.<\/span><\/div>\n<div dir=\"ltr\" data-angle=\"0\" data-font-name=\"g_font_27_0\" data-canvas-width=\"62.79552187145232\"><span style=\"text-decoration: underline;\">Formation<\/span>:\u00a0 \u00a0 \u00a0 \u00a0 \u00a0 \u00a0 \u00a0 \u00a0 \u00a0 \u00a0 \u00a0 \u00a0 \u00a0 \u00a0 \u00a0 \u00a0 \u00a03 classes de seconde g\u00e9n\u00e9rale<\/div>\n<div dir=\"ltr\" style=\"padding-left: 210px;\" data-angle=\"0\" data-font-name=\"g_font_27_0\" data-canvas-width=\"62.79552187145232\">3 classes de Premi\u00e8re<\/div>\n<div dir=\"ltr\" data-angle=\"0\" data-font-name=\"g_font_27_0\" data-canvas-width=\"62.79552187145232\">\u00a0 \u00a0 \u00a0 \u00a0 \u00a0 \u00a0 \u00a0 \u00a0 \u00a0 \u00a0 \u00a0 \u00a0 \u00a0 \u00a0 \u00a0 \u00a0 \u00a0 \u00a0 \u00a0 \u00a0 \u00a0 \u00a0 \u00a0 \u00a0 \u00a0 3 classes de Terminale,<\/div>\n<div dir=\"ltr\" data-angle=\"0\" data-font-name=\"g_font_27_0\" data-canvas-width=\"62.79552187145232\">\u00a0 \u00a0 \u00a0 \u00a0 \u00a0 \u00a0 \u00a0 \u00a0 \u00a0 \u00a0 \u00a0 \u00a0 \u00a0 \u00a0 \u00a0 \u00a0 \u00a0 \u00a0 \u00a0 \u00a0 \u00a0 \u00a0 \u00a0 \u00a0 \u00a0 9 classes\u00a0sur 2 sites (Fort de France et Rivi\u00e8re Sal\u00e9e)<\/div>\n<div dir=\"ltr\" data-angle=\"0\" data-font-name=\"g_font_27_0\" data-canvas-width=\"62.79552187145232\"><\/div>\n<div dir=\"ltr\" data-angle=\"0\" data-font-name=\"g_font_27_0\" data-canvas-width=\"62.79552187145232\"><span style=\"text-decoration: underline;\">Langues vivante<\/span>s:\u00a0 \u00a0 \u00a0 \u00a0 \u00a0 \u00a0 \u00a0 \u00a0 \u00a0 \u00a0 \u00a01\u00e8re Anglais, 2nde Espagnol ou Allemand<\/div>\n<div dir=\"ltr\" data-angle=\"0\" data-font-name=\"g_font_27_0\" data-canvas-width=\"62.79552187145232\"><span style=\"text-decoration: underline;\"> Option facultative<\/span>:\u00a0 \u00a0 \u00a0 \u00a0 \u00a0 \u00a0 \u00a0 \u00a0 \u00a0 \u00a0 \u00a0Latin (suite de scolarit\u00e9)-<\/div>\n<div dir=\"ltr\" data-angle=\"0\" data-font-name=\"g_font_27_0\" data-canvas-width=\"62.79552187145232\">\u00a0 \u00a0 \u00a0 \u00a0 \u00a0 \u00a0 \u00a0 \u00a0 \u00a0 \u00a0 \u00a0 \u00a0 \u00a0 \u00a0 \u00a0 \u00a0 \u00a0 \u00a0 \u00a0 \u00a0 \u00a0 \u00a0 \u00a0 \u00a0 \u00a0 EPS (Planche \u00e0 voile, musculation) en contr\u00f4le<\/div>\n<div dir=\"ltr\" data-angle=\"0\" data-font-name=\"g_font_27_0\" data-canvas-width=\"62.79552187145232\">\u00a0 \u00a0 \u00a0 \u00a0 \u00a0 \u00a0 \u00a0 \u00a0 \u00a0 \u00a0 \u00a0 \u00a0 \u00a0 \u00a0 \u00a0 \u00a0 \u00a0 \u00a0 \u00a0 \u00a0 \u00a0 \u00a0 \u00a0 \u00a0 \u00a0 continu\u00a0de formation pour le Bac<\/div>\n<div dir=\"ltr\" data-angle=\"0\" data-font-name=\"g_font_27_0\" data-canvas-width=\"62.79552187145232\">\n<div dir=\"ltr\" data-angle=\"0\" data-font-name=\"g_font_29_0\" data-canvas-width=\"267.3740879683686\"><span style=\"text-decoration: underline;\">Pastorale des jeunes<\/span>:\u00a0 \u00a0 \u00a0 \u00a0 \u00a0 \u00a0 \u00a0 \u00a0\u00abVivre et agir\u00bb, aller au c\u0153ur de la Foi pour en<\/div>\n<div dir=\"ltr\" data-angle=\"0\" data-font-name=\"g_font_29_0\" data-canvas-width=\"267.3740879683686\">\u00a0 \u00a0 \u00a0 \u00a0 \u00a0 \u00a0 \u00a0 \u00a0 \u00a0 \u00a0 \u00a0 \u00a0 \u00a0 \u00a0 \u00a0 \u00a0 \u00a0 \u00a0 \u00a0 \u00a0 \u00a0 \u00a0 \u00a0 \u00a0 \u00a0 devenir\u00a0t\u00e9moin.<\/div>\n<div dir=\"ltr\" data-angle=\"0\" data-font-name=\"g_font_29_0\" data-canvas-width=\"267.3740879683686\"><\/div>\n<div dir=\"ltr\" data-angle=\"0\" data-font-name=\"g_font_27_0\" data-canvas-width=\"4.312960128536224\"><span style=\"text-decoration: underline;\">Seconde<\/span>:\u00a0 \u00a0 \u00a0 \u00a0 \u00a0 \u00a0 \u00a0 \u00a0 \u00a0 \u00a0 \u00a0 \u00a0 \u00a0 \u00a0 \u00a0 \u00a0 \u00a0 Enseignements d\u2019exploration au choix:<\/div>\n<div dir=\"ltr\" data-angle=\"0\" data-font-name=\"g_font_27_0\" data-canvas-width=\"4.312960128536224\">\u00a0 \u00a0 \u00a0 \u00a0 \u00a0 \u00a0 \u00a0 \u00a0 \u00a0 \u00a0 \u00a0 \u00a0 \u00a0 \u00a0 \u00a0 \u00a0 \u00a0 \u00a0 \u00a0 \u00a0 \u00a0 \u00a0 \u00a0 \u00a0 \u00a0&#8211;\u00a0Management et\u00a0gestion<\/div>\n<div dir=\"ltr\" data-angle=\"0\" data-font-name=\"g_font_27_0\" data-canvas-width=\"4.312960128536224\">\u00a0 \u00a0 \u00a0 \u00a0 \u00a0 \u00a0 \u00a0 \u00a0 \u00a0 \u00a0 \u00a0 \u00a0 \u00a0 \u00a0 \u00a0 \u00a0 \u00a0 \u00a0 \u00a0 \u00a0 \u00a0 \u00a0 \u00a0 \u00a0 \u00a0&#8211; Sciences et Laboratoire<\/div>\n<div dir=\"ltr\" data-angle=\"0\" data-font-name=\"g_font_27_0\" data-canvas-width=\"4.312960128536224\">\u00a0 \u00a0 \u00a0 \u00a0 \u00a0 \u00a0 \u00a0 \u00a0 \u00a0 \u00a0 \u00a0 \u00a0 \u00a0 \u00a0 \u00a0 \u00a0 \u00a0 \u00a0 \u00a0 \u00a0 \u00a0 \u00a0 \u00a0 \u00a0 \u00a0&#8211; Sciences de l&rsquo;Ing\u00e9nieur<\/div>\n<div dir=\"ltr\" data-angle=\"0\" data-font-name=\"g_font_27_0\" data-canvas-width=\"4.312960128536224\"><\/div>\n<div dir=\"ltr\" data-angle=\"0\" data-font-name=\"g_font_27_0\" data-canvas-width=\"4.312960128536224\"><\/div>\n<div dir=\"ltr\" data-angle=\"0\" data-font-name=\"g_font_27_0\" data-canvas-width=\"4.312960128536224\"><span style=\"text-decoration: underline;\">Bac 2021<\/span>: Enseignements de sp\u00e9cialit\u00e9<\/div>\n<\/div>\n<div dir=\"ltr\" data-angle=\"0\" data-font-name=\"g_font_27_0\" data-canvas-width=\"4.312960128536224\">\n<ul>\n<li>Math\u00e9matiques<\/li>\n<li>Physique Chimie<\/li>\n<li>Sciences de la Vie et de la Terre<\/li>\n<li>Langues, litt\u00e9ratures et cultures \u00e9trang\u00e8res<\/li>\n<li>Sciences \u00e9conomiques et sociales<\/li>\n<li>Histoire g\u00e9ographie, g\u00e9opolitique et sciences politiques<\/li>\n<li>Humanit\u00e9s, litt\u00e9rature et philosophie<\/li>\n<\/ul>\n<\/div>\n<div dir=\"ltr\" data-angle=\"0\" data-font-name=\"g_font_27_0\" data-canvas-width=\"4.312960128536224\"><\/div>\n<div dir=\"ltr\" data-angle=\"0\" data-font-name=\"g_font_27_0\" data-canvas-width=\"62.79552187145232\">\n<div dir=\"ltr\" data-angle=\"0\" data-font-name=\"g_font_27_0\" data-canvas-width=\"4.312960128536224\"><span style=\"text-decoration: underline;\">Accueil<\/span>: \u00a0 Etablissement mixte, Externat, Demi-pension, Infirmerie,<\/div>\n<div dir=\"ltr\" data-angle=\"0\" data-font-name=\"g_font_27_0\" data-canvas-width=\"4.312960128536224\">\u00a0 \u00a0 \u00a0 \u00a0 \u00a0 \u00a0 \u00a0 \u00a0 Bus scolaire, CDI, Uniforme.<\/div>\n<div dir=\"ltr\" data-angle=\"0\" data-font-name=\"g_font_27_0\" data-canvas-width=\"4.312960128536224\"><span style=\"text-decoration: underline;\">Activit\u00e9s<\/span>: UNSS, Conseil de Vie Lyc\u00e9enne, activit\u00e9s culturelles,<\/div>\n<div dir=\"ltr\" data-angle=\"0\" data-font-name=\"g_font_27_0\" data-canvas-width=\"4.312960128536224\">\u00a0 \u00a0 \u00a0 \u00a0 \u00a0 \u00a0 \u00a0 \u00a0chorale,\u00a0salle multim\u00e9dia.<\/div>\n<div dir=\"ltr\" data-angle=\"0\" data-font-name=\"g_font_27_0\" data-canvas-width=\"4.312960128536224\"><span style=\"text-decoration: underline;\">Logiciel de vie scolaire:<\/span> \u00abPronote\u00bb.<\/div>\n<\/div>\n<div dir=\"ltr\" data-angle=\"0\" data-font-name=\"g_font_27_0\" data-canvas-width=\"242.65920723180764\"><span style=\"color: #ffffff;\">&#8230;&#8230;&#8230;&#8230;&#8230;&#8230;&#8230;&#8230;&#8230;&#8230;&#8230;&#8230;&#8230;<\/span>.<\/div>\n<div dir=\"ltr\" data-angle=\"0\" data-font-name=\"Times New Roman\" data-canvas-width=\"34.979521042470935\"><span style=\"color: #ff6600;\">Lyc\u00e9e Priv\u00e9 Catholique S\u00e9minaire &#8211; Coll\u00e8ge Sainte-Marie<\/span><\/div>\n<div dir=\"ltr\" data-angle=\"0\" data-font-name=\"Times New Roman\" data-canvas-width=\"166.34528495747566\">27 rue Martin Luther King<\/div>\n<div dir=\"ltr\" data-angle=\"0\" data-font-name=\"Times New Roman\" data-canvas-width=\"166.34528495747566\">97200 FORT DE FRANCE<\/div>\n<div dir=\"ltr\" data-angle=\"0\" data-font-name=\"Times New Roman\" data-canvas-width=\"166.34528495747566\"><span style=\"color: #ffffff;\">&#8230;&#8230;&#8230;&#8230;&#8230;&#8230;&#8230;&#8230;&#8230;&#8230;&#8230;&#8230;&#8230;..<\/span><\/div>\n<div dir=\"ltr\" data-angle=\"0\" data-font-name=\"Times New Roman\" data-canvas-width=\"50.410881502361306\">T\u00e9l:\u00a0\u00a0 0596 63 22 96,<\/div>\n<div dir=\"ltr\" data-angle=\"0\" data-font-name=\"Times New Roman\" data-canvas-width=\"30.10576089722157\">Fax:\u00a0 0596 63 70 41.<\/div>\n<div dir=\"ltr\" data-angle=\"0\" data-font-name=\"Times New Roman\" data-canvas-width=\"30.10576089722157\"><\/div>\n<div dir=\"ltr\" data-angle=\"0\" data-font-name=\"Times New Roman\" data-canvas-width=\"143.43728427476404\">E-mail:\u00a0\u00a0\u00a0\u00a0\u00a0 direction.2degre@edu-seminairecollege.com<\/div>\n","protected":false},"excerpt":{"rendered":"<p>Lyc\u00e9e Priv\u00e9 Catholique S\u00e9minaire &#8211; Coll\u00e8ge Sainte-Marie Secondaire 2\u00e8me cycle Directeur:\u00a0M. Alain ARNAULD (220 \u00e9l\u00e8ves) &#8230;&#8230;&#8230;&#8230;&#8230;&#8230;&#8230;&#8230;&#8230;&#8230;&#8230;&#8230;&#8230;&#8230;&#8230;&#8230;. Formation:\u00a0 \u00a0 \u00a0 \u00a0 \u00a0 \u00a0 \u00a0 \u00a0 \u00a0 \u00a0 \u00a0 \u00a0 \u00a0 \u00a0 \u00a0 \u00a0 \u00a03 classes de seconde g\u00e9n\u00e9rale 3 classes de &hellip; <a href=\"https:\/\/site.ac-martinique.fr\/seminairecollegesaintemarie\/?page_id=43\">Continuer la lecture <span class=\"meta-nav\">&rarr;<\/span><\/a><\/p>\n","protected":false},"author":175,"featured_media":0,"parent":93,"menu_order":0,"comment_status":"closed","ping_status":"open","template":"","meta":{"footnotes":""},"class_list":["post-43","page","type-page","status-publish","hentry"],"_links":{"self":[{"href":"https:\/\/site.ac-martinique.fr\/seminairecollegesaintemarie\/index.php?rest_route=\/wp\/v2\/pages\/43","targetHints":{"allow":["GET"]}}],"collection":[{"href":"https:\/\/site.ac-martinique.fr\/seminairecollegesaintemarie\/index.php?rest_route=\/wp\/v2\/pages"}],"about":[{"href":"https:\/\/site.ac-martinique.fr\/seminairecollegesaintemarie\/index.php?rest_route=\/wp\/v2\/types\/page"}],"author":[{"embeddable":true,"href":"https:\/\/site.ac-martinique.fr\/seminairecollegesaintemarie\/index.php?rest_route=\/wp\/v2\/users\/175"}],"replies":[{"embeddable":true,"href":"https:\/\/site.ac-martinique.fr\/seminairecollegesaintemarie\/index.php?rest_route=%2Fwp%2Fv2%2Fcomments&post=43"}],"version-history":[{"count":19,"href":"https:\/\/site.ac-martinique.fr\/seminairecollegesaintemarie\/index.php?rest_route=\/wp\/v2\/pages\/43\/revisions"}],"predecessor-version":[{"id":996,"href":"https:\/\/site.ac-martinique.fr\/seminairecollegesaintemarie\/index.php?rest_route=\/wp\/v2\/pages\/43\/revisions\/996"}],"up":[{"embeddable":true,"href":"https:\/\/site.ac-martinique.fr\/seminairecollegesaintemarie\/index.php?rest_route=\/wp\/v2\/pages\/93"}],"wp:attachment":[{"href":"https:\/\/site.ac-martinique.fr\/seminairecollegesaintemarie\/index.php?rest_route=%2Fwp%2Fv2%2Fmedia&parent=43"}],"curies":[{"name":"wp","href":"https:\/\/api.w.org\/{rel}","templated":true}]}}