{"id":453,"date":"2016-06-28T22:42:59","date_gmt":"2016-06-28T21:42:59","guid":{"rendered":"\/seminairecollegesaintemarie\/?page_id=453"},"modified":"2020-07-13T18:21:20","modified_gmt":"2020-07-13T17:21:20","slug":"liste-materiel-college","status":"publish","type":"page","link":"https:\/\/site.ac-martinique.fr\/seminairecollegesaintemarie\/?page_id=453","title":{"rendered":"Liste mat\u00e9riel Coll\u00e8ge"},"content":{"rendered":"<p><span style=\"color: #ff6600;\"><strong><span style=\"text-decoration: underline;\">Sites de Fort de France et de Rivi\u00e8re Sal\u00e9e<\/span><\/strong><\/span><\/p>\n<p>Les listes de mat\u00e9riels pour la rentr\u00e9e 2020 2021, version 3 du 09 juillet 2020, sont t\u00e9l\u00e9chargeables ci-dessous:<\/p>\n<p>&nbsp;<\/p>\n<p><a href=\"\/seminairecollegesaintemarie\/wp-content\/uploads\/sites\/71\/2016\/06\/LISTE-DE-MATERIEL-6\u00e8mes-2020-2021-v3.pdf\">LISTE DE MATERIEL 6\u00e8mes 2020-2021 v3<\/a><\/p>\n<p><a href=\"\/seminairecollegesaintemarie\/wp-content\/uploads\/sites\/71\/2016\/06\/LISTE-DE-MATERIEL-5\u00e8mes-2020-2021-v3.pdf\">LISTE DE MATERIEL 5\u00e8mes 2020-2021 v3<\/a><\/p>\n<p><a href=\"\/seminairecollegesaintemarie\/wp-content\/uploads\/sites\/71\/2016\/06\/LISTE-DE-MATERIEL-4\u00e8mes-2020-2021-v3.pdf\">LISTE DE MATERIEL 4\u00e8mes 2020-2021 v3<\/a><\/p>\n<p><a href=\"\/seminairecollegesaintemarie\/wp-content\/uploads\/sites\/71\/2016\/06\/LISTE-DE-MATERIEL-3\u00e8mes-2020-2021-v3.pdf\">LISTE DE MATERIEL 3\u00e8mes 2020-2021 v3<\/a><\/p>\n<p>Remarque: Les manuels scolaires de chaque discipline seront pr\u00eat\u00e9s par l&rsquo;\u00e9tablissement aux \u00e9l\u00e8ves de 6\u00e8me, 5\u00e8me, 4\u00e8me et 3\u00e8me.<\/p>\n<p>&nbsp;<\/p>\n","protected":false},"excerpt":{"rendered":"<p>Sites de Fort de France et de Rivi\u00e8re Sal\u00e9e Les listes de mat\u00e9riels pour la rentr\u00e9e 2020 2021, version 3 du 09 juillet 2020, sont t\u00e9l\u00e9chargeables ci-dessous: &nbsp; LISTE DE MATERIEL 6\u00e8mes 2020-2021 v3 LISTE DE MATERIEL 5\u00e8mes 2020-2021 v3 &hellip; <a href=\"https:\/\/site.ac-martinique.fr\/seminairecollegesaintemarie\/?page_id=453\">Continuer la lecture <span class=\"meta-nav\">&rarr;<\/span><\/a><\/p>\n","protected":false},"author":175,"featured_media":0,"parent":0,"menu_order":0,"comment_status":"closed","ping_status":"closed","template":"","meta":{"footnotes":""},"class_list":["post-453","page","type-page","status-publish","hentry"],"_links":{"self":[{"href":"https:\/\/site.ac-martinique.fr\/seminairecollegesaintemarie\/index.php?rest_route=\/wp\/v2\/pages\/453","targetHints":{"allow":["GET"]}}],"collection":[{"href":"https:\/\/site.ac-martinique.fr\/seminairecollegesaintemarie\/index.php?rest_route=\/wp\/v2\/pages"}],"about":[{"href":"https:\/\/site.ac-martinique.fr\/seminairecollegesaintemarie\/index.php?rest_route=\/wp\/v2\/types\/page"}],"author":[{"embeddable":true,"href":"https:\/\/site.ac-martinique.fr\/seminairecollegesaintemarie\/index.php?rest_route=\/wp\/v2\/users\/175"}],"replies":[{"embeddable":true,"href":"https:\/\/site.ac-martinique.fr\/seminairecollegesaintemarie\/index.php?rest_route=%2Fwp%2Fv2%2Fcomments&post=453"}],"version-history":[{"count":28,"href":"https:\/\/site.ac-martinique.fr\/seminairecollegesaintemarie\/index.php?rest_route=\/wp\/v2\/pages\/453\/revisions"}],"predecessor-version":[{"id":1004,"href":"https:\/\/site.ac-martinique.fr\/seminairecollegesaintemarie\/index.php?rest_route=\/wp\/v2\/pages\/453\/revisions\/1004"}],"wp:attachment":[{"href":"https:\/\/site.ac-martinique.fr\/seminairecollegesaintemarie\/index.php?rest_route=%2Fwp%2Fv2%2Fmedia&parent=453"}],"curies":[{"name":"wp","href":"https:\/\/api.w.org\/{rel}","templated":true}]}}