{"id":737,"date":"2018-06-20T20:55:30","date_gmt":"2018-06-20T19:55:30","guid":{"rendered":"\/seminairecollegesaintemarie\/?page_id=737"},"modified":"2020-07-02T14:14:01","modified_gmt":"2020-07-02T13:14:01","slug":"inscription-lycee","status":"publish","type":"page","link":"https:\/\/site.ac-martinique.fr\/seminairecollegesaintemarie\/?page_id=737","title":{"rendered":"Inscription Lyc\u00e9e"},"content":{"rendered":"<p>Pour une demande d&rsquo;inscription au S\u00e9minaire coll\u00e8ge Sainte Marie:<\/p>\n<p><strong><a href=\"https:\/\/docs.google.com\/forms\/d\/e\/1FAIpQLScfQLE1LcdHLr8ORbT_r1K1S5EZrTPA8X8qJGPvkQJL-Qb4ZQ\/viewform\"><span style=\"color: #ff6600;\">Formulaire de demande d&rsquo;inscription<\/span><\/a><\/strong><\/p>\n<p>Merci.<\/p>\n<p>&nbsp;<\/p>\n<p>&nbsp;<\/p>\n","protected":false},"excerpt":{"rendered":"<p>Pour une demande d&rsquo;inscription au S\u00e9minaire coll\u00e8ge Sainte Marie: Formulaire de demande d&rsquo;inscription Merci. &nbsp; &nbsp;<\/p>\n","protected":false},"author":175,"featured_media":0,"parent":0,"menu_order":0,"comment_status":"closed","ping_status":"closed","template":"","meta":{"footnotes":""},"class_list":["post-737","page","type-page","status-publish","hentry"],"_links":{"self":[{"href":"https:\/\/site.ac-martinique.fr\/seminairecollegesaintemarie\/index.php?rest_route=\/wp\/v2\/pages\/737","targetHints":{"allow":["GET"]}}],"collection":[{"href":"https:\/\/site.ac-martinique.fr\/seminairecollegesaintemarie\/index.php?rest_route=\/wp\/v2\/pages"}],"about":[{"href":"https:\/\/site.ac-martinique.fr\/seminairecollegesaintemarie\/index.php?rest_route=\/wp\/v2\/types\/page"}],"author":[{"embeddable":true,"href":"https:\/\/site.ac-martinique.fr\/seminairecollegesaintemarie\/index.php?rest_route=\/wp\/v2\/users\/175"}],"replies":[{"embeddable":true,"href":"https:\/\/site.ac-martinique.fr\/seminairecollegesaintemarie\/index.php?rest_route=%2Fwp%2Fv2%2Fcomments&post=737"}],"version-history":[{"count":11,"href":"https:\/\/site.ac-martinique.fr\/seminairecollegesaintemarie\/index.php?rest_route=\/wp\/v2\/pages\/737\/revisions"}],"predecessor-version":[{"id":971,"href":"https:\/\/site.ac-martinique.fr\/seminairecollegesaintemarie\/index.php?rest_route=\/wp\/v2\/pages\/737\/revisions\/971"}],"wp:attachment":[{"href":"https:\/\/site.ac-martinique.fr\/seminairecollegesaintemarie\/index.php?rest_route=%2Fwp%2Fv2%2Fmedia&parent=737"}],"curies":[{"name":"wp","href":"https:\/\/api.w.org\/{rel}","templated":true}]}}