{"id":159,"date":"2022-01-11T21:59:03","date_gmt":"2022-01-11T20:59:03","guid":{"rendered":"https:\/\/site.ac-martinique.fr\/sstrm\/?page_id=159"},"modified":"2025-02-27T14:58:41","modified_gmt":"2025-02-27T18:58:41","slug":"accueil","status":"publish","type":"page","link":"https:\/\/site.ac-martinique.fr\/sstrm\/","title":{"rendered":"ACCUEIL"},"content":{"rendered":"\n<div class=\"wp-block-group has-background tw-shadow\" style=\"background-color:#c6fffb\"><div class=\"wp-block-group__inner-container is-layout-flow wp-block-group-is-layout-flow\">\n<div class=\"wp-block-columns is-layout-flex wp-container-core-columns-is-layout-abceabcf wp-block-columns-is-layout-flex\">\n<div class=\"wp-block-column is-vertically-aligned-top is-layout-flow wp-block-column-is-layout-flow\" style=\"--col-width:25%;flex-basis:25%\">\n<div style=\"height:36px\" aria-hidden=\"true\" class=\"wp-block-spacer\"><\/div>\n\n\n\n<figure class=\"wp-block-image size-full is-resized\"><img loading=\"lazy\" decoding=\"async\" width=\"285\" height=\"177\" src=\"https:\/\/site.ac-martinique.fr\/sstrm\/wp-content\/uploads\/sites\/111\/2024\/01\/prevention.jpg\" alt=\"\" class=\"wp-image-838\" style=\"width:163px;height:auto\" srcset=\"https:\/\/site.ac-martinique.fr\/sstrm\/wp-content\/uploads\/sites\/111\/2024\/01\/prevention.jpg 285w, https:\/\/site.ac-martinique.fr\/sstrm\/wp-content\/uploads\/sites\/111\/2024\/01\/prevention-150x93.jpg 150w, https:\/\/site.ac-martinique.fr\/sstrm\/wp-content\/uploads\/sites\/111\/2024\/01\/prevention-242x150.jpg 242w\" sizes=\"auto, (max-width: 285px) 100vw, 285px\" \/><\/figure>\n\n\n\n<div style=\"height:57px\" aria-hidden=\"true\" class=\"wp-block-spacer\"><\/div>\n\n\n\n<figure class=\"wp-block-image size-full\"><a href=\"https:\/\/site.ac-martinique.fr\/sstrm\/2022\/03\/29\/sites\/\"><img loading=\"lazy\" decoding=\"async\" width=\"362\" height=\"554\" src=\"https:\/\/site.ac-martinique.fr\/sstrm\/wp-content\/uploads\/sites\/111\/2024\/01\/Capture-decran-2024-01-17-092507-2.png\" alt=\"\" class=\"wp-image-829\" srcset=\"https:\/\/site.ac-martinique.fr\/sstrm\/wp-content\/uploads\/sites\/111\/2024\/01\/Capture-decran-2024-01-17-092507-2.png 362w, https:\/\/site.ac-martinique.fr\/sstrm\/wp-content\/uploads\/sites\/111\/2024\/01\/Capture-decran-2024-01-17-092507-2-196x300.png 196w, https:\/\/site.ac-martinique.fr\/sstrm\/wp-content\/uploads\/sites\/111\/2024\/01\/Capture-decran-2024-01-17-092507-2-98x150.png 98w\" sizes=\"auto, (max-width: 362px) 100vw, 362px\" \/><\/a><\/figure>\n<\/div>\n\n\n\n<div class=\"wp-block-column is-layout-flow wp-block-column-is-layout-flow\"><\/div>\n\n\n\n<div class=\"wp-block-column is-layout-flow wp-block-column-is-layout-flow\"><\/div>\n\n\n\n<div class=\"wp-block-column is-layout-flow wp-block-column-is-layout-flow\" style=\"--col-width:50%;flex-basis:50%\">\n<p class=\"has-text-align-center has-vivid-green-cyan-background-color has-background\" style=\"font-size:35px\"><strong>Bienvenue sur le site sant\u00e9, s\u00e9curit\u00e9 au travail et risques majeurs.<\/strong><\/p>\n\n\n<div class=\"wp-block-image\">\n<figure class=\"aligncenter size-full is-resized\"><img loading=\"lazy\" decoding=\"async\" width=\"199\" height=\"253\" src=\"https:\/\/site.ac-martinique.fr\/sstrm\/wp-content\/uploads\/sites\/111\/2024\/01\/tsunami.jpg\" alt=\"\" class=\"wp-image-827\" style=\"width:116px;height:auto\" srcset=\"https:\/\/site.ac-martinique.fr\/sstrm\/wp-content\/uploads\/sites\/111\/2024\/01\/tsunami.jpg 199w, https:\/\/site.ac-martinique.fr\/sstrm\/wp-content\/uploads\/sites\/111\/2024\/01\/tsunami-118x150.jpg 118w\" sizes=\"auto, (max-width: 199px) 100vw, 199px\" \/><\/figure>\n<\/div>\n\n\n<div class=\"wp-block-group is-vertical is-content-justification-center is-layout-flex wp-container-core-group-is-layout-17aaff53 wp-block-group-is-layout-flex\"><\/div>\n<\/div>\n\n\n\n<div class=\"wp-block-column is-layout-flow wp-block-column-is-layout-flow\"><\/div>\n\n\n\n<div class=\"wp-block-column is-vertically-aligned-top is-layout-flow wp-block-column-is-layout-flow\" style=\"--col-width:25%;flex-basis:25%\">\n<figure class=\"wp-block-image size-full\"><img loading=\"lazy\" decoding=\"async\" width=\"1280\" height=\"721\" src=\"https:\/\/site.ac-martinique.fr\/sstrm\/wp-content\/uploads\/sites\/111\/2025\/02\/Region_academique_Martinique.svg_-1.png\" alt=\"\" class=\"wp-image-944\" srcset=\"https:\/\/site.ac-martinique.fr\/sstrm\/wp-content\/uploads\/sites\/111\/2025\/02\/Region_academique_Martinique.svg_-1.png 1280w, https:\/\/site.ac-martinique.fr\/sstrm\/wp-content\/uploads\/sites\/111\/2025\/02\/Region_academique_Martinique.svg_-1-300x169.png 300w, https:\/\/site.ac-martinique.fr\/sstrm\/wp-content\/uploads\/sites\/111\/2025\/02\/Region_academique_Martinique.svg_-1-1024x577.png 1024w, https:\/\/site.ac-martinique.fr\/sstrm\/wp-content\/uploads\/sites\/111\/2025\/02\/Region_academique_Martinique.svg_-1-768x433.png 768w, https:\/\/site.ac-martinique.fr\/sstrm\/wp-content\/uploads\/sites\/111\/2025\/02\/Region_academique_Martinique.svg_-1-150x84.png 150w, https:\/\/site.ac-martinique.fr\/sstrm\/wp-content\/uploads\/sites\/111\/2025\/02\/Region_academique_Martinique.svg_-1-250x141.png 250w\" sizes=\"auto, (max-width: 1280px) 100vw, 1280px\" \/><\/figure>\n\n\n\n<div style=\"height:72px\" aria-hidden=\"true\" class=\"wp-block-spacer\"><\/div>\n\n\n<div class=\"wp-block-image\">\n<figure class=\"aligncenter size-large is-resized\"><img loading=\"lazy\" decoding=\"async\" width=\"1024\" height=\"1024\" src=\"https:\/\/site.ac-martinique.fr\/sstrm\/wp-content\/uploads\/sites\/111\/2024\/01\/handicap-1024x1024.jpg\" alt=\"\" class=\"wp-image-830\" style=\"width:181px;height:auto\" srcset=\"https:\/\/site.ac-martinique.fr\/sstrm\/wp-content\/uploads\/sites\/111\/2024\/01\/handicap-1024x1024.jpg 1024w, https:\/\/site.ac-martinique.fr\/sstrm\/wp-content\/uploads\/sites\/111\/2024\/01\/handicap-300x300.jpg 300w, https:\/\/site.ac-martinique.fr\/sstrm\/wp-content\/uploads\/sites\/111\/2024\/01\/handicap-150x150.jpg 150w, https:\/\/site.ac-martinique.fr\/sstrm\/wp-content\/uploads\/sites\/111\/2024\/01\/handicap-768x768.jpg 768w, https:\/\/site.ac-martinique.fr\/sstrm\/wp-content\/uploads\/sites\/111\/2024\/01\/handicap.jpg 1280w\" sizes=\"auto, (max-width: 1024px) 100vw, 1024px\" \/><\/figure>\n<\/div><\/div>\n<\/div>\n\n\n\n<p class=\"has-text-align-center\"><em><strong>Retrouvez sur ce site les ressources institutionnelles et documentaires.<\/strong><\/em><\/p>\n<\/div><\/div>\n\n\n\n<p><\/p>\n","protected":false},"excerpt":{"rendered":"<p>Bienvenue sur le site sant\u00e9, s\u00e9curit\u00e9 au travail et risques majeurs. Retrouvez sur ce site les ressources institutionnelles et documentaires.<\/p>\n","protected":false},"author":326,"featured_media":828,"parent":0,"menu_order":0,"comment_status":"closed","ping_status":"closed","template":"","meta":{"footnotes":""},"class_list":["post-159","page","type-page","status-publish","has-post-thumbnail","hentry"],"_links":{"self":[{"href":"https:\/\/site.ac-martinique.fr\/sstrm\/wp-json\/wp\/v2\/pages\/159","targetHints":{"allow":["GET"]}}],"collection":[{"href":"https:\/\/site.ac-martinique.fr\/sstrm\/wp-json\/wp\/v2\/pages"}],"about":[{"href":"https:\/\/site.ac-martinique.fr\/sstrm\/wp-json\/wp\/v2\/types\/page"}],"author":[{"embeddable":true,"href":"https:\/\/site.ac-martinique.fr\/sstrm\/wp-json\/wp\/v2\/users\/326"}],"replies":[{"embeddable":true,"href":"https:\/\/site.ac-martinique.fr\/sstrm\/wp-json\/wp\/v2\/comments?post=159"}],"version-history":[{"count":31,"href":"https:\/\/site.ac-martinique.fr\/sstrm\/wp-json\/wp\/v2\/pages\/159\/revisions"}],"predecessor-version":[{"id":945,"href":"https:\/\/site.ac-martinique.fr\/sstrm\/wp-json\/wp\/v2\/pages\/159\/revisions\/945"}],"wp:featuredmedia":[{"embeddable":true,"href":"https:\/\/site.ac-martinique.fr\/sstrm\/wp-json\/wp\/v2\/media\/828"}],"wp:attachment":[{"href":"https:\/\/site.ac-martinique.fr\/sstrm\/wp-json\/wp\/v2\/media?parent=159"}],"curies":[{"name":"wp","href":"https:\/\/api.w.org\/{rel}","templated":true}]}}