{"id":21,"date":"2022-10-13T15:48:35","date_gmt":"2022-10-13T19:48:35","guid":{"rendered":"https:\/\/site.ac-martinique.fr\/sti-voie-pro\/?page_id=21"},"modified":"2022-10-13T15:51:23","modified_gmt":"2022-10-13T19:51:23","slug":"semaine-des-lycees-professionnels","status":"publish","type":"page","link":"https:\/\/site.ac-martinique.fr\/sti-voie-pro\/?page_id=21","title":{"rendered":"Semaine des lyc\u00e9es professionnels"},"content":{"rendered":"\n<p>Valorisation des projets des lyc\u00e9es professionnels de Martinique<\/p>\n\n\n\n<p>Les comptes r\u00e9seaux sociaux, doivent permettre de :<\/p>\n\n\n\n<ul class=\"wp-block-list\"><li>faire le relais de l\u2019action et de l\u2019actualit\u00e9 acad\u00e9mique, de d\u00e9livrer une information officielle, continue et en temps r\u00e9el, en lien avec l&rsquo;acad\u00e9mie ;<\/li><li>assurer une mission de service public en relayant aupr\u00e8s de votre public des informations pratiques, annonces et campagnes minist\u00e9rielles, messages de pr\u00e9vention ;<\/li><li>promouvoir vos \u00e9v\u00e8nements, les contenus de votre site et l\u2019activit\u00e9 de vos \u00ab partenaires \u00bb : universit\u00e9s, Onisep, collectivit\u00e9s, etc.<\/li><li>effectuer une veille sur des sujets li\u00e9s \u00e0 l\u2019\u00e9ducation au niveau local : d\u00e9tecter des informations dont vous n\u2019auriez pas eu connaissance : sujets pol\u00e9miques, rumeurs, buzz, signaux faibles, etc. ;<\/li><li>interagir avec vos communaut\u00e9s (\u00e9l\u00e8ves, parents d\u2019\u00e9l\u00e8ves, enseignants, etc.), apporter des r\u00e9ponses aux interrogations des internautes et ajuster la communication en fonction des r\u00e9actions.<\/li><\/ul>\n\n\n\n<h2 class=\"wp-block-heading\">Ce guide vous donne des conseils pour administrer vos comptes et \u00e9tendre le nombre de vos abonn\u00e9s. Il doit \u00e9galement permettre d\u2019accompagner la rationalisation du nombre d\u2019\u00e9metteurs<a href=\"#_bookmark2\"><sup>3<\/sup><\/a> et ainsi permettre d\u2019am\u00e9liorer les prises de parole et la lisibilit\u00e9 des r\u00e9seaux sociaux des \u00e9tablissements de notre acad\u00e9mie.<\/h2>\n","protected":false},"excerpt":{"rendered":"<p>Valorisation des projets des lyc\u00e9es professionnels de Martinique Les comptes r\u00e9seaux sociaux, doivent permettre de : faire le relais de l\u2019action et de l\u2019actualit\u00e9 acad\u00e9mique, de d\u00e9livrer une information officielle, continue et en temps r\u00e9el, en lien avec l&rsquo;acad\u00e9mie ; &hellip; <a href=\"https:\/\/site.ac-martinique.fr\/sti-voie-pro\/?page_id=21\">Continuer la lecture <span class=\"meta-nav\">&rarr;<\/span><\/a><\/p>\n","protected":false},"author":206,"featured_media":0,"parent":0,"menu_order":0,"comment_status":"closed","ping_status":"closed","template":"","meta":{"footnotes":""},"class_list":["post-21","page","type-page","status-publish","hentry"],"_links":{"self":[{"href":"https:\/\/site.ac-martinique.fr\/sti-voie-pro\/index.php?rest_route=\/wp\/v2\/pages\/21","targetHints":{"allow":["GET"]}}],"collection":[{"href":"https:\/\/site.ac-martinique.fr\/sti-voie-pro\/index.php?rest_route=\/wp\/v2\/pages"}],"about":[{"href":"https:\/\/site.ac-martinique.fr\/sti-voie-pro\/index.php?rest_route=\/wp\/v2\/types\/page"}],"author":[{"embeddable":true,"href":"https:\/\/site.ac-martinique.fr\/sti-voie-pro\/index.php?rest_route=\/wp\/v2\/users\/206"}],"replies":[{"embeddable":true,"href":"https:\/\/site.ac-martinique.fr\/sti-voie-pro\/index.php?rest_route=%2Fwp%2Fv2%2Fcomments&post=21"}],"version-history":[{"count":1,"href":"https:\/\/site.ac-martinique.fr\/sti-voie-pro\/index.php?rest_route=\/wp\/v2\/pages\/21\/revisions"}],"predecessor-version":[{"id":22,"href":"https:\/\/site.ac-martinique.fr\/sti-voie-pro\/index.php?rest_route=\/wp\/v2\/pages\/21\/revisions\/22"}],"wp:attachment":[{"href":"https:\/\/site.ac-martinique.fr\/sti-voie-pro\/index.php?rest_route=%2Fwp%2Fv2%2Fmedia&parent=21"}],"curies":[{"name":"wp","href":"https:\/\/api.w.org\/{rel}","templated":true}]}}