{"id":155,"date":"2023-06-27T10:40:38","date_gmt":"2023-06-27T14:40:38","guid":{"rendered":"https:\/\/site.ac-martinique.fr\/sti2d1d\/?page_id=155"},"modified":"2024-03-14T16:51:17","modified_gmt":"2024-03-14T20:51:17","slug":"jumelage","status":"publish","type":"page","link":"https:\/\/site.ac-martinique.fr\/sti2d1d\/?page_id=155","title":{"rendered":"BIODIVERSIT\u00c9 &#038; JUMELAGE"},"content":{"rendered":"\n<p>D\u00e9couvrez le projet \u00ab\u00a0Jumelage &amp; Biodiversit\u00e9\u00a0\u00bb !<\/p>\n\n\n\n<p>Dans le cadre de ce projet, les \u00e9l\u00e8ves sont invit\u00e9s \u00e0 explorer et \u00e0 partager leurs pr\u00e9occupations socio-environnementales concernant la biodiversit\u00e9, tant dans leur environnement local que dans des environnements plus lointains. Gr\u00e2ce \u00e0 des \u00e9changes \u00e0 distance, les enfants auront l&rsquo;opportunit\u00e9 d&rsquo;enrichir leur exp\u00e9rience scientifique et de d\u00e9velopper leurs comp\u00e9tences en langues, notamment en fran\u00e7ais ou en langue vivante \u00e9trang\u00e8re.<\/p>\n\n\n\n<p>Les objectifs du projet sont multiples :<\/p>\n\n\n\n<ul class=\"wp-block-list\">\n<li>Favoriser la mise en place d&rsquo;une ambiance de classe dynamique et propice \u00e0 l&rsquo;apprentissage, en encourageant les interactions \u00e9crites et orales entre les \u00e9l\u00e8ves.<\/li>\n\n\n\n<li>Stimuler l&rsquo;int\u00e9r\u00eat des \u00e9l\u00e8ves pour leur environnement et les inciter \u00e0 le conna\u00eetre et le partager avec les autres, tout en d\u00e9veloppant une attitude \u00e9cocitoyenne.<\/li>\n<\/ul>\n\n\n\n<div class=\"wp-block-columns is-layout-flex wp-container-core-columns-is-layout-d0b3c9c8 wp-block-columns-is-layout-flex\">\n<div class=\"wp-block-column is-layout-flow wp-block-column-is-layout-flow\">\n<figure class=\"wp-block-image size-full is-style-tw-rounded-corners\"><img loading=\"lazy\" decoding=\"async\" width=\"626\" height=\"410\" src=\"https:\/\/site.ac-martinique.fr\/sti2d1d\/wp-content\/uploads\/sites\/123\/2024\/03\/image.png\" alt=\"\" class=\"wp-image-444\" srcset=\"https:\/\/site.ac-martinique.fr\/sti2d1d\/wp-content\/uploads\/sites\/123\/2024\/03\/image.png 626w, https:\/\/site.ac-martinique.fr\/sti2d1d\/wp-content\/uploads\/sites\/123\/2024\/03\/image-300x196.png 300w\" sizes=\"auto, (max-width: 626px) 100vw, 626px\" \/><\/figure>\n<\/div>\n\n\n\n<div class=\"wp-block-column is-vertically-aligned-center is-layout-flow wp-block-column-is-layout-flow\">\n<p>En participant \u00e0 ce projet, les \u00e9l\u00e8ves auront l&rsquo;opportunit\u00e9 de s&rsquo;engager activement dans la d\u00e9couverte de la biodiversit\u00e9, tout en renfor\u00e7ant leurs comp\u00e9tences linguistiques et leur sensibilisation aux enjeux environnementaux.<\/p>\n<\/div>\n<\/div>\n\n\n\n<p>Si ce projet vous int\u00e9resse, contacter la mission STE2D \u00e0 l&rsquo;adresse suivante :<br> <a href=\"mailto:mission-ste2d-1d@ac-martinique.fr\">mission-ste2d-1d@ac-martinique.fr<\/a><\/p>\n\n\n<div class=\"padlet-embed\" style=\"border:1px solid rgba(0,0,0,0.1);border-radius:2px;box-sizing:border-box;overflow:hidden;position:relative;width:100%;background:#F4F4F4\">\n<p style=\"padding:0;margin:0\"><iframe src=\"https:\/\/padlet.com\/embed\/nnewpoemcsmni576\" frameborder=\"0\" allow=\"camera;microphone;geolocation\" style=\"width:100%;height:608px;display:block;padding:0;margin:0\"><\/iframe><\/p>\n<div style=\"display:flex;align-items:center;justify-content:end;margin:0;height:28px\"><a href=\"https:\/\/padlet.com?ref=embed\" style=\"display:block;flex-grow:0;margin:0;border:none;padding:0;text-decoration:none\" target=\"_blank\" rel=\"noopener\"><\/p>\n<div style=\"display:flex;align-items:center;\"><img loading=\"lazy\" decoding=\"async\" src=\"https:\/\/padlet.net\/embeds\/made_with_padlet_2022.png\" width=\"114\" height=\"28\" style=\"padding:0;margin:0;background:0 0;border:none;box-shadow:none\" alt=\"Fait avec Padlet\"><\/div>\n<p><\/a><\/div>\n<\/div>\n","protected":false},"excerpt":{"rendered":"<p>D\u00e9couvrez le projet \u00ab\u00a0Jumelage &amp; Biodiversit\u00e9\u00a0\u00bb ! Dans le cadre de ce projet, les \u00e9l\u00e8ves sont invit\u00e9s \u00e0 explorer et \u00e0 partager leurs pr\u00e9occupations socio-environnementales concernant la biodiversit\u00e9, tant dans leur environnement local que dans des environnements plus lointains. Gr\u00e2ce \u00e0 des \u00e9changes \u00e0 distance, les enfants auront l&rsquo;opportunit\u00e9 d&rsquo;enrichir leur exp\u00e9rience scientifique et de d\u00e9velopper leurs comp\u00e9tences en langues, notamment en fran\u00e7ais ou en langue vivante \u00e9trang\u00e8re. Les objectifs du projet sont multiples : En participant \u00e0 ce projet, les \u00e9l\u00e8ves auront l&rsquo;opportunit\u00e9 de s&rsquo;engager activement dans la d\u00e9couverte de la biodiversit\u00e9, tout en renfor\u00e7ant leurs comp\u00e9tences linguistiques et leur sensibilisation aux enjeux environnementaux. Si ce projet vous int\u00e9resse, contacter la mission STE2D \u00e0 l&rsquo;adresse suivante : mission-ste2d-1d@ac-martinique.fr<\/p>\n","protected":false},"author":272,"featured_media":443,"parent":0,"menu_order":0,"comment_status":"closed","ping_status":"closed","template":"","meta":{"footnotes":""},"class_list":["post-155","page","type-page","status-publish","has-post-thumbnail","hentry"],"_links":{"self":[{"href":"https:\/\/site.ac-martinique.fr\/sti2d1d\/index.php?rest_route=\/wp\/v2\/pages\/155","targetHints":{"allow":["GET"]}}],"collection":[{"href":"https:\/\/site.ac-martinique.fr\/sti2d1d\/index.php?rest_route=\/wp\/v2\/pages"}],"about":[{"href":"https:\/\/site.ac-martinique.fr\/sti2d1d\/index.php?rest_route=\/wp\/v2\/types\/page"}],"author":[{"embeddable":true,"href":"https:\/\/site.ac-martinique.fr\/sti2d1d\/index.php?rest_route=\/wp\/v2\/users\/272"}],"replies":[{"embeddable":true,"href":"https:\/\/site.ac-martinique.fr\/sti2d1d\/index.php?rest_route=%2Fwp%2Fv2%2Fcomments&post=155"}],"version-history":[{"count":3,"href":"https:\/\/site.ac-martinique.fr\/sti2d1d\/index.php?rest_route=\/wp\/v2\/pages\/155\/revisions"}],"predecessor-version":[{"id":445,"href":"https:\/\/site.ac-martinique.fr\/sti2d1d\/index.php?rest_route=\/wp\/v2\/pages\/155\/revisions\/445"}],"wp:featuredmedia":[{"embeddable":true,"href":"https:\/\/site.ac-martinique.fr\/sti2d1d\/index.php?rest_route=\/wp\/v2\/media\/443"}],"wp:attachment":[{"href":"https:\/\/site.ac-martinique.fr\/sti2d1d\/index.php?rest_route=%2Fwp%2Fv2%2Fmedia&parent=155"}],"curies":[{"name":"wp","href":"https:\/\/api.w.org\/{rel}","templated":true}]}}