{"id":158,"date":"2023-06-27T10:40:38","date_gmt":"2023-06-27T14:40:38","guid":{"rendered":"https:\/\/site.ac-martinique.fr\/sti2d1d\/?page_id=158"},"modified":"2024-03-21T09:20:42","modified_gmt":"2024-03-21T13:20:42","slug":"defi-sciences","status":"publish","type":"page","link":"https:\/\/site.ac-martinique.fr\/sti2d1d\/?page_id=158","title":{"rendered":"D\u00e9fi Sciences"},"content":{"rendered":"<ul class=\"wp-block-latest-posts__list has-dates aligncenter is-style-tw-posts-card wp-block-latest-posts\"><li><div class=\"wp-block-latest-posts__featured-image alignleft\"><img loading=\"lazy\" decoding=\"async\" width=\"631\" height=\"438\" src=\"https:\/\/site.ac-martinique.fr\/sti2d1d\/wp-content\/uploads\/sites\/123\/2024\/03\/thymio.jpg\" class=\"attachment-large size-large wp-post-image\" alt=\"\" style=\"\" srcset=\"https:\/\/site.ac-martinique.fr\/sti2d1d\/wp-content\/uploads\/sites\/123\/2024\/03\/thymio.jpg 631w, https:\/\/site.ac-martinique.fr\/sti2d1d\/wp-content\/uploads\/sites\/123\/2024\/03\/thymio-300x208.jpg 300w\" sizes=\"auto, (max-width: 631px) 100vw, 631px\" \/><\/div><a class=\"wp-block-latest-posts__post-title\" href=\"https:\/\/site.ac-martinique.fr\/sti2d1d\/?p=505\">DEFI SCIENCES 2024 : Le parcours sem\u00e9 d&#8217;emb\u00fbches<\/a><time datetime=\"2024-03-21T13:56:06-04:00\" class=\"wp-block-latest-posts__post-date\">21 mars 2024<\/time><div class=\"wp-block-latest-posts__post-excerpt\">Pour le DEFI Cycle 3 2024, les \u00e9l\u00e8ves de CM1 et CM2 sont invit\u00e9s \u00e0 programmer un Thymio afin qu&rsquo;il effectue le plus vite possible un parcours au cours duquel il va falloir d\u00e9placer deux objets qui se trouvent sur sa route ! Ci-contre la fiche du d\u00e9fi et ci-apr\u00e8s les supports n\u00e9cessaires a la fabrication du circuit ainsi que des challenges Card ! C&rsquo;est \u00e0 vous de jouer ! Ressources et supports pour r\u00e9aliser le d\u00e9fi : En photos ou en vid\u00e9o, nous avons h\u00e2te de voir vos Thymios \u00e0 l&rsquo;action ! Envoyer vos productions \u00e0 l\u2019adresse : mission-ste2d-1d@ac-martinique.fr<\/div><\/li>\n<li><div class=\"wp-block-latest-posts__featured-image alignleft\"><img loading=\"lazy\" decoding=\"async\" width=\"727\" height=\"335\" src=\"https:\/\/site.ac-martinique.fr\/sti2d1d\/wp-content\/uploads\/sites\/123\/2024\/03\/Capture-4.jpg\" class=\"attachment-large size-large wp-post-image\" alt=\"\" style=\"\" srcset=\"https:\/\/site.ac-martinique.fr\/sti2d1d\/wp-content\/uploads\/sites\/123\/2024\/03\/Capture-4.jpg 727w, https:\/\/site.ac-martinique.fr\/sti2d1d\/wp-content\/uploads\/sites\/123\/2024\/03\/Capture-4-300x138.jpg 300w\" sizes=\"auto, (max-width: 727px) 100vw, 727px\" \/><\/div><a class=\"wp-block-latest-posts__post-title\" href=\"https:\/\/site.ac-martinique.fr\/sti2d1d\/?p=501\">DEFI SCIENCES 2024 : La plante la plus haute<\/a><time datetime=\"2024-03-21T13:37:59-04:00\" class=\"wp-block-latest-posts__post-date\">21 mars 2024<\/time><div class=\"wp-block-latest-posts__post-excerpt\">Pour le DEFI Cycle 1 2024, les \u00e9l\u00e8ves de Grande Section sont invit\u00e9s \u00e0 faire pousser une plante le plus haut que possible ! Cette activit\u00e9 permettra aux \u00e9l\u00e8ves de d\u00e9velopper leurs connaissances en observation et en exp\u00e9rimentation. En fin d&rsquo;\u00e9cole maternelle, les enfants sont amen\u00e9s \u00e0 reconna\u00eetre les principales \u00e9tapes du d\u00e9veloppement d&rsquo;un v\u00e9g\u00e9tal, comme la germination et la croissance. Ils apprendront \u00e9galement \u00e0 identifier les besoins essentiels des plantes pour assurer leur d\u00e9veloppement optimal. En photos ou en vid\u00e9o, nous avons h\u00e2te de voir l&rsquo;\u00e9volution de vos graines ! Envoyer vos productions \u00e0 l\u2019adresse : mission-ste2d-1d@ac-martinique.fr En recherche d\u2019id\u00e9es ? Voici une vid\u00e9o de mise en \u0153uvre tr\u00e8s simple !<\/div><\/li>\n<li><div class=\"wp-block-latest-posts__featured-image alignleft\"><img loading=\"lazy\" decoding=\"async\" width=\"960\" height=\"669\" src=\"https:\/\/site.ac-martinique.fr\/sti2d1d\/wp-content\/uploads\/sites\/123\/2024\/03\/Fusee-1024x714.jpg\" class=\"attachment-large size-large wp-post-image\" alt=\"\" style=\"\" srcset=\"https:\/\/site.ac-martinique.fr\/sti2d1d\/wp-content\/uploads\/sites\/123\/2024\/03\/Fusee-1024x714.jpg 1024w, https:\/\/site.ac-martinique.fr\/sti2d1d\/wp-content\/uploads\/sites\/123\/2024\/03\/Fusee-300x209.jpg 300w, https:\/\/site.ac-martinique.fr\/sti2d1d\/wp-content\/uploads\/sites\/123\/2024\/03\/Fusee-768x535.jpg 768w, https:\/\/site.ac-martinique.fr\/sti2d1d\/wp-content\/uploads\/sites\/123\/2024\/03\/Fusee.jpg 1050w\" sizes=\"auto, (max-width: 960px) 100vw, 960px\" \/><\/div><a class=\"wp-block-latest-posts__post-title\" href=\"https:\/\/site.ac-martinique.fr\/sti2d1d\/?p=469\">DEFI SCIENCES 2024 : La Fus\u00e9e \u00e0 eau<\/a><time datetime=\"2024-03-21T09:17:49-04:00\" class=\"wp-block-latest-posts__post-date\">21 mars 2024<\/time><div class=\"wp-block-latest-posts__post-excerpt\">Pour le D\u00e9fi Sciences 2024, les classes de cycle 2 sont invit\u00e9es \u00e0 construire ET faire d\u00e9coller une fus\u00e9e \u00e0 eau ! Ce d\u00e9fi sera l&rsquo;occasion d&rsquo;approfondir les connaissances des \u00e9l\u00e8ves sur les propri\u00e9t\u00e9s des liquides et des gaz. En particulier de l&rsquo;eau et de l&rsquo;air, mais aussi de mettre en pratique des exp\u00e9riences simples impliquant l&rsquo;air et\/ou l&rsquo;eau. En photos ou en vid\u00e9o, nous avons h\u00e2te de voir toutes ces fus\u00e9es d\u00e9coller ! Envoyer vos productions \u00e0 l&rsquo;adresse : mission-ste2d-1d@ac-martinique.fr En recherche d&rsquo;id\u00e9es ? Voici une vid\u00e9o de mise en \u0153uvre tr\u00e8s simple !<\/div><\/li>\n<li><div class=\"wp-block-latest-posts__featured-image alignleft\"><img loading=\"lazy\" decoding=\"async\" width=\"340\" height=\"289\" src=\"https:\/\/site.ac-martinique.fr\/sti2d1d\/wp-content\/uploads\/sites\/123\/2023\/07\/sert-3.jpg\" class=\"attachment-large size-large wp-post-image\" alt=\"\" style=\"\" srcset=\"https:\/\/site.ac-martinique.fr\/sti2d1d\/wp-content\/uploads\/sites\/123\/2023\/07\/sert-3.jpg 340w, https:\/\/site.ac-martinique.fr\/sti2d1d\/wp-content\/uploads\/sites\/123\/2023\/07\/sert-3-300x255.jpg 300w\" sizes=\"auto, (max-width: 340px) 100vw, 340px\" \/><\/div><a class=\"wp-block-latest-posts__post-title\" href=\"https:\/\/site.ac-martinique.fr\/sti2d1d\/?p=331\">D\u00e9fi sciences \u00e0 la maternelle Auguste R\u00e9jon<\/a><time datetime=\"2023-07-03T13:43:50-04:00\" class=\"wp-block-latest-posts__post-date\">3 juillet 2023<\/time><div class=\"wp-block-latest-posts__post-excerpt\">D\u2019abord, nous avons imagin\u00e9 le r\u00e9sultat du m\u00e9lange de 2 liquides, apr\u00e8s, nous avons exp\u00e9riment\u00e9 plusieurs m\u00e9langes\u00a0: Ensuite, nous avons essay\u00e9 avec 3 liquides, puis 4 et enfin\u00a05.<\/div><\/li>\n<\/ul>","protected":false},"excerpt":{"rendered":"","protected":false},"author":272,"featured_media":0,"parent":0,"menu_order":0,"comment_status":"closed","ping_status":"closed","template":"","meta":{"footnotes":""},"class_list":["post-158","page","type-page","status-publish","hentry"],"_links":{"self":[{"href":"https:\/\/site.ac-martinique.fr\/sti2d1d\/index.php?rest_route=\/wp\/v2\/pages\/158","targetHints":{"allow":["GET"]}}],"collection":[{"href":"https:\/\/site.ac-martinique.fr\/sti2d1d\/index.php?rest_route=\/wp\/v2\/pages"}],"about":[{"href":"https:\/\/site.ac-martinique.fr\/sti2d1d\/index.php?rest_route=\/wp\/v2\/types\/page"}],"author":[{"embeddable":true,"href":"https:\/\/site.ac-martinique.fr\/sti2d1d\/index.php?rest_route=\/wp\/v2\/users\/272"}],"replies":[{"embeddable":true,"href":"https:\/\/site.ac-martinique.fr\/sti2d1d\/index.php?rest_route=%2Fwp%2Fv2%2Fcomments&post=158"}],"version-history":[{"count":3,"href":"https:\/\/site.ac-martinique.fr\/sti2d1d\/index.php?rest_route=\/wp\/v2\/pages\/158\/revisions"}],"predecessor-version":[{"id":473,"href":"https:\/\/site.ac-martinique.fr\/sti2d1d\/index.php?rest_route=\/wp\/v2\/pages\/158\/revisions\/473"}],"wp:attachment":[{"href":"https:\/\/site.ac-martinique.fr\/sti2d1d\/index.php?rest_route=%2Fwp%2Fv2%2Fmedia&parent=158"}],"curies":[{"name":"wp","href":"https:\/\/api.w.org\/{rel}","templated":true}]}}