{"id":211,"date":"2023-06-27T14:36:57","date_gmt":"2023-06-27T18:36:57","guid":{"rendered":"https:\/\/site.ac-martinique.fr\/sti2d1d\/?page_id=211"},"modified":"2024-03-14T17:07:24","modified_gmt":"2024-03-14T21:07:24","slug":"echos-descale","status":"publish","type":"page","link":"https:\/\/site.ac-martinique.fr\/sti2d1d\/?page_id=211","title":{"rendered":"Projet Echos d&rsquo;Escale"},"content":{"rendered":"\n<p>L\u2019op\u00e9ration p\u00e9dagogique&nbsp;<strong>\u00ab Echos d\u2019escales \u00bb<\/strong>&nbsp;s\u2019inscrit dans les objectifs d\u2019\u00e9ducation au d\u00e9veloppement durable et est r\u00e9solument transdisciplinaire. Il s\u2019adresse aux&nbsp;<strong>IEN et conseillers p\u00e9dagogiques<\/strong>&nbsp;qui souhaiteraient f\u00e9d\u00e9rer une communaut\u00e9 de projets dans leur circonscription et\/ou d\u00e9partement.<\/p>\n\n\n\n<p>A l\u2019invitation du capitaine, il est propos\u00e9 aux \u00e9l\u00e8ves de c<strong>omposer leur propre exp\u00e9dition virtuelle<\/strong>&nbsp;\u00e0 travers les lieux d\u2019escale de TARA et de r\u00e9aliser des activit\u00e9s pour r\u00e9pondre \u00e0 des probl\u00e9matiques sur les enjeux de d\u00e9veloppement durable dans le Monde. Les destinations des escales sont l\u2019opportunit\u00e9 de d\u00e9couvrir des&nbsp;<strong>enjeux locaux environnementaux qui font \u00e9cho \u00e0 des enjeux globaux.<\/strong>&nbsp;Une production finale sous forme de blog ou journal de bord est sugg\u00e9r\u00e9e.<\/p>\n\n\n\n<div class=\"wp-block-columns is-layout-flex wp-container-core-columns-is-layout-d0b3c9c8 wp-block-columns-is-layout-flex\">\n<div class=\"wp-block-column is-layout-flow wp-block-column-is-layout-flow\">\n<figure class=\"wp-block-image size-large is-style-tw-rounded-corners\"><a href=\"https:\/\/echosdescale.fondationtaraocean.org\/projet\/\"><img loading=\"lazy\" decoding=\"async\" width=\"1024\" height=\"731\" src=\"https:\/\/site.ac-martinique.fr\/sti2d1d\/wp-content\/uploads\/sites\/123\/2024\/03\/image-1-1024x731.png\" alt=\"\" class=\"wp-image-446\" srcset=\"https:\/\/site.ac-martinique.fr\/sti2d1d\/wp-content\/uploads\/sites\/123\/2024\/03\/image-1-1024x731.png 1024w, https:\/\/site.ac-martinique.fr\/sti2d1d\/wp-content\/uploads\/sites\/123\/2024\/03\/image-1-300x214.png 300w, https:\/\/site.ac-martinique.fr\/sti2d1d\/wp-content\/uploads\/sites\/123\/2024\/03\/image-1-768x548.png 768w, https:\/\/site.ac-martinique.fr\/sti2d1d\/wp-content\/uploads\/sites\/123\/2024\/03\/image-1.png 1141w\" sizes=\"auto, (max-width: 1024px) 100vw, 1024px\" \/><\/a><\/figure>\n\n\n\n<figure class=\"wp-block-embed is-type-wp-embed is-provider-edd wp-block-embed-edd\"><div class=\"wp-block-embed__wrapper\">\n<blockquote class=\"wp-embedded-content\" data-secret=\"5kH6ODruLj\"><a href=\"https:\/\/site.ac-martinique.fr\/edd\/?p=1733\">Projet Echos d\u2019escale-CYCLE3<\/a><\/blockquote><iframe loading=\"lazy\" class=\"wp-embedded-content\" sandbox=\"allow-scripts\" security=\"restricted\" style=\"position: absolute; clip: rect(1px, 1px, 1px, 1px);\" title=\"\u00ab\u00a0Projet Echos d\u2019escale-CYCLE3\u00a0\u00bb &#8212; EDD\" src=\"https:\/\/site.ac-martinique.fr\/edd\/?p=1733&#038;embed=true#?secret=fe4r615GCD#?secret=5kH6ODruLj\" data-secret=\"5kH6ODruLj\" width=\"600\" height=\"338\" frameborder=\"0\" marginwidth=\"0\" marginheight=\"0\" scrolling=\"no\"><\/iframe>\n<\/div><\/figure>\n<\/div>\n\n\n\n<div class=\"wp-block-column is-vertically-aligned-center is-layout-flow wp-block-column-is-layout-flow\">\n<div data-wp-interactive=\"core\/file\" class=\"wp-block-file\"><object data-wp-bind--hidden=\"!state.hasPdfPreview\" hidden class=\"wp-block-file__embed\" data=\"https:\/\/site.ac-martinique.fr\/sti2d1d\/wp-content\/uploads\/sites\/123\/2024\/02\/Echos-descales-cycle-3-2021-vfjuin.pdf\" type=\"application\/pdf\" style=\"width:100%;height:600px\" aria-label=\"Contenu embarqu\u00e9 Echos-descales-cycle-3-2021-vfjuin.\"><\/object><a id=\"wp-block-file--media-6c16bc43-ef52-4e99-8971-a142034467b4\" href=\"https:\/\/site.ac-martinique.fr\/sti2d1d\/wp-content\/uploads\/sites\/123\/2024\/02\/Echos-descales-cycle-3-2021-vfjuin.pdf\">Echos-descales-cycle-3-2021-vfjuin<\/a><a href=\"https:\/\/site.ac-martinique.fr\/sti2d1d\/wp-content\/uploads\/sites\/123\/2024\/02\/Echos-descales-cycle-3-2021-vfjuin.pdf\" class=\"wp-block-file__button wp-element-button\" download aria-describedby=\"wp-block-file--media-6c16bc43-ef52-4e99-8971-a142034467b4\">T\u00e9l\u00e9charger<\/a><\/div>\n<\/div>\n<\/div>\n","protected":false},"excerpt":{"rendered":"<p>L\u2019op\u00e9ration p\u00e9dagogique&nbsp;\u00ab Echos d\u2019escales \u00bb&nbsp;s\u2019inscrit dans les objectifs d\u2019\u00e9ducation au d\u00e9veloppement durable et est r\u00e9solument transdisciplinaire. Il s\u2019adresse aux&nbsp;IEN et conseillers p\u00e9dagogiques&nbsp;qui souhaiteraient f\u00e9d\u00e9rer une communaut\u00e9 de projets dans leur circonscription et\/ou d\u00e9partement. A l\u2019invitation du capitaine, il est propos\u00e9 aux \u00e9l\u00e8ves de composer leur propre exp\u00e9dition virtuelle&nbsp;\u00e0 travers les lieux d\u2019escale de TARA et de r\u00e9aliser des activit\u00e9s pour r\u00e9pondre \u00e0 des probl\u00e9matiques sur les enjeux de d\u00e9veloppement durable dans le Monde. Les destinations des escales sont l\u2019opportunit\u00e9 de d\u00e9couvrir des&nbsp;enjeux locaux environnementaux qui font \u00e9cho \u00e0 des enjeux globaux.&nbsp;Une production finale sous forme de blog ou journal de bord est sugg\u00e9r\u00e9e.<\/p>\n","protected":false},"author":272,"featured_media":0,"parent":0,"menu_order":0,"comment_status":"closed","ping_status":"closed","template":"","meta":{"footnotes":""},"class_list":["post-211","page","type-page","status-publish","hentry"],"_links":{"self":[{"href":"https:\/\/site.ac-martinique.fr\/sti2d1d\/index.php?rest_route=\/wp\/v2\/pages\/211","targetHints":{"allow":["GET"]}}],"collection":[{"href":"https:\/\/site.ac-martinique.fr\/sti2d1d\/index.php?rest_route=\/wp\/v2\/pages"}],"about":[{"href":"https:\/\/site.ac-martinique.fr\/sti2d1d\/index.php?rest_route=\/wp\/v2\/types\/page"}],"author":[{"embeddable":true,"href":"https:\/\/site.ac-martinique.fr\/sti2d1d\/index.php?rest_route=\/wp\/v2\/users\/272"}],"replies":[{"embeddable":true,"href":"https:\/\/site.ac-martinique.fr\/sti2d1d\/index.php?rest_route=%2Fwp%2Fv2%2Fcomments&post=211"}],"version-history":[{"count":3,"href":"https:\/\/site.ac-martinique.fr\/sti2d1d\/index.php?rest_route=\/wp\/v2\/pages\/211\/revisions"}],"predecessor-version":[{"id":447,"href":"https:\/\/site.ac-martinique.fr\/sti2d1d\/index.php?rest_route=\/wp\/v2\/pages\/211\/revisions\/447"}],"wp:attachment":[{"href":"https:\/\/site.ac-martinique.fr\/sti2d1d\/index.php?rest_route=%2Fwp%2Fv2%2Fmedia&parent=211"}],"curies":[{"name":"wp","href":"https:\/\/api.w.org\/{rel}","templated":true}]}}