{"id":23,"date":"2022-09-15T17:00:18","date_gmt":"2022-09-15T21:00:18","guid":{"rendered":"https:\/\/site.ac-martinique.fr\/sti2d1d\/?page_id=23"},"modified":"2024-03-14T16:08:34","modified_gmt":"2024-03-14T20:08:34","slug":"projets","status":"publish","type":"page","link":"https:\/\/site.ac-martinique.fr\/sti2d1d\/?page_id=23","title":{"rendered":"PROJETS et ACTION"},"content":{"rendered":"\n<p class=\"has-text-align-center has-medium-font-size\"><em>Dans cet espace est d\u00e9di\u00e9 \u00e0 la pr\u00e9sentation des projets inter-missions. Il constitue un point central o\u00f9 les membres des diff\u00e9rentes missions peuvent trouver des d\u00e9tails sur les projets en cours, les objectifs vis\u00e9s, ainsi que les ressources disponibles. En outre, cette page permet \u00e9galement de suivre l&rsquo;avancement des projets et de rester inform\u00e9 des derni\u00e8res nouvelles.<\/em><\/p>\n\n\n\n<div class=\"wp-block-buttons is-horizontal is-content-justification-center is-layout-flex wp-container-core-buttons-is-layout-03627597 wp-block-buttons-is-layout-flex\">\n<div class=\"wp-block-button has-custom-width wp-block-button__width-50 has-custom-font-size is-style-outline is-style-outline--1\" style=\"font-size:26px\"><a class=\"wp-block-button__link has-white-color has-midnight-gradient-background has-text-color has-background has-link-color wp-element-button\" href=\"https:\/\/site.ac-martinique.fr\/sti2d1d\/?page_id=156\"><strong>ARTS &amp; MER<\/strong><\/a><\/div>\n\n\n\n<div class=\"wp-block-button has-custom-width wp-block-button__width-50 has-custom-font-size is-style-fill\" style=\"font-size:26px\"><a class=\"wp-block-button__link has-cool-to-warm-spectrum-gradient-background has-background wp-element-button\" href=\"https:\/\/site.ac-martinique.fr\/sti2d1d\/?page_id=158\"><strong>LES D\u00c9FIS SCIENCES<\/strong><\/a><\/div>\n\n\n\n<div class=\"wp-block-button has-custom-width wp-block-button__width-50 has-custom-font-size is-style-fill\" style=\"font-size:26px\"><a class=\"wp-block-button__link has-luminous-vivid-orange-to-vivid-red-gradient-background has-background wp-element-button\" href=\"https:\/\/site.ac-martinique.fr\/sti2d1d\/?page_id=211\"><strong>\u00c9CHOS D&rsquo;ESCALE<\/strong><\/a><\/div>\n\n\n\n<div class=\"wp-block-button has-custom-width wp-block-button__width-50 has-custom-font-size is-style-fill\" style=\"font-size:26px\"><a class=\"wp-block-button__link has-background wp-element-button\" href=\"https:\/\/site.ac-martinique.fr\/sti2d1d\/?page_id=155\" style=\"background:linear-gradient(135deg,rgb(255,220,116) 0%,rgb(73,168,136) 50%,rgb(36,108,116) 100%)\"><strong>JUMELAGE<\/strong><\/a><\/div>\n\n\n\n<div class=\"wp-block-button has-custom-width wp-block-button__width-50 has-custom-font-size is-style-fill\" style=\"font-size:26px\"><a class=\"wp-block-button__link has-background wp-element-button\" href=\"https:\/\/site.ac-martinique.fr\/sti2d1d\/?page_id=431\" style=\"background:linear-gradient(135deg,rgb(161,254,0) 0%,rgb(81,158,92) 100%)\"><strong>TI FORESTI\u00c9<\/strong><\/a><\/div>\n\n\n\n<div class=\"wp-block-button has-custom-width wp-block-button__width-50 has-custom-font-size is-style-outline is-style-outline--2\" style=\"font-size:26px\"><a class=\"wp-block-button__link has-white-color has-text-color has-background has-link-color wp-element-button\" href=\"https:\/\/site.ac-martinique.fr\/sti2d1d\/?page_id=204\" style=\"background:linear-gradient(135deg,rgb(255,149,0) 24%,rgb(0,38,255) 78%)\"><strong>TRANSAT JACQUES VABRE<\/strong><\/a><\/div>\n<\/div>\n","protected":false},"excerpt":{"rendered":"<p>Dans cet espace est d\u00e9di\u00e9 \u00e0 la pr\u00e9sentation des projets inter-missions. Il constitue un point central o\u00f9 les membres des diff\u00e9rentes missions peuvent trouver des d\u00e9tails sur les projets en cours, les objectifs vis\u00e9s, ainsi que les ressources disponibles. En outre, cette page permet \u00e9galement de suivre l&rsquo;avancement des projets et de rester inform\u00e9 des derni\u00e8res nouvelles.<\/p>\n","protected":false},"author":272,"featured_media":0,"parent":0,"menu_order":0,"comment_status":"closed","ping_status":"closed","template":"","meta":{"footnotes":""},"class_list":["post-23","page","type-page","status-publish","hentry"],"_links":{"self":[{"href":"https:\/\/site.ac-martinique.fr\/sti2d1d\/index.php?rest_route=\/wp\/v2\/pages\/23","targetHints":{"allow":["GET"]}}],"collection":[{"href":"https:\/\/site.ac-martinique.fr\/sti2d1d\/index.php?rest_route=\/wp\/v2\/pages"}],"about":[{"href":"https:\/\/site.ac-martinique.fr\/sti2d1d\/index.php?rest_route=\/wp\/v2\/types\/page"}],"author":[{"embeddable":true,"href":"https:\/\/site.ac-martinique.fr\/sti2d1d\/index.php?rest_route=\/wp\/v2\/users\/272"}],"replies":[{"embeddable":true,"href":"https:\/\/site.ac-martinique.fr\/sti2d1d\/index.php?rest_route=%2Fwp%2Fv2%2Fcomments&post=23"}],"version-history":[{"count":4,"href":"https:\/\/site.ac-martinique.fr\/sti2d1d\/index.php?rest_route=\/wp\/v2\/pages\/23\/revisions"}],"predecessor-version":[{"id":435,"href":"https:\/\/site.ac-martinique.fr\/sti2d1d\/index.php?rest_route=\/wp\/v2\/pages\/23\/revisions\/435"}],"wp:attachment":[{"href":"https:\/\/site.ac-martinique.fr\/sti2d1d\/index.php?rest_route=%2Fwp%2Fv2%2Fmedia&parent=23"}],"curies":[{"name":"wp","href":"https:\/\/api.w.org\/{rel}","templated":true}]}}