{"id":431,"date":"2024-03-14T16:06:06","date_gmt":"2024-03-14T20:06:06","guid":{"rendered":"https:\/\/site.ac-martinique.fr\/sti2d1d\/?page_id=431"},"modified":"2024-03-14T16:23:42","modified_gmt":"2024-03-14T20:23:42","slug":"ti-forestie","status":"publish","type":"page","link":"https:\/\/site.ac-martinique.fr\/sti2d1d\/?page_id=431","title":{"rendered":"PROGARMME TI FORESTI\u00c9"},"content":{"rendered":"\n<div class=\"wp-block-columns is-layout-flex wp-container-core-columns-is-layout-d0b3c9c8 wp-block-columns-is-layout-flex\">\n<div class=\"wp-block-column is-layout-flow wp-block-column-is-layout-flow\" style=\"--col-width:33.33%;flex-basis:33.33%\">\n<p>D\u00e9couvrez Ti-Foresti\u00e9, un outil p\u00e9dagogique sp\u00e9cialement con\u00e7u pour les \u00e9l\u00e8ves du primaire, destin\u00e9 \u00e0 sensibiliser les jeunes \u00e9co-citoyens \u00e0 leur environnement naturel. Ce programme propose une approche ludique et interactive, encourageant les enfants \u00e0 explorer la richesse et la fragilit\u00e9 de la nature qui les entoure.<\/p>\n<\/div>\n\n\n\n<div class=\"wp-block-column is-layout-flow wp-block-column-is-layout-flow\" style=\"--col-width:66.66%;flex-basis:66.66%\">\n<div data-wp-interactive=\"core\/file\" class=\"wp-block-file aligncenter\"><object data-wp-bind--hidden=\"!state.hasPdfPreview\" hidden class=\"wp-block-file__embed\" data=\"https:\/\/site.ac-martinique.fr\/sti2d1d\/wp-content\/uploads\/sites\/123\/2024\/03\/Presentation_Ti-forestie_2022.pdf\" type=\"application\/pdf\" style=\"width:100%;height:280px\" aria-label=\"Contenu embarqu\u00e9 Presentation_Ti-forestie_2022.\"><\/object><a id=\"wp-block-file--media-d83db02e-8b5e-417e-be56-5a6da610cd27\" href=\"https:\/\/site.ac-martinique.fr\/sti2d1d\/wp-content\/uploads\/sites\/123\/2024\/03\/Presentation_Ti-forestie_2022.pdf\">Presentation_Ti-forestie_2022<\/a><a href=\"https:\/\/site.ac-martinique.fr\/sti2d1d\/wp-content\/uploads\/sites\/123\/2024\/03\/Presentation_Ti-forestie_2022.pdf\" class=\"wp-block-file__button wp-element-button\" download aria-describedby=\"wp-block-file--media-d83db02e-8b5e-417e-be56-5a6da610cd27\">T\u00e9l\u00e9charger<\/a><\/div>\n<\/div>\n<\/div>\n\n\n\n<p>Adapt\u00e9 aux programmes de l&rsquo;\u00c9ducation nationale, Ti-Foresti\u00e9 se d\u00e9roule sur quatre demi-journ\u00e9es tout au long de l&rsquo;ann\u00e9e scolaire, en accord avec les enseignants. Il offre une vari\u00e9t\u00e9 d&rsquo;activit\u00e9s adapt\u00e9es \u00e0 chaque cycle scolaire, et s&rsquo;inscrit dans une d\u00e9marche p\u00e9dagogique visant \u00e0 impliquer activement les \u00e9l\u00e8ves dans la construction de leurs connaissances.<\/p>\n\n\n\n<div class=\"wp-block-columns is-layout-flex wp-container-core-columns-is-layout-d0b3c9c8 wp-block-columns-is-layout-flex\">\n<div class=\"wp-block-column is-layout-flow wp-block-column-is-layout-flow\" style=\"--col-width:66.66%;flex-basis:66.66%\">\n<figure class=\"wp-block-image size-large is-style-tw-rounded-corners\"><img loading=\"lazy\" decoding=\"async\" width=\"1024\" height=\"768\" src=\"https:\/\/site.ac-martinique.fr\/sti2d1d\/wp-content\/uploads\/sites\/123\/2024\/03\/Capture-1024x768.jpg\" alt=\"\" class=\"wp-image-439\" srcset=\"https:\/\/site.ac-martinique.fr\/sti2d1d\/wp-content\/uploads\/sites\/123\/2024\/03\/Capture-1024x768.jpg 1024w, https:\/\/site.ac-martinique.fr\/sti2d1d\/wp-content\/uploads\/sites\/123\/2024\/03\/Capture-300x225.jpg 300w, https:\/\/site.ac-martinique.fr\/sti2d1d\/wp-content\/uploads\/sites\/123\/2024\/03\/Capture-768x576.jpg 768w, https:\/\/site.ac-martinique.fr\/sti2d1d\/wp-content\/uploads\/sites\/123\/2024\/03\/Capture.jpg 1064w\" sizes=\"auto, (max-width: 1024px) 100vw, 1024px\" \/><\/figure>\n<\/div>\n\n\n\n<div class=\"wp-block-column is-layout-flow wp-block-column-is-layout-flow\" style=\"--col-width:33.33%;flex-basis:33.33%\">\n<p>Les fondements du programme reposent sur un partenariat \u00e9troit avec l&rsquo;\u00c9ducation nationale, une convention annuelle d\u00e9finissant les th\u00e8mes environnementaux, et une approche multidisciplinaire de la for\u00eat. Le forestier intervient en tant que personne-ressource, partageant son savoir-faire et encourageant l&rsquo;exploration sensorielle plut\u00f4t qu&rsquo;un simple transfert de connaissances.<\/p>\n<\/div>\n<\/div>\n\n\n\n<p>Ti-Foresti\u00e9 offre aux enfants la possibilit\u00e9 de participer activement \u00e0 leur apprentissage, \u00e0 travers des activit\u00e9s telles que la plantation d&rsquo;arbres, la comparaison des milieux naturels de la Guadeloupe, et la d\u00e9couverte de concepts environnementaux. Des supports interactifs et une mallette p\u00e9dagogique personnalis\u00e9e sont \u00e9galement fournis pour prolonger l&rsquo;exp\u00e9rience au-del\u00e0 du programme.<\/p>\n","protected":false},"excerpt":{"rendered":"<p>D\u00e9couvrez Ti-Foresti\u00e9, un outil p\u00e9dagogique sp\u00e9cialement con\u00e7u pour les \u00e9l\u00e8ves du primaire, destin\u00e9 \u00e0 sensibiliser les jeunes \u00e9co-citoyens \u00e0 leur environnement naturel. Ce programme propose une approche ludique et interactive, encourageant les enfants \u00e0 explorer la richesse et la fragilit\u00e9 de la nature qui les entoure. Adapt\u00e9 aux programmes de l&rsquo;\u00c9ducation nationale, Ti-Foresti\u00e9 se d\u00e9roule sur quatre demi-journ\u00e9es tout au long de l&rsquo;ann\u00e9e scolaire, en accord avec les enseignants. Il offre une vari\u00e9t\u00e9 d&rsquo;activit\u00e9s adapt\u00e9es \u00e0 chaque cycle scolaire, et s&rsquo;inscrit dans une d\u00e9marche p\u00e9dagogique visant \u00e0 impliquer activement les \u00e9l\u00e8ves dans la construction de leurs connaissances. Les fondements du programme reposent sur un partenariat \u00e9troit avec l&rsquo;\u00c9ducation nationale, une convention annuelle d\u00e9finissant les th\u00e8mes environnementaux, et une approche multidisciplinaire de la for\u00eat. Le forestier intervient en tant que personne-ressource, partageant son savoir-faire et encourageant l&rsquo;exploration sensorielle plut\u00f4t qu&rsquo;un simple transfert de connaissances. Ti-Foresti\u00e9 offre aux enfants la possibilit\u00e9 de participer activement \u00e0 leur apprentissage, \u00e0 travers des activit\u00e9s telles que la plantation d&rsquo;arbres, la comparaison des milieux naturels de la Guadeloupe, et la d\u00e9couverte de concepts environnementaux. Des supports interactifs et une mallette p\u00e9dagogique personnalis\u00e9e sont \u00e9galement fournis pour prolonger l&rsquo;exp\u00e9rience au-del\u00e0 du programme.<\/p>\n","protected":false},"author":272,"featured_media":438,"parent":0,"menu_order":0,"comment_status":"closed","ping_status":"closed","template":"","meta":{"footnotes":""},"class_list":["post-431","page","type-page","status-publish","has-post-thumbnail","hentry"],"_links":{"self":[{"href":"https:\/\/site.ac-martinique.fr\/sti2d1d\/index.php?rest_route=\/wp\/v2\/pages\/431","targetHints":{"allow":["GET"]}}],"collection":[{"href":"https:\/\/site.ac-martinique.fr\/sti2d1d\/index.php?rest_route=\/wp\/v2\/pages"}],"about":[{"href":"https:\/\/site.ac-martinique.fr\/sti2d1d\/index.php?rest_route=\/wp\/v2\/types\/page"}],"author":[{"embeddable":true,"href":"https:\/\/site.ac-martinique.fr\/sti2d1d\/index.php?rest_route=\/wp\/v2\/users\/272"}],"replies":[{"embeddable":true,"href":"https:\/\/site.ac-martinique.fr\/sti2d1d\/index.php?rest_route=%2Fwp%2Fv2%2Fcomments&post=431"}],"version-history":[{"count":3,"href":"https:\/\/site.ac-martinique.fr\/sti2d1d\/index.php?rest_route=\/wp\/v2\/pages\/431\/revisions"}],"predecessor-version":[{"id":441,"href":"https:\/\/site.ac-martinique.fr\/sti2d1d\/index.php?rest_route=\/wp\/v2\/pages\/431\/revisions\/441"}],"wp:featuredmedia":[{"embeddable":true,"href":"https:\/\/site.ac-martinique.fr\/sti2d1d\/index.php?rest_route=\/wp\/v2\/media\/438"}],"wp:attachment":[{"href":"https:\/\/site.ac-martinique.fr\/sti2d1d\/index.php?rest_route=%2Fwp%2Fv2%2Fmedia&parent=431"}],"curies":[{"name":"wp","href":"https:\/\/api.w.org\/{rel}","templated":true}]}}