{"id":46,"date":"2023-01-17T14:14:20","date_gmt":"2023-01-17T18:14:20","guid":{"rendered":"https:\/\/site.ac-martinique.fr\/sti2d1d\/?page_id=46"},"modified":"2024-03-21T10:20:23","modified_gmt":"2024-03-21T14:20:23","slug":"partenaires","status":"publish","type":"page","link":"https:\/\/site.ac-martinique.fr\/sti2d1d\/?page_id=46","title":{"rendered":"PARTENAIRES"},"content":{"rendered":"\n<p>L&rsquo;espace d\u00e9di\u00e9 aux partenaires sur les projets sciences et technologie offre une plateforme organis\u00e9e o\u00f9 les partenaires sont r\u00e9pertori\u00e9s par projet. Cette structuration permet une meilleure lisibilit\u00e9 et facilite la collaboration. De plus, ce support interactif permet aux utilisateurs de passer la souris sur les logos des partenaires pour afficher instantan\u00e9ment les informations les concernant. Cela favorise l&rsquo;accessibilit\u00e9 aux donn\u00e9es et la communication entre les diff\u00e9rents acteurs impliqu\u00e9s dans les projets scientifiques et technologiques.<\/p>\n\n\n<div style=\"width: 100%;\">\n<div style=\"position: relative; padding-bottom: 200%; padding-top: 0; height: 0;\"><iframe loading=\"lazy\" title=\"MISSION STE2D - Partenaires\" frameborder=\"0\" width=\"800\" height=\"1600\" style=\"position: absolute; top: 0; left: 0; width: 100%; height: 100%;\" src=\"https:\/\/view.genial.ly\/65fc3e91627f9b0014ed2682\" type=\"text\/html\" allowscriptaccess=\"always\" allowfullscreen=\"true\" scrolling=\"yes\" allownetworking=\"all\"><\/iframe> <\/div>\n<\/p><\/div>\n","protected":false},"excerpt":{"rendered":"<p>L&rsquo;espace d\u00e9di\u00e9 aux partenaires sur les projets sciences et technologie offre une plateforme organis\u00e9e o\u00f9 les partenaires sont r\u00e9pertori\u00e9s par projet. Cette structuration permet une meilleure lisibilit\u00e9 et facilite la collaboration. De plus, ce support interactif permet aux utilisateurs de passer la souris sur les logos des partenaires pour afficher instantan\u00e9ment les informations les concernant. Cela favorise l&rsquo;accessibilit\u00e9 aux donn\u00e9es et la communication entre les diff\u00e9rents acteurs impliqu\u00e9s dans les projets scientifiques et technologiques.<\/p>\n","protected":false},"author":272,"featured_media":0,"parent":0,"menu_order":0,"comment_status":"closed","ping_status":"closed","template":"","meta":{"footnotes":""},"class_list":["post-46","page","type-page","status-publish","hentry"],"_links":{"self":[{"href":"https:\/\/site.ac-martinique.fr\/sti2d1d\/index.php?rest_route=\/wp\/v2\/pages\/46","targetHints":{"allow":["GET"]}}],"collection":[{"href":"https:\/\/site.ac-martinique.fr\/sti2d1d\/index.php?rest_route=\/wp\/v2\/pages"}],"about":[{"href":"https:\/\/site.ac-martinique.fr\/sti2d1d\/index.php?rest_route=\/wp\/v2\/types\/page"}],"author":[{"embeddable":true,"href":"https:\/\/site.ac-martinique.fr\/sti2d1d\/index.php?rest_route=\/wp\/v2\/users\/272"}],"replies":[{"embeddable":true,"href":"https:\/\/site.ac-martinique.fr\/sti2d1d\/index.php?rest_route=%2Fwp%2Fv2%2Fcomments&post=46"}],"version-history":[{"count":3,"href":"https:\/\/site.ac-martinique.fr\/sti2d1d\/index.php?rest_route=\/wp\/v2\/pages\/46\/revisions"}],"predecessor-version":[{"id":476,"href":"https:\/\/site.ac-martinique.fr\/sti2d1d\/index.php?rest_route=\/wp\/v2\/pages\/46\/revisions\/476"}],"wp:attachment":[{"href":"https:\/\/site.ac-martinique.fr\/sti2d1d\/index.php?rest_route=%2Fwp%2Fv2%2Fmedia&parent=46"}],"curies":[{"name":"wp","href":"https:\/\/api.w.org\/{rel}","templated":true}]}}