{"id":516,"date":"2024-05-16T08:58:08","date_gmt":"2024-05-16T12:58:08","guid":{"rendered":"https:\/\/site.ac-martinique.fr\/sti2d1d\/?page_id=516"},"modified":"2024-05-31T12:56:12","modified_gmt":"2024-05-31T16:56:12","slug":"labellisation-e3d","status":"publish","type":"page","link":"https:\/\/site.ac-martinique.fr\/sti2d1d\/?page_id=516","title":{"rendered":"LABELLISATION E3D"},"content":{"rendered":"\n<p>La d\u00e9marche E3D (\u00c9cole\/\u00c9tablissement en D\u00e9marche de D\u00e9veloppement Durable) implique qu&rsquo;une \u00e9cole, un coll\u00e8ge ou un lyc\u00e9e s&rsquo;engage de mani\u00e8re globale dans le d\u00e9veloppement durable, apportant des solutions concr\u00e8tes pour atteindre les Objectifs de d\u00e9veloppement durable de l&rsquo;Agenda 2030. Cela se fait \u00e0 travers les enseignements, les projets \u00e9ducatifs, les parcours et dispositifs, ainsi que la gestion de l&rsquo;\u00e9tablissement (\u00e9nergie, eau, d\u00e9chets&#8230;).<\/p>\n\n\n\n<p>Les \u00e9l\u00e8ves sont au centre de cette d\u00e9marche, qui vise \u00e0 leur faire conna\u00eetre et comprendre les enjeux du d\u00e9veloppement durable pour qu&rsquo;ils puissent agir, tant au quotidien \u00e0 l&rsquo;\u00e9cole que tout au long de leur vie. La d\u00e9marche E3D contribue ainsi \u00e0 former des citoyens inform\u00e9s, critiques et engag\u00e9s, capables de proposer des solutions et de devenir acteurs de la transition \u00e9cologique.<\/p>\n\n\n\n<p>La d\u00e9marche peut commencer modestement avec quelques actions r\u00e9alisables et \u00e9voluer progressivement vers une d\u00e9marche qualit\u00e9 durable. Voici un sch\u00e9ma explicatif (les \u00e9l\u00e9ments cliquables apportent des explications compl\u00e9mentaires et des exemples concrets) :<\/p>\n\n\n<div style=\"width: 100%;\">\n<div style=\"position: relative; padding-bottom: 56.25%; padding-top: 0; height: 0;\"><iframe loading=\"lazy\" title=\"Etapes d'une d\u00e9marche E3D\" frameborder=\"0\" width=\"1200px\" height=\"675px\" style=\"position: absolute; top: 0; left: 0; width: 100%; height: 100%;\" src=\"https:\/\/view.genially.com\/63f5cf0fc2367e001a0db3b0\" type=\"text\/html\" allowscriptaccess=\"always\" allowfullscreen=\"true\" scrolling=\"yes\" allownetworking=\"all\"><\/iframe> <\/div>\n<\/p><\/div>\n\n\n\n<p>La proc\u00e9dure de demande de&nbsp;<strong>labellisation E3D<\/strong>&nbsp;est d\u00e9mat\u00e9rialis\u00e9e.<\/p>\n\n\n\n<p>Vous trouverez ici toutes les informations et documents n\u00e9cessaires pour candidater \u00e0 la Labellisation E3D 2023-2024, \u00e0 destination des \u00e9tablissements du premier et du second degr\u00e9.<\/p>\n\n\n\n<p><a href=\"https:\/\/site.ac-martinique.fr\/edd\/wp-content\/uploads\/sites\/12\/2022\/10\/MAJ-29-Sept-22_Courrier-labellisation-ac-Martinique-22-23-1D-et-2D.pdf\">Courrier Labellisation E3D Ac Martinique<\/a><\/p>\n\n\n\n<p><a href=\"https:\/\/site.ac-martinique.fr\/edd\/wp-content\/uploads\/sites\/12\/2021\/12\/CHARTE-DE-LA-LABELLISATION-ACADEMIE-MARTINIQUE-2020-2021-MAJ-271020.pdf\">Charte de Labellisation E3D<\/a><\/p>\n\n\n\n<p>La date limite de d\u00e9p\u00f4t des dossiers de candidatures est fix\u00e9e au&nbsp;<strong>29 f\u00e9vrier 2024.<\/strong><\/p>\n\n\n\n<p><a href=\"https:\/\/ppe.orion.education.fr\/outremer\/itw\/answer\/s\/ZNUkhgALtR\/k\/AUa4CvK\">Cliquez ici pour acc\u00e9der au formulaire de labellisation E3D<\/a><\/p>\n\n\n\n<p class=\"has-large-font-size\">CARTES DES ECOLES LABELLISEES E3D (2023-2026)<\/p>\n\n\n<div style=\"width: 100%;\">\n<div style=\"position: relative; padding-bottom: 56.25%; padding-top: 0; height: 0;\"><iframe loading=\"lazy\" title=\"Cartes des \u00e9coles labellis\u00e9s E3D (2023-2026)\" frameborder=\"0\" width=\"1200\" height=\"675\" style=\"position: absolute; top: 0; left: 0; width: 100%; height: 100%;\" src=\"https:\/\/view.genially.com\/6659fd7a1ae8ac0014ff5201\" type=\"text\/html\" allowscriptaccess=\"always\" allowfullscreen=\"true\" scrolling=\"yes\" allownetworking=\"all\"><\/iframe> <\/div>\n<\/p><\/div>\n","protected":false},"excerpt":{"rendered":"<p>La d\u00e9marche E3D (\u00c9cole\/\u00c9tablissement en D\u00e9marche de D\u00e9veloppement Durable) implique qu&rsquo;une \u00e9cole, un coll\u00e8ge ou un lyc\u00e9e s&rsquo;engage de mani\u00e8re globale dans le d\u00e9veloppement durable, apportant des solutions concr\u00e8tes pour atteindre les Objectifs de d\u00e9veloppement durable de l&rsquo;Agenda 2030. Cela se fait \u00e0 travers les enseignements, les projets \u00e9ducatifs, les parcours et dispositifs, ainsi que la gestion de l&rsquo;\u00e9tablissement (\u00e9nergie, eau, d\u00e9chets&#8230;). Les \u00e9l\u00e8ves sont au centre de cette d\u00e9marche, qui vise \u00e0 leur faire conna\u00eetre et comprendre les enjeux du d\u00e9veloppement durable pour qu&rsquo;ils puissent agir, tant au quotidien \u00e0 l&rsquo;\u00e9cole que tout au long de leur vie. La d\u00e9marche E3D contribue ainsi \u00e0 former des citoyens inform\u00e9s, critiques et engag\u00e9s, capables de proposer des solutions et de devenir acteurs de la transition \u00e9cologique. La d\u00e9marche peut commencer modestement avec quelques actions r\u00e9alisables et \u00e9voluer progressivement vers une d\u00e9marche qualit\u00e9 durable. Voici un sch\u00e9ma explicatif (les \u00e9l\u00e9ments cliquables apportent des explications compl\u00e9mentaires et des exemples concrets) : La proc\u00e9dure de demande de&nbsp;labellisation E3D&nbsp;est d\u00e9mat\u00e9rialis\u00e9e. Vous trouverez ici toutes les informations et documents n\u00e9cessaires pour candidater \u00e0 la Labellisation E3D 2023-2024, \u00e0 destination des \u00e9tablissements du premier et du second degr\u00e9. Courrier Labellisation E3D Ac Martinique Charte de Labellisation E3D La date limite de d\u00e9p\u00f4t des dossiers de candidatures est fix\u00e9e au&nbsp;29 f\u00e9vrier 2024. Cliquez ici pour acc\u00e9der au formulaire de labellisation E3D CARTES DES ECOLES LABELLISEES E3D (2023-2026)<\/p>\n","protected":false},"author":272,"featured_media":520,"parent":0,"menu_order":0,"comment_status":"closed","ping_status":"closed","template":"","meta":{"footnotes":""},"class_list":["post-516","page","type-page","status-publish","has-post-thumbnail","hentry"],"_links":{"self":[{"href":"https:\/\/site.ac-martinique.fr\/sti2d1d\/index.php?rest_route=\/wp\/v2\/pages\/516","targetHints":{"allow":["GET"]}}],"collection":[{"href":"https:\/\/site.ac-martinique.fr\/sti2d1d\/index.php?rest_route=\/wp\/v2\/pages"}],"about":[{"href":"https:\/\/site.ac-martinique.fr\/sti2d1d\/index.php?rest_route=\/wp\/v2\/types\/page"}],"author":[{"embeddable":true,"href":"https:\/\/site.ac-martinique.fr\/sti2d1d\/index.php?rest_route=\/wp\/v2\/users\/272"}],"replies":[{"embeddable":true,"href":"https:\/\/site.ac-martinique.fr\/sti2d1d\/index.php?rest_route=%2Fwp%2Fv2%2Fcomments&post=516"}],"version-history":[{"count":3,"href":"https:\/\/site.ac-martinique.fr\/sti2d1d\/index.php?rest_route=\/wp\/v2\/pages\/516\/revisions"}],"predecessor-version":[{"id":527,"href":"https:\/\/site.ac-martinique.fr\/sti2d1d\/index.php?rest_route=\/wp\/v2\/pages\/516\/revisions\/527"}],"wp:featuredmedia":[{"embeddable":true,"href":"https:\/\/site.ac-martinique.fr\/sti2d1d\/index.php?rest_route=\/wp\/v2\/media\/520"}],"wp:attachment":[{"href":"https:\/\/site.ac-martinique.fr\/sti2d1d\/index.php?rest_route=%2Fwp%2Fv2%2Fmedia&parent=516"}],"curies":[{"name":"wp","href":"https:\/\/api.w.org\/{rel}","templated":true}]}}