{"id":65,"date":"2023-01-30T11:25:32","date_gmt":"2023-01-30T15:25:32","guid":{"rendered":"https:\/\/site.ac-martinique.fr\/sti2d1d\/?page_id=65"},"modified":"2024-03-21T13:14:26","modified_gmt":"2024-03-21T17:14:26","slug":"ressources","status":"publish","type":"page","link":"https:\/\/site.ac-martinique.fr\/sti2d1d\/?page_id=65","title":{"rendered":"RESSOURCES"},"content":{"rendered":"\n<p class=\"has-text-align-left has-medium-font-size\">L&rsquo;espace d\u00e9di\u00e9 aux ressources sur les sciences et les technologies, sur le d\u00e9veloppement durable constitue un v\u00e9ritable regroupement de ressources p\u00e9dagogique pour les enseignants de tous les cycles. Il regorge de ressources vari\u00e9es permettant d&rsquo;enrichir les enseignements en sciences et technologies, et ce, de mani\u00e8re concr\u00e8te. Gr\u00e2ce \u00e0 cet espace, les enseignants ont la possibilit\u00e9 d&rsquo;acc\u00e9der \u00e0 des \u00e9l\u00e9ments concrets et adapt\u00e9s \u00e0 chaque niveau scolaire, favorisant ainsi l&rsquo;int\u00e9gration des sciences et de la technologie dans leurs cours. Cette initiative vise \u00e0 stimuler l&rsquo;int\u00e9r\u00eat des \u00e9l\u00e8ves pour les sciences et \u00e0 les encourager \u00e0 s&rsquo;engager dans cette discipline passionnante.<\/p>\n\n\n\n<h2 class=\"wp-block-heading\">DERNI\u00c8RES PUBLICATIONS<\/h2>\n\n\n<ul class=\"wp-block-latest-posts__list is-grid columns-3 is-style-tw-posts-card wp-block-latest-posts\"><li><div class=\"wp-block-latest-posts__featured-image\"><img loading=\"lazy\" decoding=\"async\" width=\"298\" height=\"324\" src=\"https:\/\/site.ac-martinique.fr\/sti2d1d\/wp-content\/uploads\/sites\/123\/2024\/03\/Capture-3.jpg\" class=\"attachment-large size-large wp-post-image\" alt=\"\" style=\"\" srcset=\"https:\/\/site.ac-martinique.fr\/sti2d1d\/wp-content\/uploads\/sites\/123\/2024\/03\/Capture-3.jpg 298w, https:\/\/site.ac-martinique.fr\/sti2d1d\/wp-content\/uploads\/sites\/123\/2024\/03\/Capture-3-276x300.jpg 276w\" sizes=\"auto, (max-width: 298px) 100vw, 298px\" \/><\/div><a class=\"wp-block-latest-posts__post-title\" href=\"https:\/\/site.ac-martinique.fr\/sti2d1d\/?p=495\">R\u00c9DUIRE MES D\u00c9CHETS, NOURRIR LA TERRE<\/a><\/li>\n<li><div class=\"wp-block-latest-posts__featured-image\"><img loading=\"lazy\" decoding=\"async\" width=\"621\" height=\"714\" src=\"https:\/\/site.ac-martinique.fr\/sti2d1d\/wp-content\/uploads\/sites\/123\/2024\/03\/Captur-1.jpg\" class=\"attachment-large size-large wp-post-image\" alt=\"\" style=\"\" srcset=\"https:\/\/site.ac-martinique.fr\/sti2d1d\/wp-content\/uploads\/sites\/123\/2024\/03\/Captur-1.jpg 621w, https:\/\/site.ac-martinique.fr\/sti2d1d\/wp-content\/uploads\/sites\/123\/2024\/03\/Captur-1-261x300.jpg 261w\" sizes=\"auto, (max-width: 621px) 100vw, 621px\" \/><\/div><a class=\"wp-block-latest-posts__post-title\" href=\"https:\/\/site.ac-martinique.fr\/sti2d1d\/?p=491\">VADEMECUM EDD<\/a><\/li>\n<li><div class=\"wp-block-latest-posts__featured-image\"><img loading=\"lazy\" decoding=\"async\" width=\"385\" height=\"229\" src=\"https:\/\/site.ac-martinique.fr\/sti2d1d\/wp-content\/uploads\/sites\/123\/2024\/03\/Capture-2.jpg\" class=\"attachment-large size-large wp-post-image\" alt=\"\" style=\"\" srcset=\"https:\/\/site.ac-martinique.fr\/sti2d1d\/wp-content\/uploads\/sites\/123\/2024\/03\/Capture-2.jpg 385w, https:\/\/site.ac-martinique.fr\/sti2d1d\/wp-content\/uploads\/sites\/123\/2024\/03\/Capture-2-300x178.jpg 300w\" sizes=\"auto, (max-width: 385px) 100vw, 385px\" \/><\/div><a class=\"wp-block-latest-posts__post-title\" href=\"https:\/\/site.ac-martinique.fr\/sti2d1d\/?p=487\">Annexe \u2013 Programme de sciences et technologie du cycle 3<\/a><\/li>\n<\/ul>\n\n\n<h2 class=\"wp-block-heading\">RESSOURCES INSTITUTIONNELLES<\/h2>\n\n\n<ul class=\"wp-block-latest-posts__list is-grid columns-3 is-style-tw-posts-card wp-block-latest-posts\"><li><div class=\"wp-block-latest-posts__featured-image\"><img loading=\"lazy\" decoding=\"async\" width=\"621\" height=\"714\" src=\"https:\/\/site.ac-martinique.fr\/sti2d1d\/wp-content\/uploads\/sites\/123\/2024\/03\/Captur-1.jpg\" class=\"attachment-large size-large wp-post-image\" alt=\"\" style=\"\" srcset=\"https:\/\/site.ac-martinique.fr\/sti2d1d\/wp-content\/uploads\/sites\/123\/2024\/03\/Captur-1.jpg 621w, https:\/\/site.ac-martinique.fr\/sti2d1d\/wp-content\/uploads\/sites\/123\/2024\/03\/Captur-1-261x300.jpg 261w\" sizes=\"auto, (max-width: 621px) 100vw, 621px\" \/><\/div><a class=\"wp-block-latest-posts__post-title\" href=\"https:\/\/site.ac-martinique.fr\/sti2d1d\/?p=491\">VADEMECUM EDD<\/a><\/li>\n<li><div class=\"wp-block-latest-posts__featured-image\"><img loading=\"lazy\" decoding=\"async\" width=\"385\" height=\"229\" src=\"https:\/\/site.ac-martinique.fr\/sti2d1d\/wp-content\/uploads\/sites\/123\/2024\/03\/Capture-2.jpg\" class=\"attachment-large size-large wp-post-image\" alt=\"\" style=\"\" srcset=\"https:\/\/site.ac-martinique.fr\/sti2d1d\/wp-content\/uploads\/sites\/123\/2024\/03\/Capture-2.jpg 385w, https:\/\/site.ac-martinique.fr\/sti2d1d\/wp-content\/uploads\/sites\/123\/2024\/03\/Capture-2-300x178.jpg 300w\" sizes=\"auto, (max-width: 385px) 100vw, 385px\" \/><\/div><a class=\"wp-block-latest-posts__post-title\" href=\"https:\/\/site.ac-martinique.fr\/sti2d1d\/?p=487\">Annexe \u2013 Programme de sciences et technologie du cycle 3<\/a><\/li>\n<li><div class=\"wp-block-latest-posts__featured-image\"><img loading=\"lazy\" decoding=\"async\" width=\"489\" height=\"522\" src=\"https:\/\/site.ac-martinique.fr\/sti2d1d\/wp-content\/uploads\/sites\/123\/2024\/03\/Capture-1.jpg\" class=\"attachment-large size-large wp-post-image\" alt=\"\" style=\"\" srcset=\"https:\/\/site.ac-martinique.fr\/sti2d1d\/wp-content\/uploads\/sites\/123\/2024\/03\/Capture-1.jpg 489w, https:\/\/site.ac-martinique.fr\/sti2d1d\/wp-content\/uploads\/sites\/123\/2024\/03\/Capture-1-281x300.jpg 281w\" sizes=\"auto, (max-width: 489px) 100vw, 489px\" \/><\/div><a class=\"wp-block-latest-posts__post-title\" href=\"https:\/\/site.ac-martinique.fr\/sti2d1d\/?p=479\">Sciences et la technologie du cycle 1 au cycle 3<\/a><\/li>\n<\/ul>\n\n\n<div class=\"wp-block-columns is-layout-flex wp-container-core-columns-is-layout-d0b3c9c8 wp-block-columns-is-layout-flex\">\n<div class=\"wp-block-column is-layout-flow wp-block-column-is-layout-flow\">\n<h2 class=\"wp-block-heading\">RESSOURCES CYCLE 1<\/h2>\n\n\n<ul class=\"wp-block-latest-posts__list is-grid columns-3 is-style-tw-posts-card wp-block-latest-posts\"><li><div class=\"wp-block-latest-posts__featured-image\"><img loading=\"lazy\" decoding=\"async\" width=\"298\" height=\"324\" src=\"https:\/\/site.ac-martinique.fr\/sti2d1d\/wp-content\/uploads\/sites\/123\/2024\/03\/Capture-3.jpg\" class=\"attachment-large size-large wp-post-image\" alt=\"\" style=\"\" srcset=\"https:\/\/site.ac-martinique.fr\/sti2d1d\/wp-content\/uploads\/sites\/123\/2024\/03\/Capture-3.jpg 298w, https:\/\/site.ac-martinique.fr\/sti2d1d\/wp-content\/uploads\/sites\/123\/2024\/03\/Capture-3-276x300.jpg 276w\" sizes=\"auto, (max-width: 298px) 100vw, 298px\" \/><\/div><a class=\"wp-block-latest-posts__post-title\" href=\"https:\/\/site.ac-martinique.fr\/sti2d1d\/?p=495\">R\u00c9DUIRE MES D\u00c9CHETS, NOURRIR LA TERRE<\/a><\/li>\n<li><div class=\"wp-block-latest-posts__featured-image\"><img loading=\"lazy\" decoding=\"async\" width=\"489\" height=\"522\" src=\"https:\/\/site.ac-martinique.fr\/sti2d1d\/wp-content\/uploads\/sites\/123\/2024\/03\/Capture-1.jpg\" class=\"attachment-large size-large wp-post-image\" alt=\"\" style=\"\" srcset=\"https:\/\/site.ac-martinique.fr\/sti2d1d\/wp-content\/uploads\/sites\/123\/2024\/03\/Capture-1.jpg 489w, https:\/\/site.ac-martinique.fr\/sti2d1d\/wp-content\/uploads\/sites\/123\/2024\/03\/Capture-1-281x300.jpg 281w\" sizes=\"auto, (max-width: 489px) 100vw, 489px\" \/><\/div><a class=\"wp-block-latest-posts__post-title\" href=\"https:\/\/site.ac-martinique.fr\/sti2d1d\/?p=479\">Sciences et la technologie du cycle 1 au cycle 3<\/a><\/li>\n<\/ul><\/div>\n\n\n\n<div class=\"wp-block-column is-layout-flow wp-block-column-is-layout-flow\">\n<h2 class=\"wp-block-heading\">RESSOURCES CYCLE 2 ET 3<\/h2>\n\n\n<ul class=\"wp-block-latest-posts__list is-grid columns-3 is-style-tw-posts-card wp-block-latest-posts\"><li><div class=\"wp-block-latest-posts__featured-image aligncenter\"><img loading=\"lazy\" decoding=\"async\" width=\"276\" height=\"300\" src=\"https:\/\/site.ac-martinique.fr\/sti2d1d\/wp-content\/uploads\/sites\/123\/2024\/03\/Capture-3-276x300.jpg\" class=\"attachment-medium size-medium wp-post-image\" alt=\"\" style=\"max-width:300px;max-height:300px;\" srcset=\"https:\/\/site.ac-martinique.fr\/sti2d1d\/wp-content\/uploads\/sites\/123\/2024\/03\/Capture-3-276x300.jpg 276w, https:\/\/site.ac-martinique.fr\/sti2d1d\/wp-content\/uploads\/sites\/123\/2024\/03\/Capture-3.jpg 298w\" sizes=\"auto, (max-width: 276px) 100vw, 276px\" \/><\/div><a class=\"wp-block-latest-posts__post-title\" href=\"https:\/\/site.ac-martinique.fr\/sti2d1d\/?p=495\">R\u00c9DUIRE MES D\u00c9CHETS, NOURRIR LA TERRE<\/a><\/li>\n<li><div class=\"wp-block-latest-posts__featured-image aligncenter\"><img loading=\"lazy\" decoding=\"async\" width=\"300\" height=\"178\" src=\"https:\/\/site.ac-martinique.fr\/sti2d1d\/wp-content\/uploads\/sites\/123\/2024\/03\/Capture-2-300x178.jpg\" class=\"attachment-medium size-medium wp-post-image\" alt=\"\" style=\"max-width:300px;max-height:300px;\" srcset=\"https:\/\/site.ac-martinique.fr\/sti2d1d\/wp-content\/uploads\/sites\/123\/2024\/03\/Capture-2-300x178.jpg 300w, https:\/\/site.ac-martinique.fr\/sti2d1d\/wp-content\/uploads\/sites\/123\/2024\/03\/Capture-2.jpg 385w\" sizes=\"auto, (max-width: 300px) 100vw, 300px\" \/><\/div><a class=\"wp-block-latest-posts__post-title\" href=\"https:\/\/site.ac-martinique.fr\/sti2d1d\/?p=487\">Annexe \u2013 Programme de sciences et technologie du cycle 3<\/a><\/li>\n<li><div class=\"wp-block-latest-posts__featured-image aligncenter\"><img loading=\"lazy\" decoding=\"async\" width=\"281\" height=\"300\" src=\"https:\/\/site.ac-martinique.fr\/sti2d1d\/wp-content\/uploads\/sites\/123\/2024\/03\/Capture-1-281x300.jpg\" class=\"attachment-medium size-medium wp-post-image\" alt=\"\" style=\"max-width:300px;max-height:300px;\" srcset=\"https:\/\/site.ac-martinique.fr\/sti2d1d\/wp-content\/uploads\/sites\/123\/2024\/03\/Capture-1-281x300.jpg 281w, https:\/\/site.ac-martinique.fr\/sti2d1d\/wp-content\/uploads\/sites\/123\/2024\/03\/Capture-1.jpg 489w\" sizes=\"auto, (max-width: 281px) 100vw, 281px\" \/><\/div><a class=\"wp-block-latest-posts__post-title\" href=\"https:\/\/site.ac-martinique.fr\/sti2d1d\/?p=479\">Sciences et la technologie du cycle 1 au cycle 3<\/a><\/li>\n<\/ul><\/div>\n<\/div>\n","protected":false},"excerpt":{"rendered":"<p>L&rsquo;espace d\u00e9di\u00e9 aux ressources sur les sciences et les technologies, sur le d\u00e9veloppement durable constitue un v\u00e9ritable regroupement de ressources p\u00e9dagogique pour les enseignants de tous les cycles. Il regorge de ressources vari\u00e9es permettant d&rsquo;enrichir les enseignements en sciences et technologies, et ce, de mani\u00e8re concr\u00e8te. Gr\u00e2ce \u00e0 cet espace, les enseignants ont la possibilit\u00e9 d&rsquo;acc\u00e9der \u00e0 des \u00e9l\u00e9ments concrets et adapt\u00e9s \u00e0 chaque niveau scolaire, favorisant ainsi l&rsquo;int\u00e9gration des sciences et de la technologie dans leurs cours. Cette initiative vise \u00e0 stimuler l&rsquo;int\u00e9r\u00eat des \u00e9l\u00e8ves pour les sciences et \u00e0 les encourager \u00e0 s&rsquo;engager dans cette discipline passionnante. DERNI\u00c8RES PUBLICATIONS RESSOURCES INSTITUTIONNELLES RESSOURCES CYCLE 1 RESSOURCES CYCLE 2 ET 3<\/p>\n","protected":false},"author":272,"featured_media":0,"parent":0,"menu_order":0,"comment_status":"closed","ping_status":"closed","template":"","meta":{"footnotes":""},"class_list":["post-65","page","type-page","status-publish","hentry"],"_links":{"self":[{"href":"https:\/\/site.ac-martinique.fr\/sti2d1d\/index.php?rest_route=\/wp\/v2\/pages\/65","targetHints":{"allow":["GET"]}}],"collection":[{"href":"https:\/\/site.ac-martinique.fr\/sti2d1d\/index.php?rest_route=\/wp\/v2\/pages"}],"about":[{"href":"https:\/\/site.ac-martinique.fr\/sti2d1d\/index.php?rest_route=\/wp\/v2\/types\/page"}],"author":[{"embeddable":true,"href":"https:\/\/site.ac-martinique.fr\/sti2d1d\/index.php?rest_route=\/wp\/v2\/users\/272"}],"replies":[{"embeddable":true,"href":"https:\/\/site.ac-martinique.fr\/sti2d1d\/index.php?rest_route=%2Fwp%2Fv2%2Fcomments&post=65"}],"version-history":[{"count":5,"href":"https:\/\/site.ac-martinique.fr\/sti2d1d\/index.php?rest_route=\/wp\/v2\/pages\/65\/revisions"}],"predecessor-version":[{"id":486,"href":"https:\/\/site.ac-martinique.fr\/sti2d1d\/index.php?rest_route=\/wp\/v2\/pages\/65\/revisions\/486"}],"wp:attachment":[{"href":"https:\/\/site.ac-martinique.fr\/sti2d1d\/index.php?rest_route=%2Fwp%2Fv2%2Fmedia&parent=65"}],"curies":[{"name":"wp","href":"https:\/\/api.w.org\/{rel}","templated":true}]}}