{"id":4258,"date":"2021-08-23T01:05:38","date_gmt":"2021-08-23T00:05:38","guid":{"rendered":"https:\/\/site.ac-martinique.fr\/svt\/?page_id=4258"},"modified":"2024-10-11T21:48:53","modified_gmt":"2024-10-11T20:48:53","slug":"page-de-li-a-ipr","status":"publish","type":"page","link":"https:\/\/site.ac-martinique.fr\/svt\/?page_id=4258","title":{"rendered":"Page de l&rsquo;I.A-IPR"},"content":{"rendered":"\n<ul class=\"wp-block-list\">\n<li><strong><span class=\"has-inline-color has-dark-gray-color\"><a href=\"https:\/\/site.ac-martinique.fr\/svt\/?page_id=4267\" data-type=\"URL\" data-id=\"https:\/\/site.ac-martinique.fr\/svt\/?page_id=4267\">Pr\u00e9sentations de rentr\u00e9e<\/a><\/span><\/strong><\/li>\n<\/ul>\n\n\n\n<ul class=\"wp-block-list\">\n<li><strong><span class=\"has-inline-color has-dark-gray-color\"><a href=\"https:\/\/site.ac-martinique.fr\/svt\/?page_id=4277\" data-type=\"URL\" data-id=\"https:\/\/site.ac-martinique.fr\/svt\/?page_id=4277\">Rendez-vous de carri\u00e8re<\/a><\/span><\/strong><\/li>\n<\/ul>\n\n\n\n<ul class=\"wp-block-list\">\n<li><strong><span class=\"has-inline-color has-dark-gray-color\"><a href=\"https:\/\/site.ac-martinique.fr\/svt\/wp-content\/uploads\/sites\/97\/2021\/08\/NOUVEAU_REFERENTIEL_DE_COMPETENCES_DES_ENSEIGNANTS_1186980.pdf\" data-type=\"URL\" data-id=\"https:\/\/site.ac-martinique.fr\/svt\/wp-content\/uploads\/sites\/97\/2021\/08\/NOUVEAU_REFERENTIEL_DE_COMPETENCES_DES_ENSEIGNANTS_1186980.pdf\" target=\"_blank\" rel=\"noreferrer noopener\">R\u00e9f\u00e9rentiel des comp\u00e9tences professionnelles des m\u00e9tiers du professorat et de l&rsquo;\u00e9ducation<\/a><\/span><\/strong><\/li>\n<\/ul>\n\n\n\n<p><\/p>\n","protected":false},"excerpt":{"rendered":"","protected":false},"author":253,"featured_media":0,"parent":0,"menu_order":0,"comment_status":"closed","ping_status":"closed","template":"","meta":{"footnotes":""},"class_list":["post-4258","page","type-page","status-publish","hentry","nodate","item-wrap"],"_links":{"self":[{"href":"https:\/\/site.ac-martinique.fr\/svt\/index.php?rest_route=\/wp\/v2\/pages\/4258","targetHints":{"allow":["GET"]}}],"collection":[{"href":"https:\/\/site.ac-martinique.fr\/svt\/index.php?rest_route=\/wp\/v2\/pages"}],"about":[{"href":"https:\/\/site.ac-martinique.fr\/svt\/index.php?rest_route=\/wp\/v2\/types\/page"}],"author":[{"embeddable":true,"href":"https:\/\/site.ac-martinique.fr\/svt\/index.php?rest_route=\/wp\/v2\/users\/253"}],"replies":[{"embeddable":true,"href":"https:\/\/site.ac-martinique.fr\/svt\/index.php?rest_route=%2Fwp%2Fv2%2Fcomments&post=4258"}],"version-history":[{"count":6,"href":"https:\/\/site.ac-martinique.fr\/svt\/index.php?rest_route=\/wp\/v2\/pages\/4258\/revisions"}],"predecessor-version":[{"id":5557,"href":"https:\/\/site.ac-martinique.fr\/svt\/index.php?rest_route=\/wp\/v2\/pages\/4258\/revisions\/5557"}],"wp:attachment":[{"href":"https:\/\/site.ac-martinique.fr\/svt\/index.php?rest_route=%2Fwp%2Fv2%2Fmedia&parent=4258"}],"curies":[{"name":"wp","href":"https:\/\/api.w.org\/{rel}","templated":true}]}}