{"id":4322,"date":"2021-08-23T21:43:54","date_gmt":"2021-08-23T20:43:54","guid":{"rendered":"https:\/\/site.ac-martinique.fr\/svt\/?page_id=4322"},"modified":"2022-01-20T21:14:40","modified_gmt":"2022-01-20T20:14:40","slug":"actions-educatives-chlordecone","status":"publish","type":"page","link":"https:\/\/site.ac-martinique.fr\/svt\/?page_id=4322","title":{"rendered":"Actions Educatives Chlord\u00e9cone"},"content":{"rendered":"\n<figure class=\"wp-block-gallery columns-3 is-cropped wp-block-gallery-1 is-layout-flex wp-block-gallery-is-layout-flex\"><ul class=\"blocks-gallery-grid\"><li class=\"blocks-gallery-item\"><figure><a href=\"https:\/\/site.ac-martinique.fr\/svt\/wp-content\/uploads\/sites\/97\/2021\/08\/IMG_6640_1327201-scaled.jpg\"><img loading=\"lazy\" decoding=\"async\" width=\"768\" height=\"1024\" src=\"https:\/\/site.ac-martinique.fr\/svt\/wp-content\/uploads\/sites\/97\/2021\/08\/IMG_6640_1327201-768x1024.jpg\" alt=\"\" data-id=\"4325\" data-full-url=\"https:\/\/site.ac-martinique.fr\/svt\/wp-content\/uploads\/sites\/97\/2021\/08\/IMG_6640_1327201-scaled.jpg\" data-link=\"https:\/\/site.ac-martinique.fr\/svt\/?attachment_id=4325\" class=\"wp-image-4325\" srcset=\"https:\/\/site.ac-martinique.fr\/svt\/wp-content\/uploads\/sites\/97\/2021\/08\/IMG_6640_1327201-768x1024.jpg 768w, https:\/\/site.ac-martinique.fr\/svt\/wp-content\/uploads\/sites\/97\/2021\/08\/IMG_6640_1327201-225x300.jpg 225w, https:\/\/site.ac-martinique.fr\/svt\/wp-content\/uploads\/sites\/97\/2021\/08\/IMG_6640_1327201-1152x1536.jpg 1152w, https:\/\/site.ac-martinique.fr\/svt\/wp-content\/uploads\/sites\/97\/2021\/08\/IMG_6640_1327201-1536x2048.jpg 1536w, https:\/\/site.ac-martinique.fr\/svt\/wp-content\/uploads\/sites\/97\/2021\/08\/IMG_6640_1327201-scaled.jpg 1920w\" sizes=\"auto, (max-width: 768px) 100vw, 768px\" \/><\/a><\/figure><\/li><li class=\"blocks-gallery-item\"><figure><a href=\"https:\/\/site.ac-martinique.fr\/svt\/wp-content\/uploads\/sites\/97\/2021\/08\/IMG_6643_1327206-scaled.jpg\"><img loading=\"lazy\" decoding=\"async\" width=\"768\" height=\"1024\" src=\"https:\/\/site.ac-martinique.fr\/svt\/wp-content\/uploads\/sites\/97\/2021\/08\/IMG_6643_1327206-768x1024.jpg\" alt=\"\" data-id=\"4326\" data-full-url=\"https:\/\/site.ac-martinique.fr\/svt\/wp-content\/uploads\/sites\/97\/2021\/08\/IMG_6643_1327206-scaled.jpg\" data-link=\"https:\/\/site.ac-martinique.fr\/svt\/?attachment_id=4326\" class=\"wp-image-4326\" srcset=\"https:\/\/site.ac-martinique.fr\/svt\/wp-content\/uploads\/sites\/97\/2021\/08\/IMG_6643_1327206-768x1024.jpg 768w, https:\/\/site.ac-martinique.fr\/svt\/wp-content\/uploads\/sites\/97\/2021\/08\/IMG_6643_1327206-225x300.jpg 225w, https:\/\/site.ac-martinique.fr\/svt\/wp-content\/uploads\/sites\/97\/2021\/08\/IMG_6643_1327206-1152x1536.jpg 1152w, https:\/\/site.ac-martinique.fr\/svt\/wp-content\/uploads\/sites\/97\/2021\/08\/IMG_6643_1327206-1536x2048.jpg 1536w, https:\/\/site.ac-martinique.fr\/svt\/wp-content\/uploads\/sites\/97\/2021\/08\/IMG_6643_1327206-scaled.jpg 1920w\" sizes=\"auto, (max-width: 768px) 100vw, 768px\" \/><\/a><\/figure><\/li><li class=\"blocks-gallery-item\"><figure><a href=\"https:\/\/site.ac-martinique.fr\/svt\/wp-content\/uploads\/sites\/97\/2021\/08\/IMG_6744_1327209-scaled.jpg\"><img loading=\"lazy\" decoding=\"async\" width=\"768\" height=\"1024\" src=\"https:\/\/site.ac-martinique.fr\/svt\/wp-content\/uploads\/sites\/97\/2021\/08\/IMG_6744_1327209-768x1024.jpg\" alt=\"\" data-id=\"4328\" data-full-url=\"https:\/\/site.ac-martinique.fr\/svt\/wp-content\/uploads\/sites\/97\/2021\/08\/IMG_6744_1327209-scaled.jpg\" data-link=\"https:\/\/site.ac-martinique.fr\/svt\/?attachment_id=4328\" class=\"wp-image-4328\" srcset=\"https:\/\/site.ac-martinique.fr\/svt\/wp-content\/uploads\/sites\/97\/2021\/08\/IMG_6744_1327209-768x1024.jpg 768w, https:\/\/site.ac-martinique.fr\/svt\/wp-content\/uploads\/sites\/97\/2021\/08\/IMG_6744_1327209-225x300.jpg 225w, https:\/\/site.ac-martinique.fr\/svt\/wp-content\/uploads\/sites\/97\/2021\/08\/IMG_6744_1327209-1152x1536.jpg 1152w, https:\/\/site.ac-martinique.fr\/svt\/wp-content\/uploads\/sites\/97\/2021\/08\/IMG_6744_1327209-1536x2048.jpg 1536w, https:\/\/site.ac-martinique.fr\/svt\/wp-content\/uploads\/sites\/97\/2021\/08\/IMG_6744_1327209-scaled.jpg 1920w\" sizes=\"auto, (max-width: 768px) 100vw, 768px\" \/><\/a><\/figure><\/li><\/ul><\/figure>\n\n\n\n<h4 class=\"has-vivid-red-color has-text-color wp-block-heading\"><strong>Programme Jardin Familiaux &#8211; JAFA<\/strong><\/h4>\n\n\n\n<p>Programme de sant\u00e9 d\u00e9di\u00e9 au contr\u00f4le et \u00e0 la pr\u00e9vention pour limiter la contamination par la chlord\u00e9cone. Mis en \u0153uvre en Martinique et en Guadeloupe. <sub>Source : Ireps et ARS de Martinique<\/sub><\/p>\n\n\n\n<div class=\"wp-block-file\"><a href=\"https:\/\/site.ac-martinique.fr\/svt\/wp-content\/uploads\/sites\/97\/2021\/08\/Programme_Jardins_familiaux_1186988.pdf\">Programme Jardins familiaux_pdf<\/a><a href=\"https:\/\/site.ac-martinique.fr\/svt\/wp-content\/uploads\/sites\/97\/2021\/08\/Programme_Jardins_familiaux_1186988.pdf\" class=\"wp-block-file__button\" download>T\u00e9l\u00e9charger<\/a><\/div>\n\n\n\n<h4 class=\"has-vivid-red-color has-text-color wp-block-heading\"><strong>Entr\u00e9es possibles dans les programmes du secondaire<\/strong><\/h4>\n\n\n\n<div class=\"wp-block-file\"><a href=\"https:\/\/site.ac-martinique.fr\/svt\/wp-content\/uploads\/sites\/97\/2021\/08\/SVT_HG_PCCOLLEGE_LYCEEentree_possible_1226581.pdf\">SVT_HG_PCCOLLEGE_LYCEE_entrees_possibles_pdf<\/a><a href=\"https:\/\/site.ac-martinique.fr\/svt\/wp-content\/uploads\/sites\/97\/2021\/08\/SVT_HG_PCCOLLEGE_LYCEEentree_possible_1226581.pdf\" class=\"wp-block-file__button\" download>T\u00e9l\u00e9charger<\/a><\/div>\n\n\n\n<h4 class=\"has-vivid-red-color has-text-color wp-block-heading\"><strong>Ressources et activit\u00e9s identifi\u00e9s et propos\u00e9s par le GRFI Chlord\u00e9cone<\/strong><\/h4>\n\n\n\n<figure class=\"wp-block-image size-large is-resized is-style-tw-rounded-corners\"><a href=\"https:\/\/www.pearltrees.com\/t\/actions-educatives-chlordecone\/id38312848\" target=\"_blank\" rel=\"noopener\"><img loading=\"lazy\" decoding=\"async\" src=\"https:\/\/site.ac-martinique.fr\/svt\/wp-content\/uploads\/sites\/97\/2022\/01\/Capture-de\u0301cran-2022-01-20-a\u0300-16.10.25-1024x924.png\" alt=\"\" class=\"wp-image-5133\" width=\"553\" height=\"499\" srcset=\"https:\/\/site.ac-martinique.fr\/svt\/wp-content\/uploads\/sites\/97\/2022\/01\/Capture-de\u0301cran-2022-01-20-a\u0300-16.10.25-1024x924.png 1024w, https:\/\/site.ac-martinique.fr\/svt\/wp-content\/uploads\/sites\/97\/2022\/01\/Capture-de\u0301cran-2022-01-20-a\u0300-16.10.25-300x271.png 300w, https:\/\/site.ac-martinique.fr\/svt\/wp-content\/uploads\/sites\/97\/2022\/01\/Capture-de\u0301cran-2022-01-20-a\u0300-16.10.25-768x693.png 768w, https:\/\/site.ac-martinique.fr\/svt\/wp-content\/uploads\/sites\/97\/2022\/01\/Capture-de\u0301cran-2022-01-20-a\u0300-16.10.25.png 1090w\" sizes=\"auto, (max-width: 553px) 100vw, 553px\" \/><\/a><\/figure>\n\n\n\n<p><\/p>\n","protected":false},"excerpt":{"rendered":"<p>Programme Jardin Familiaux &#8211; JAFA Programme de sant\u00e9 d\u00e9di\u00e9 au contr\u00f4le et \u00e0 la pr\u00e9vention pour limiter la contamination par la chlord\u00e9cone. Mis en \u0153uvre en Martinique et en Guadeloupe. Source : Ireps et ARS de Martinique Entr\u00e9es possibles dans les programmes du secondaire Ressources et activit\u00e9s identifi\u00e9s et propos\u00e9s par le GRFI Chlord\u00e9cone<\/p>\n","protected":false},"author":253,"featured_media":0,"parent":0,"menu_order":0,"comment_status":"closed","ping_status":"closed","template":"","meta":{"footnotes":""},"class_list":["post-4322","page","type-page","status-publish","hentry","nodate","item-wrap"],"_links":{"self":[{"href":"https:\/\/site.ac-martinique.fr\/svt\/index.php?rest_route=\/wp\/v2\/pages\/4322","targetHints":{"allow":["GET"]}}],"collection":[{"href":"https:\/\/site.ac-martinique.fr\/svt\/index.php?rest_route=\/wp\/v2\/pages"}],"about":[{"href":"https:\/\/site.ac-martinique.fr\/svt\/index.php?rest_route=\/wp\/v2\/types\/page"}],"author":[{"embeddable":true,"href":"https:\/\/site.ac-martinique.fr\/svt\/index.php?rest_route=\/wp\/v2\/users\/253"}],"replies":[{"embeddable":true,"href":"https:\/\/site.ac-martinique.fr\/svt\/index.php?rest_route=%2Fwp%2Fv2%2Fcomments&post=4322"}],"version-history":[{"count":15,"href":"https:\/\/site.ac-martinique.fr\/svt\/index.php?rest_route=\/wp\/v2\/pages\/4322\/revisions"}],"predecessor-version":[{"id":5158,"href":"https:\/\/site.ac-martinique.fr\/svt\/index.php?rest_route=\/wp\/v2\/pages\/4322\/revisions\/5158"}],"wp:attachment":[{"href":"https:\/\/site.ac-martinique.fr\/svt\/index.php?rest_route=%2Fwp%2Fv2%2Fmedia&parent=4322"}],"curies":[{"name":"wp","href":"https:\/\/api.w.org\/{rel}","templated":true}]}}