{"id":4443,"date":"2021-08-24T02:15:25","date_gmt":"2021-08-24T01:15:25","guid":{"rendered":"https:\/\/site.ac-martinique.fr\/svt\/?page_id=4443"},"modified":"2023-12-11T20:36:02","modified_gmt":"2023-12-11T19:36:02","slug":"ressources-academiques-cycle-4","status":"publish","type":"page","link":"https:\/\/site.ac-martinique.fr\/svt\/?page_id=4443","title":{"rendered":"Ressources Acad\u00e9miques &#8211; Cycle 4"},"content":{"rendered":"\n<h5 class=\"wp-block-heading has-vivid-red-color has-text-color\">Taches complexes<\/h5>\n\n\n\n<div class=\"wp-block-file\"><a id=\"wp-block-file--media-af04218e-f9a1-4f43-ab90-8d15e6d112ab\" href=\"https:\/\/site.ac-martinique.fr\/svt\/wp-content\/uploads\/sites\/97\/2021\/08\/Prendre-soin-de-son-appareil-respiratoire.pdf\">Prendre soin de son appareil respiratoire<\/a><a href=\"https:\/\/site.ac-martinique.fr\/svt\/wp-content\/uploads\/sites\/97\/2021\/08\/Prendre-soin-de-son-appareil-respiratoire.pdf\" class=\"wp-block-file__button wp-element-button\" download aria-describedby=\"wp-block-file--media-af04218e-f9a1-4f43-ab90-8d15e6d112ab\">T\u00e9l\u00e9charger<\/a><\/div>\n\n\n\n<div class=\"wp-block-file\"><a id=\"wp-block-file--media-b6e697b6-d6a4-4863-910e-06ba33a88d1f\" href=\"https:\/\/site.ac-martinique.fr\/svt\/wp-content\/uploads\/sites\/97\/2021\/08\/Plus-de-Zhabitants-dans-la-riviere.pdf\">Plus de Zhabitants dans la rivi\u00e8re<\/a><a href=\"https:\/\/site.ac-martinique.fr\/svt\/wp-content\/uploads\/sites\/97\/2021\/08\/Plus-de-Zhabitants-dans-la-riviere.pdf\" class=\"wp-block-file__button wp-element-button\" download aria-describedby=\"wp-block-file--media-b6e697b6-d6a4-4863-910e-06ba33a88d1f\">T\u00e9l\u00e9charger<\/a><\/div>\n\n\n\n<div class=\"wp-block-file\"><a id=\"wp-block-file--media-a6138bdd-4f8c-49a8-b4d9-60dc9f1ccfec\" href=\"https:\/\/site.ac-martinique.fr\/svt\/wp-content\/uploads\/sites\/97\/2021\/08\/Respiration-et-occupation-des-mileux.pdf\">Respiration et occupation des mileux<\/a><a href=\"https:\/\/site.ac-martinique.fr\/svt\/wp-content\/uploads\/sites\/97\/2021\/08\/Respiration-et-occupation-des-mileux.pdf\" class=\"wp-block-file__button wp-element-button\" download aria-describedby=\"wp-block-file--media-a6138bdd-4f8c-49a8-b4d9-60dc9f1ccfec\">T\u00e9l\u00e9charger<\/a><\/div>\n\n\n\n<div class=\"wp-block-file\"><a id=\"wp-block-file--media-1a5542c1-d976-4a85-b114-67e68b9a96be\" href=\"https:\/\/site.ac-martinique.fr\/svt\/wp-content\/uploads\/sites\/97\/2021\/08\/Geologie-La-machine-a-remonter-le-temps-et-le-paysage-de-Bassignac.pdf\">G\u00e9ologie &#8211; La machine \u00e0 remonter le temps et le paysage de Bassignac<\/a><a href=\"https:\/\/site.ac-martinique.fr\/svt\/wp-content\/uploads\/sites\/97\/2021\/08\/Geologie-La-machine-a-remonter-le-temps-et-le-paysage-de-Bassignac.pdf\" class=\"wp-block-file__button wp-element-button\" download aria-describedby=\"wp-block-file--media-1a5542c1-d976-4a85-b114-67e68b9a96be\">T\u00e9l\u00e9charger<\/a><\/div>\n\n\n\n<div class=\"wp-block-file\"><a id=\"wp-block-file--media-62221946-47cb-49ae-a41d-11606eec84a5\" href=\"https:\/\/site.ac-martinique.fr\/svt\/wp-content\/uploads\/sites\/97\/2021\/08\/La-communication-hormonale.pdf\">La communication hormonale<\/a><a href=\"https:\/\/site.ac-martinique.fr\/svt\/wp-content\/uploads\/sites\/97\/2021\/08\/La-communication-hormonale.pdf\" class=\"wp-block-file__button wp-element-button\" download aria-describedby=\"wp-block-file--media-62221946-47cb-49ae-a41d-11606eec84a5\">T\u00e9l\u00e9charger<\/a><\/div>\n\n\n\n<div class=\"wp-block-file\"><a id=\"wp-block-file--media-a8a6f4d3-f406-4d7b-9a64-459ac1d55f10\" href=\"https:\/\/site.ac-martinique.fr\/svt\/wp-content\/uploads\/sites\/97\/2021\/08\/Premier-poil-de-barbe.pdf\">Premier poil de barbe<\/a><a href=\"https:\/\/site.ac-martinique.fr\/svt\/wp-content\/uploads\/sites\/97\/2021\/08\/Premier-poil-de-barbe.pdf\" class=\"wp-block-file__button wp-element-button\" download aria-describedby=\"wp-block-file--media-a8a6f4d3-f406-4d7b-9a64-459ac1d55f10\">T\u00e9l\u00e9charger<\/a><\/div>\n\n\n\n<div class=\"wp-block-file\"><a id=\"wp-block-file--media-a6fd1c74-4be8-451f-a4a6-d46980009f14\" href=\"https:\/\/site.ac-martinique.fr\/svt\/wp-content\/uploads\/sites\/97\/2021\/08\/Relation-entre-les-organes-sensoriels-et-les-muscles.pdf\">Relation entre les organes sensoriels et les muscles<\/a><a href=\"https:\/\/site.ac-martinique.fr\/svt\/wp-content\/uploads\/sites\/97\/2021\/08\/Relation-entre-les-organes-sensoriels-et-les-muscles.pdf\" class=\"wp-block-file__button wp-element-button\" download aria-describedby=\"wp-block-file--media-a6fd1c74-4be8-451f-a4a6-d46980009f14\">T\u00e9l\u00e9charger<\/a><\/div>\n\n\n\n<div class=\"wp-block-file\"><a id=\"wp-block-file--media-eabae2db-959c-4d34-ac5e-079f5383d9e1\" href=\"https:\/\/site.ac-martinique.fr\/svt\/wp-content\/uploads\/sites\/97\/2021\/08\/Une-reaction-rapide-de-lorganisme-a-linfection.pdf\">Une r\u00e9action rapide de l&rsquo;organisme \u00e0 l&rsquo;infection<\/a><a href=\"https:\/\/site.ac-martinique.fr\/svt\/wp-content\/uploads\/sites\/97\/2021\/08\/Une-reaction-rapide-de-lorganisme-a-linfection.pdf\" class=\"wp-block-file__button wp-element-button\" download aria-describedby=\"wp-block-file--media-eabae2db-959c-4d34-ac5e-079f5383d9e1\">T\u00e9l\u00e9charger<\/a><\/div>\n\n\n\n<div class=\"wp-block-file\"><a id=\"wp-block-file--media-f76619ae-e434-4fec-b137-cb1085aefa25\" href=\"https:\/\/site.ac-martinique.fr\/svt\/wp-content\/uploads\/sites\/97\/2021\/08\/Se-proteger-dun-microbe-grace-a-un-vaccin.pdf\">Se prot\u00e9ger d&rsquo;un microbe gr\u00e2ce \u00e0 un vaccin<\/a><a href=\"https:\/\/site.ac-martinique.fr\/svt\/wp-content\/uploads\/sites\/97\/2021\/08\/Se-proteger-dun-microbe-grace-a-un-vaccin.pdf\" class=\"wp-block-file__button wp-element-button\" download aria-describedby=\"wp-block-file--media-f76619ae-e434-4fec-b137-cb1085aefa25\">T\u00e9l\u00e9charger<\/a><\/div>\n\n\n\n<h5 class=\"wp-block-heading has-vivid-red-color has-text-color\">productions \u00e9quipe num\u00e9rique acad\u00e9miques<\/h5>\n\n\n\n<p><a href=\"https:\/\/site.ac-martinique.fr\/svt\/?page_id=5384\">Cliquez-ici<\/a><\/p>\n","protected":false},"excerpt":{"rendered":"<p>Taches complexes productions \u00e9quipe num\u00e9rique acad\u00e9miques Cliquez-ici<\/p>\n","protected":false},"author":253,"featured_media":0,"parent":0,"menu_order":0,"comment_status":"closed","ping_status":"closed","template":"","meta":{"footnotes":""},"class_list":["post-4443","page","type-page","status-publish","hentry","nodate","item-wrap"],"_links":{"self":[{"href":"https:\/\/site.ac-martinique.fr\/svt\/index.php?rest_route=\/wp\/v2\/pages\/4443","targetHints":{"allow":["GET"]}}],"collection":[{"href":"https:\/\/site.ac-martinique.fr\/svt\/index.php?rest_route=\/wp\/v2\/pages"}],"about":[{"href":"https:\/\/site.ac-martinique.fr\/svt\/index.php?rest_route=\/wp\/v2\/types\/page"}],"author":[{"embeddable":true,"href":"https:\/\/site.ac-martinique.fr\/svt\/index.php?rest_route=\/wp\/v2\/users\/253"}],"replies":[{"embeddable":true,"href":"https:\/\/site.ac-martinique.fr\/svt\/index.php?rest_route=%2Fwp%2Fv2%2Fcomments&post=4443"}],"version-history":[{"count":5,"href":"https:\/\/site.ac-martinique.fr\/svt\/index.php?rest_route=\/wp\/v2\/pages\/4443\/revisions"}],"predecessor-version":[{"id":5421,"href":"https:\/\/site.ac-martinique.fr\/svt\/index.php?rest_route=\/wp\/v2\/pages\/4443\/revisions\/5421"}],"wp:attachment":[{"href":"https:\/\/site.ac-martinique.fr\/svt\/index.php?rest_route=%2Fwp%2Fv2%2Fmedia&parent=4443"}],"curies":[{"name":"wp","href":"https:\/\/api.w.org\/{rel}","templated":true}]}}