{"id":4471,"date":"2021-08-24T03:45:38","date_gmt":"2021-08-24T02:45:38","guid":{"rendered":"https:\/\/site.ac-martinique.fr\/svt\/?page_id=4471"},"modified":"2021-08-24T03:46:10","modified_gmt":"2021-08-24T02:46:10","slug":"programme-seconde","status":"publish","type":"page","link":"https:\/\/site.ac-martinique.fr\/svt\/?page_id=4471","title":{"rendered":"Programme &#8211; Seconde"},"content":{"rendered":"\n<h5 class=\"has-vivid-red-color has-text-color wp-block-heading\">Programme officiels<\/h5>\n\n\n\n<div class=\"wp-block-file\"><a href=\"https:\/\/site.ac-martinique.fr\/svt\/wp-content\/uploads\/sites\/97\/2021\/08\/Sciences-de-la-vie-et-de-la-Terre-Seconde-enseignement-commun.pdf\">Sciences de la vie et de la Terre &#8211; Seconde enseignement commun<\/a><a href=\"https:\/\/site.ac-martinique.fr\/svt\/wp-content\/uploads\/sites\/97\/2021\/08\/Sciences-de-la-vie-et-de-la-Terre-Seconde-enseignement-commun.pdf\" class=\"wp-block-file__button\" download>T\u00e9l\u00e9charger<\/a><\/div>\n\n\n\n<h5 class=\"has-vivid-red-color has-text-color wp-block-heading\"><strong>Conseils pour la mise en \u0153uvre des programmes de Seconde \u00e0 partir de la rentr\u00e9e 2020<\/strong><\/h5>\n\n\n\n<div class=\"wp-block-file\"><a href=\"https:\/\/site.ac-martinique.fr\/svt\/wp-content\/uploads\/sites\/97\/2021\/08\/Rentree_2020_svt_seconde_1327116.pdf\">Conseils<\/a><a href=\"https:\/\/site.ac-martinique.fr\/svt\/wp-content\/uploads\/sites\/97\/2021\/08\/Rentree_2020_svt_seconde_1327116.pdf\" class=\"wp-block-file__button\" download>T\u00e9l\u00e9charger<\/a><\/div>\n\n\n\n<p><\/p>\n","protected":false},"excerpt":{"rendered":"<p>Programme officiels Conseils pour la mise en \u0153uvre des programmes de Seconde \u00e0 partir de la rentr\u00e9e 2020<\/p>\n","protected":false},"author":253,"featured_media":0,"parent":0,"menu_order":0,"comment_status":"closed","ping_status":"closed","template":"","meta":{"footnotes":""},"class_list":["post-4471","page","type-page","status-publish","hentry","nodate","item-wrap"],"_links":{"self":[{"href":"https:\/\/site.ac-martinique.fr\/svt\/index.php?rest_route=\/wp\/v2\/pages\/4471","targetHints":{"allow":["GET"]}}],"collection":[{"href":"https:\/\/site.ac-martinique.fr\/svt\/index.php?rest_route=\/wp\/v2\/pages"}],"about":[{"href":"https:\/\/site.ac-martinique.fr\/svt\/index.php?rest_route=\/wp\/v2\/types\/page"}],"author":[{"embeddable":true,"href":"https:\/\/site.ac-martinique.fr\/svt\/index.php?rest_route=\/wp\/v2\/users\/253"}],"replies":[{"embeddable":true,"href":"https:\/\/site.ac-martinique.fr\/svt\/index.php?rest_route=%2Fwp%2Fv2%2Fcomments&post=4471"}],"version-history":[{"count":2,"href":"https:\/\/site.ac-martinique.fr\/svt\/index.php?rest_route=\/wp\/v2\/pages\/4471\/revisions"}],"predecessor-version":[{"id":4476,"href":"https:\/\/site.ac-martinique.fr\/svt\/index.php?rest_route=\/wp\/v2\/pages\/4471\/revisions\/4476"}],"wp:attachment":[{"href":"https:\/\/site.ac-martinique.fr\/svt\/index.php?rest_route=%2Fwp%2Fv2%2Fmedia&parent=4471"}],"curies":[{"name":"wp","href":"https:\/\/api.w.org\/{rel}","templated":true}]}}