{"id":4477,"date":"2021-08-24T03:58:24","date_gmt":"2021-08-24T02:58:24","guid":{"rendered":"https:\/\/site.ac-martinique.fr\/svt\/?page_id=4477"},"modified":"2021-08-24T16:05:21","modified_gmt":"2021-08-24T15:05:21","slug":"fiches-programme-seconde","status":"publish","type":"page","link":"https:\/\/site.ac-martinique.fr\/svt\/?page_id=4477","title":{"rendered":"Fiches Programme Seconde"},"content":{"rendered":"\n<p>Produites par le groupe de formateurs acad\u00e9miques, ces fiches mettent en lien pr\u00e9ambule, introduction et contenu de chacun des chapitres et sous chapitres des programmes. <\/p>\n\n\n\n<p>Elles rep\u00e8rent les nouveaut\u00e9s, les acquis, des utilisations possibles du num\u00e9rique et les exemples et ressources locales sur lesquels il est envisageable de s\u2019appuyer. <\/p>\n\n\n\n<p>Elles indiquent \u00e9galement les liens possibles avec les \u00e9ducations transversales, les ouvertures formations et m\u00e9tiers et le cas \u00e9ch\u00e9ant les ressources avec la lithoth\u00e8que.<\/p>\n\n\n\n<h5 class=\"has-vivid-red-color has-text-color wp-block-heading\">Th\u00e8me 1&nbsp;: La Terre, la vie et l\u2019organisation du vivant<\/h5>\n\n\n\n<figure class=\"wp-block-table\"><table><tbody><tr><td><strong>Organisme pluricellulaire&nbsp;: un ensemble de cellules sp\u00e9cialis\u00e9es<\/strong><\/td><td class=\"has-text-align-center\" data-align=\"center\"><a href=\"https:\/\/site.ac-martinique.fr\/svt\/wp-content\/uploads\/sites\/97\/2021\/08\/SecondeT1C1SC1_1154898.docx\" data-type=\"URL\" data-id=\"https:\/\/site.ac-martinique.fr\/svt\/wp-content\/uploads\/sites\/97\/2021\/08\/SecondeT1C1SC1_1154898.docx\" target=\"_blank\" rel=\"noreferrer noopener\">Word<\/a><\/td><td><a href=\"https:\/\/site.ac-martinique.fr\/svt\/wp-content\/uploads\/sites\/97\/2021\/08\/SecondeT1C1SC1_1154899.pdf\" data-type=\"URL\" data-id=\"https:\/\/site.ac-martinique.fr\/svt\/wp-content\/uploads\/sites\/97\/2021\/08\/SecondeT1C1SC1_1154899.pdf\" target=\"_blank\" rel=\"noreferrer noopener\">PDF<\/a><\/td><\/tr><tr><td><strong>Le m\u00e9tabolisme des cellules<\/strong><\/td><td class=\"has-text-align-center\" data-align=\"center\"><a href=\"https:\/\/site.ac-martinique.fr\/svt\/wp-content\/uploads\/sites\/97\/2021\/08\/SecondeT1c1sc2_1154900.docx\" data-type=\"URL\" data-id=\"https:\/\/site.ac-martinique.fr\/svt\/wp-content\/uploads\/sites\/97\/2021\/08\/SecondeT1c1sc2_1154900.docx\" target=\"_blank\" rel=\"noreferrer noopener\">Word<\/a><\/td><td><a href=\"https:\/\/site.ac-martinique.fr\/svt\/wp-content\/uploads\/sites\/97\/2021\/08\/SecondeT1c1sc2_1154901.pdf\" data-type=\"URL\" data-id=\"https:\/\/site.ac-martinique.fr\/svt\/wp-content\/uploads\/sites\/97\/2021\/08\/SecondeT1c1sc2_1154901.pdf\" target=\"_blank\" rel=\"noreferrer noopener\">PDF<\/a><\/td><\/tr><tr><td><strong>Les \u00e9chelles de la biodiversit\u00e9<\/strong><\/td><td class=\"has-text-align-center\" data-align=\"center\"><a href=\"https:\/\/site.ac-martinique.fr\/svt\/wp-content\/uploads\/sites\/97\/2021\/08\/SecondeT1c2sc1_1154904.docx\" data-type=\"URL\" data-id=\"https:\/\/site.ac-martinique.fr\/svt\/wp-content\/uploads\/sites\/97\/2021\/08\/SecondeT1c2sc1_1154904.docx\" target=\"_blank\" rel=\"noreferrer noopener\">Word<\/a><\/td><td><a href=\"https:\/\/site.ac-martinique.fr\/svt\/wp-content\/uploads\/sites\/97\/2021\/08\/SecondeT1c2sc1_1154905.pdf\" data-type=\"URL\" data-id=\"https:\/\/site.ac-martinique.fr\/svt\/wp-content\/uploads\/sites\/97\/2021\/08\/SecondeT1c2sc1_1154905.pdf\" target=\"_blank\" rel=\"noreferrer noopener\">PDF<\/a><\/td><\/tr><tr><td><strong>La biodiversit\u00e9 change au cours du temps<\/strong><\/td><td class=\"has-text-align-center\" data-align=\"center\"><a href=\"https:\/\/site.ac-martinique.fr\/svt\/wp-content\/uploads\/sites\/97\/2021\/08\/SecondeT1c2sc2_1154906.docx\" data-type=\"URL\" data-id=\"https:\/\/site.ac-martinique.fr\/svt\/wp-content\/uploads\/sites\/97\/2021\/08\/SecondeT1c2sc2_1154906.docx\" target=\"_blank\" rel=\"noreferrer noopener\">Word<\/a><\/td><td><a href=\"https:\/\/site.ac-martinique.fr\/svt\/wp-content\/uploads\/sites\/97\/2021\/08\/SecondeT1c2sc2_1154907.pdf\" data-type=\"URL\" data-id=\"https:\/\/site.ac-martinique.fr\/svt\/wp-content\/uploads\/sites\/97\/2021\/08\/SecondeT1c2sc2_1154907.pdf\" target=\"_blank\" rel=\"noreferrer noopener\">PDF<\/a><\/td><\/tr><tr><td><strong>L&rsquo;\u00e9volution de la biodiversit\u00e9 au cours du temps s&rsquo;explique par des forces \u00e9volutives s&rsquo;exer\u00e7ant au niveau des populations<\/strong><\/td><td class=\"has-text-align-center\" data-align=\"center\"><a href=\"https:\/\/site.ac-martinique.fr\/svt\/wp-content\/uploads\/sites\/97\/2021\/08\/SecondeT1c2s3_1154902.docx\" data-type=\"URL\" data-id=\"https:\/\/site.ac-martinique.fr\/svt\/wp-content\/uploads\/sites\/97\/2021\/08\/SecondeT1c2s3_1154902.docx\" target=\"_blank\" rel=\"noreferrer noopener\">Word<\/a><\/td><td><a href=\"https:\/\/site.ac-martinique.fr\/svt\/wp-content\/uploads\/sites\/97\/2021\/08\/SecondeT1c2s3_1154903.pdf\" data-type=\"URL\" data-id=\"https:\/\/site.ac-martinique.fr\/svt\/wp-content\/uploads\/sites\/97\/2021\/08\/SecondeT1c2s3_1154903.pdf\" target=\"_blank\" rel=\"noreferrer noopener\">PDF<\/a><\/td><\/tr><tr><td><strong>La communication intra-sp\u00e9cifique et s\u00e9lection sexuelle<\/strong><\/td><td class=\"has-text-align-center\" data-align=\"center\"><a href=\"https:\/\/site.ac-martinique.fr\/svt\/wp-content\/uploads\/sites\/97\/2021\/08\/SecondeT1c2sc4_1154908.docx\" data-type=\"URL\" data-id=\"https:\/\/site.ac-martinique.fr\/svt\/wp-content\/uploads\/sites\/97\/2021\/08\/SecondeT1c2sc4_1154908.docx\" target=\"_blank\" rel=\"noreferrer noopener\">Word<\/a><\/td><td><a href=\"https:\/\/site.ac-martinique.fr\/svt\/wp-content\/uploads\/sites\/97\/2021\/08\/SecondeT1c2sc4_1154909.pdf\" data-type=\"URL\" data-id=\"https:\/\/site.ac-martinique.fr\/svt\/wp-content\/uploads\/sites\/97\/2021\/08\/SecondeT1c2sc4_1154909.pdf\" target=\"_blank\" rel=\"noreferrer noopener\">PDF<\/a><\/td><\/tr><\/tbody><\/table><\/figure>\n\n\n\n<h5 class=\"has-vivid-red-color has-text-color wp-block-heading\"><strong>Th\u00e8me 2&nbsp;: Enjeux contemporains de la plan\u00e8te<\/strong><\/h5>\n\n\n\n<figure class=\"wp-block-table\"><table><tbody><tr><td class=\"has-text-align-left\" data-align=\"left\"><strong>Caract\u00e9ristiques des sols et production de biomasse<\/strong><\/td><td class=\"has-text-align-center\" data-align=\"center\"><a href=\"https:\/\/site.ac-martinique.fr\/svt\/wp-content\/uploads\/sites\/97\/2021\/08\/2D_Enjeux_planetaires_SOLS_BIOMASSE_1154835.docx\" data-type=\"URL\" data-id=\"https:\/\/site.ac-martinique.fr\/svt\/wp-content\/uploads\/sites\/97\/2021\/08\/2D_Enjeux_planetaires_SOLS_BIOMASSE_1154835.docx\" target=\"_blank\" rel=\"noreferrer noopener\">Word<\/a><\/td><td class=\"has-text-align-center\" data-align=\"center\"><a href=\"https:\/\/site.ac-martinique.fr\/svt\/wp-content\/uploads\/sites\/97\/2021\/08\/2D_Enjeux_planetaires_SOLS_BIOMASSE_1154836.pdf\" data-type=\"URL\" data-id=\"https:\/\/site.ac-martinique.fr\/svt\/wp-content\/uploads\/sites\/97\/2021\/08\/2D_Enjeux_planetaires_SOLS_BIOMASSE_1154836.pdf\" target=\"_blank\" rel=\"noreferrer noopener\">PDF<\/a><\/td><\/tr><tr><td class=\"has-text-align-left\" data-align=\"left\"><strong>S\u00e9dimentation<\/strong><\/td><td class=\"has-text-align-center\" data-align=\"center\"><a href=\"https:\/\/site.ac-martinique.fr\/svt\/wp-content\/uploads\/sites\/97\/2021\/08\/2D_Enjeux_planetaires_SEDIMENTATION_1154833.docx\" data-type=\"URL\" data-id=\"https:\/\/site.ac-martinique.fr\/svt\/wp-content\/uploads\/sites\/97\/2021\/08\/2D_Enjeux_planetaires_SEDIMENTATION_1154833.docx\" target=\"_blank\" rel=\"noreferrer noopener\">Word<\/a><\/td><td class=\"has-text-align-center\" data-align=\"center\"><a href=\"https:\/\/site.ac-martinique.fr\/svt\/wp-content\/uploads\/sites\/97\/2021\/08\/2D_Enjeux_planetaires_SEDIMENTATION_1154834.pdf\" data-type=\"URL\" data-id=\"https:\/\/site.ac-martinique.fr\/svt\/wp-content\/uploads\/sites\/97\/2021\/08\/2D_Enjeux_planetaires_SEDIMENTATION_1154834.pdf\" target=\"_blank\" rel=\"noreferrer noopener\">PDF<\/a><\/td><\/tr><tr><td class=\"has-text-align-left\" data-align=\"left\"><strong>Structure et fonctionnement des agrosyst\u00e8mes<\/strong><\/td><td class=\"has-text-align-center\" data-align=\"center\"><a href=\"https:\/\/site.ac-martinique.fr\/svt\/wp-content\/uploads\/sites\/97\/2021\/08\/2D_Enjeux_planetaires_LES_AGROSYSTEMES_1154831.docx\" data-type=\"URL\" data-id=\"https:\/\/site.ac-martinique.fr\/svt\/wp-content\/uploads\/sites\/97\/2021\/08\/2D_Enjeux_planetaires_LES_AGROSYSTEMES_1154831.docx\" target=\"_blank\" rel=\"noreferrer noopener\">Word<\/a><\/td><td class=\"has-text-align-center\" data-align=\"center\"><a href=\"https:\/\/site.ac-martinique.fr\/svt\/wp-content\/uploads\/sites\/97\/2021\/08\/2D_Enjeux_planetaires_LES_AGROSYSTEMES_1154832.pdf\" data-type=\"URL\" data-id=\"https:\/\/site.ac-martinique.fr\/svt\/wp-content\/uploads\/sites\/97\/2021\/08\/2D_Enjeux_planetaires_LES_AGROSYSTEMES_1154832.pdf\" target=\"_blank\" rel=\"noreferrer noopener\">PDF<\/a><\/td><\/tr><tr><td class=\"has-text-align-left\" data-align=\"left\"><strong>Vers une gestion durable des agrosyst\u00e8mes<\/strong><\/td><td class=\"has-text-align-center\" data-align=\"center\"><a href=\"https:\/\/site.ac-martinique.fr\/svt\/wp-content\/uploads\/sites\/97\/2021\/08\/2D_Enjeux_planetaires_GESTION_DURABLE_1154829.docx\" data-type=\"URL\" data-id=\"https:\/\/site.ac-martinique.fr\/svt\/wp-content\/uploads\/sites\/97\/2021\/08\/2D_Enjeux_planetaires_GESTION_DURABLE_1154829.docx\" target=\"_blank\" rel=\"noreferrer noopener\">Word<\/a><\/td><td class=\"has-text-align-center\" data-align=\"center\"><a href=\"https:\/\/site.ac-martinique.fr\/svt\/wp-content\/uploads\/sites\/97\/2021\/08\/2D_Enjeux_planetaires_GESTION_DURABLE_1154830.pdf\" data-type=\"URL\" data-id=\"https:\/\/site.ac-martinique.fr\/svt\/wp-content\/uploads\/sites\/97\/2021\/08\/2D_Enjeux_planetaires_GESTION_DURABLE_1154830.pdf\" target=\"_blank\" rel=\"noreferrer noopener\">PDF<\/a><\/td><\/tr><tr><td class=\"has-text-align-left\" data-align=\"left\"><strong>Erosion et activit\u00e9 humaine<\/strong><\/td><td class=\"has-text-align-center\" data-align=\"center\"><a href=\"https:\/\/site.ac-martinique.fr\/svt\/wp-content\/uploads\/sites\/97\/2021\/08\/2D_Enjeux_planetaires_EROSION_ACTIVITE_HUMAINE_1154827.docx\" data-type=\"URL\" data-id=\"https:\/\/site.ac-martinique.fr\/svt\/wp-content\/uploads\/sites\/97\/2021\/08\/2D_Enjeux_planetaires_EROSION_ACTIVITE_HUMAINE_1154827.docx\" target=\"_blank\" rel=\"noreferrer noopener\">Word<\/a><\/td><td class=\"has-text-align-center\" data-align=\"center\"><a href=\"https:\/\/site.ac-martinique.fr\/svt\/wp-content\/uploads\/sites\/97\/2021\/08\/2D_Enjeux_planetaires_EROSION_ACTIVITE_HUMAINE_1154828.pdf\" data-type=\"URL\" data-id=\"https:\/\/site.ac-martinique.fr\/svt\/wp-content\/uploads\/sites\/97\/2021\/08\/2D_Enjeux_planetaires_EROSION_ACTIVITE_HUMAINE_1154828.pdf\" target=\"_blank\" rel=\"noreferrer noopener\">PDF<\/a><\/td><\/tr><tr><td class=\"has-text-align-left\" data-align=\"left\"><strong>Erosion<\/strong><\/td><td class=\"has-text-align-center\" data-align=\"center\"><a href=\"https:\/\/site.ac-martinique.fr\/svt\/wp-content\/uploads\/sites\/97\/2021\/08\/2D_Enjeux_planetaires_EROSION_1154825.docx\" data-type=\"URL\" data-id=\"https:\/\/site.ac-martinique.fr\/svt\/wp-content\/uploads\/sites\/97\/2021\/08\/2D_Enjeux_planetaires_EROSION_1154825.docx\" target=\"_blank\" rel=\"noreferrer noopener\">Word<\/a><\/td><td class=\"has-text-align-center\" data-align=\"center\"><a href=\"https:\/\/site.ac-martinique.fr\/svt\/wp-content\/uploads\/sites\/97\/2021\/08\/2D_Enjeux_planetaires_EROSION_1154826.pdf\" data-type=\"URL\" data-id=\"https:\/\/site.ac-martinique.fr\/svt\/wp-content\/uploads\/sites\/97\/2021\/08\/2D_Enjeux_planetaires_EROSION_1154826.pdf\" target=\"_blank\" rel=\"noreferrer noopener\">PDF<\/a><\/td><\/tr><\/tbody><\/table><\/figure>\n\n\n\n<h5 class=\"has-vivid-red-color has-text-color wp-block-heading\"><strong>Th\u00e8me 3&nbsp;: Corps humain et sant\u00e9<\/strong><\/h5>\n\n\n\n<figure class=\"wp-block-table\"><table><tbody><tr><td><strong>Microbiote humain et sant\u00e9<\/strong><\/td><td class=\"has-text-align-center\" data-align=\"center\"><a href=\"https:\/\/site.ac-martinique.fr\/svt\/wp-content\/uploads\/sites\/97\/2021\/08\/Secondet3c2sc2_1154920.docx\" data-type=\"URL\" data-id=\"https:\/\/site.ac-martinique.fr\/svt\/wp-content\/uploads\/sites\/97\/2021\/08\/Secondet3c2sc2_1154920.docx\" target=\"_blank\" rel=\"noreferrer noopener\">Word<\/a><\/td><td class=\"has-text-align-center\" data-align=\"center\"><a href=\"https:\/\/site.ac-martinique.fr\/svt\/wp-content\/uploads\/sites\/97\/2021\/08\/Secondet3c2sc2_1154921.pdf\" data-type=\"URL\" data-id=\"https:\/\/site.ac-martinique.fr\/svt\/wp-content\/uploads\/sites\/97\/2021\/08\/Secondet3c2sc2_1154921.pdf\" target=\"_blank\" rel=\"noreferrer noopener\">PDF<\/a><\/td><\/tr><tr><td><strong>Agents pathog\u00e8nes et maladies vectorielle<\/strong><\/td><td class=\"has-text-align-center\" data-align=\"center\"><a href=\"https:\/\/site.ac-martinique.fr\/svt\/wp-content\/uploads\/sites\/97\/2021\/08\/Secondet3c2sc1_1154918.docx\" data-type=\"URL\" data-id=\"https:\/\/site.ac-martinique.fr\/svt\/wp-content\/uploads\/sites\/97\/2021\/08\/Secondet3c2sc1_1154918.docx\" target=\"_blank\" rel=\"noreferrer noopener\">Word<\/a><\/td><td class=\"has-text-align-center\" data-align=\"center\"><a href=\"https:\/\/site.ac-martinique.fr\/svt\/wp-content\/uploads\/sites\/97\/2021\/08\/Secondet3c2sc1_1154919.pdf\" data-type=\"URL\" data-id=\"https:\/\/site.ac-martinique.fr\/svt\/wp-content\/uploads\/sites\/97\/2021\/08\/Secondet3c2sc1_1154919.pdf\" target=\"_blank\" rel=\"noreferrer noopener\">PDF<\/a><\/td><\/tr><tr><td><strong>Hormones et procr\u00e9ation humaine<\/strong><\/td><td class=\"has-text-align-center\" data-align=\"center\"><a href=\"https:\/\/site.ac-martinique.fr\/svt\/wp-content\/uploads\/sites\/97\/2021\/08\/SecondeCorpsSanteHORMONESPROCREATION_1154916.docx\" data-type=\"URL\" data-id=\"https:\/\/site.ac-martinique.fr\/svt\/wp-content\/uploads\/sites\/97\/2021\/08\/SecondeCorpsSanteHORMONESPROCREATION_1154916.docx\" target=\"_blank\" rel=\"noreferrer noopener\">Word<\/a><\/td><td class=\"has-text-align-center\" data-align=\"center\"><a href=\"https:\/\/site.ac-martinique.fr\/svt\/wp-content\/uploads\/sites\/97\/2021\/08\/SecondeCorpsSanteHORMONESPROCREATION_1154917.pdf\" data-type=\"URL\" data-id=\"https:\/\/site.ac-martinique.fr\/svt\/wp-content\/uploads\/sites\/97\/2021\/08\/SecondeCorpsSanteHORMONESPROCREATION_1154917.pdf\" target=\"_blank\" rel=\"noreferrer noopener\">PDF<\/a><\/td><\/tr><tr><td><strong>De la f\u00e9condation \u00e0 la pubert\u00e9<\/strong><\/td><td class=\"has-text-align-center\" data-align=\"center\"><a href=\"https:\/\/site.ac-martinique.fr\/svt\/wp-content\/uploads\/sites\/97\/2021\/08\/SecondeCorpsSanteFECONDATIONPUBERTE_1154914.docx\" data-type=\"URL\" data-id=\"https:\/\/site.ac-martinique.fr\/svt\/wp-content\/uploads\/sites\/97\/2021\/08\/SecondeCorpsSanteFECONDATIONPUBERTE_1154914.docx\" target=\"_blank\" rel=\"noreferrer noopener\">Word<\/a><\/td><td class=\"has-text-align-center\" data-align=\"center\"><a href=\"https:\/\/site.ac-martinique.fr\/svt\/wp-content\/uploads\/sites\/97\/2021\/08\/SecondeCorpsSanteFECONDATIONPUBERTE_1154915.pdf\" data-type=\"URL\" data-id=\"https:\/\/site.ac-martinique.fr\/svt\/wp-content\/uploads\/sites\/97\/2021\/08\/SecondeCorpsSanteFECONDATIONPUBERTE_1154915.pdf\" target=\"_blank\" rel=\"noreferrer noopener\">PDF<\/a><\/td><\/tr><tr><td><strong>Cerveau, plaisir et sexualit\u00e9<\/strong><\/td><td class=\"has-text-align-center\" data-align=\"center\"><a href=\"https:\/\/site.ac-martinique.fr\/svt\/wp-content\/uploads\/sites\/97\/2021\/08\/SecondeCorpsSanteCERVEAUSEXUALITE_1154912.docx\" data-type=\"URL\" data-id=\"https:\/\/site.ac-martinique.fr\/svt\/wp-content\/uploads\/sites\/97\/2021\/08\/SecondeCorpsSanteCERVEAUSEXUALITE_1154912.docx\" target=\"_blank\" rel=\"noreferrer noopener\">Word<\/a><\/td><td class=\"has-text-align-center\" data-align=\"center\"><a href=\"https:\/\/site.ac-martinique.fr\/svt\/wp-content\/uploads\/sites\/97\/2021\/08\/SecondeCorpsSanteCERVEAUSEXUALITE_1154913.pdf\" data-type=\"URL\" data-id=\"https:\/\/site.ac-martinique.fr\/svt\/wp-content\/uploads\/sites\/97\/2021\/08\/SecondeCorpsSanteCERVEAUSEXUALITE_1154913.pdf\" target=\"_blank\" rel=\"noreferrer noopener\">PDF<\/a><\/td><\/tr><\/tbody><\/table><\/figure>\n\n\n\n<p><\/p>\n","protected":false},"excerpt":{"rendered":"<p>Produites par le groupe de formateurs acad\u00e9miques, ces fiches mettent en lien pr\u00e9ambule, introduction et contenu de chacun des chapitres et sous chapitres des programmes. Elles rep\u00e8rent les nouveaut\u00e9s, les acquis, des utilisations possibles du num\u00e9rique et les exemples et ressources locales sur lesquels il est envisageable de s\u2019appuyer. Elles indiquent \u00e9galement les liens possibles &hellip; <\/p>\n<p><a class=\"more-link btn\" href=\"https:\/\/site.ac-martinique.fr\/svt\/?page_id=4477\">Lire la suite<\/a><\/p>\n","protected":false},"author":253,"featured_media":0,"parent":0,"menu_order":0,"comment_status":"closed","ping_status":"closed","template":"","meta":{"footnotes":""},"class_list":["post-4477","page","type-page","status-publish","hentry","nodate","item-wrap"],"_links":{"self":[{"href":"https:\/\/site.ac-martinique.fr\/svt\/index.php?rest_route=\/wp\/v2\/pages\/4477","targetHints":{"allow":["GET"]}}],"collection":[{"href":"https:\/\/site.ac-martinique.fr\/svt\/index.php?rest_route=\/wp\/v2\/pages"}],"about":[{"href":"https:\/\/site.ac-martinique.fr\/svt\/index.php?rest_route=\/wp\/v2\/types\/page"}],"author":[{"embeddable":true,"href":"https:\/\/site.ac-martinique.fr\/svt\/index.php?rest_route=\/wp\/v2\/users\/253"}],"replies":[{"embeddable":true,"href":"https:\/\/site.ac-martinique.fr\/svt\/index.php?rest_route=%2Fwp%2Fv2%2Fcomments&post=4477"}],"version-history":[{"count":6,"href":"https:\/\/site.ac-martinique.fr\/svt\/index.php?rest_route=\/wp\/v2\/pages\/4477\/revisions"}],"predecessor-version":[{"id":4528,"href":"https:\/\/site.ac-martinique.fr\/svt\/index.php?rest_route=\/wp\/v2\/pages\/4477\/revisions\/4528"}],"wp:attachment":[{"href":"https:\/\/site.ac-martinique.fr\/svt\/index.php?rest_route=%2Fwp%2Fv2%2Fmedia&parent=4477"}],"curies":[{"name":"wp","href":"https:\/\/api.w.org\/{rel}","templated":true}]}}