{"id":4563,"date":"2021-08-25T15:34:18","date_gmt":"2021-08-25T14:34:18","guid":{"rendered":"https:\/\/site.ac-martinique.fr\/svt\/?page_id=4563"},"modified":"2024-10-11T22:55:37","modified_gmt":"2024-10-11T21:55:37","slug":"programmes-classe-de-premiere","status":"publish","type":"page","link":"https:\/\/site.ac-martinique.fr\/svt\/?page_id=4563","title":{"rendered":"Programmes &#8211; Classe de Premi\u00e8re"},"content":{"rendered":"\n<div data-wp-interactive=\"core\/file\" class=\"wp-block-file\"><object data-wp-bind--hidden=\"!state.hasPdfPreview\" hidden class=\"wp-block-file__embed\" data=\"https:\/\/site.ac-martinique.fr\/svt\/wp-content\/uploads\/sites\/97\/2021\/08\/1e_SVT_Specialite_Voie_generale_1023812_1125498.pdf\" type=\"application\/pdf\" style=\"width:100%;height:600px\" aria-label=\"Contenu embarqu\u00e9 1e_SVT_Sp\u00e9cialit\u00e9_Voie_g\u00e9n\u00e9rale.\"><\/object><a href=\"https:\/\/site.ac-martinique.fr\/svt\/wp-content\/uploads\/sites\/97\/2021\/08\/1e_SVT_Specialite_Voie_generale_1023812_1125498.pdf\">1e_SVT_Sp\u00e9cialit\u00e9_Voie_g\u00e9n\u00e9rale<\/a><a href=\"https:\/\/site.ac-martinique.fr\/svt\/wp-content\/uploads\/sites\/97\/2021\/08\/1e_SVT_Specialite_Voie_generale_1023812_1125498.pdf\" class=\"wp-block-file__button wp-element-button\" download>T\u00e9l\u00e9charger<\/a><\/div>\n\n\n\n<div data-wp-interactive=\"core\/file\" class=\"wp-block-file\"><object data-wp-bind--hidden=\"!state.hasPdfPreview\" hidden class=\"wp-block-file__embed\" data=\"https:\/\/site.ac-martinique.fr\/svt\/wp-content\/uploads\/sites\/97\/2024\/10\/BO-1ere-ES-1.pdf\" type=\"application\/pdf\" style=\"width:100%;height:600px\" aria-label=\"Contenu embarqu\u00e9 1e_Enseignement_scientifique_Enseignement_commun.\"><\/object><a id=\"wp-block-file--media-0a26af54-44fc-4c72-a15d-253741f6e35c\" href=\"https:\/\/site.ac-martinique.fr\/svt\/wp-content\/uploads\/sites\/97\/2024\/10\/BO-1ere-ES-1.pdf\">1e_Enseignement_scientifique_Enseignement_commun<\/a><a href=\"https:\/\/site.ac-martinique.fr\/svt\/wp-content\/uploads\/sites\/97\/2024\/10\/BO-1ere-ES-1.pdf\" class=\"wp-block-file__button wp-element-button\" download aria-describedby=\"wp-block-file--media-0a26af54-44fc-4c72-a15d-253741f6e35c\">T\u00e9l\u00e9charger<\/a><\/div>\n\n\n\n<p><\/p>\n","protected":false},"excerpt":{"rendered":"","protected":false},"author":253,"featured_media":0,"parent":0,"menu_order":0,"comment_status":"closed","ping_status":"closed","template":"","meta":{"footnotes":""},"class_list":["post-4563","page","type-page","status-publish","hentry","nodate","item-wrap"],"_links":{"self":[{"href":"https:\/\/site.ac-martinique.fr\/svt\/index.php?rest_route=\/wp\/v2\/pages\/4563","targetHints":{"allow":["GET"]}}],"collection":[{"href":"https:\/\/site.ac-martinique.fr\/svt\/index.php?rest_route=\/wp\/v2\/pages"}],"about":[{"href":"https:\/\/site.ac-martinique.fr\/svt\/index.php?rest_route=\/wp\/v2\/types\/page"}],"author":[{"embeddable":true,"href":"https:\/\/site.ac-martinique.fr\/svt\/index.php?rest_route=\/wp\/v2\/users\/253"}],"replies":[{"embeddable":true,"href":"https:\/\/site.ac-martinique.fr\/svt\/index.php?rest_route=%2Fwp%2Fv2%2Fcomments&post=4563"}],"version-history":[{"count":6,"href":"https:\/\/site.ac-martinique.fr\/svt\/index.php?rest_route=\/wp\/v2\/pages\/4563\/revisions"}],"predecessor-version":[{"id":5566,"href":"https:\/\/site.ac-martinique.fr\/svt\/index.php?rest_route=\/wp\/v2\/pages\/4563\/revisions\/5566"}],"wp:attachment":[{"href":"https:\/\/site.ac-martinique.fr\/svt\/index.php?rest_route=%2Fwp%2Fv2%2Fmedia&parent=4563"}],"curies":[{"name":"wp","href":"https:\/\/api.w.org\/{rel}","templated":true}]}}