{"id":4708,"date":"2021-08-26T04:23:57","date_gmt":"2021-08-26T03:23:57","guid":{"rendered":"https:\/\/site.ac-martinique.fr\/svt\/?page_id=4708"},"modified":"2024-10-12T20:47:34","modified_gmt":"2024-10-12T19:47:34","slug":"continuite-pegagogique","status":"publish","type":"page","link":"https:\/\/site.ac-martinique.fr\/svt\/?page_id=4708","title":{"rendered":"Continuit\u00e9 P\u00e9dagogique"},"content":{"rendered":"\n<p><strong>Retrouvez ci-dessous des ressources concernant la continuit\u00e9 p\u00e9dagogique durant cette p\u00e9riode de confinement.<\/strong><\/p>\n\n\n\n<h4 class=\"wp-block-heading has-vivid-red-color has-text-color\">Quelques pistes pour l&rsquo;hybridation des enseignements<strong>&nbsp; &#8211; <\/strong>GRF SVT<\/h4>\n\n\n\n<div data-wp-interactive=\"core\/file\" class=\"wp-block-file\"><object data-wp-bind--hidden=\"!state.hasPdfPreview\" hidden class=\"wp-block-file__embed\" data=\"https:\/\/site.ac-martinique.fr\/svt\/wp-content\/uploads\/sites\/97\/2024\/10\/1-IPRSVT23mars_1265847.pdf\" type=\"application\/pdf\" style=\"width:100%;height:600px\" aria-label=\"Contenu embarqu\u00e9 Note n\u00b01.\"><\/object><a id=\"wp-block-file--media-6e818053-79ba-4ec3-b1ae-cbd7c91624b2\" href=\"https:\/\/site.ac-martinique.fr\/svt\/wp-content\/uploads\/sites\/97\/2024\/10\/1-IPRSVT23mars_1265847.pdf\">Note n\u00b01<\/a><a href=\"https:\/\/site.ac-martinique.fr\/svt\/wp-content\/uploads\/sites\/97\/2024\/10\/1-IPRSVT23mars_1265847.pdf\" class=\"wp-block-file__button wp-element-button\" download aria-describedby=\"wp-block-file--media-6e818053-79ba-4ec3-b1ae-cbd7c91624b2\">T\u00e9l\u00e9charger<\/a><\/div>\n\n\n\n<div data-wp-interactive=\"core\/file\" class=\"wp-block-file\"><object data-wp-bind--hidden=\"!state.hasPdfPreview\" hidden class=\"wp-block-file__embed\" data=\"https:\/\/site.ac-martinique.fr\/svt\/wp-content\/uploads\/sites\/97\/2024\/10\/2-IPR_SVT_27_mars_Note_2_1265827.pdf\" type=\"application\/pdf\" style=\"width:100%;height:600px\" aria-label=\"Contenu embarqu\u00e9 Note n\u00b02.\"><\/object><a id=\"wp-block-file--media-1e9779b4-64ca-4909-bb68-0b3374d9426f\" href=\"https:\/\/site.ac-martinique.fr\/svt\/wp-content\/uploads\/sites\/97\/2024\/10\/2-IPR_SVT_27_mars_Note_2_1265827.pdf\">Note n\u00b02<\/a><a href=\"https:\/\/site.ac-martinique.fr\/svt\/wp-content\/uploads\/sites\/97\/2024\/10\/2-IPR_SVT_27_mars_Note_2_1265827.pdf\" class=\"wp-block-file__button wp-element-button\" download aria-describedby=\"wp-block-file--media-1e9779b4-64ca-4909-bb68-0b3374d9426f\">T\u00e9l\u00e9charger<\/a><\/div>\n\n\n\n<div data-wp-interactive=\"core\/file\" class=\"wp-block-file\"><object data-wp-bind--hidden=\"!state.hasPdfPreview\" hidden class=\"wp-block-file__embed\" data=\"https:\/\/site.ac-martinique.fr\/svt\/wp-content\/uploads\/sites\/97\/2021\/08\/Note3IPR_1275172-1.pdf\" type=\"application\/pdf\" style=\"width:100%;height:600px\" aria-label=\"Contenu embarqu\u00e9 Note n\u00b03.\"><\/object><a id=\"wp-block-file--media-827f401d-ba04-4c65-bf61-e31044b8c0c0\" href=\"https:\/\/site.ac-martinique.fr\/svt\/wp-content\/uploads\/sites\/97\/2021\/08\/Note3IPR_1275172-1.pdf\">Note n\u00b03<\/a><a href=\"https:\/\/site.ac-martinique.fr\/svt\/wp-content\/uploads\/sites\/97\/2021\/08\/Note3IPR_1275172-1.pdf\" class=\"wp-block-file__button wp-element-button\" download aria-describedby=\"wp-block-file--media-827f401d-ba04-4c65-bf61-e31044b8c0c0\">T\u00e9l\u00e9charger<\/a><\/div>\n\n\n\n<div data-wp-interactive=\"core\/file\" class=\"wp-block-file\"><object data-wp-bind--hidden=\"!state.hasPdfPreview\" hidden class=\"wp-block-file__embed\" data=\"https:\/\/site.ac-martinique.fr\/svt\/wp-content\/uploads\/sites\/97\/2021\/08\/Note_4_1323024-1.pdf\" type=\"application\/pdf\" style=\"width:100%;height:600px\" aria-label=\"Contenu embarqu\u00e9 Note n\u00b04.\"><\/object><a href=\"https:\/\/site.ac-martinique.fr\/svt\/wp-content\/uploads\/sites\/97\/2021\/08\/Note_4_1323024-1.pdf\">Note n\u00b04<\/a><a href=\"https:\/\/site.ac-martinique.fr\/svt\/wp-content\/uploads\/sites\/97\/2021\/08\/Note_4_1323024-1.pdf\" class=\"wp-block-file__button wp-element-button\" download>T\u00e9l\u00e9charger<\/a><\/div>\n\n\n\n<h4 class=\"wp-block-heading has-vivid-red-color has-text-color\"><strong>Aide \u00e0 la continuit\u00e9 p\u00e9dagogique pour les enseignants de SVT &#8211; GRF SVT MARTINIQUE<\/strong><\/h4>\n\n\n\n<div class=\"wp-block-file\"><a id=\"wp-block-file--media-07149c07-85e2-4743-9493-1d43e505862b\" href=\"https:\/\/site.ac-martinique.fr\/svt\/wp-content\/uploads\/sites\/97\/2021\/08\/Conseils_Continuite_pedagogique.docx\">Conseils_Continuit\u00e9_p\u00e9dagogique<\/a><a href=\"https:\/\/site.ac-martinique.fr\/svt\/wp-content\/uploads\/sites\/97\/2021\/08\/Conseils_Continuite_pedagogique.docx\" class=\"wp-block-file__button wp-element-button\" download aria-describedby=\"wp-block-file--media-07149c07-85e2-4743-9493-1d43e505862b\">T\u00e9l\u00e9charger<\/a><\/div>\n\n\n\n<div data-wp-interactive=\"core\/file\" class=\"wp-block-file\"><object data-wp-bind--hidden=\"!state.hasPdfPreview\" hidden class=\"wp-block-file__embed\" data=\"https:\/\/site.ac-martinique.fr\/svt\/wp-content\/uploads\/sites\/97\/2021\/08\/Ma-classe-virutelle-eleve.pdf\" type=\"application\/pdf\" style=\"width:100%;height:600px\" aria-label=\"Contenu embarqu\u00e9 Ma classe virtuelle \u00e9l\u00e8ve.\"><\/object><a id=\"wp-block-file--media-2a4ee526-e9bf-4a6b-812d-52f26206404b\" href=\"https:\/\/site.ac-martinique.fr\/svt\/wp-content\/uploads\/sites\/97\/2021\/08\/Ma-classe-virutelle-eleve.pdf\">Ma classe virtuelle \u00e9l\u00e8ve<\/a><a href=\"https:\/\/site.ac-martinique.fr\/svt\/wp-content\/uploads\/sites\/97\/2021\/08\/Ma-classe-virutelle-eleve.pdf\" class=\"wp-block-file__button wp-element-button\" download aria-describedby=\"wp-block-file--media-2a4ee526-e9bf-4a6b-812d-52f26206404b\">T\u00e9l\u00e9charger<\/a><\/div>\n\n\n\n<div data-wp-interactive=\"core\/file\" class=\"wp-block-file\"><object data-wp-bind--hidden=\"!state.hasPdfPreview\" hidden class=\"wp-block-file__embed\" data=\"https:\/\/site.ac-martinique.fr\/svt\/wp-content\/uploads\/sites\/97\/2021\/08\/Reussir_Classe_Virtuelle_Enseignant_1265825.pdf\" type=\"application\/pdf\" style=\"width:100%;height:600px\" aria-label=\"Contenu embarqu\u00e9 R\u00e9ussir sa Classe Virtuelle - Guide Enseignants.\"><\/object><a id=\"wp-block-file--media-67e44634-d859-4319-b188-1a032ae88c87\" href=\"https:\/\/site.ac-martinique.fr\/svt\/wp-content\/uploads\/sites\/97\/2021\/08\/Reussir_Classe_Virtuelle_Enseignant_1265825.pdf\">R\u00e9ussir sa Classe Virtuelle &#8211; Guide Enseignants<\/a><a href=\"https:\/\/site.ac-martinique.fr\/svt\/wp-content\/uploads\/sites\/97\/2021\/08\/Reussir_Classe_Virtuelle_Enseignant_1265825.pdf\" class=\"wp-block-file__button wp-element-button\" download aria-describedby=\"wp-block-file--media-67e44634-d859-4319-b188-1a032ae88c87\">T\u00e9l\u00e9charger<\/a><\/div>\n\n\n\n<h4 class=\"wp-block-heading has-vivid-red-color has-text-color\">Ressources utiles pour la continuit\u00e9 p\u00e9dagogique<\/h4>\n\n\n\n<iframe loading=\"lazy\" src=\"https:\/\/www.pearltrees.com\/t\/continuite-pedagogique\/sciences-de-la-vie-svt\/id32054484?embed=2&#038;d=202303031045\" width=\"560\" height=\"413\" style=\"border:0px;\" allowtransparency=\"true\"><\/iframe><span style=\"display:block; padding-top:2px; color:#818181; font-size:13px;\"><a href=\"https:\/\/www.pearltrees.com\/t\/continuite-pedagogique\/sciences-de-la-vie-svt\/id32054484\" style=\" color:#818181; font-size:13px;\" target=\"_blank\" rel=\"noopener\">Sciences de la vie &#8211; SVT<\/a>, par <a href=\"https:\/\/www.pearltrees.com\/t\/continuite-pedagogique\/id30928904\" style=\" color:#818181; font-size:13px;\" target=\"_blank\" rel=\"noopener\">l&rsquo;&eacute;quipe Continuit&eacute; p&eacute;dagogique &#8211; Des ressources dans chaque discipline<\/a><\/span>\n\n\n\n<h4 class=\"wp-block-heading has-vivid-red-color has-text-color\">Ressources propos\u00e9es par l&rsquo;Interlocutrice Acad\u00e9mique pour le Num\u00e9rique (I.A.N) &#8211; ELY-MARIUS S\u00e9verine<\/h4>\n\n\n\n<div class=\"wp-block-file\"><a id=\"wp-block-file--media-bbcaa983-628e-4572-b6f0-8e27de1c38a5\" href=\"https:\/\/site.ac-martinique.fr\/svt\/wp-content\/uploads\/sites\/97\/2021\/08\/IANSVTnumerique_1265854.docx\">Ressources<\/a><a href=\"https:\/\/site.ac-martinique.fr\/svt\/wp-content\/uploads\/sites\/97\/2021\/08\/IANSVTnumerique_1265854.docx\" class=\"wp-block-file__button wp-element-button\" download aria-describedby=\"wp-block-file--media-bbcaa983-628e-4572-b6f0-8e27de1c38a5\">T\u00e9l\u00e9charger<\/a><\/div>\n\n\n\n<div data-wp-interactive=\"core\/file\" class=\"wp-block-file\"><object data-wp-bind--hidden=\"!state.hasPdfPreview\" hidden class=\"wp-block-file__embed\" data=\"https:\/\/site.ac-martinique.fr\/svt\/wp-content\/uploads\/sites\/97\/2021\/08\/SVTnumeriquecarte_1278664.pdf\" type=\"application\/pdf\" style=\"width:100%;height:600px\" aria-label=\"PDF embarqu\u00e9\"><\/object><a href=\"https:\/\/site.ac-martinique.fr\/svt\/wp-content\/uploads\/sites\/97\/2021\/08\/SVTnumeriquecarte_1278664.pdf\" class=\"wp-block-file__button wp-element-button\" download>T\u00e9l\u00e9charger<\/a><\/div>\n\n\n\n<h4 class=\"wp-block-heading has-vivid-red-color has-text-color\">Informations compl\u00e9mentaires<\/h4>\n\n\n\n<div data-wp-interactive=\"core\/file\" class=\"wp-block-file\"><object data-wp-bind--hidden=\"!state.hasPdfPreview\" hidden class=\"wp-block-file__embed\" data=\"https:\/\/site.ac-martinique.fr\/svt\/wp-content\/uploads\/sites\/97\/2021\/08\/CNILOutilsEDUCNUM_1275174.pdf\" type=\"application\/pdf\" style=\"width:100%;height:600px\" aria-label=\"Contenu embarqu\u00e9 Continuit\u00e9 p\u00e9dagogique : les conseils de la CNIL.\"><\/object><a id=\"wp-block-file--media-9f5c932d-b985-44c7-b01a-bef6f26650b3\" href=\"https:\/\/site.ac-martinique.fr\/svt\/wp-content\/uploads\/sites\/97\/2021\/08\/CNILOutilsEDUCNUM_1275174.pdf\">Continuit\u00e9 p\u00e9dagogique : les conseils de la CNIL<\/a><a href=\"https:\/\/site.ac-martinique.fr\/svt\/wp-content\/uploads\/sites\/97\/2021\/08\/CNILOutilsEDUCNUM_1275174.pdf\" class=\"wp-block-file__button wp-element-button\" download aria-describedby=\"wp-block-file--media-9f5c932d-b985-44c7-b01a-bef6f26650b3\">T\u00e9l\u00e9charger<\/a><\/div>\n","protected":false},"excerpt":{"rendered":"<p>Retrouvez ci-dessous des ressources concernant la continuit\u00e9 p\u00e9dagogique durant cette p\u00e9riode de confinement. Quelques pistes pour l&rsquo;hybridation des enseignements&nbsp; &#8211; GRF SVT Aide \u00e0 la continuit\u00e9 p\u00e9dagogique pour les enseignants de SVT &#8211; GRF SVT MARTINIQUE Ressources utiles pour la continuit\u00e9 p\u00e9dagogique Sciences de la vie &#8211; SVT, par l&rsquo;&eacute;quipe Continuit&eacute; p&eacute;dagogique &#8211; Des ressources &hellip; <\/p>\n<p><a class=\"more-link btn\" href=\"https:\/\/site.ac-martinique.fr\/svt\/?page_id=4708\">Lire la suite<\/a><\/p>\n","protected":false},"author":253,"featured_media":0,"parent":0,"menu_order":0,"comment_status":"closed","ping_status":"closed","template":"","meta":{"footnotes":""},"class_list":["post-4708","page","type-page","status-publish","hentry","nodate","item-wrap"],"_links":{"self":[{"href":"https:\/\/site.ac-martinique.fr\/svt\/index.php?rest_route=\/wp\/v2\/pages\/4708","targetHints":{"allow":["GET"]}}],"collection":[{"href":"https:\/\/site.ac-martinique.fr\/svt\/index.php?rest_route=\/wp\/v2\/pages"}],"about":[{"href":"https:\/\/site.ac-martinique.fr\/svt\/index.php?rest_route=\/wp\/v2\/types\/page"}],"author":[{"embeddable":true,"href":"https:\/\/site.ac-martinique.fr\/svt\/index.php?rest_route=\/wp\/v2\/users\/253"}],"replies":[{"embeddable":true,"href":"https:\/\/site.ac-martinique.fr\/svt\/index.php?rest_route=%2Fwp%2Fv2%2Fcomments&post=4708"}],"version-history":[{"count":16,"href":"https:\/\/site.ac-martinique.fr\/svt\/index.php?rest_route=\/wp\/v2\/pages\/4708\/revisions"}],"predecessor-version":[{"id":5712,"href":"https:\/\/site.ac-martinique.fr\/svt\/index.php?rest_route=\/wp\/v2\/pages\/4708\/revisions\/5712"}],"wp:attachment":[{"href":"https:\/\/site.ac-martinique.fr\/svt\/index.php?rest_route=%2Fwp%2Fv2%2Fmedia&parent=4708"}],"curies":[{"name":"wp","href":"https:\/\/api.w.org\/{rel}","templated":true}]}}