{"id":4732,"date":"2021-08-26T05:11:30","date_gmt":"2021-08-26T04:11:30","guid":{"rendered":"https:\/\/site.ac-martinique.fr\/svt\/?page_id=4732"},"modified":"2021-08-26T05:11:30","modified_gmt":"2021-08-26T04:11:30","slug":"enseigner-les-svt","status":"publish","type":"page","link":"https:\/\/site.ac-martinique.fr\/svt\/?page_id=4732","title":{"rendered":"Enseigner les SVT"},"content":{"rendered":"\n<h4 class=\"wp-block-heading\"><a href=\"https:\/\/site.ac-martinique.fr\/svt\/?page_id=4315\" data-type=\"URL\" data-id=\"https:\/\/site.ac-martinique.fr\/svt\/?page_id=4315\">Socle Commun de Connaissance, de Comp\u00e9tences et de Culture<\/a><\/h4>\n\n\n\n<h4 class=\"wp-block-heading\"><a href=\"https:\/\/site.ac-martinique.fr\/svt\/?page_id=4417\" data-type=\"URL\" data-id=\"https:\/\/site.ac-martinique.fr\/svt\/?page_id=4417\">Au Coll\u00e8ge<\/a><\/h4>\n\n\n\n<h4 class=\"wp-block-heading\"><a href=\"https:\/\/site.ac-martinique.fr\/svt\/?page_id=4464\" data-type=\"URL\" data-id=\"https:\/\/site.ac-martinique.fr\/svt\/?page_id=4464\">Au Lyc\u00e9e<\/a><\/h4>\n\n\n\n<p><\/p>\n","protected":false},"excerpt":{"rendered":"<p>Socle Commun de Connaissance, de Comp\u00e9tences et de Culture Au Coll\u00e8ge Au Lyc\u00e9e<\/p>\n","protected":false},"author":253,"featured_media":0,"parent":0,"menu_order":0,"comment_status":"closed","ping_status":"closed","template":"","meta":{"footnotes":""},"class_list":["post-4732","page","type-page","status-publish","hentry","nodate","item-wrap"],"_links":{"self":[{"href":"https:\/\/site.ac-martinique.fr\/svt\/index.php?rest_route=\/wp\/v2\/pages\/4732","targetHints":{"allow":["GET"]}}],"collection":[{"href":"https:\/\/site.ac-martinique.fr\/svt\/index.php?rest_route=\/wp\/v2\/pages"}],"about":[{"href":"https:\/\/site.ac-martinique.fr\/svt\/index.php?rest_route=\/wp\/v2\/types\/page"}],"author":[{"embeddable":true,"href":"https:\/\/site.ac-martinique.fr\/svt\/index.php?rest_route=\/wp\/v2\/users\/253"}],"replies":[{"embeddable":true,"href":"https:\/\/site.ac-martinique.fr\/svt\/index.php?rest_route=%2Fwp%2Fv2%2Fcomments&post=4732"}],"version-history":[{"count":1,"href":"https:\/\/site.ac-martinique.fr\/svt\/index.php?rest_route=\/wp\/v2\/pages\/4732\/revisions"}],"predecessor-version":[{"id":4733,"href":"https:\/\/site.ac-martinique.fr\/svt\/index.php?rest_route=\/wp\/v2\/pages\/4732\/revisions\/4733"}],"wp:attachment":[{"href":"https:\/\/site.ac-martinique.fr\/svt\/index.php?rest_route=%2Fwp%2Fv2%2Fmedia&parent=4732"}],"curies":[{"name":"wp","href":"https:\/\/api.w.org\/{rel}","templated":true}]}}