{"id":4835,"date":"2021-08-26T15:34:31","date_gmt":"2021-08-26T14:34:31","guid":{"rendered":"https:\/\/site.ac-martinique.fr\/svt\/?page_id=4835"},"modified":"2024-10-11T23:19:24","modified_gmt":"2024-10-11T22:19:24","slug":"sujets-2","status":"publish","type":"page","link":"https:\/\/site.ac-martinique.fr\/svt\/?page_id=4835","title":{"rendered":"Sujets"},"content":{"rendered":"\n<p class=\"has-vivid-red-color has-text-color has-link-color wp-elements-92262d69e3815200e91fb2c4c4786703\"><strong>Session 2021<\/strong><\/p>\n\n\n\n<div data-wp-interactive=\"core\/file\" class=\"wp-block-file\"><object data-wp-bind--hidden=\"!state.hasPdfPreview\" hidden class=\"wp-block-file__embed\" data=\"https:\/\/site.ac-martinique.fr\/svt\/wp-content\/uploads\/sites\/97\/2021\/08\/S0BAC21-Tle-SPE-SVT-1.pdf\" type=\"application\/pdf\" style=\"width:100%;height:600px\" aria-label=\"Contenu embarqu\u00e9 Sujet 0 - Enseignement de Sp\u00e9cialit\u00e9 .\"><\/object><a href=\"https:\/\/site.ac-martinique.fr\/svt\/wp-content\/uploads\/sites\/97\/2021\/08\/S0BAC21-Tle-SPE-SVT-1.pdf\">Sujet 0 &#8211; Enseignement de Sp\u00e9cialit\u00e9 <\/a><a href=\"https:\/\/site.ac-martinique.fr\/svt\/wp-content\/uploads\/sites\/97\/2021\/08\/S0BAC21-Tle-SPE-SVT-1.pdf\" class=\"wp-block-file__button wp-element-button\" download>T\u00e9l\u00e9charger<\/a><\/div>\n\n\n\n<p class=\"has-vivid-red-color has-text-color has-link-color wp-elements-d1c5c21e9a3213904f9f9ba7ddc70d19\"><strong>Session 2022<\/strong><\/p>\n\n\n\n<div data-wp-interactive=\"core\/file\" class=\"wp-block-file\"><object data-wp-bind--hidden=\"!state.hasPdfPreview\" hidden class=\"wp-block-file__embed\" data=\"https:\/\/site.ac-martinique.fr\/svt\/wp-content\/uploads\/sites\/97\/2024\/10\/baccalaur-at-g-n-ral-2022-sciences-de-la-vie-et-de-la-terre-114254_0.pdf\" type=\"application\/pdf\" style=\"width:100%;height:600px\" aria-label=\"Contenu embarqu\u00e9 baccalaur-at-g-n-ral-2022---sciences-de-la-vie-et-de-la-terre-114254_0.\"><\/object><a id=\"wp-block-file--media-d9e1aa56-7515-4b0b-a0e6-1434224dfdee\" href=\"https:\/\/site.ac-martinique.fr\/svt\/wp-content\/uploads\/sites\/97\/2024\/10\/baccalaur-at-g-n-ral-2022-sciences-de-la-vie-et-de-la-terre-114254_0.pdf\">baccalaur-at-g-n-ral-2022&#8212;sciences-de-la-vie-et-de-la-terre-114254_0<\/a><a href=\"https:\/\/site.ac-martinique.fr\/svt\/wp-content\/uploads\/sites\/97\/2024\/10\/baccalaur-at-g-n-ral-2022-sciences-de-la-vie-et-de-la-terre-114254_0.pdf\" class=\"wp-block-file__button wp-element-button\" download aria-describedby=\"wp-block-file--media-d9e1aa56-7515-4b0b-a0e6-1434224dfdee\">T\u00e9l\u00e9charger<\/a><\/div>\n\n\n\n<div data-wp-interactive=\"core\/file\" class=\"wp-block-file\"><object data-wp-bind--hidden=\"!state.hasPdfPreview\" hidden class=\"wp-block-file__embed\" data=\"https:\/\/site.ac-martinique.fr\/svt\/wp-content\/uploads\/sites\/97\/2024\/10\/baccalaur-at-g-n-ral-2022-sciences-de-la-vie-et-de-la-terre-preuve-du-12-mai-2022-114356.pdf\" type=\"application\/pdf\" style=\"width:100%;height:600px\" aria-label=\"Contenu embarqu\u00e9 baccalaur-at-g-n-ral-2022---sciences-de-la-vie-et-de-la-terre---preuve-du-12-mai-2022-114356.\"><\/object><a id=\"wp-block-file--media-167da483-29e3-4574-b889-7035df6a5fff\" href=\"https:\/\/site.ac-martinique.fr\/svt\/wp-content\/uploads\/sites\/97\/2024\/10\/baccalaur-at-g-n-ral-2022-sciences-de-la-vie-et-de-la-terre-preuve-du-12-mai-2022-114356.pdf\">baccalaur-at-g-n-ral-2022&#8212;sciences-de-la-vie-et-de-la-terre&#8212;preuve-du-12-mai-2022-114356<\/a><a href=\"https:\/\/site.ac-martinique.fr\/svt\/wp-content\/uploads\/sites\/97\/2024\/10\/baccalaur-at-g-n-ral-2022-sciences-de-la-vie-et-de-la-terre-preuve-du-12-mai-2022-114356.pdf\" class=\"wp-block-file__button wp-element-button\" download aria-describedby=\"wp-block-file--media-167da483-29e3-4574-b889-7035df6a5fff\">T\u00e9l\u00e9charger<\/a><\/div>\n\n\n\n<p><\/p>\n\n\n\n<p class=\"has-vivid-red-color has-text-color has-link-color wp-elements-dac62cac25ca0cb99ecb9be71a174459\"><strong>Session 2023<\/strong><\/p>\n\n\n\n<div data-wp-interactive=\"core\/file\" class=\"wp-block-file\"><object data-wp-bind--hidden=\"!state.hasPdfPreview\" hidden class=\"wp-block-file__embed\" data=\"https:\/\/site.ac-martinique.fr\/svt\/wp-content\/uploads\/sites\/97\/2024\/10\/baccalaur-at-g-n-ral-2023-sciences-de-la-vie-et-de-la-terre-133838_0.pdf\" type=\"application\/pdf\" style=\"width:100%;height:600px\" aria-label=\"Contenu embarqu\u00e9 baccalaur-at-g-n-ral-2023---sciences-de-la-vie-et-de-la-terre-133838_0.\"><\/object><a id=\"wp-block-file--media-e7aef350-4bdb-472d-984d-9c0deb4206e5\" href=\"https:\/\/site.ac-martinique.fr\/svt\/wp-content\/uploads\/sites\/97\/2024\/10\/baccalaur-at-g-n-ral-2023-sciences-de-la-vie-et-de-la-terre-133838_0.pdf\">baccalaur-at-g-n-ral-2023&#8212;sciences-de-la-vie-et-de-la-terre-133838_0<\/a><a href=\"https:\/\/site.ac-martinique.fr\/svt\/wp-content\/uploads\/sites\/97\/2024\/10\/baccalaur-at-g-n-ral-2023-sciences-de-la-vie-et-de-la-terre-133838_0.pdf\" class=\"wp-block-file__button wp-element-button\" download aria-describedby=\"wp-block-file--media-e7aef350-4bdb-472d-984d-9c0deb4206e5\">T\u00e9l\u00e9charger<\/a><\/div>\n\n\n\n<div data-wp-interactive=\"core\/file\" class=\"wp-block-file\"><object data-wp-bind--hidden=\"!state.hasPdfPreview\" hidden class=\"wp-block-file__embed\" data=\"https:\/\/site.ac-martinique.fr\/svt\/wp-content\/uploads\/sites\/97\/2024\/10\/baccalaur-at-g-n-ral-2023-sciences-de-la-vie-et-de-la-terre-133970.pdf\" type=\"application\/pdf\" style=\"width:100%;height:600px\" aria-label=\"Contenu embarqu\u00e9 baccalaur-at-g-n-ral-2023---sciences-de-la-vie-et-de-la-terre-133970.\"><\/object><a id=\"wp-block-file--media-789b2357-9fb7-42c6-bcf3-40218d565ace\" href=\"https:\/\/site.ac-martinique.fr\/svt\/wp-content\/uploads\/sites\/97\/2024\/10\/baccalaur-at-g-n-ral-2023-sciences-de-la-vie-et-de-la-terre-133970.pdf\">baccalaur-at-g-n-ral-2023&#8212;sciences-de-la-vie-et-de-la-terre-133970<\/a><a href=\"https:\/\/site.ac-martinique.fr\/svt\/wp-content\/uploads\/sites\/97\/2024\/10\/baccalaur-at-g-n-ral-2023-sciences-de-la-vie-et-de-la-terre-133970.pdf\" class=\"wp-block-file__button wp-element-button\" download aria-describedby=\"wp-block-file--media-789b2357-9fb7-42c6-bcf3-40218d565ace\">T\u00e9l\u00e9charger<\/a><\/div>\n","protected":false},"excerpt":{"rendered":"<p>Session 2021 Session 2022 Session 2023<\/p>\n","protected":false},"author":253,"featured_media":0,"parent":0,"menu_order":0,"comment_status":"closed","ping_status":"closed","template":"","meta":{"footnotes":""},"class_list":["post-4835","page","type-page","status-publish","hentry","nodate","item-wrap"],"_links":{"self":[{"href":"https:\/\/site.ac-martinique.fr\/svt\/index.php?rest_route=\/wp\/v2\/pages\/4835","targetHints":{"allow":["GET"]}}],"collection":[{"href":"https:\/\/site.ac-martinique.fr\/svt\/index.php?rest_route=\/wp\/v2\/pages"}],"about":[{"href":"https:\/\/site.ac-martinique.fr\/svt\/index.php?rest_route=\/wp\/v2\/types\/page"}],"author":[{"embeddable":true,"href":"https:\/\/site.ac-martinique.fr\/svt\/index.php?rest_route=\/wp\/v2\/users\/253"}],"replies":[{"embeddable":true,"href":"https:\/\/site.ac-martinique.fr\/svt\/index.php?rest_route=%2Fwp%2Fv2%2Fcomments&post=4835"}],"version-history":[{"count":6,"href":"https:\/\/site.ac-martinique.fr\/svt\/index.php?rest_route=\/wp\/v2\/pages\/4835\/revisions"}],"predecessor-version":[{"id":5577,"href":"https:\/\/site.ac-martinique.fr\/svt\/index.php?rest_route=\/wp\/v2\/pages\/4835\/revisions\/5577"}],"wp:attachment":[{"href":"https:\/\/site.ac-martinique.fr\/svt\/index.php?rest_route=%2Fwp%2Fv2%2Fmedia&parent=4835"}],"curies":[{"name":"wp","href":"https:\/\/api.w.org\/{rel}","templated":true}]}}