{"id":4844,"date":"2021-08-26T16:12:05","date_gmt":"2021-08-26T15:12:05","guid":{"rendered":"https:\/\/site.ac-martinique.fr\/svt\/?page_id=4844"},"modified":"2023-03-03T15:17:45","modified_gmt":"2023-03-03T14:17:45","slug":"e-c-e","status":"publish","type":"page","link":"https:\/\/site.ac-martinique.fr\/svt\/?page_id=4844","title":{"rendered":"E.C.E"},"content":{"rendered":"\n<h4 class=\"has-vivid-red-color has-text-color wp-block-heading\">Ressources<\/h4>\n\n\n\n<iframe loading=\"lazy\" src=\"https:\/\/www.pearltrees.com\/ludovicmathieu\/ece-2023\/id54540113?embed=2&amp;d=20220902537\" style=\"border:0px;\" allowtransparency=\"true\" width=\"853\" height=\"604\"><\/iframe><span style=\"display:block; padding-top:2px; color:#818181; font-size:13px;\"><a href=\"https:\/\/www.pearltrees.com\/ludovicmathieu\/ece-2023\/id54540113\" style=\" color:#818181; font-size:13px;\" target=\"_blank\" rel=\"noopener\">ECE 2023<\/a>, par <a href=\"https:\/\/www.pearltrees.com\/ludovicmathieu\" style=\" color:#818181; font-size:13px;\" target=\"_blank\" rel=\"noopener\">ludovicmathieu<\/a><\/span>\n\n\n\n<div data-wp-interactive=\"core\/file\" class=\"wp-block-file\"><object data-wp-bind--hidden=\"!state.hasPdfPreview\" hidden class=\"wp-block-file__embed\" data=\"https:\/\/site.ac-martinique.fr\/svt\/wp-content\/uploads\/sites\/97\/2022\/10\/ECE-2023-MARTINIQUE.pdf\" type=\"application\/pdf\" style=\"width:100%;height:600px\" aria-label=\"Contenu embarqu\u00e9 Pr\u00e9sentation E.C.E - Madame GODARD - I.A-IPR DE SVT - 2023 - MARTINIQUE.\"><\/object><a id=\"wp-block-file--media-3e2c9e8f-8314-4032-b59a-17128a9d053b\" href=\"https:\/\/site.ac-martinique.fr\/svt\/wp-content\/uploads\/sites\/97\/2022\/10\/ECE-2023-MARTINIQUE.pdf\">Pr\u00e9sentation E.C.E &#8211; Madame GODARD &#8211; I.A-IPR DE SVT &#8211; 2023 &#8211; MARTINIQUE<\/a><a href=\"https:\/\/site.ac-martinique.fr\/svt\/wp-content\/uploads\/sites\/97\/2022\/10\/ECE-2023-MARTINIQUE.pdf\" class=\"wp-block-file__button wp-element-button\" download aria-describedby=\"wp-block-file--media-3e2c9e8f-8314-4032-b59a-17128a9d053b\">T\u00e9l\u00e9charger<\/a><\/div>\n\n\n\n<div data-wp-interactive=\"core\/file\" class=\"wp-block-file\"><object data-wp-bind--hidden=\"!state.hasPdfPreview\" hidden class=\"wp-block-file__embed\" data=\"https:\/\/site.ac-martinique.fr\/svt\/wp-content\/uploads\/sites\/97\/2023\/03\/guide_ece_2023-1.pdf\" type=\"application\/pdf\" style=\"width:100%;height:600px\" aria-label=\"Contenu embarqu\u00e9 Guide_ECE_2023.\"><\/object><a id=\"wp-block-file--media-e36e1b61-968e-435c-8dc0-a44eac067016\" href=\"https:\/\/site.ac-martinique.fr\/svt\/wp-content\/uploads\/sites\/97\/2023\/03\/guide_ece_2023-1.pdf\">Guide_ECE_2023<\/a><a href=\"https:\/\/site.ac-martinique.fr\/svt\/wp-content\/uploads\/sites\/97\/2023\/03\/guide_ece_2023-1.pdf\" class=\"wp-block-file__button wp-element-button\" download aria-describedby=\"wp-block-file--media-e36e1b61-968e-435c-8dc0-a44eac067016\">T\u00e9l\u00e9charger<\/a><\/div>\n\n\n\n<h4 class=\"has-vivid-red-color has-text-color wp-block-heading\">Ressources E.C.E 2023<\/h4>\n\n\n\n<div class=\"wp-block-file\"><a id=\"wp-block-file--media-6f7e7c1d-b2f4-4912-8a93-defc84aa695f\" href=\"https:\/\/site.ac-martinique.fr\/svt\/wp-content\/uploads\/sites\/97\/2022\/09\/fiche_reponse_candidat_2023.docx\">fiche_r\u00e9ponse_candidat_2023<\/a><a href=\"https:\/\/site.ac-martinique.fr\/svt\/wp-content\/uploads\/sites\/97\/2022\/09\/fiche_reponse_candidat_2023.docx\" class=\"wp-block-file__button wp-element-button\" download aria-describedby=\"wp-block-file--media-6f7e7c1d-b2f4-4912-8a93-defc84aa695f\">T\u00e9l\u00e9charger<\/a><\/div>\n\n\n\n<div class=\"wp-block-file\"><a id=\"wp-block-file--media-1a3edc0e-bd85-4409-bbcd-c92c1da21c04\" href=\"https:\/\/site.ac-martinique.fr\/svt\/wp-content\/uploads\/sites\/97\/2022\/09\/Matrice_FICHE-LABO_-autres_DEF2023.docx\">Matrice_FICHE-LABO_-autres_DEF2023<\/a><a href=\"https:\/\/site.ac-martinique.fr\/svt\/wp-content\/uploads\/sites\/97\/2022\/09\/Matrice_FICHE-LABO_-autres_DEF2023.docx\" class=\"wp-block-file__button wp-element-button\" download aria-describedby=\"wp-block-file--media-1a3edc0e-bd85-4409-bbcd-c92c1da21c04\">T\u00e9l\u00e9charger<\/a><\/div>\n\n\n\n<h4 class=\"has-vivid-red-color has-text-color wp-block-heading\">Banque de situations<\/h4>\n\n\n\n<p>La banque de situations est accessible <a href=\"https:\/\/eduscol.education.fr\/2561\/banques-des-ece\" data-type=\"URL\" data-id=\"https:\/\/eduscol.education.fr\/2561\/banques-des-ece\" target=\"_blank\" rel=\"noreferrer noopener\">ici<\/a><\/p>\n\n\n\n<p>Chaque acad\u00e9mie choisira, dans cette liste, 20 sujets qui seront propos\u00e9s aux \u00e9tablissements. Les supports sont t\u00e9l\u00e9chargeables en formats modifiables et PDF.<\/p>\n","protected":false},"excerpt":{"rendered":"<p>Ressources ECE 2023, par ludovicmathieu Ressources E.C.E 2023 Banque de situations La banque de situations est accessible ici Chaque acad\u00e9mie choisira, dans cette liste, 20 sujets qui seront propos\u00e9s aux \u00e9tablissements. Les supports sont t\u00e9l\u00e9chargeables en formats modifiables et PDF.<\/p>\n","protected":false},"author":253,"featured_media":0,"parent":0,"menu_order":0,"comment_status":"closed","ping_status":"closed","template":"","meta":{"footnotes":""},"class_list":["post-4844","page","type-page","status-publish","hentry","nodate","item-wrap"],"_links":{"self":[{"href":"https:\/\/site.ac-martinique.fr\/svt\/index.php?rest_route=\/wp\/v2\/pages\/4844","targetHints":{"allow":["GET"]}}],"collection":[{"href":"https:\/\/site.ac-martinique.fr\/svt\/index.php?rest_route=\/wp\/v2\/pages"}],"about":[{"href":"https:\/\/site.ac-martinique.fr\/svt\/index.php?rest_route=\/wp\/v2\/types\/page"}],"author":[{"embeddable":true,"href":"https:\/\/site.ac-martinique.fr\/svt\/index.php?rest_route=\/wp\/v2\/users\/253"}],"replies":[{"embeddable":true,"href":"https:\/\/site.ac-martinique.fr\/svt\/index.php?rest_route=%2Fwp%2Fv2%2Fcomments&post=4844"}],"version-history":[{"count":12,"href":"https:\/\/site.ac-martinique.fr\/svt\/index.php?rest_route=\/wp\/v2\/pages\/4844\/revisions"}],"predecessor-version":[{"id":5256,"href":"https:\/\/site.ac-martinique.fr\/svt\/index.php?rest_route=\/wp\/v2\/pages\/4844\/revisions\/5256"}],"wp:attachment":[{"href":"https:\/\/site.ac-martinique.fr\/svt\/index.php?rest_route=%2Fwp%2Fv2%2Fmedia&parent=4844"}],"curies":[{"name":"wp","href":"https:\/\/api.w.org\/{rel}","templated":true}]}}