{"id":4855,"date":"2021-08-26T16:23:00","date_gmt":"2021-08-26T15:23:00","guid":{"rendered":"https:\/\/site.ac-martinique.fr\/svt\/?page_id=4855"},"modified":"2024-10-12T00:47:53","modified_gmt":"2024-10-11T23:47:53","slug":"conferences-scientifiques","status":"publish","type":"page","link":"https:\/\/site.ac-martinique.fr\/svt\/?page_id=4855","title":{"rendered":"Conf\u00e9rences Scientifiques"},"content":{"rendered":"\n<p class=\"has-pale-pink-color has-text-color has-link-color wp-elements-7a65d0f61607a79145965b207d17ea99\"><strong>ANN\u00c9E 2018<\/strong><\/p>\n\n\n\n<p class=\"has-vivid-red-color has-text-color has-link-color wp-elements-2a452c620f22f3c3383a59a7586e7e37\"><strong>S\u00e9minaire national \u00ab\u00a0Esprit scientifique, esprit critique\u00a0\u00bb, cycles 2, 3 et 4<\/strong><\/p>\n\n\n\n<p>Vid\u00e9os, ressources et programme du s\u00e9minaire national \u00ab\u00a0Esprit scientifique, esprit critique\u00a0\u00bb organis\u00e9 par la direction g\u00e9n\u00e9rale de l\u2019enseignement scolaire, l\u2019inspection g\u00e9n\u00e9rale de l\u2019\u00e9ducation nationale et la Fondation la main \u00e0 la p\u00e2te,&nbsp;&nbsp;les 29 et 30 mai 2018.&nbsp;<\/p>\n\n\n\n<p><a href=\"https:\/\/eduscol.education.fr\/496\/seminaire-national-esprit-scientifique-esprit-critique-cycles-2-3-et-4\" data-type=\"URL\" data-id=\"https:\/\/eduscol.education.fr\/496\/seminaire-national-esprit-scientifique-esprit-critique-cycles-2-3-et-4\" target=\"_blank\" rel=\"noreferrer noopener\">Acc\u00e9der aux ressources<\/a><\/p>\n\n\n\n<p class=\"has-pale-pink-color has-text-color has-link-color wp-elements-c7b6a527ac6a99d4f1dc166f195b111f\"><strong>ANN\u00c9E 2021-2022<\/strong><\/p>\n\n\n\n<p class=\"has-vivid-red-color has-text-color has-link-color wp-elements-fa38e7c9a94fab304b6f835a04d4bacb\">Conf\u00e9rence &#8211; Le monde microbien\u00a0: Marc-Andr\u00e9 SELOSSE<\/p>\n\n\n\n<p>Captation r\u00e9alis\u00e9e au lyc\u00e9e Acajou 2 &#8211; Martinique<\/p>\n\n\n\n<h4 class=\"wp-block-heading has-vivid-red-color has-text-color\">Conf\u00e9rence &#8211; Biodiversit\u00e9 et Evolution&nbsp;: Pierre Henri GOUYON<\/h4>\n\n\n\n<p>Captation r\u00e9alis\u00e9e au lyc\u00e9e Acajou 2 &#8211; Martinique<\/p>\n\n\n\n<p class=\"has-pale-pink-color has-text-color has-link-color wp-elements-cc299383d2b846fddb099a047a7af31f\"><strong>ANN\u00c9E 2023-2024<\/strong><\/p>\n\n\n\n<p class=\"has-vivid-red-color has-text-color has-link-color wp-elements-97ba9ec153bb31b6501e1b68ae546c8a\"><strong>Situation \u00e9pid\u00e9miologique de la dengue en Martinique FR\u00c9D\u00c9RIQUE DORL\u00c9ANS &#8211; JACQUES ROSINE Sant\u00e9 Publique France<\/strong><\/p>\n\n\n\n<div data-wp-interactive=\"core\/file\" class=\"wp-block-file\"><object data-wp-bind--hidden=\"!state.hasPdfPreview\" hidden class=\"wp-block-file__embed\" data=\"https:\/\/site.ac-martinique.fr\/svt\/wp-content\/uploads\/sites\/97\/2024\/10\/20231004_Dengue_ProfSVT_lycees_SpFAntilles.pdf\" type=\"application\/pdf\" style=\"width:100%;height:600px\" aria-label=\"Contenu embarqu\u00e9 20231004_Dengue_ProfSVT_lycees_SpFAntilles.\"><\/object><a id=\"wp-block-file--media-683807b0-c71a-4575-ba52-6bb95d2343b2\" href=\"https:\/\/site.ac-martinique.fr\/svt\/wp-content\/uploads\/sites\/97\/2024\/10\/20231004_Dengue_ProfSVT_lycees_SpFAntilles.pdf\">20231004_Dengue_ProfSVT_lycees_SpFAntilles<\/a><a href=\"https:\/\/site.ac-martinique.fr\/svt\/wp-content\/uploads\/sites\/97\/2024\/10\/20231004_Dengue_ProfSVT_lycees_SpFAntilles.pdf\" class=\"wp-block-file__button wp-element-button\" download aria-describedby=\"wp-block-file--media-683807b0-c71a-4575-ba52-6bb95d2343b2\">T\u00e9l\u00e9charger<\/a><\/div>\n\n\n\n<p class=\"has-vivid-red-color has-text-color has-link-color wp-elements-9246926a63001d9fb1bdadbc25fb8acd\"><strong>Dengue et vaccination contre la denguePr ANDRE CABI\u00c9Universit\u00e9 des Antilles PCCEI, UMR1058, Inserm,Univ . Montpellier, EF, CHU de Martinique<\/strong><\/p>\n\n\n\n<div data-wp-interactive=\"core\/file\" class=\"wp-block-file\"><object data-wp-bind--hidden=\"!state.hasPdfPreview\" hidden class=\"wp-block-file__embed\" data=\"https:\/\/site.ac-martinique.fr\/svt\/wp-content\/uploads\/sites\/97\/2024\/10\/Dengue-et-vaccination-contre-la-dengue_-A-CABIE.pdf\" type=\"application\/pdf\" style=\"width:100%;height:600px\" aria-label=\"Contenu embarqu\u00e9 Dengue-et-vaccination-contre-la-dengue_-A-CABIE.\"><\/object><a id=\"wp-block-file--media-5a897db5-48d9-47a1-8685-653530882fd3\" href=\"https:\/\/site.ac-martinique.fr\/svt\/wp-content\/uploads\/sites\/97\/2024\/10\/Dengue-et-vaccination-contre-la-dengue_-A-CABIE.pdf\">Dengue-et-vaccination-contre-la-dengue_-A-CABIE<\/a><a href=\"https:\/\/site.ac-martinique.fr\/svt\/wp-content\/uploads\/sites\/97\/2024\/10\/Dengue-et-vaccination-contre-la-dengue_-A-CABIE.pdf\" class=\"wp-block-file__button wp-element-button\" download aria-describedby=\"wp-block-file--media-5a897db5-48d9-47a1-8685-653530882fd3\">T\u00e9l\u00e9charger<\/a><\/div>\n\n\n\n<p class=\"has-vivid-red-color has-text-color has-link-color wp-elements-86b8b00b4e4dd35c3117bdb7ba836b4e\"><strong>Organisation de la r\u00e9ponse de sant\u00e9 publiquePAUL GALVAD\u00e9partement RSI\/LAVDirection d\u00e9l\u00e9gu\u00e9e de la Veille et S\u00e9curit\u00e9 Sanitaire<\/strong><\/p>\n\n\n\n<div data-wp-interactive=\"core\/file\" class=\"wp-block-file\"><object data-wp-bind--hidden=\"!state.hasPdfPreview\" hidden class=\"wp-block-file__embed\" data=\"https:\/\/site.ac-martinique.fr\/svt\/wp-content\/uploads\/sites\/97\/2024\/10\/Organisation-de-la-reponse-de-sante-publique.pdf\" type=\"application\/pdf\" style=\"width:100%;height:600px\" aria-label=\"Contenu embarqu\u00e9 Organisation-de-la-reponse-de-sante-publique.\"><\/object><a id=\"wp-block-file--media-3b2601e9-edcb-4e21-aca6-73f85d32c506\" href=\"https:\/\/site.ac-martinique.fr\/svt\/wp-content\/uploads\/sites\/97\/2024\/10\/Organisation-de-la-reponse-de-sante-publique.pdf\">Organisation-de-la-reponse-de-sante-publique<\/a><a href=\"https:\/\/site.ac-martinique.fr\/svt\/wp-content\/uploads\/sites\/97\/2024\/10\/Organisation-de-la-reponse-de-sante-publique.pdf\" class=\"wp-block-file__button wp-element-button\" download aria-describedby=\"wp-block-file--media-3b2601e9-edcb-4e21-aca6-73f85d32c506\">T\u00e9l\u00e9charger<\/a><\/div>\n\n\n\n<p class=\"has-vivid-red-color has-text-color has-link-color wp-elements-77656ea2f545a9e170b275cc6010cd8d\"><strong>Strat\u00e9gies de lutte antivectorielleDr MANUEL \u00c9TIENNECEDRE<\/strong><\/p>\n\n\n\n<div data-wp-interactive=\"core\/file\" class=\"wp-block-file\"><object data-wp-bind--hidden=\"!state.hasPdfPreview\" hidden class=\"wp-block-file__embed\" data=\"https:\/\/site.ac-martinique.fr\/svt\/wp-content\/uploads\/sites\/97\/2024\/10\/Strategies-de-lutte-antivectorielle-profs-SVT_-ME.pdf\" type=\"application\/pdf\" style=\"width:100%;height:600px\" aria-label=\"Contenu embarqu\u00e9 Strategies-de-lutte-antivectorielle-profs-SVT_-ME.\"><\/object><a id=\"wp-block-file--media-f0e81e4a-45f1-4d05-a65b-32d548872397\" href=\"https:\/\/site.ac-martinique.fr\/svt\/wp-content\/uploads\/sites\/97\/2024\/10\/Strategies-de-lutte-antivectorielle-profs-SVT_-ME.pdf\">Strategies-de-lutte-antivectorielle-profs-SVT_-ME<\/a><a href=\"https:\/\/site.ac-martinique.fr\/svt\/wp-content\/uploads\/sites\/97\/2024\/10\/Strategies-de-lutte-antivectorielle-profs-SVT_-ME.pdf\" class=\"wp-block-file__button wp-element-button\" download aria-describedby=\"wp-block-file--media-f0e81e4a-45f1-4d05-a65b-32d548872397\">T\u00e9l\u00e9charger<\/a><\/div>\n\n\n\n<p class=\"has-vivid-red-color has-text-color has-link-color wp-elements-944fd93687dd0faf96dc83e22c876813\"><strong>Pesticides et Pollinisateurs\u00a0FREDON Martinique<\/strong>\u00a0\u00a0<\/p>\n\n\n\n<div data-wp-interactive=\"core\/file\" class=\"wp-block-file\"><object data-wp-bind--hidden=\"!state.hasPdfPreview\" hidden class=\"wp-block-file__embed\" data=\"https:\/\/site.ac-martinique.fr\/svt\/wp-content\/uploads\/sites\/97\/2024\/10\/Alternatives-a-la-lutte-chimique-1.pdf\" type=\"application\/pdf\" style=\"width:100%;height:600px\" aria-label=\"Contenu embarqu\u00e9 Alternatives-a-la-lutte-chimique-1.\"><\/object><a id=\"wp-block-file--media-5c2e99d7-a672-4e97-ac57-3677d6f3333c\" href=\"https:\/\/site.ac-martinique.fr\/svt\/wp-content\/uploads\/sites\/97\/2024\/10\/Alternatives-a-la-lutte-chimique-1.pdf\">Alternatives-a-la-lutte-chimique-1<\/a><a href=\"https:\/\/site.ac-martinique.fr\/svt\/wp-content\/uploads\/sites\/97\/2024\/10\/Alternatives-a-la-lutte-chimique-1.pdf\" class=\"wp-block-file__button wp-element-button\" download aria-describedby=\"wp-block-file--media-5c2e99d7-a672-4e97-ac57-3677d6f3333c\">T\u00e9l\u00e9charger<\/a><\/div>\n\n\n\n<p><\/p>\n\n\n\n<p class=\"has-pale-pink-color has-text-color has-link-color wp-elements-8200c8297e5b8944061ea5af22bf6409\"><strong>ANN\u00c9E 2024-2025 \u00e0 venir<\/strong><\/p>\n\n\n\n<p><\/p>\n","protected":false},"excerpt":{"rendered":"<p>ANN\u00c9E 2018 S\u00e9minaire national \u00ab\u00a0Esprit scientifique, esprit critique\u00a0\u00bb, cycles 2, 3 et 4 Vid\u00e9os, ressources et programme du s\u00e9minaire national \u00ab\u00a0Esprit scientifique, esprit critique\u00a0\u00bb organis\u00e9 par la direction g\u00e9n\u00e9rale de l\u2019enseignement scolaire, l\u2019inspection g\u00e9n\u00e9rale de l\u2019\u00e9ducation nationale et la Fondation la main \u00e0 la p\u00e2te,&nbsp;&nbsp;les 29 et 30 mai 2018.&nbsp; Acc\u00e9der aux ressources ANN\u00c9E 2021-2022 &hellip; <\/p>\n<p><a class=\"more-link btn\" href=\"https:\/\/site.ac-martinique.fr\/svt\/?page_id=4855\">Lire la suite<\/a><\/p>\n","protected":false},"author":253,"featured_media":0,"parent":0,"menu_order":0,"comment_status":"closed","ping_status":"closed","template":"","meta":{"footnotes":""},"class_list":["post-4855","page","type-page","status-publish","hentry","nodate","item-wrap"],"_links":{"self":[{"href":"https:\/\/site.ac-martinique.fr\/svt\/index.php?rest_route=\/wp\/v2\/pages\/4855","targetHints":{"allow":["GET"]}}],"collection":[{"href":"https:\/\/site.ac-martinique.fr\/svt\/index.php?rest_route=\/wp\/v2\/pages"}],"about":[{"href":"https:\/\/site.ac-martinique.fr\/svt\/index.php?rest_route=\/wp\/v2\/types\/page"}],"author":[{"embeddable":true,"href":"https:\/\/site.ac-martinique.fr\/svt\/index.php?rest_route=\/wp\/v2\/users\/253"}],"replies":[{"embeddable":true,"href":"https:\/\/site.ac-martinique.fr\/svt\/index.php?rest_route=%2Fwp%2Fv2%2Fcomments&post=4855"}],"version-history":[{"count":4,"href":"https:\/\/site.ac-martinique.fr\/svt\/index.php?rest_route=\/wp\/v2\/pages\/4855\/revisions"}],"predecessor-version":[{"id":5604,"href":"https:\/\/site.ac-martinique.fr\/svt\/index.php?rest_route=\/wp\/v2\/pages\/4855\/revisions\/5604"}],"wp:attachment":[{"href":"https:\/\/site.ac-martinique.fr\/svt\/index.php?rest_route=%2Fwp%2Fv2%2Fmedia&parent=4855"}],"curies":[{"name":"wp","href":"https:\/\/api.w.org\/{rel}","templated":true}]}}