{"id":4865,"date":"2021-08-26T17:41:05","date_gmt":"2021-08-26T16:41:05","guid":{"rendered":"https:\/\/site.ac-martinique.fr\/svt\/?page_id=4865"},"modified":"2023-03-03T15:22:45","modified_gmt":"2023-03-03T14:22:45","slug":"plan-academique-de-formation","status":"publish","type":"page","link":"https:\/\/site.ac-martinique.fr\/svt\/?page_id=4865","title":{"rendered":"Plan acad\u00e9mique de formation"},"content":{"rendered":"\n<p>Le plan acad\u00e9mique de formation des personnels (PAF) est arr\u00eat\u00e9 par le Recteur et publi\u00e9 \u00e0 la rentr\u00e9e scolaire. Il est accessible \u00e0 tous les personnels de l&rsquo;acad\u00e9mie. <\/p>\n\n\n\n<p><a href=\"https:\/\/www.ac-martinique.fr\/l-ecole-academique-de-la-formation-continue-121979\" target=\"_blank\" rel=\"noreferrer noopener\">Acc\u00e9dez \u00e0 la page de l&rsquo;Ecole Acad\u00e9mique de Formation Continue<\/a> <\/p>\n","protected":false},"excerpt":{"rendered":"<p>Le plan acad\u00e9mique de formation des personnels (PAF) est arr\u00eat\u00e9 par le Recteur et publi\u00e9 \u00e0 la rentr\u00e9e scolaire. Il est accessible \u00e0 tous les personnels de l&rsquo;acad\u00e9mie. Acc\u00e9dez \u00e0 la page de l&rsquo;Ecole Acad\u00e9mique de Formation Continue<\/p>\n","protected":false},"author":253,"featured_media":0,"parent":0,"menu_order":0,"comment_status":"closed","ping_status":"closed","template":"","meta":{"footnotes":""},"class_list":["post-4865","page","type-page","status-publish","hentry","nodate","item-wrap"],"_links":{"self":[{"href":"https:\/\/site.ac-martinique.fr\/svt\/index.php?rest_route=\/wp\/v2\/pages\/4865","targetHints":{"allow":["GET"]}}],"collection":[{"href":"https:\/\/site.ac-martinique.fr\/svt\/index.php?rest_route=\/wp\/v2\/pages"}],"about":[{"href":"https:\/\/site.ac-martinique.fr\/svt\/index.php?rest_route=\/wp\/v2\/types\/page"}],"author":[{"embeddable":true,"href":"https:\/\/site.ac-martinique.fr\/svt\/index.php?rest_route=\/wp\/v2\/users\/253"}],"replies":[{"embeddable":true,"href":"https:\/\/site.ac-martinique.fr\/svt\/index.php?rest_route=%2Fwp%2Fv2%2Fcomments&post=4865"}],"version-history":[{"count":2,"href":"https:\/\/site.ac-martinique.fr\/svt\/index.php?rest_route=\/wp\/v2\/pages\/4865\/revisions"}],"predecessor-version":[{"id":5258,"href":"https:\/\/site.ac-martinique.fr\/svt\/index.php?rest_route=\/wp\/v2\/pages\/4865\/revisions\/5258"}],"wp:attachment":[{"href":"https:\/\/site.ac-martinique.fr\/svt\/index.php?rest_route=%2Fwp%2Fv2%2Fmedia&parent=4865"}],"curies":[{"name":"wp","href":"https:\/\/api.w.org\/{rel}","templated":true}]}}