{"id":4949,"date":"2021-08-28T02:23:46","date_gmt":"2021-08-28T01:23:46","guid":{"rendered":"https:\/\/site.ac-martinique.fr\/svt\/?page_id=4949"},"modified":"2021-09-29T16:21:39","modified_gmt":"2021-09-29T15:21:39","slug":"sites-dinteret-remarquable","status":"publish","type":"page","link":"https:\/\/site.ac-martinique.fr\/svt\/?page_id=4949","title":{"rendered":"Sites d&rsquo;int\u00e9r\u00eat remarquable"},"content":{"rendered":"\n<h5 class=\"has-vivid-red-color has-text-color wp-block-heading\"><a href=\"https:\/\/site.ac-martinique.fr\/svt\/?page_id=1805\" data-type=\"URL\" data-id=\"https:\/\/site.ac-martinique.fr\/svt\/?page_id=1805\">La savane des p\u00e9trifications<\/a><\/h5>\n\n\n\n<h5 class=\"wp-block-heading\"><a href=\"https:\/\/site.ac-martinique.fr\/svt\/?page_id=1846\" data-type=\"URL\" data-id=\"https:\/\/site.ac-martinique.fr\/svt\/?page_id=1846\">Randonn\u00e9e g\u00e9ologique au Morne Champagne<\/a><\/h5>\n\n\n\n<h5 class=\"wp-block-heading\"><a href=\"https:\/\/site.ac-martinique.fr\/svt\/?page_id=1589\" data-type=\"URL\" data-id=\"https:\/\/site.ac-martinique.fr\/svt\/?page_id=1589\">Les calcaires aquitaniens de Macabou<\/a><\/h5>\n\n\n\n<h5 class=\"wp-block-heading\"><a href=\"https:\/\/site.ac-martinique.fr\/svt\/?page_id=1815\" data-type=\"URL\" data-id=\"https:\/\/site.ac-martinique.fr\/svt\/?page_id=1815\">La Montagne Pel\u00e9e<\/a><\/h5>\n\n\n\n<p><\/p>\n","protected":false},"excerpt":{"rendered":"<p>La savane des p\u00e9trifications Randonn\u00e9e g\u00e9ologique au Morne Champagne Les calcaires aquitaniens de Macabou La Montagne Pel\u00e9e<\/p>\n","protected":false},"author":253,"featured_media":0,"parent":0,"menu_order":0,"comment_status":"closed","ping_status":"closed","template":"","meta":{"footnotes":""},"class_list":["post-4949","page","type-page","status-publish","hentry","nodate","item-wrap"],"_links":{"self":[{"href":"https:\/\/site.ac-martinique.fr\/svt\/index.php?rest_route=\/wp\/v2\/pages\/4949","targetHints":{"allow":["GET"]}}],"collection":[{"href":"https:\/\/site.ac-martinique.fr\/svt\/index.php?rest_route=\/wp\/v2\/pages"}],"about":[{"href":"https:\/\/site.ac-martinique.fr\/svt\/index.php?rest_route=\/wp\/v2\/types\/page"}],"author":[{"embeddable":true,"href":"https:\/\/site.ac-martinique.fr\/svt\/index.php?rest_route=\/wp\/v2\/users\/253"}],"replies":[{"embeddable":true,"href":"https:\/\/site.ac-martinique.fr\/svt\/index.php?rest_route=%2Fwp%2Fv2%2Fcomments&post=4949"}],"version-history":[{"count":6,"href":"https:\/\/site.ac-martinique.fr\/svt\/index.php?rest_route=\/wp\/v2\/pages\/4949\/revisions"}],"predecessor-version":[{"id":5026,"href":"https:\/\/site.ac-martinique.fr\/svt\/index.php?rest_route=\/wp\/v2\/pages\/4949\/revisions\/5026"}],"wp:attachment":[{"href":"https:\/\/site.ac-martinique.fr\/svt\/index.php?rest_route=%2Fwp%2Fv2%2Fmedia&parent=4949"}],"curies":[{"name":"wp","href":"https:\/\/api.w.org\/{rel}","templated":true}]}}