{"id":4978,"date":"2021-08-28T23:58:07","date_gmt":"2021-08-28T22:58:07","guid":{"rendered":"https:\/\/site.ac-martinique.fr\/svt\/?page_id=4978"},"modified":"2021-08-28T23:58:07","modified_gmt":"2021-08-28T22:58:07","slug":"laboratoire","status":"publish","type":"page","link":"https:\/\/site.ac-martinique.fr\/svt\/?page_id=4978","title":{"rendered":"Laboratoire"},"content":{"rendered":"\n<h5 class=\"has-vivid-red-color has-text-color wp-block-heading\">Risques et S\u00e9curit\u00e9 en Sciences de la Vie et de la Terre et en Biologie-Ecologie<\/h5>\n\n\n\n<div class=\"wp-block-file\"><a href=\"https:\/\/site.ac-martinique.fr\/svt\/wp-content\/uploads\/sites\/97\/2021\/08\/ONS-Risques-et-securite-en-sciences-de-la-vie-et-de-la-Terre-et-en-biologie-ecologie_Couleurs_507769_1186996.pdf\">ONS-Risques-et-securite-en-sciences-de-la-vie-et-de-la-Terre-et-en-biologie-ecologie<\/a><a href=\"https:\/\/site.ac-martinique.fr\/svt\/wp-content\/uploads\/sites\/97\/2021\/08\/ONS-Risques-et-securite-en-sciences-de-la-vie-et-de-la-Terre-et-en-biologie-ecologie_Couleurs_507769_1186996.pdf\" class=\"wp-block-file__button\" download>T\u00e9l\u00e9charger<\/a><\/div>\n\n\n\n<h5 class=\"has-vivid-red-color has-text-color wp-block-heading\">\u00c9quipement et s\u00e9curit\u00e9 en salles et laboratoires de SVT<\/h5>\n\n\n\n<div class=\"wp-block-file\"><a href=\"https:\/\/site.ac-martinique.fr\/svt\/wp-content\/uploads\/sites\/97\/2021\/08\/guide_securite_aout_2016_1186994.pdf\">guide_securit\u00e9<\/a><a href=\"https:\/\/site.ac-martinique.fr\/svt\/wp-content\/uploads\/sites\/97\/2021\/08\/guide_securite_aout_2016_1186994.pdf\" class=\"wp-block-file__button\" download>T\u00e9l\u00e9charger<\/a><\/div>\n\n\n\n<h5 class=\"has-vivid-red-color has-text-color wp-block-heading\">Le risque chimique en \u00e9tablissement scolaire<\/h5>\n\n\n\n<div class=\"wp-block-file\"><a href=\"https:\/\/site.ac-martinique.fr\/svt\/wp-content\/uploads\/sites\/97\/2021\/08\/Reunion-de-rentree-SANTE-TRAVAIL_profs-SVT_lyc_oct19.pdf\">SANTE-TRAVAIL<\/a><a href=\"https:\/\/site.ac-martinique.fr\/svt\/wp-content\/uploads\/sites\/97\/2021\/08\/Reunion-de-rentree-SANTE-TRAVAIL_profs-SVT_lyc_oct19.pdf\" class=\"wp-block-file__button\" download>T\u00e9l\u00e9charger<\/a><\/div>\n\n\n\n<h5 class=\"has-vivid-red-color has-text-color wp-block-heading\">COVID-19 et mise en activit\u00e9 des \u00e9l\u00e8ves<\/h5>\n\n\n\n<div class=\"wp-block-file\"><a href=\"https:\/\/site.ac-martinique.fr\/svt\/wp-content\/uploads\/sites\/97\/2021\/08\/Mise_en_activite_1331823.pdf\">Mise_en_activit\u00e9<\/a><a href=\"https:\/\/site.ac-martinique.fr\/svt\/wp-content\/uploads\/sites\/97\/2021\/08\/Mise_en_activite_1331823.pdf\" class=\"wp-block-file__button\" download>T\u00e9l\u00e9charger<\/a><\/div>\n","protected":false},"excerpt":{"rendered":"<p>Risques et S\u00e9curit\u00e9 en Sciences de la Vie et de la Terre et en Biologie-Ecologie \u00c9quipement et s\u00e9curit\u00e9 en salles et laboratoires de SVT Le risque chimique en \u00e9tablissement scolaire COVID-19 et mise en activit\u00e9 des \u00e9l\u00e8ves<\/p>\n","protected":false},"author":253,"featured_media":0,"parent":0,"menu_order":0,"comment_status":"closed","ping_status":"closed","template":"","meta":{"footnotes":""},"class_list":["post-4978","page","type-page","status-publish","hentry","nodate","item-wrap"],"_links":{"self":[{"href":"https:\/\/site.ac-martinique.fr\/svt\/index.php?rest_route=\/wp\/v2\/pages\/4978","targetHints":{"allow":["GET"]}}],"collection":[{"href":"https:\/\/site.ac-martinique.fr\/svt\/index.php?rest_route=\/wp\/v2\/pages"}],"about":[{"href":"https:\/\/site.ac-martinique.fr\/svt\/index.php?rest_route=\/wp\/v2\/types\/page"}],"author":[{"embeddable":true,"href":"https:\/\/site.ac-martinique.fr\/svt\/index.php?rest_route=\/wp\/v2\/users\/253"}],"replies":[{"embeddable":true,"href":"https:\/\/site.ac-martinique.fr\/svt\/index.php?rest_route=%2Fwp%2Fv2%2Fcomments&post=4978"}],"version-history":[{"count":1,"href":"https:\/\/site.ac-martinique.fr\/svt\/index.php?rest_route=\/wp\/v2\/pages\/4978\/revisions"}],"predecessor-version":[{"id":4983,"href":"https:\/\/site.ac-martinique.fr\/svt\/index.php?rest_route=\/wp\/v2\/pages\/4978\/revisions\/4983"}],"wp:attachment":[{"href":"https:\/\/site.ac-martinique.fr\/svt\/index.php?rest_route=%2Fwp%2Fv2%2Fmedia&parent=4978"}],"curies":[{"name":"wp","href":"https:\/\/api.w.org\/{rel}","templated":true}]}}