{"id":5081,"date":"2021-10-18T13:36:36","date_gmt":"2021-10-18T12:36:36","guid":{"rendered":"https:\/\/site.ac-martinique.fr\/svt\/?page_id=5081"},"modified":"2022-01-20T20:53:09","modified_gmt":"2022-01-20T19:53:09","slug":"seminaire-chlordecone","status":"publish","type":"page","link":"https:\/\/site.ac-martinique.fr\/svt\/?page_id=5081","title":{"rendered":"S\u00e9minaire Chlord\u00e9cone 2021"},"content":{"rendered":"\n<figure class=\"wp-block-image size-large\"><a href=\"https:\/\/site.ac-martinique.fr\/svt\/wp-content\/uploads\/sites\/97\/2021\/10\/AfficheMAJ16_10_21V2-copie-scaled.jpg\"><img loading=\"lazy\" decoding=\"async\" width=\"1024\" height=\"709\" src=\"https:\/\/site.ac-martinique.fr\/svt\/wp-content\/uploads\/sites\/97\/2021\/10\/AfficheMAJ16_10_21V2-copie-1024x709.jpg\" alt=\"\" class=\"wp-image-5083\" srcset=\"https:\/\/site.ac-martinique.fr\/svt\/wp-content\/uploads\/sites\/97\/2021\/10\/AfficheMAJ16_10_21V2-copie-1024x709.jpg 1024w, https:\/\/site.ac-martinique.fr\/svt\/wp-content\/uploads\/sites\/97\/2021\/10\/AfficheMAJ16_10_21V2-copie-300x208.jpg 300w, https:\/\/site.ac-martinique.fr\/svt\/wp-content\/uploads\/sites\/97\/2021\/10\/AfficheMAJ16_10_21V2-copie-768x532.jpg 768w, https:\/\/site.ac-martinique.fr\/svt\/wp-content\/uploads\/sites\/97\/2021\/10\/AfficheMAJ16_10_21V2-copie-1536x1063.jpg 1536w, https:\/\/site.ac-martinique.fr\/svt\/wp-content\/uploads\/sites\/97\/2021\/10\/AfficheMAJ16_10_21V2-copie-2048x1418.jpg 2048w\" sizes=\"auto, (max-width: 1024px) 100vw, 1024px\" \/><\/a><\/figure>\n\n\n\n<p>\u00ab&nbsp;Dans le cadre du plan chlord\u00e9cone IV, priorit\u00e9 pr\u00e9sidentielle, l&rsquo;acad\u00e9mie de Martinique s&rsquo;est engag\u00e9e \u00e0 former ses personnels afin de les sensibiliser et sensibiliser les \u00e9l\u00e8ves dont ils ont la charge, \u00e0 la th\u00e9matique de la chlord\u00e9cone.&nbsp;\u00bb<\/p>\n\n\n\n<p>Le s\u00e9minaire s&rsquo;adresse \u00e0 des personnels du 1er et du 2nd degr\u00e9, enseignants, directeurs d&rsquo;\u00e9coles, chefs d&rsquo;\u00e9tablissement, CPE, personnels de sant\u00e9, inspecteurs, conseillers p\u00e9dagogiques. <strong>Pour tenir compte des contraintes du contexte sanitaire, il se d\u00e9roule enti\u00e8rement en distanciel.<\/strong><\/p>\n\n\n\n<p class=\"has-vivid-red-color has-text-color\"><strong>Une des actions mise en place pour atteindre cet objectif est l\u2019organisation d\u2019un s\u00e9minaire acad\u00e9mique annuel sur la chlord\u00e9cone. <\/strong><\/p>\n\n\n\n<p><strong>La formation propos\u00e9e est organis\u00e9e autour deux axes&nbsp;:<\/strong><\/p>\n\n\n\n<ul class=\"wp-block-list\"><li>La mise \u00e0 niveau scientifique au travers de conf\u00e9rences de scientifiques et d\u2019acteurs publics impliqu\u00e9s dans la gestion de la probl\u00e9matique de la chlord\u00e9cone<\/li><li>L\u2019organisation d\u2019ateliers de r\u00e9flexion et de conf\u00e9rences sur les pratiques p\u00e9dagogiques et didactiques qui visent la mise en \u0153uvre d\u2019actions de sensibilisation \u00e0 destination de l\u2019ensemble de la communaut\u00e9 scolaire, dans la classe et hors de la classe.<\/li><\/ul>\n\n\n\n<p class=\"has-vivid-red-color has-text-color\"><strong>Nous vous invitons \u00e0 prendre connaissance et \u00e0 diffuser largement la pr\u00e9sentation du s\u00e9minaire et du planning pr\u00e9visionnel \u00e0 partir des liens suivants&nbsp;:<\/strong><\/p>\n\n\n\n<h6 class=\"has-vivid-cyan-blue-color has-text-color wp-block-heading\">Pr\u00e9sentation du s\u00e9minaire : <a rel=\"noreferrer noopener\" href=\"https:\/\/colibris.link\/seminaireCLD2\" target=\"_blank\">https:\/\/colibris.link\/seminaireCLD2<\/a><\/h6>\n\n\n\n<h6 class=\"has-vivid-cyan-blue-color has-text-color wp-block-heading\">Programme pr\u00e9visionnel : <a rel=\"noreferrer noopener\" href=\"https:\/\/colibris.link\/planningsemCLD2\" target=\"_blank\">https:\/\/colibris.link\/planningsemCLD2<\/a><\/h6>\n\n\n\n<p><\/p>\n\n\n\n<p class=\"has-vivid-red-color has-text-color\"><strong>Cette ann\u00e9e, les inscriptions au s\u00e9minaire se feront&nbsp;:<\/strong><\/p>\n\n\n\n<ul class=\"wp-block-list\"><li>Sur la base du volontariat <strong>pour les \u00e9tablissements n\u2019ayant pas particip\u00e9 \u00e0 la 1<sup>\u00e8re<\/sup> \u00e9dition<\/strong><\/li><\/ul>\n\n\n\n<p>Pour assurer une efficacit\u00e9 quant au transfert dans les actions \u00e0 destination des \u00e9l\u00e8ves, il a \u00e9t\u00e9 d\u00e9cid\u00e9 que participent des \u00e9quipes d&rsquo;\u00e9tablissements. Celles-ci sont \u00e0 <strong>minima constitu\u00e9es de 4 professeurs : SVT, Histoire-G\u00e9ographie, Sciences Physiques et Chimiques, Documentation. <\/strong><\/p>\n\n\n\n<p>Nous encourageons \u00e0 \u00e9largir aux personnels de sant\u00e9, CPE et aux membres de l&rsquo;\u00e9quipe de direction.<\/p>\n\n\n\n<ul class=\"wp-block-list\"><li><strong>Pour les \u00e9tablissements ayant particip\u00e9 l\u2019an pass\u00e9<\/strong>, les inscriptions individuelles sont possibles pour les acteurs des dits \u00e9tablissements, mais qui n\u2019\u00e9taient pas inscrits l\u2019an pass\u00e9.<br><strong>Les autres disciplines sont \u00e9galement invit\u00e9es \u00e0 rejoindre le s\u00e9minaire.<\/strong><\/li><\/ul>\n\n\n\n<h2 class=\"has-vivid-red-color has-text-color wp-block-heading\"><strong>Comment s\u2019inscrire&nbsp;?<\/strong><\/h2>\n\n\n\n<ol class=\"wp-block-list\" type=\"1\"><li>Constituez votre \u00e9quipe<\/li><li>Remplissez puis renvoyez la feuille de calcul t\u00e9l\u00e9chargeable ci-dessous \u00e0 l\u2019adresse mail suivante&nbsp;: <a href=\"mailto:Missionchlord\u00e9cone@ac-martinique.fr\" data-type=\"mailto\" data-id=\"mailto:Missionchlord\u00e9cone@ac-martinique.fr\">Missionchlord\u00e9cone@ac-martinique.fr<\/a><\/li><\/ol>\n\n\n\n<div class=\"wp-block-file\"><a href=\"https:\/\/site.ac-martinique.fr\/svt\/wp-content\/uploads\/sites\/97\/2021\/10\/InscriptionSeminaireCLD2.xlsx\">InscriptionSeminaireCLD2 (xlsx)<\/a><a href=\"https:\/\/site.ac-martinique.fr\/svt\/wp-content\/uploads\/sites\/97\/2021\/10\/InscriptionSeminaireCLD2.xlsx\" class=\"wp-block-file__button\" download>T\u00e9l\u00e9charger<\/a><\/div>\n","protected":false},"excerpt":{"rendered":"<p>\u00ab&nbsp;Dans le cadre du plan chlord\u00e9cone IV, priorit\u00e9 pr\u00e9sidentielle, l&rsquo;acad\u00e9mie de Martinique s&rsquo;est engag\u00e9e \u00e0 former ses personnels afin de les sensibiliser et sensibiliser les \u00e9l\u00e8ves dont ils ont la charge, \u00e0 la th\u00e9matique de la chlord\u00e9cone.&nbsp;\u00bb Le s\u00e9minaire s&rsquo;adresse \u00e0 des personnels du 1er et du 2nd degr\u00e9, enseignants, directeurs d&rsquo;\u00e9coles, chefs d&rsquo;\u00e9tablissement, CPE, &hellip; <\/p>\n<p><a class=\"more-link btn\" href=\"https:\/\/site.ac-martinique.fr\/svt\/?page_id=5081\">Lire la suite<\/a><\/p>\n","protected":false},"author":253,"featured_media":0,"parent":0,"menu_order":0,"comment_status":"closed","ping_status":"closed","template":"","meta":{"footnotes":""},"class_list":["post-5081","page","type-page","status-publish","hentry","nodate","item-wrap"],"_links":{"self":[{"href":"https:\/\/site.ac-martinique.fr\/svt\/index.php?rest_route=\/wp\/v2\/pages\/5081","targetHints":{"allow":["GET"]}}],"collection":[{"href":"https:\/\/site.ac-martinique.fr\/svt\/index.php?rest_route=\/wp\/v2\/pages"}],"about":[{"href":"https:\/\/site.ac-martinique.fr\/svt\/index.php?rest_route=\/wp\/v2\/types\/page"}],"author":[{"embeddable":true,"href":"https:\/\/site.ac-martinique.fr\/svt\/index.php?rest_route=\/wp\/v2\/users\/253"}],"replies":[{"embeddable":true,"href":"https:\/\/site.ac-martinique.fr\/svt\/index.php?rest_route=%2Fwp%2Fv2%2Fcomments&post=5081"}],"version-history":[{"count":10,"href":"https:\/\/site.ac-martinique.fr\/svt\/index.php?rest_route=\/wp\/v2\/pages\/5081\/revisions"}],"predecessor-version":[{"id":5129,"href":"https:\/\/site.ac-martinique.fr\/svt\/index.php?rest_route=\/wp\/v2\/pages\/5081\/revisions\/5129"}],"wp:attachment":[{"href":"https:\/\/site.ac-martinique.fr\/svt\/index.php?rest_route=%2Fwp%2Fv2%2Fmedia&parent=5081"}],"curies":[{"name":"wp","href":"https:\/\/api.w.org\/{rel}","templated":true}]}}