{"id":5160,"date":"2022-06-27T15:32:34","date_gmt":"2022-06-27T14:32:34","guid":{"rendered":"https:\/\/site.ac-martinique.fr\/svt\/?page_id=5160"},"modified":"2024-10-11T23:41:23","modified_gmt":"2024-10-11T22:41:23","slug":"olympiades-des-geosciences-2022","status":"publish","type":"page","link":"https:\/\/site.ac-martinique.fr\/svt\/?page_id=5160","title":{"rendered":"Olympiades Scientifiques"},"content":{"rendered":"\n<p class=\"has-vivid-red-color has-text-color\"><strong><a href=\"https:\/\/site.ac-martinique.fr\/svt\/?page_id=5476\">\u00c9dition 2022<\/a><\/strong><\/p>\n\n\n\n<p class=\"has-vivid-red-color has-text-color\"><strong><a href=\"https:\/\/site.ac-martinique.fr\/svt\/?page_id=5472\">\u00c9dition 2023<\/a><\/strong><\/p>\n\n\n\n<p><strong><a href=\"https:\/\/site.ac-martinique.fr\/svt\/?page_id=5479\">\u00c9dition 2024<\/a><\/strong><\/p>\n\n\n\n<p><strong><a href=\"https:\/\/site.ac-martinique.fr\/svt\/?page_id=5493\">\u00c9dition 2024-2025 &#8211; Ann\u00e9e des  G\u00e9osciences<\/a><\/strong><\/p>\n\n\n\n<p><\/p>\n","protected":false},"excerpt":{"rendered":"<p>\u00c9dition 2022 \u00c9dition 2023 \u00c9dition 2024 \u00c9dition 2024-2025 &#8211; Ann\u00e9e des G\u00e9osciences<\/p>\n","protected":false},"author":253,"featured_media":0,"parent":0,"menu_order":0,"comment_status":"closed","ping_status":"closed","template":"","meta":{"footnotes":""},"class_list":["post-5160","page","type-page","status-publish","hentry","nodate","item-wrap"],"_links":{"self":[{"href":"https:\/\/site.ac-martinique.fr\/svt\/index.php?rest_route=\/wp\/v2\/pages\/5160","targetHints":{"allow":["GET"]}}],"collection":[{"href":"https:\/\/site.ac-martinique.fr\/svt\/index.php?rest_route=\/wp\/v2\/pages"}],"about":[{"href":"https:\/\/site.ac-martinique.fr\/svt\/index.php?rest_route=\/wp\/v2\/types\/page"}],"author":[{"embeddable":true,"href":"https:\/\/site.ac-martinique.fr\/svt\/index.php?rest_route=\/wp\/v2\/users\/253"}],"replies":[{"embeddable":true,"href":"https:\/\/site.ac-martinique.fr\/svt\/index.php?rest_route=%2Fwp%2Fv2%2Fcomments&post=5160"}],"version-history":[{"count":6,"href":"https:\/\/site.ac-martinique.fr\/svt\/index.php?rest_route=\/wp\/v2\/pages\/5160\/revisions"}],"predecessor-version":[{"id":5582,"href":"https:\/\/site.ac-martinique.fr\/svt\/index.php?rest_route=\/wp\/v2\/pages\/5160\/revisions\/5582"}],"wp:attachment":[{"href":"https:\/\/site.ac-martinique.fr\/svt\/index.php?rest_route=%2Fwp%2Fv2%2Fmedia&parent=5160"}],"curies":[{"name":"wp","href":"https:\/\/api.w.org\/{rel}","templated":true}]}}