{"id":5479,"date":"2024-06-10T00:50:28","date_gmt":"2024-06-09T23:50:28","guid":{"rendered":"https:\/\/site.ac-martinique.fr\/svt\/?page_id=5479"},"modified":"2024-10-12T00:05:15","modified_gmt":"2024-10-11T23:05:15","slug":"olympiades-des-geosciences-edition-2024","status":"publish","type":"page","link":"https:\/\/site.ac-martinique.fr\/svt\/?page_id=5479","title":{"rendered":"Olympiades des G\u00e9osciences et de Biologie &#8211; \u00e9dition 2024"},"content":{"rendered":"\n<p class=\"has-text-align-center has-vivid-red-color has-text-color has-link-color wp-elements-a6cfccdd13aec4db3d0036c6e0df3cd3\"><strong>Olympiades nationales et internationales des G\u00e9osciences<\/strong><\/p>\n\n\n\n<p class=\"has-text-align-center has-vivid-red-color has-text-color has-link-color wp-elements-0158822b5caeb28f75dc2829501bf4af\"><strong>Olympiades Fran\u00e7aises de Biologie<\/strong><\/p>\n\n\n\n<p>Mercredi 06 Mars 2024, au Lyc\u00e9e Frantz Fanon de TRINIT\u00c9, s\u2019est tenue la c\u00e9r\u00e9monie de remise des r\u00e9compenses des Olympiades nationales et internationales des G\u00e9osciences et de Biologie 2024.<\/p>\n\n\n\n<p>Ces trois concours auxquels les \u00e9l\u00e8ves se sont confront\u00e9s visent, en autres, \u00e0&nbsp;:<\/p>\n\n\n\n<ul class=\"wp-block-list\">\n<li>d\u00e9velopper une culture scientifique chez les jeunes,<\/li>\n\n\n\n<li>mettre en avant la dimension pluridisciplinaire des Sciences de la Vie et de la Terre,<\/li>\n\n\n\n<li>stimuler, chez les \u00e9l\u00e8ves, l&rsquo;esprit d\u2019initiative, l\u2019esprit critique et le go\u00fbt de la recherche,<\/li>\n\n\n\n<li>renforcer l\u2019acquisition de comp\u00e9tences acquises en classe.<\/li>\n<\/ul>\n\n\n\n<p>Lors de la c\u00e9r\u00e9monie, 6 \u00e9l\u00e8ves volontaires de notre acad\u00e9mique ont \u00e9t\u00e9 mis \u00e0 l\u2019honneur en pr\u00e9sence de Mme Myriam CHARLOSSE, IA-IPR des Sciences de la Vie et de la Terre de l\u2019acad\u00e9mie MARTINIQUE.<\/p>\n\n\n\n<p>Les \u00e9l\u00e8ves laur\u00e9ates des Olympiades de Biologie ont ensuite particip\u00e9 \u00e0 la finale nationale de ce concours d\u00e9but avril 2024, et se sont tr\u00e8s bien d\u00e9fendues face aux questions du jury.<\/p>\n\n\n\n<p><strong>BRAVO \u00e0 l\u2019ensemble des \u00e9l\u00e8ves-candidats qui ont \u00e9t\u00e9 tous courageux et m\u00e9ritants&nbsp;!<\/strong><\/p>\n\n\n\n<p>Pour cette ann\u00e9e 2024 :<\/p>\n\n\n\n<ul class=\"wp-block-list\">\n<li>L\u2019\u00e9quipe de laur\u00e9ates des Olympiades Nationales des G\u00e9osciences, m\u00e9daill\u00e9e de bronze\u00a0: <strong>No\u00e9mie BOURGADE\/ Tamara CABRISSEAU\/ Mya CHOYE<\/strong> du Lyc\u00e9e Frantz Fanon.<\/li>\n<\/ul>\n\n\n\n<div data-wp-interactive=\"core\/file\" class=\"wp-block-file\"><object data-wp-bind--hidden=\"!state.hasPdfPreview\" hidden class=\"wp-block-file__embed\" data=\"https:\/\/site.ac-martinique.fr\/svt\/wp-content\/uploads\/sites\/97\/2024\/10\/Geosciences-dossier-2024.pdf\" type=\"application\/pdf\" style=\"width:100%;height:600px\" aria-label=\"Contenu embarqu\u00e9 Ge\u0301osciences - dossier 2024.\"><\/object><a id=\"wp-block-file--media-8f25ba09-49ae-4c11-9e11-e6cc294f52c8\" href=\"https:\/\/site.ac-martinique.fr\/svt\/wp-content\/uploads\/sites\/97\/2024\/10\/Geosciences-dossier-2024.pdf\">Ge\u0301osciences &#8211; dossier 2024<\/a><a href=\"https:\/\/site.ac-martinique.fr\/svt\/wp-content\/uploads\/sites\/97\/2024\/10\/Geosciences-dossier-2024.pdf\" class=\"wp-block-file__button wp-element-button\" download aria-describedby=\"wp-block-file--media-8f25ba09-49ae-4c11-9e11-e6cc294f52c8\">T\u00e9l\u00e9charger<\/a><\/div>\n\n\n\n<ul class=\"wp-block-list\">\n<li>L\u2019\u00e9quipe de laur\u00e9ates des Olympiades Fran\u00e7aises de Biologie&nbsp;<strong>: Salom\u00e9 BOLNET \/ Ryanna RAMASSAMY \/ Nina VISENTIN<\/strong>, du lyc\u00e9e Frantz Fanon.<\/li>\n<\/ul>\n\n\n\n<p>Nous remercions tr\u00e8s chaleureusement nos six partenaires qui nous ont permis de gratifier nos \u00e9l\u00e8ves&nbsp;: <strong>SARA, BRGM, Alain H<\/strong><\/p>\n\n\n\n<p>Rendez-vous l\u2019ann\u00e9e prochaine pour l\u2019\u00c9dition 2025.<\/p>\n\n\n\n<figure class=\"wp-block-image size-large\"><a href=\"https:\/\/site.ac-martinique.fr\/svt\/wp-content\/uploads\/sites\/97\/2024\/10\/PHOTO-2024-09-24-18-13-01-1.jpg\"><img loading=\"lazy\" decoding=\"async\" width=\"1024\" height=\"768\" src=\"https:\/\/site.ac-martinique.fr\/svt\/wp-content\/uploads\/sites\/97\/2024\/10\/PHOTO-2024-09-24-18-13-01-1-1024x768.jpg\" alt=\"\" class=\"wp-image-5588\" srcset=\"https:\/\/site.ac-martinique.fr\/svt\/wp-content\/uploads\/sites\/97\/2024\/10\/PHOTO-2024-09-24-18-13-01-1-1024x768.jpg 1024w, https:\/\/site.ac-martinique.fr\/svt\/wp-content\/uploads\/sites\/97\/2024\/10\/PHOTO-2024-09-24-18-13-01-1-300x225.jpg 300w, https:\/\/site.ac-martinique.fr\/svt\/wp-content\/uploads\/sites\/97\/2024\/10\/PHOTO-2024-09-24-18-13-01-1-768x576.jpg 768w, https:\/\/site.ac-martinique.fr\/svt\/wp-content\/uploads\/sites\/97\/2024\/10\/PHOTO-2024-09-24-18-13-01-1-1536x1152.jpg 1536w, https:\/\/site.ac-martinique.fr\/svt\/wp-content\/uploads\/sites\/97\/2024\/10\/PHOTO-2024-09-24-18-13-01-1.jpg 1600w\" sizes=\"auto, (max-width: 1024px) 100vw, 1024px\" \/><\/a><\/figure>\n\n\n\n<figure class=\"wp-block-image size-large\"><a href=\"https:\/\/site.ac-martinique.fr\/svt\/wp-content\/uploads\/sites\/97\/2024\/10\/PHOTO-2024-09-24-18-11-30.jpg\"><img loading=\"lazy\" decoding=\"async\" width=\"1024\" height=\"768\" src=\"https:\/\/site.ac-martinique.fr\/svt\/wp-content\/uploads\/sites\/97\/2024\/10\/PHOTO-2024-09-24-18-11-30-1024x768.jpg\" alt=\"\" class=\"wp-image-5589\" srcset=\"https:\/\/site.ac-martinique.fr\/svt\/wp-content\/uploads\/sites\/97\/2024\/10\/PHOTO-2024-09-24-18-11-30-1024x768.jpg 1024w, https:\/\/site.ac-martinique.fr\/svt\/wp-content\/uploads\/sites\/97\/2024\/10\/PHOTO-2024-09-24-18-11-30-300x225.jpg 300w, https:\/\/site.ac-martinique.fr\/svt\/wp-content\/uploads\/sites\/97\/2024\/10\/PHOTO-2024-09-24-18-11-30-768x576.jpg 768w, https:\/\/site.ac-martinique.fr\/svt\/wp-content\/uploads\/sites\/97\/2024\/10\/PHOTO-2024-09-24-18-11-30-1536x1152.jpg 1536w, https:\/\/site.ac-martinique.fr\/svt\/wp-content\/uploads\/sites\/97\/2024\/10\/PHOTO-2024-09-24-18-11-30.jpg 1600w\" sizes=\"auto, (max-width: 1024px) 100vw, 1024px\" \/><\/a><\/figure>\n\n\n\n<p><\/p>\n\n\n\n<figure class=\"wp-block-image size-large\"><a href=\"https:\/\/site.ac-martinique.fr\/svt\/wp-content\/uploads\/sites\/97\/2024\/10\/PHOTO-2024-09-24-18-10-16.jpg\"><img loading=\"lazy\" decoding=\"async\" width=\"1024\" height=\"768\" src=\"https:\/\/site.ac-martinique.fr\/svt\/wp-content\/uploads\/sites\/97\/2024\/10\/PHOTO-2024-09-24-18-10-16-1024x768.jpg\" alt=\"\" class=\"wp-image-5590\" srcset=\"https:\/\/site.ac-martinique.fr\/svt\/wp-content\/uploads\/sites\/97\/2024\/10\/PHOTO-2024-09-24-18-10-16-1024x768.jpg 1024w, https:\/\/site.ac-martinique.fr\/svt\/wp-content\/uploads\/sites\/97\/2024\/10\/PHOTO-2024-09-24-18-10-16-300x225.jpg 300w, https:\/\/site.ac-martinique.fr\/svt\/wp-content\/uploads\/sites\/97\/2024\/10\/PHOTO-2024-09-24-18-10-16-768x576.jpg 768w, https:\/\/site.ac-martinique.fr\/svt\/wp-content\/uploads\/sites\/97\/2024\/10\/PHOTO-2024-09-24-18-10-16-1536x1152.jpg 1536w, https:\/\/site.ac-martinique.fr\/svt\/wp-content\/uploads\/sites\/97\/2024\/10\/PHOTO-2024-09-24-18-10-16.jpg 1600w\" sizes=\"auto, (max-width: 1024px) 100vw, 1024px\" \/><\/a><\/figure>\n","protected":false},"excerpt":{"rendered":"<p>Olympiades nationales et internationales des G\u00e9osciences Olympiades Fran\u00e7aises de Biologie Mercredi 06 Mars 2024, au Lyc\u00e9e Frantz Fanon de TRINIT\u00c9, s\u2019est tenue la c\u00e9r\u00e9monie de remise des r\u00e9compenses des Olympiades nationales et internationales des G\u00e9osciences et de Biologie 2024. Ces trois concours auxquels les \u00e9l\u00e8ves se sont confront\u00e9s visent, en autres, \u00e0&nbsp;: Lors de la &hellip; <\/p>\n<p><a class=\"more-link btn\" href=\"https:\/\/site.ac-martinique.fr\/svt\/?page_id=5479\">Lire la suite<\/a><\/p>\n","protected":false},"author":253,"featured_media":0,"parent":0,"menu_order":0,"comment_status":"closed","ping_status":"closed","template":"","meta":{"footnotes":""},"class_list":["post-5479","page","type-page","status-publish","hentry","nodate","item-wrap"],"_links":{"self":[{"href":"https:\/\/site.ac-martinique.fr\/svt\/index.php?rest_route=\/wp\/v2\/pages\/5479","targetHints":{"allow":["GET"]}}],"collection":[{"href":"https:\/\/site.ac-martinique.fr\/svt\/index.php?rest_route=\/wp\/v2\/pages"}],"about":[{"href":"https:\/\/site.ac-martinique.fr\/svt\/index.php?rest_route=\/wp\/v2\/types\/page"}],"author":[{"embeddable":true,"href":"https:\/\/site.ac-martinique.fr\/svt\/index.php?rest_route=\/wp\/v2\/users\/253"}],"replies":[{"embeddable":true,"href":"https:\/\/site.ac-martinique.fr\/svt\/index.php?rest_route=%2Fwp%2Fv2%2Fcomments&post=5479"}],"version-history":[{"count":4,"href":"https:\/\/site.ac-martinique.fr\/svt\/index.php?rest_route=\/wp\/v2\/pages\/5479\/revisions"}],"predecessor-version":[{"id":5594,"href":"https:\/\/site.ac-martinique.fr\/svt\/index.php?rest_route=\/wp\/v2\/pages\/5479\/revisions\/5594"}],"wp:attachment":[{"href":"https:\/\/site.ac-martinique.fr\/svt\/index.php?rest_route=%2Fwp%2Fv2%2Fmedia&parent=5479"}],"curies":[{"name":"wp","href":"https:\/\/api.w.org\/{rel}","templated":true}]}}