{"id":5700,"date":"2024-10-12T20:31:49","date_gmt":"2024-10-12T19:31:49","guid":{"rendered":"https:\/\/site.ac-martinique.fr\/svt\/?page_id=5700"},"modified":"2024-10-12T20:31:49","modified_gmt":"2024-10-12T19:31:49","slug":"referentiel-des-competences-professionnelles-des-metiers-du-professorat-et-de-leducation","status":"publish","type":"page","link":"https:\/\/site.ac-martinique.fr\/svt\/?page_id=5700","title":{"rendered":"R\u00e9f\u00e9rentiel des comp\u00e9tences professionnelles des m\u00e9tiers du professorat et de l&rsquo;\u00e9ducation"},"content":{"rendered":"\n<div data-wp-interactive=\"core\/file\" class=\"wp-block-file\"><object data-wp-bind--hidden=\"!state.hasPdfPreview\" hidden class=\"wp-block-file__embed\" data=\"https:\/\/site.ac-martinique.fr\/svt\/wp-content\/uploads\/sites\/97\/2024\/10\/NOUVEAU_REFERENTIEL_DE_COMPETENCES_DES_ENSEIGNANTS_1186980-1.pdf\" type=\"application\/pdf\" style=\"width:100%;height:600px\" aria-label=\"Contenu embarqu\u00e9 NOUVEAU_REFERENTIEL_DE_COMPETENCES_DES_ENSEIGNANTS_1186980.\"><\/object><a id=\"wp-block-file--media-a04d4aee-15e4-4cd8-baf7-972bb57a13e0\" href=\"https:\/\/site.ac-martinique.fr\/svt\/wp-content\/uploads\/sites\/97\/2024\/10\/NOUVEAU_REFERENTIEL_DE_COMPETENCES_DES_ENSEIGNANTS_1186980-1.pdf\">NOUVEAU_REFERENTIEL_DE_COMPETENCES_DES_ENSEIGNANTS_1186980<\/a><a href=\"https:\/\/site.ac-martinique.fr\/svt\/wp-content\/uploads\/sites\/97\/2024\/10\/NOUVEAU_REFERENTIEL_DE_COMPETENCES_DES_ENSEIGNANTS_1186980-1.pdf\" class=\"wp-block-file__button wp-element-button\" download aria-describedby=\"wp-block-file--media-a04d4aee-15e4-4cd8-baf7-972bb57a13e0\">T\u00e9l\u00e9charger<\/a><\/div>\n","protected":false},"excerpt":{"rendered":"","protected":false},"author":253,"featured_media":0,"parent":0,"menu_order":0,"comment_status":"closed","ping_status":"closed","template":"","meta":{"footnotes":""},"class_list":["post-5700","page","type-page","status-publish","hentry","nodate","item-wrap"],"_links":{"self":[{"href":"https:\/\/site.ac-martinique.fr\/svt\/index.php?rest_route=\/wp\/v2\/pages\/5700","targetHints":{"allow":["GET"]}}],"collection":[{"href":"https:\/\/site.ac-martinique.fr\/svt\/index.php?rest_route=\/wp\/v2\/pages"}],"about":[{"href":"https:\/\/site.ac-martinique.fr\/svt\/index.php?rest_route=\/wp\/v2\/types\/page"}],"author":[{"embeddable":true,"href":"https:\/\/site.ac-martinique.fr\/svt\/index.php?rest_route=\/wp\/v2\/users\/253"}],"replies":[{"embeddable":true,"href":"https:\/\/site.ac-martinique.fr\/svt\/index.php?rest_route=%2Fwp%2Fv2%2Fcomments&post=5700"}],"version-history":[{"count":1,"href":"https:\/\/site.ac-martinique.fr\/svt\/index.php?rest_route=\/wp\/v2\/pages\/5700\/revisions"}],"predecessor-version":[{"id":5702,"href":"https:\/\/site.ac-martinique.fr\/svt\/index.php?rest_route=\/wp\/v2\/pages\/5700\/revisions\/5702"}],"wp:attachment":[{"href":"https:\/\/site.ac-martinique.fr\/svt\/index.php?rest_route=%2Fwp%2Fv2%2Fmedia&parent=5700"}],"curies":[{"name":"wp","href":"https:\/\/api.w.org\/{rel}","templated":true}]}}