{"id":1039,"date":"2012-05-10T11:17:30","date_gmt":"2012-05-10T15:17:30","guid":{"rendered":"\/technologie\/?page_id=1039"},"modified":"2014-01-30T23:22:58","modified_gmt":"2014-01-31T03:22:58","slug":"logiciels","status":"publish","type":"page","link":"https:\/\/site.ac-martinique.fr\/technologie\/logiciels\/","title":{"rendered":"Logiciels et applications"},"content":{"rendered":"<p><em>Cliquer sur une image pour acc\u00e9der \u00e0 la page web d&#8217;information souhait\u00e9e :<\/em><\/p>\n<table border=\"1\" cellspacing=\"10\" cellpadding=\"10\" align=\"center\">\n<tbody>\n<tr>\n<td><a title=\"Modeleur 3DVIA shape\" href=\"\/technologie\/?page_id=1049\" target=\"_blank\"><img loading=\"lazy\" decoding=\"async\" src=\"\/technologie\/wp-content\/uploads\/sites\/24\/2012\/05\/3DVIA.jpg\" alt=\"\" width=\"120\" height=\"38\" \/><\/a><\/p>\n<p style=\"text-align: center\"><strong><em>3dvia-shape<br \/><\/em><\/strong><em>Modeleur 3D<\/em><\/p>\n<\/td>\n<td>\n<p><a href=\"\/technologie\/?page_id=1675\" target=\"_blank\"><img loading=\"lazy\" decoding=\"async\" src=\"\/technologie\/wp-content\/uploads\/sites\/24\/2014\/01\/SweetHome3d_logo2.jpg\" alt=\"\" width=\"145\" height=\"72\" \/><\/a><\/p>\n<p style=\"text-align: center\"><em><strong>Sweet Home 3D<br \/><\/strong>logiciel d&#8217;architecture<\/em><\/p>\n<\/td>\n<td>\n<p>&nbsp;<\/p>\n<\/td>\n<\/tr>\n<tr>\n<td>\n<p style=\"text-align: center\"><em><strong><a href=\"\/technologie\/?page_id=1661\" target=\"_blank\"><img loading=\"lazy\" decoding=\"async\" class=\"aligncenter\" src=\"\/technologie\/wp-content\/uploads\/sites\/24\/2014\/01\/internet-sans-crainte.gif\" alt=\"\" width=\"104\" height=\"85\" \/><\/a><\/strong><\/em><\/p>\n<p style=\"text-align: center\"><em><strong>internet sans crainte<\/strong><\/em><\/p>\n<\/td>\n<td>\n<p><em><strong><a href=\"\/technologie\/?page_id=1655\" target=\"_blank\"><img loading=\"lazy\" decoding=\"async\" src=\"\/technologie\/wp-content\/uploads\/sites\/24\/2014\/01\/Vinz_et_Lou.jpg\" alt=\"\" width=\"115\" height=\"90\" \/><\/a><\/strong><\/em><\/p>\n<p style=\"text-align: center\"><em><strong>vinz &amp; lou<\/strong><\/em><\/p>\n<\/td>\n<td>\n<p><em><strong><a href=\"\/technologie\/?page_id=1668\" target=\"_blank\"><img loading=\"lazy\" decoding=\"async\" src=\"\/technologie\/wp-content\/uploads\/sites\/24\/2014\/01\/brainpop.gif\" alt=\"\" width=\"121\" height=\"98\" \/><\/a><\/strong><\/em><\/p>\n<p style=\"text-align: center\"><em><strong>brainpop<\/strong><\/em><\/p>\n<\/td>\n<\/tr>\n<tr>\n<td>\u00a0<\/td>\n<td>\u00a0<\/td>\n<td>\u00a0<\/td>\n<\/tr>\n<tr>\n<td>\u00a0<\/td>\n<td>\u00a0<\/td>\n<td>\u00a0<\/td>\n<\/tr>\n<\/tbody>\n<\/table>\n<p>&nbsp;<\/p>\n","protected":false},"excerpt":{"rendered":"<p>Cliquer sur une image pour acc\u00e9der \u00e0 la page web d&#8217;information souhait\u00e9e : 3dvia-shapeModeleur 3D Sweet Home 3Dlogiciel d&#8217;architecture &nbsp; internet sans crainte vinz &amp; lou brainpop \u00a0 \u00a0 \u00a0 \u00a0 \u00a0 \u00a0 &nbsp;<\/p>\n","protected":false},"author":80,"featured_media":0,"parent":0,"menu_order":5,"comment_status":"closed","ping_status":"closed","template":"","meta":{"footnotes":""},"class_list":["post-1039","page","type-page","status-publish","hentry"],"_links":{"self":[{"href":"https:\/\/site.ac-martinique.fr\/technologie\/wp-json\/wp\/v2\/pages\/1039","targetHints":{"allow":["GET"]}}],"collection":[{"href":"https:\/\/site.ac-martinique.fr\/technologie\/wp-json\/wp\/v2\/pages"}],"about":[{"href":"https:\/\/site.ac-martinique.fr\/technologie\/wp-json\/wp\/v2\/types\/page"}],"author":[{"embeddable":true,"href":"https:\/\/site.ac-martinique.fr\/technologie\/wp-json\/wp\/v2\/users\/80"}],"replies":[{"embeddable":true,"href":"https:\/\/site.ac-martinique.fr\/technologie\/wp-json\/wp\/v2\/comments?post=1039"}],"version-history":[{"count":10,"href":"https:\/\/site.ac-martinique.fr\/technologie\/wp-json\/wp\/v2\/pages\/1039\/revisions"}],"predecessor-version":[{"id":1259,"href":"https:\/\/site.ac-martinique.fr\/technologie\/wp-json\/wp\/v2\/pages\/1039\/revisions\/1259"}],"wp:attachment":[{"href":"https:\/\/site.ac-martinique.fr\/technologie\/wp-json\/wp\/v2\/media?parent=1039"}],"curies":[{"name":"wp","href":"https:\/\/api.w.org\/{rel}","templated":true}]}}