{"id":1049,"date":"2012-05-10T11:33:53","date_gmt":"2012-05-10T15:33:53","guid":{"rendered":"\/technologie\/?page_id=1049"},"modified":"2014-01-30T21:58:10","modified_gmt":"2014-01-31T01:58:10","slug":"modeleur-3dvia-shape","status":"publish","type":"page","link":"https:\/\/site.ac-martinique.fr\/technologie\/logiciels\/modeleur-3dvia-shape\/","title":{"rendered":"Modeleur 3DVIA shape"},"content":{"rendered":"<table border=\"0\">\n<tbody>\n<tr>\n<td><a title=\"Ex\u00e9cutable du 3DVIA shape\" href=\"\/technologie\/wp-content\/uploads\/sites\/24\/2012\/05\/Setup3DVIA.exe\"><img loading=\"lazy\" decoding=\"async\" src=\"\/technologie\/wp-content\/uploads\/sites\/24\/2012\/05\/3DVIA.jpg\" alt=\"\" width=\"207\" height=\"67\" \/><\/a><\/td>\n<td>3DVIA Shape est une application en ligne permettant de cr\u00e9er, de publier et de partager facilement des objets et des formes en 3D.Le programme permet de cr\u00e9er des mod\u00e8les, d&#8217;ajouter de la texture et de publier vos cr\u00e9ations directement sur la communaut\u00e9 en ligne.<\/td>\n<\/tr>\n<\/tbody>\n<\/table>\n<p><strong><em>Cliquer sur l&#8217;image pour acc\u00e9der \u00e0 la page de t\u00e9l\u00e9chargement<\/em><\/strong><\/p>\n","protected":false},"excerpt":{"rendered":"<p>3DVIA Shape est une application en ligne permettant de cr\u00e9er, de publier et de partager facilement des objets et des formes en 3D.Le programme permet de cr\u00e9er des mod\u00e8les, d&#8217;ajouter de la texture et de publier vos cr\u00e9ations directement sur &hellip; <a href=\"https:\/\/site.ac-martinique.fr\/technologie\/logiciels\/modeleur-3dvia-shape\/\">Continuer la lecture <span class=\"meta-nav\">&rarr;<\/span><\/a><\/p>\n","protected":false},"author":80,"featured_media":0,"parent":1039,"menu_order":1,"comment_status":"closed","ping_status":"closed","template":"","meta":{"footnotes":""},"class_list":["post-1049","page","type-page","status-publish","hentry"],"_links":{"self":[{"href":"https:\/\/site.ac-martinique.fr\/technologie\/wp-json\/wp\/v2\/pages\/1049","targetHints":{"allow":["GET"]}}],"collection":[{"href":"https:\/\/site.ac-martinique.fr\/technologie\/wp-json\/wp\/v2\/pages"}],"about":[{"href":"https:\/\/site.ac-martinique.fr\/technologie\/wp-json\/wp\/v2\/types\/page"}],"author":[{"embeddable":true,"href":"https:\/\/site.ac-martinique.fr\/technologie\/wp-json\/wp\/v2\/users\/80"}],"replies":[{"embeddable":true,"href":"https:\/\/site.ac-martinique.fr\/technologie\/wp-json\/wp\/v2\/comments?post=1049"}],"version-history":[{"count":4,"href":"https:\/\/site.ac-martinique.fr\/technologie\/wp-json\/wp\/v2\/pages\/1049\/revisions"}],"predecessor-version":[{"id":1657,"href":"https:\/\/site.ac-martinique.fr\/technologie\/wp-json\/wp\/v2\/pages\/1049\/revisions\/1657"}],"up":[{"embeddable":true,"href":"https:\/\/site.ac-martinique.fr\/technologie\/wp-json\/wp\/v2\/pages\/1039"}],"wp:attachment":[{"href":"https:\/\/site.ac-martinique.fr\/technologie\/wp-json\/wp\/v2\/media?parent=1049"}],"curies":[{"name":"wp","href":"https:\/\/api.w.org\/{rel}","templated":true}]}}