{"id":1319,"date":"2012-11-11T23:26:28","date_gmt":"2012-11-12T03:26:28","guid":{"rendered":"\/technologie\/?page_id=1319"},"modified":"2012-11-11T23:26:28","modified_gmt":"2012-11-12T03:26:28","slug":"proposition-de-sequence-niveau-4eme-coupe-de-robotique-martinique","status":"publish","type":"page","link":"https:\/\/site.ac-martinique.fr\/technologie\/concourss\/concours-robotique\/coupe-de-robotique-martinique-2013\/proposition-de-sequence-niveau-4eme-coupe-de-robotique-martinique\/","title":{"rendered":"proposition de s\u00e9quence : niveau 4\u00e8me (Coupe de ROBOTIQUE Martinique)"},"content":{"rendered":"<p><em>&#8220;Je vous joins \u00e9galement une proposition de s\u00e9quence test\u00e9e sur des \u00e9l\u00e8ves de 4e et qui semble adapt\u00e9e \u00e0 nos classes pour decouvrir Flowcode<\/em><br \/>\n<em>Pour que la s\u00e9quence fonctionne compl\u00e8tement,<strong> <span style=\"text-decoration: underline\">il faut avoir install\u00e9 Flowcode Free V5 AVR sur vos postes<\/span><\/strong><\/em><br \/>\n<em>J&#8217;invite ceux qui ne connaissent pas du tout Flowcode \u00e0 faire le TP (c&#8217;est tr\u00e8s rapide) pour en percevoir les avantages par rapport \u00e0 la programmation en C qui demande beaucoup plus de connaissances et de pr\u00e9-requis<\/em><br \/>\n<em>Pour lancer la s\u00e9quence, d\u00e9compresser le dossier et ouvrir la page html &#8220;Ressource&#8221; dans votre navigateur<\/em><\/p>\n<p><em>N&#8217;h\u00e9sitez pas \u00e0 transmettre vos commentaires et id\u00e9es ou questions si besoin (via ma bo\u00eete mail acad\u00e9mique)<\/em><\/p>\n<p><em>Cordialement,<\/em><\/p>\n<p><em>Xavier GRANDJEAN&#8221;<\/em><\/p>\n<p style=\"text-align: center\"><em><a href=\"\/technologie\/wp-content\/uploads\/sites\/24\/2012\/11\/S%C3%A9quence-6-html.zip\"><img loading=\"lazy\" decoding=\"async\" class=\"aligncenter\" src=\"http:\/\/www.funinformatique.com\/wp-content\/uploads\/sites\/24\/2012\/09\/zip.jpeg\" alt=\"\" width=\"80\" height=\"74\" \/><\/a><\/em><\/p>\n<p style=\"text-align: center\">Proposition de s\u00e9quence niveau 4\u00e8me<\/p>\n","protected":false},"excerpt":{"rendered":"<p>&#8220;Je vous joins \u00e9galement une proposition de s\u00e9quence test\u00e9e sur des \u00e9l\u00e8ves de 4e et qui semble adapt\u00e9e \u00e0 nos classes pour decouvrir Flowcode Pour que la s\u00e9quence fonctionne compl\u00e8tement, il faut avoir install\u00e9 Flowcode Free V5 AVR sur vos &hellip; <a href=\"https:\/\/site.ac-martinique.fr\/technologie\/concourss\/concours-robotique\/coupe-de-robotique-martinique-2013\/proposition-de-sequence-niveau-4eme-coupe-de-robotique-martinique\/\">Continuer la lecture <span class=\"meta-nav\">&rarr;<\/span><\/a><\/p>\n","protected":false},"author":80,"featured_media":0,"parent":1278,"menu_order":5,"comment_status":"closed","ping_status":"closed","template":"","meta":{"footnotes":""},"class_list":["post-1319","page","type-page","status-publish","hentry"],"_links":{"self":[{"href":"https:\/\/site.ac-martinique.fr\/technologie\/wp-json\/wp\/v2\/pages\/1319","targetHints":{"allow":["GET"]}}],"collection":[{"href":"https:\/\/site.ac-martinique.fr\/technologie\/wp-json\/wp\/v2\/pages"}],"about":[{"href":"https:\/\/site.ac-martinique.fr\/technologie\/wp-json\/wp\/v2\/types\/page"}],"author":[{"embeddable":true,"href":"https:\/\/site.ac-martinique.fr\/technologie\/wp-json\/wp\/v2\/users\/80"}],"replies":[{"embeddable":true,"href":"https:\/\/site.ac-martinique.fr\/technologie\/wp-json\/wp\/v2\/comments?post=1319"}],"version-history":[{"count":1,"href":"https:\/\/site.ac-martinique.fr\/technologie\/wp-json\/wp\/v2\/pages\/1319\/revisions"}],"predecessor-version":[{"id":1322,"href":"https:\/\/site.ac-martinique.fr\/technologie\/wp-json\/wp\/v2\/pages\/1319\/revisions\/1322"}],"up":[{"embeddable":true,"href":"https:\/\/site.ac-martinique.fr\/technologie\/wp-json\/wp\/v2\/pages\/1278"}],"wp:attachment":[{"href":"https:\/\/site.ac-martinique.fr\/technologie\/wp-json\/wp\/v2\/media?parent=1319"}],"curies":[{"name":"wp","href":"https:\/\/api.w.org\/{rel}","templated":true}]}}