{"id":1597,"date":"2014-01-30T10:26:29","date_gmt":"2014-01-30T14:26:29","guid":{"rendered":"\/technologie\/?page_id=1597"},"modified":"2015-06-08T03:53:42","modified_gmt":"2015-06-08T07:53:42","slug":"concours-architecture-2","status":"publish","type":"page","link":"https:\/\/site.ac-martinique.fr\/technologie\/concourss\/concours-architecture-2\/","title":{"rendered":"CONCOURS ARCHITECTURE"},"content":{"rendered":"<p><span style=\"font-family: arial, helvetica, sans-serif\">\u00e0 destination des \u00e9l\u00e8ves de <span style=\"text-decoration: underline\"><strong>5 \u00e8me<\/strong><\/span> <span style=\"color: #000000\"><strong>\u00a0(de coll\u00e8ge et de SEGPA)\u00a0<\/strong><\/span>avec le logiciel <span style=\"text-decoration: underline\"><strong>SweetHome3D\u00a0<\/strong><\/span>:<\/span><\/p>\n<p><span style=\"text-decoration: underline;font-family: arial, helvetica, sans-serif\"><strong>Comp\u00e9tences attendues (en r\u00e9sum\u00e9):\u00a0<\/strong><\/span><\/p>\n<p><strong><span style=\"font-family: arial, helvetica, sans-serif\"><em>Se mettre dans la peau d&#8217;un architecte et faire parti d&#8217;un bureau d&#8217;\u00e9tude<\/em><\/span><\/strong><\/p>\n<table border=\"0\">\n<tbody>\n<tr>\n<td>\n<ul>\n<li>Exploiter le logiciel sweet home 3D<\/li>\n<li>Collecter et \u00e9tudier les contraintes techniques de construction<\/li>\n<li>\u00c9tudier et interpr\u00e9ter un cahier des charges (demande client)<\/li>\n<li>Choisir un am\u00e9nagement int\u00e9rieur<\/li>\n<li>Pr\u00e9senter \u00e0 \u00a0l&#8217;orale son projet &#8211; argumenter ses choix techniques<\/li>\n<li>Cr\u00e9er une affiche &#8211; plan de maison<\/li>\n<li>Savoir travailler en \u00e9quipe &#8211; se r\u00e9partir les taches<\/li>\n<\/ul>\n<\/td>\n<td><img loading=\"lazy\" decoding=\"async\" src=\"http:\/\/www.sweethome3d.com\/images\/SweetHome3DSmall.jpg\" alt=\"\" width=\"170\" height=\"115\" \/><\/td>\n<\/tr>\n<\/tbody>\n<\/table>\n<div>\n<hr \/>\n<\/div>\n<div><\/div>\n<div><strong><span style=\"color: #ff0000\">DEUXI\u00c8ME<\/span><span style=\"color: #ff0000\">\u00a0EDITION (2014-2015)<\/span><\/strong><\/div>\n<div><\/div>\n<div>\n<p><img loading=\"lazy\" decoding=\"async\" src=\"\/technologie\/wp-content\/uploads\/sites\/24\/2015\/01\/banni%C3%A8re-concours-archi.png\" alt=\"\" width=\"660\" height=\"146\" \/><\/p>\n<p>Pour la deuxi\u00e8me \u00e9dition du concours d\u2019Architecture, Le sujet reste le m\u00eame.<\/p>\n<p>L&#8217;accent, cette ann\u00e9e, sera port\u00e9 sur la qualit\u00e9 du plan de maison sur support papier. Le diaporama des \u00e9l\u00e8ves ainsi que la visite virtuelle de la maison permettra surtout d\u2019agr\u00e9menter leur pr\u00e9sentation.<\/p>\n<p>Un r\u00e9sum\u00e9 de la 1\u00e8re \u00e9dition (reportage vid\u00e9o et pr\u00e9sentation \u00e9l\u00e8ves) sur le lien suivant :<\/p>\n<p style=\"text-align: left;padding-left: 90px\">&#8211; <a href=\"http:\/\/prezi.com\/czlk-bruzjty\/?utm_campaign=share&amp;utm_medium=copy&amp;rc=ex0share\"><img loading=\"lazy\" decoding=\"async\" src=\"\/technologie\/wp-content\/uploads\/sites\/24\/2015\/01\/prezi-logo.jpg\" alt=\"\" width=\"36\" height=\"39\" \/><\/a><a href=\"http:\/\/prezi.com\/czlk-bruzjty\/?utm_campaign=share&amp;utm_medium=copy&amp;rc=ex0share\" target=\"_blank\">Pr\u00e9sentation de la premi\u00e8re \u00e9dition<\/a>\n<\/p>\n<p>Nouveaut\u00e9 pour cette ann\u00e9e, des documents d&#8217;appui vous sont propos\u00e9s, \u00e0 titre exp\u00e9rimentale, afin de pouvoir int\u00e9grer des s\u00e9quences p\u00e9dagogiques en rapport avec le concours d&#8217;architecture dans vos cours de 5\u00e8me :<\/p>\n<p style=\"padding-left: 90px\">&#8211;\u00a0<a href=\"http:\/\/prezi.com\/0duwn91xar_u\/?utm_campaign=share&amp;utm_medium=copy\"><img loading=\"lazy\" decoding=\"async\" src=\"\/technologie\/wp-content\/uploads\/sites\/24\/2015\/01\/prezi-logo.jpg\" alt=\"\" width=\"35\" height=\"38\" \/><\/a>\u00a0<a href=\"http:\/\/prezi.com\/0duwn91xar_u\/?utm_campaign=share&amp;utm_medium=copy\" target=\"_blank\">Diaporama p\u00e9dagogique \u00e0 destination des professeurs<\/a><\/p>\n<p style=\"padding-left: 90px\">\n<p style=\"padding-left: 90px\">&#8211; \u00a0<a href=\"https:\/\/drive.google.com\/open?id=0B7HJlFGKq9JVVXphVmhaazRaUVE&amp;authuser=0\"><img loading=\"lazy\" decoding=\"async\" src=\"\/technologie\/wp-content\/uploads\/sites\/24\/2015\/01\/credit-photo-google-drive-198.png\" alt=\"\" width=\"39\" height=\"34\" \/><\/a>\u00a0 <a href=\"https:\/\/drive.google.com\/open?id=0B7HJlFGKq9JVVXphVmhaazRaUVE&amp;authuser=0\" target=\"_blank\">fiches d\u2019exercices \u00e9l\u00e8ves<\/a><\/p>\n<p><em>\u00a0Inscrivez-vous, d\u00e8s \u00e0 pr\u00e9sent, sur la page suivante : \u00a0<a href=\"http:\/\/goo.gl\/forms\/URB28ahDLo\" target=\"_blank\">INSCRIPTION<\/a><\/em><\/p>\n<p><strong>La 2\u00e8me \u00e9dition du concours d&#8217;architecture aura lieu le <span style=\"font-size: large;color: #ff0000\">LUNDI 15 JUIN<\/span>\u00a0<span style=\"color: #ff0000\">au coll\u00e8ge G\u00e9rard CAF\u00c9 du Marin<\/span><\/strong><em><strong>.\u00a0<\/strong><\/em><\/p>\n<p style=\"text-align: center\">&#8212;&#8212;&#8212;&#8212;&#8212;&#8212;&#8212;&#8212;&#8212;&#8212;&#8212;&#8212;&#8212;&#8212;&#8212;&#8212;&#8212;&#8212;&#8212;&#8212;&#8212;&#8212;&#8212;&#8212;&#8212;&#8212;&#8212;&#8212;&#8212;&#8212;&#8212;&#8212;&#8212;&#8212;&#8212;&#8212;&#8212;&#8212;&#8212;&#8212;&#8212;&#8212;&#8212;&#8212;&#8212;-<\/p>\n<\/div>\n<div><\/div>\n<div><\/div>\n<div><span style=\"font-size: x-large;color: #ff0000\"><strong><span style=\"font-family: arial, helvetica, sans-serif\">PREMI\u00c8RE \u00c9DITION (2013-2014) :\u00a0<\/span><\/strong><\/span><\/div>\n<div style=\"text-align: center\"><span style=\"color: #000000;background-color: #ffffff\"><strong><span style=\"background-color: #ff0000\"><br \/>\nrecommandations-aide pour le professeur<\/span> \u00a0<span style=\"color: #ff0000\">(A LIRE imp\u00e9rativement)<\/span>:<\/strong><a href=\"\/technologie\/?page_id=1720\" target=\"_blank\"><span style=\"color: #000000;background-color: #ffffff\">\u00a0lien<br \/>\n<\/span><\/a><\/span><\/div>\n<div>\n<ul>\n<li><strong><span style=\"font-size: medium;font-family: arial, helvetica, sans-serif\">INSCRIPTION <\/span><\/strong><span style=\"font-size: x-small\"><em><span style=\"font-family: arial, helvetica, sans-serif\">par le professeur<\/span><\/em><\/span><strong><span style=\"font-size: medium;font-family: arial, helvetica, sans-serif\"> : <a href=\"https:\/\/docs.google.com\/forms\/d\/1gOe4WP9d4f0e9qxWIx-HnSSsMxpzh65LSXm0W3x2A24\/viewform\" target=\"_blank\">lien<\/a><\/span><\/strong><\/li>\n<li><strong><span style=\"font-size: medium;font-family: arial, helvetica, sans-serif\">Affiche : <a href=\"\/technologie\/?page_id=1599\" target=\"_blank\">lien<\/a><\/span><\/strong><\/li>\n<li><strong><span style=\"font-size: medium;font-family: arial, helvetica, sans-serif\">R\u00e8glement : <a href=\"\/technologie\/?page_id=1637\" target=\"_blank\">lien<\/a><\/span><\/strong><\/li>\n<li><strong><span style=\"font-size: medium;font-family: arial, helvetica, sans-serif\">Exercice d&#8217;entrainement : <a href=\"\/technologie\/?page_id=1643\" target=\"_blank\">lien<\/a><\/span><\/strong><\/li>\n<li><strong><span style=\"font-family: arial, helvetica, sans-serif\"><span style=\"font-size: medium\">Logiciel et notice :<\/span> <a href=\"\/technologie\/?page_id=1675\">lien<\/a><\/span><\/strong><\/li>\n<li><strong><strong><span style=\"font-size: medium;font-family: arial, helvetica, sans-serif\">Exemple de maquette :<\/span> <a href=\"\/technologie\/wp-content\/uploads\/sites\/24\/2014\/02\/exemple-de-maquette.pdf\" target=\"_blank\">lien<\/a><\/strong><\/strong>&nbsp;<\/li>\n<li><span style=\"font-size: medium;font-family: arial, helvetica, sans-serif;background-color: #ffffff;color: #ff0000\"><strong>EXPLICATION du PLU :\u00a0<\/strong><a href=\"\/technologie\/wp-content\/uploads\/sites\/24\/2014\/02\/SWEETHOME-2013-2014-PLU-EXPLICATION-2.pdf\" target=\"_blank\"><span style=\"background-color: #ffffff;color: #ff0000\"><em>lien<\/em><\/span><\/a><\/span><\/li>\n<li><strong><a href=\"\/technologie\/wp-content\/uploads\/sites\/24\/2014\/02\/exemple-de-maquette.pdf\" target=\"_blank\">\u00a0<\/a><\/strong><\/li>\n<\/ul>\n<div>\n<hr \/>\n<\/div>\n<ul>\n<li><span style=\"text-decoration: underline;font-family: arial, helvetica, sans-serif\"><strong><span style=\"font-size: medium\">Ressources pour le concours :\u00a0<\/span><\/strong><\/span><\/li>\n<\/ul>\n<ul>\n<ul>\n<li><span style=\"font-family: arial, helvetica, sans-serif\"><strong><span style=\"font-size: medium\">\u00c9tude de la concurrence : <\/span><\/strong><span style=\"font-size: medium\"><a href=\"\/technologie\/?page_id=1725\" target=\"_blank\">des exemples de r\u00e9alisation<\/a><\/span><\/span><\/li>\n<\/ul>\n<\/ul>\n<ul>\n<ul>\n<li><span style=\"font-family: arial, helvetica, sans-serif\"><strong><span style=\"font-size: medium\">r\u00e8gles de construction :\u00a0<\/span><\/strong><\/span>\n<ul>\n<li><span style=\"font-family: arial, helvetica, sans-serif\"><strong><span style=\"font-size: medium\">\u00e9paisseur des murs :\u00a0<\/span><\/strong><a href=\"\/technologie\/wp-content\/uploads\/sites\/24\/2014\/02\/\u00e9paisseur-murs.pdf\" target=\"_blank\"><span style=\"font-size: medium\"><em>lien<\/em><\/span><\/a><\/span><\/li>\n<li><span style=\"font-family: arial, helvetica, sans-serif\"><strong><span style=\"font-size: medium\">r\u00e8gle g\u00e9n\u00e9rale parasismique :\u00a0<\/span><\/strong><span style=\"font-size: medium\"><em><a href=\"\/technologie\/wp-content\/uploads\/sites\/24\/2014\/02\/ouvrants-et-poteaux-r\u00e8gles-de-construction1.pdf\" target=\"_blank\">lien<\/a>\u00a0<span style=\"font-size: small\">(page 2)<\/span><\/em><\/span><\/span><\/li>\n<li><span style=\"font-family: arial, helvetica, sans-serif\"><span style=\"font-size: medium\"><strong>distance entre les poteaux sur la terrasse :<\/strong> <em><a href=\"\/technologie\/wp-content\/uploads\/sites\/24\/2014\/02\/ouvrants-et-poteaux-r\u00e8gles-de-construction1.pdf\" target=\"_blank\">lien<\/a><span style=\"font-size: small\">\u00a0(page 3)<\/span><\/em><\/span><\/span><\/li>\n<li><span style=\"font-family: arial, helvetica, sans-serif\"><strong><span style=\"font-size: medium\">place de parking :\u00a0<\/span><\/strong><a href=\"\/technologie\/wp-content\/uploads\/sites\/24\/2014\/02\/parking.pdf\" target=\"_blank\"><span style=\"font-size: medium\"><em>lien<\/em><\/span><\/a><\/span><\/li>\n<li><span style=\"font-size: medium;font-family: arial, helvetica, sans-serif\"><strong>hauteur de porte-fen\u00eatre\u00a0(code esth\u00e9tique) :\u00a0<\/strong><em><a href=\"\/technologie\/wp-content\/uploads\/sites\/24\/2014\/02\/ouvrants-et-poteaux-r\u00e8gles-de-construction1.pdf\" target=\"_blank\">lien<\/a>\u00a0<span style=\"font-size: small\"><em>(page 2)<\/em><\/span><\/em><\/span><\/li>\n<li><strong><span style=\"font-size: medium;font-family: arial, helvetica, sans-serif\">dimensions standards des ouvrants : <\/span><\/strong><span style=\"font-family: arial, helvetica, sans-serif\"><em><span style=\"font-size: medium\"><a href=\"\/technologie\/wp-content\/uploads\/sites\/24\/2014\/02\/dimensions-standards-ouvrants.pdf\" target=\"_blank\">lien<\/a><\/span><\/em><\/span><\/li>\n<li><strong><span style=\"font-family: arial, helvetica, sans-serif;font-size: medium\">emprise au sol :<\/span><\/strong><a href=\"\/technologie\/wp-content\/uploads\/sites\/24\/2014\/02\/emprise-au-sol2.pdf\" target=\"_blank\"><span style=\"font-size: medium\"><em><span style=\"font-family: arial, helvetica, sans-serif\"> lien<\/span><\/em><\/span><\/a><\/li>\n<li><strong><span style=\"font-family: arial, helvetica, sans-serif;font-size: medium\">surface de plancher : <\/span><\/strong><span style=\"font-family: arial, helvetica, sans-serif;font-size: medium\"><em><a href=\"\/technologie\/wp-content\/uploads\/sites\/24\/2014\/02\/Surface-de-plancher.pdf\" target=\"_blank\">lien<\/a><\/em><\/span><\/li>\n<\/ul>\n<\/li>\n<\/ul>\n<\/ul>\n<p>&nbsp;<\/p>\n<hr \/>\n<p><span style=\"font-family: arial, helvetica, sans-serif;font-size: small\"><em>\u00a0<\/em><\/span><\/p>\n<table border=\"0\">\n<tbody>\n<tr>\n<td><span style=\"font-size: x-large;color: #ff0000\"><strong>SUJET DU CONCOURS :\u00a0<\/strong><\/span><\/td>\n<td><a href=\"\/technologie\/wp-content\/uploads\/sites\/24\/2014\/02\/cahier-des-charges-v2.pdf\"><img loading=\"lazy\" decoding=\"async\" src=\"\/technologie\/wp-content\/uploads\/sites\/24\/2014\/02\/cahier-des-charges_01.jpg\" alt=\"\" width=\"144\" height=\"204\" \/><\/a><\/p>\n<p style=\"text-align: center\"><a href=\"\/technologie\/wp-content\/uploads\/sites\/24\/2014\/02\/cahier-des-charges-v2.pdf\" target=\"_blank\"><span style=\"font-size: large\">lien<\/span><\/a><\/p>\n<\/td>\n<td><a href=\"\/technologie\/wp-content\/uploads\/sites\/24\/2014\/02\/cahier-des-charges-v2.docx\" target=\"_blank\"><span style=\"font-size: large\"><img loading=\"lazy\" decoding=\"async\" class=\"aligncenter\" src=\"\/technologie\/wp-content\/uploads\/sites\/24\/2014\/01\/word.jpg\" alt=\"\" width=\"52\" height=\"54\" \/><\/span><\/a><\/p>\n<p style=\"text-align: center\"><span style=\"font-size: small\"><em><span style=\"font-family: arial, helvetica, sans-serif\">version modifiable<\/span><\/em><\/span><\/p>\n<\/td>\n<\/tr>\n<\/tbody>\n<\/table>\n<ul>\n<ul>\n<li>\n<address><span style=\"text-decoration: underline\"><span style=\"font-size: x-large;font-family: arial, helvetica, sans-serif;color: #000000\"><strong>documents annexes\u00a0<\/strong><\/span><\/span><\/address>\n<ul>\n<li>\n<address><span style=\"font-size: x-large;font-family: arial, helvetica, sans-serif;color: #ff0000\">plan cadastral :\u00a0<span style=\"color: #000000;font-size: large\"><a href=\"\/technologie\/wp-content\/uploads\/sites\/24\/2014\/02\/Plan-cadastre.pdf\" target=\"_blank\"><span style=\"color: #000000\">lien<\/span><\/a><\/span><\/span><\/address>\n<\/li>\n<li>\n<address><span style=\"font-family: arial, helvetica, sans-serif;font-size: x-large;color: #ff0000\">PLU :\u00a0<span style=\"font-size: large\"><span style=\"color: #000000\"><a href=\"\/technologie\/wp-content\/uploads\/sites\/24\/2014\/02\/PLU-vauclin.pdf\" target=\"_blank\">lien<\/a>\u00a0 + (<\/span><\/span><\/span><strong>EXPLICATION du PLU :\u00a0<\/strong><em><a href=\"\/technologie\/wp-content\/uploads\/sites\/24\/2014\/02\/SWEETHOME-2013-2014-PLU-EXPLICATION-2.pdf\" target=\"_blank\">lien<\/a>)<\/em><\/address>\n<address>\u00a0<\/address>\n<\/li>\n<\/ul>\n<\/li>\n<\/ul>\n<\/ul>\n<div><span style=\"font-family: arial, helvetica, sans-serif\">\u00a0<\/span><\/div>\n<div style=\"padding-left: 30px;text-align: right\"><em><span style=\"color: #000000\">FINAL : vendredi 30 mai 2014<\/span><\/em><\/div>\n<\/div>\n<div style=\"padding-left: 30px\"><\/div>\n<div>\n<hr \/>\n<\/div>\n<div><\/div>\n<div><\/div>\n","protected":false},"excerpt":{"rendered":"<p>\u00e0 destination des \u00e9l\u00e8ves de 5 \u00e8me \u00a0(de coll\u00e8ge et de SEGPA)\u00a0avec le logiciel SweetHome3D\u00a0: Comp\u00e9tences attendues (en r\u00e9sum\u00e9):\u00a0 Se mettre dans la peau d&#8217;un architecte et faire parti d&#8217;un bureau d&#8217;\u00e9tude Exploiter le logiciel sweet home 3D Collecter et &hellip; <a href=\"https:\/\/site.ac-martinique.fr\/technologie\/concourss\/concours-architecture-2\/\">Continuer la lecture <span class=\"meta-nav\">&rarr;<\/span><\/a><\/p>\n","protected":false},"author":80,"featured_media":0,"parent":1271,"menu_order":0,"comment_status":"closed","ping_status":"closed","template":"","meta":{"footnotes":""},"class_list":["post-1597","page","type-page","status-publish","hentry"],"_links":{"self":[{"href":"https:\/\/site.ac-martinique.fr\/technologie\/wp-json\/wp\/v2\/pages\/1597","targetHints":{"allow":["GET"]}}],"collection":[{"href":"https:\/\/site.ac-martinique.fr\/technologie\/wp-json\/wp\/v2\/pages"}],"about":[{"href":"https:\/\/site.ac-martinique.fr\/technologie\/wp-json\/wp\/v2\/types\/page"}],"author":[{"embeddable":true,"href":"https:\/\/site.ac-martinique.fr\/technologie\/wp-json\/wp\/v2\/users\/80"}],"replies":[{"embeddable":true,"href":"https:\/\/site.ac-martinique.fr\/technologie\/wp-json\/wp\/v2\/comments?post=1597"}],"version-history":[{"count":46,"href":"https:\/\/site.ac-martinique.fr\/technologie\/wp-json\/wp\/v2\/pages\/1597\/revisions"}],"predecessor-version":[{"id":1942,"href":"https:\/\/site.ac-martinique.fr\/technologie\/wp-json\/wp\/v2\/pages\/1597\/revisions\/1942"}],"up":[{"embeddable":true,"href":"https:\/\/site.ac-martinique.fr\/technologie\/wp-json\/wp\/v2\/pages\/1271"}],"wp:attachment":[{"href":"https:\/\/site.ac-martinique.fr\/technologie\/wp-json\/wp\/v2\/media?parent=1597"}],"curies":[{"name":"wp","href":"https:\/\/api.w.org\/{rel}","templated":true}]}}