{"id":1599,"date":"2014-01-30T10:24:11","date_gmt":"2014-01-30T14:24:11","guid":{"rendered":"\/technologie\/?page_id=1599"},"modified":"2015-06-08T03:58:06","modified_gmt":"2015-06-08T07:58:06","slug":"affiche-concours-architecture-2014","status":"publish","type":"page","link":"https:\/\/site.ac-martinique.fr\/technologie\/concourss\/concours-architecture-2\/affiche-concours-architecture-2014\/","title":{"rendered":"AFFICHE : concours architecture 2014"},"content":{"rendered":"<table border=\"0\">\n<tbody>\n<tr align=\"center\" valign=\"middle\">\n<td><span style=\"font-family: 'arial black', 'avant garde';font-size: large\">AFFICHE \u00e0 t\u00e9l\u00e9charger :\u00a0<\/span><\/td>\n<td>\n<h1 style=\"text-align: center\"><a href=\"\/technologie\/wp-content\/uploads\/sites\/24\/2014\/04\/AFFICHE2.jpg\" target=\"_blank\"><img loading=\"lazy\" decoding=\"async\" class=\"aligncenter\" src=\"\/technologie\/wp-content\/uploads\/sites\/24\/2012\/09\/pdf.png\" alt=\"\" width=\"31\" height=\"31\" \/><\/a><\/h1>\n<\/td>\n<td>\n<h1 style=\"text-align: center\">\u00a0\u00a0<a href=\"\/technologie\/wp-content\/uploads\/sites\/24\/2014\/04\/SWEETHOME-2013-2014-Concours-Sweet-Home-3D-2014-Affiche-1.3-2.docx\"><img loading=\"lazy\" decoding=\"async\" style=\"font-size: 11px;font-weight: normal;line-height: 19px\" src=\"\/technologie\/wp-content\/uploads\/sites\/24\/2014\/01\/word.jpg\" alt=\"\" width=\"31\" height=\"32\" \/><\/a><\/h1>\n<\/td>\n<\/tr>\n<\/tbody>\n<\/table>\n<p style=\"text-align: left\"><em>Document modifiable surtout si vous voulez l&#8217;afficher dans votre coll\u00e8ge\u00a0<\/em>\u00a0<\/p>\n<hr \/>\n<p style=\"text-align: center\"><span style=\"font-size: x-large;background-color: #ffffff\"><strong>Concours SWEET HOME 3D &#8211; 2014<\/strong><\/span><\/p>\n<p style=\"text-align: center\"><span style=\"font-size: medium\"><strong>Niveau des candidats\u00a0: 5<sup>\u00e8me<\/sup> Technologie Coll\u00e8ge et SEGPA &#8211; Martinique<\/strong><\/span><\/p>\n<p style=\"text-align: center\"><span style=\"color: #ff0000;font-size: medium\"><strong>Finale : Vendredi 30 mai 2014 \u00e0 08h00<\/strong><\/span><\/p>\n<p style=\"text-align: center\"><span style=\"color: #ff0000;font-size: medium\"><strong>Coll\u00e8ge Robert 3 du Robert<\/strong><\/span><\/p>\n<p align=\"center\"><strong>\u00a0<\/strong><\/p>\n<table border=\"0\" cellspacing=\"0\" cellpadding=\"0\">\n<tbody>\n<tr>\n<td valign=\"top\" width=\"256\"><img loading=\"lazy\" decoding=\"async\" src=\"\/technologie\/wp-content\/uploads\/sites\/24\/2014\/01\/affiche-image1.png\" alt=\"\" width=\"167\" height=\"94\" \/>\u00a0<\/td>\n<td style=\"text-align: center\" valign=\"top\" width=\"254\">\u00a0<img loading=\"lazy\" decoding=\"async\" src=\"\/technologie\/wp-content\/uploads\/sites\/24\/2014\/01\/affiche-image2.png\" alt=\"\" width=\"175\" height=\"119\" \/><\/td>\n<td style=\"text-align: center\" valign=\"top\" width=\"256\">\u00a0<img loading=\"lazy\" decoding=\"async\" src=\"\/technologie\/wp-content\/uploads\/sites\/24\/2014\/01\/affiche-image3.png\" alt=\"\" width=\"127\" height=\"94\" \/><\/td>\n<\/tr>\n<\/tbody>\n<\/table>\n<p>&nbsp;<\/p>\n<p align=\"center\"><strong>INSCRIvez-vous sur le site technologie : <a href=\"https:\/\/docs.google.com\/forms\/d\/1gOe4WP9d4f0e9qxWIx-HnSSsMxpzh65LSXm0W3x2A24\/viewform\" target=\"_blank\">LIEN<\/a><\/strong><\/p>\n<p align=\"center\"><strong>INFORMATIONS compl\u00e9mentaires <\/strong><a href=\"mailto:bruno.taille@ac-martinique.fr\">bruno.taille@ac-martinique.fr<\/a> ou <span style=\"text-decoration: underline\">olivier.helene<\/span><a href=\"mailto:bruno.taille@ac-martinique.fr\">@ac-martinique.fr<\/a> <strong><\/strong><\/p>\n<p>&nbsp;<\/p>\n","protected":false},"excerpt":{"rendered":"<p>AFFICHE \u00e0 t\u00e9l\u00e9charger :\u00a0 \u00a0\u00a0 Document modifiable surtout si vous voulez l&#8217;afficher dans votre coll\u00e8ge\u00a0\u00a0 Concours SWEET HOME 3D &#8211; 2014 Niveau des candidats\u00a0: 5\u00e8me Technologie Coll\u00e8ge et SEGPA &#8211; Martinique Finale : Vendredi 30 mai 2014 \u00e0 08h00 Coll\u00e8ge &hellip; <a href=\"https:\/\/site.ac-martinique.fr\/technologie\/concourss\/concours-architecture-2\/affiche-concours-architecture-2014\/\">Continuer la lecture <span class=\"meta-nav\">&rarr;<\/span><\/a><\/p>\n","protected":false},"author":80,"featured_media":0,"parent":1597,"menu_order":1,"comment_status":"closed","ping_status":"closed","template":"","meta":{"footnotes":""},"class_list":["post-1599","page","type-page","status-publish","hentry"],"_links":{"self":[{"href":"https:\/\/site.ac-martinique.fr\/technologie\/wp-json\/wp\/v2\/pages\/1599","targetHints":{"allow":["GET"]}}],"collection":[{"href":"https:\/\/site.ac-martinique.fr\/technologie\/wp-json\/wp\/v2\/pages"}],"about":[{"href":"https:\/\/site.ac-martinique.fr\/technologie\/wp-json\/wp\/v2\/types\/page"}],"author":[{"embeddable":true,"href":"https:\/\/site.ac-martinique.fr\/technologie\/wp-json\/wp\/v2\/users\/80"}],"replies":[{"embeddable":true,"href":"https:\/\/site.ac-martinique.fr\/technologie\/wp-json\/wp\/v2\/comments?post=1599"}],"version-history":[{"count":22,"href":"https:\/\/site.ac-martinique.fr\/technologie\/wp-json\/wp\/v2\/pages\/1599\/revisions"}],"predecessor-version":[{"id":1946,"href":"https:\/\/site.ac-martinique.fr\/technologie\/wp-json\/wp\/v2\/pages\/1599\/revisions\/1946"}],"up":[{"embeddable":true,"href":"https:\/\/site.ac-martinique.fr\/technologie\/wp-json\/wp\/v2\/pages\/1597"}],"wp:attachment":[{"href":"https:\/\/site.ac-martinique.fr\/technologie\/wp-json\/wp\/v2\/media?parent=1599"}],"curies":[{"name":"wp","href":"https:\/\/api.w.org\/{rel}","templated":true}]}}