{"id":1637,"date":"2014-01-30T10:38:26","date_gmt":"2014-01-30T14:38:26","guid":{"rendered":"\/technologie\/?page_id=1637"},"modified":"2014-04-07T16:24:54","modified_gmt":"2014-04-07T20:24:54","slug":"reglement-concours-architecture-2014","status":"publish","type":"page","link":"https:\/\/site.ac-martinique.fr\/technologie\/concourss\/concours-architecture-2\/reglement-concours-architecture-2014\/","title":{"rendered":"R\u00e8glement : concours architecture 2014"},"content":{"rendered":"<table border=\"0\" cellspacing=\"0\" cellpadding=\"0\">\n<tbody>\n<tr>\n<td valign=\"top\" width=\"113\">\u00a0<img loading=\"lazy\" decoding=\"async\" src=\"\/technologie\/wp-content\/uploads\/sites\/24\/2014\/01\/affiche-image2.png\" alt=\"\" width=\"140\" height=\"95\" \/><\/td>\n<td valign=\"top\" width=\"454\">\n<p align=\"center\"><span style=\"font-size: large\"><strong>Concours Sweet Home 3D<\/strong><\/span><\/p>\n<p align=\"center\"><span style=\"font-size: large\"><strong>\u00a0&#8211; Edition 2014 Acad\u00e9mie-Martinique<\/strong><\/span><\/p>\n<\/td>\n<td valign=\"top\" width=\"113\">\u00a0<img loading=\"lazy\" decoding=\"async\" src=\"\/technologie\/wp-content\/uploads\/sites\/24\/2014\/01\/affiche-image1.png\" alt=\"\" width=\"130\" height=\"73\" \/><\/td>\n<\/tr>\n<\/tbody>\n<\/table>\n<p><strong>\u00a0<\/strong>Ce concours s\u2019adresse aux \u00e9l\u00e8ves de cinqui\u00e8me de coll\u00e8ge (par \u00e9quipe de 2 ou 3 \u00e9l\u00e8ves).<\/p>\n<p align=\"center\">A l\u2019aide du logiciel Sweet Home 3D et d\u2019un cahier des charges, ils devront montrer qu\u2019ils sont capables de concevoir une maison individuelle et proposer les am\u00e9nagements (int\u00e9rieur et ext\u00e9rieur).<\/p>\n<p align=\"center\">Pour communiquer en direction du client, l\u2019\u00e9quipe devra \u00e9galement produire une plaquette au format A4.<\/p>\n<p align=\"center\">\u00a0<\/p>\n<p align=\"center\">Le cahier des charges sera transmis, aux \u00e9quipes inscrites, par courriel, le <strong>vendredi 21 f\u00e9vrier 2014<\/strong>.<\/p>\n<p align=\"center\">Les s\u00e9lections dans les coll\u00e8ges se d\u00e9rouleront en <strong>mars et avril 2014.<\/strong><\/p>\n<p align=\"center\"><strong>\u00a0<\/strong><\/p>\n<p align=\"center\">Les professeurs de technologie organiseront la s\u00e9lection des \u00e9quipes les plus performantes <strong>(une en coll\u00e8ge et une en segpa)<\/strong><\/p>\n<p align=\"center\">L\u2019\u00e9quipe gagnante du coll\u00e8ge et l\u2019\u00e9quipe gagnante de la segpa pr\u00e9senteront leurs projets \u00e0 la finale acad\u00e9mique qui se<\/p>\n<p align=\"center\">d\u00e9roulera le <strong>vendredi 30 mai 2014 \u00e0 partir de 8h00 au coll\u00e8ge Robert 3<\/strong>.<\/p>\n<p align=\"center\">\u00a0<\/p>\n<p align=\"center\">Les crit\u00e8res retenus :<\/p>\n<table border=\"1\" cellspacing=\"0\" cellpadding=\"0\">\n<tbody>\n<tr>\n<td valign=\"top\" width=\"57\">\n<p align=\"center\">\u00a0<\/p>\n<\/td>\n<td valign=\"top\" width=\"397\">\n<p align=\"center\">\u00a0<\/p>\n<\/td>\n<td colspan=\"4\" valign=\"top\" width=\"227\">\n<p align=\"center\"><strong>NIVEAU DE MAITRISE<\/strong><\/p>\n<\/td>\n<\/tr>\n<tr>\n<td width=\"57\">\n<p align=\"center\"><strong>Rep\u00e8res<\/strong><\/p>\n<\/td>\n<td width=\"397\">\n<p><strong>Crit\u00e8res<\/strong><\/p>\n<\/td>\n<td width=\"57\">\n<p align=\"center\"><strong>\u2013 \u2013<\/strong><\/p>\n<\/td>\n<td width=\"57\">\n<p align=\"center\"><strong>\u2013<\/strong><\/p>\n<\/td>\n<td width=\"57\">\n<p align=\"center\"><strong>+<\/strong><\/p>\n<\/td>\n<td width=\"57\">\n<p align=\"center\"><strong>++<\/strong><\/p>\n<\/td>\n<\/tr>\n<tr>\n<td width=\"57\">\n<p align=\"center\">1<\/p>\n<\/td>\n<td width=\"397\">\n<p>Respect du cahier des charges<\/p>\n<\/td>\n<td width=\"57\">\n<p align=\"center\">\u00a0<\/p>\n<\/td>\n<td width=\"57\">\n<p align=\"center\">\u00a0<\/p>\n<\/td>\n<td width=\"57\">\n<p align=\"center\">\u00a0<\/p>\n<\/td>\n<td width=\"57\">\n<p align=\"center\">\u00a0<\/p>\n<\/td>\n<\/tr>\n<tr>\n<td width=\"57\">\n<p align=\"center\">2<\/p>\n<\/td>\n<td width=\"397\">\n<p>Respect des normes<\/p>\n<\/td>\n<td width=\"57\">\n<p align=\"center\">\u00a0<\/p>\n<\/td>\n<td width=\"57\">\n<p align=\"center\">\u00a0<\/p>\n<\/td>\n<td width=\"57\">\n<p align=\"center\">\u00a0<\/p>\n<\/td>\n<td width=\"57\">\n<p align=\"center\">\u00a0<\/p>\n<\/td>\n<\/tr>\n<tr>\n<td width=\"57\">\n<p align=\"center\">3<\/p>\n<\/td>\n<td width=\"397\">\n<p>Soutenance orale du projet<\/p>\n<\/td>\n<td width=\"57\">\n<p align=\"center\">\u00a0<\/p>\n<\/td>\n<td width=\"57\">\n<p align=\"center\">\u00a0<\/p>\n<\/td>\n<td width=\"57\">\n<p align=\"center\">\u00a0<\/p>\n<\/td>\n<td width=\"57\">\n<p align=\"center\">\u00a0<\/p>\n<\/td>\n<\/tr>\n<tr>\n<td width=\"57\">\n<p align=\"center\">4<\/p>\n<\/td>\n<td width=\"397\">\n<p>Ma\u00eetrise du logiciel pendant la soutenance<\/p>\n<\/td>\n<td width=\"57\">\n<p align=\"center\">\u00a0<\/p>\n<\/td>\n<td width=\"57\">\n<p align=\"center\">\u00a0<\/p>\n<\/td>\n<td width=\"57\">\n<p align=\"center\">\u00a0<\/p>\n<\/td>\n<td width=\"57\">\n<p align=\"center\">\u00a0<\/p>\n<\/td>\n<\/tr>\n<tr>\n<td width=\"57\">\n<p align=\"center\">5<\/p>\n<\/td>\n<td width=\"397\">\n<p>R\u00e9partition des r\u00f4les pendant la soutenance<\/p>\n<\/td>\n<td width=\"57\">\n<p align=\"center\">\u00a0<\/p>\n<\/td>\n<td width=\"57\">\n<p align=\"center\">\u00a0<\/p>\n<\/td>\n<td width=\"57\">\n<p align=\"center\">\u00a0<\/p>\n<\/td>\n<td width=\"57\">\n<p align=\"center\">\u00a0<\/p>\n<\/td>\n<\/tr>\n<tr>\n<td width=\"57\">\n<p align=\"center\">6<\/p>\n<\/td>\n<td width=\"397\">\n<p>Ma\u00eetrise de la terminologie<\/p>\n<\/td>\n<td width=\"57\">\n<p align=\"center\">\u00a0<\/p>\n<\/td>\n<td width=\"57\">\n<p align=\"center\">\u00a0<\/p>\n<\/td>\n<td width=\"57\">\n<p align=\"center\">\u00a0<\/p>\n<\/td>\n<td width=\"57\">\n<p align=\"center\">\u00a0<\/p>\n<\/td>\n<\/tr>\n<tr>\n<td width=\"57\">\n<p align=\"center\">7<\/p>\n<\/td>\n<td width=\"397\">\n<p>Visite virtuelle du projet<\/p>\n<\/td>\n<td width=\"57\">\n<p align=\"center\">\u00a0<\/p>\n<\/td>\n<td width=\"57\">\n<p align=\"center\">\u00a0<\/p>\n<\/td>\n<td width=\"57\">\n<p align=\"center\">\u00a0<\/p>\n<\/td>\n<td width=\"57\">\n<p align=\"center\">\u00a0<\/p>\n<\/td>\n<\/tr>\n<tr>\n<td width=\"57\">\n<p align=\"center\">8<\/p>\n<\/td>\n<td width=\"397\">\n<p>Qualit\u00e9 de la plaquette pr\u00e9sentant le projet au format A4<\/p>\n<\/td>\n<td width=\"57\">\n<p align=\"center\">\u00a0<\/p>\n<\/td>\n<td width=\"57\">\n<p align=\"center\">\u00a0<\/p>\n<\/td>\n<td width=\"57\">\n<p align=\"center\">\u00a0<\/p>\n<\/td>\n<td width=\"57\">\n<p align=\"center\">\u00a0<\/p>\n<\/td>\n<\/tr>\n<tr>\n<td width=\"57\">\n<p align=\"center\">\u00a0<\/p>\n<\/td>\n<td width=\"397\">\n<p><strong>TOTAL<\/strong><\/p>\n<\/td>\n<td width=\"57\">\n<p align=\"center\">\u00a0<\/p>\n<\/td>\n<td width=\"57\">\n<p align=\"center\">\u00a0<\/p>\n<\/td>\n<td width=\"57\">\n<p align=\"center\">\u00a0<\/p>\n<\/td>\n<td width=\"57\">\n<p align=\"center\">\u00a0<\/p>\n<\/td>\n<\/tr>\n<\/tbody>\n<\/table>\n<p align=\"center\"><strong>\u00a0<\/strong><\/p>\n<p align=\"center\"><span style=\"font-size: large\"><strong>Finale acad\u00e9mique Sweet Home 3D<\/strong><\/span><\/p>\n<p align=\"center\"><strong>\u00a0<\/strong><\/p>\n<p align=\"center\"><span style=\"font-size: x-large;color: #ff0000\"><strong>\u2018\u2019Pourquoi mon projet est le meilleur ? \u2018\u2019<\/strong><\/span><\/p>\n<p align=\"center\"><strong>\u00a0<\/strong><\/p>\n<p align=\"center\"><span style=\"color: #ff0000\"><strong>A l\u2019aide de la maquette num\u00e9rique vid\u00e9o projet\u00e9e, chaque groupe soutiendra son projet pendant<\/strong><\/span><\/p>\n<p align=\"center\"><span style=\"color: #ff0000\"><strong>10 minutes devant un jury compos\u00e9 de professionnels, de professeurs et d\u2019inspecteurs.<\/strong><\/span><\/p>\n<p align=\"center\"><strong>\u00a0<\/strong><\/p>\n<p align=\"center\"><strong>Inscrivez-vous sur site acad\u00e9mique de technologie : <a href=\"https:\/\/docs.google.com\/forms\/d\/1gOe4WP9d4f0e9qxWIx-HnSSsMxpzh65LSXm0W3x2A24\/viewform\" target=\"_blank\">lien<\/a><\/strong><\/p>\n<p align=\"center\"><strong>et pour plus d\u2019informations, une aide particuli\u00e8re, adressez un email aux adresses suivantes :<\/strong><\/p>\n<p align=\"center\"><a href=\"mailto:bruno.taille@ac-martinique.fr\"><strong>bruno.taille@ac-martinique.fr<\/strong><\/a> ou <a href=\"mailto:olivier.helene@ac-martinique.fr\"><strong>olivier.helene@ac-martinique.fr<\/strong><\/a><\/p>\n<p align=\"center\">\u00a0<strong>\u00a0<\/strong><\/p>\n<p align=\"center\"><em>D\u00e8s maintenant, les \u00e9l\u00e8ves peuvent s\u2019entra\u00eener \u00e0 ma\u00eetriser Sweet Home 3D (voir proposition d\u2019entrainement du fichier joint : <a href=\"\/technologie\/wp-content\/uploads\/sites\/24\/2014\/01\/SWEETHOME-2013-2014-Concours-Sweet-Home-3D-2014-Projet-entrainement-eleves.pdf\" target=\"_blank\">lien<\/a> ).<\/em><\/p>\n<hr \/>\n<p align=\"center\">r\u00e8glement version papier : <a href=\"\/technologie\/wp-content\/uploads\/sites\/24\/2014\/01\/SWEETHOME-2013-2014-Concours-Sweet-Home-3D-2014-Reglement-12.pdf\" target=\"_blank\">lien<\/a><\/p>\n","protected":false},"excerpt":{"rendered":"<p>\u00a0 Concours Sweet Home 3D \u00a0&#8211; Edition 2014 Acad\u00e9mie-Martinique \u00a0 \u00a0Ce concours s\u2019adresse aux \u00e9l\u00e8ves de cinqui\u00e8me de coll\u00e8ge (par \u00e9quipe de 2 ou 3 \u00e9l\u00e8ves). A l\u2019aide du logiciel Sweet Home 3D et d\u2019un cahier des charges, ils devront &hellip; <a href=\"https:\/\/site.ac-martinique.fr\/technologie\/concourss\/concours-architecture-2\/reglement-concours-architecture-2014\/\">Continuer la lecture <span class=\"meta-nav\">&rarr;<\/span><\/a><\/p>\n","protected":false},"author":80,"featured_media":0,"parent":1597,"menu_order":0,"comment_status":"closed","ping_status":"closed","template":"","meta":{"footnotes":""},"class_list":["post-1637","page","type-page","status-publish","hentry"],"_links":{"self":[{"href":"https:\/\/site.ac-martinique.fr\/technologie\/wp-json\/wp\/v2\/pages\/1637","targetHints":{"allow":["GET"]}}],"collection":[{"href":"https:\/\/site.ac-martinique.fr\/technologie\/wp-json\/wp\/v2\/pages"}],"about":[{"href":"https:\/\/site.ac-martinique.fr\/technologie\/wp-json\/wp\/v2\/types\/page"}],"author":[{"embeddable":true,"href":"https:\/\/site.ac-martinique.fr\/technologie\/wp-json\/wp\/v2\/users\/80"}],"replies":[{"embeddable":true,"href":"https:\/\/site.ac-martinique.fr\/technologie\/wp-json\/wp\/v2\/comments?post=1637"}],"version-history":[{"count":9,"href":"https:\/\/site.ac-martinique.fr\/technologie\/wp-json\/wp\/v2\/pages\/1637\/revisions"}],"predecessor-version":[{"id":1641,"href":"https:\/\/site.ac-martinique.fr\/technologie\/wp-json\/wp\/v2\/pages\/1637\/revisions\/1641"}],"up":[{"embeddable":true,"href":"https:\/\/site.ac-martinique.fr\/technologie\/wp-json\/wp\/v2\/pages\/1597"}],"wp:attachment":[{"href":"https:\/\/site.ac-martinique.fr\/technologie\/wp-json\/wp\/v2\/media?parent=1637"}],"curies":[{"name":"wp","href":"https:\/\/api.w.org\/{rel}","templated":true}]}}