{"id":1655,"date":"2014-01-30T21:51:01","date_gmt":"2014-01-31T01:51:01","guid":{"rendered":"\/technologie\/?page_id=1655"},"modified":"2014-01-30T23:24:02","modified_gmt":"2014-01-31T03:24:02","slug":"vinz-et-lou","status":"publish","type":"page","link":"https:\/\/site.ac-martinique.fr\/technologie\/logiciels\/vinz-et-lou\/","title":{"rendered":"VINZ et LOU"},"content":{"rendered":"<table border=\"0\">\n<tbody>\n<tr>\n<td><a href=\"http:\/\/www.vinzetlou.net\/\" target=\"_blank\"><img loading=\"lazy\" decoding=\"async\" src=\"\/technologie\/wp-content\/uploads\/sites\/24\/2014\/01\/vinz-et-lou-le-site.png\" alt=\"\" width=\"273\" height=\"172\" \/><\/a><\/td>\n<td>Vinz et Lou est un programme de sensibilisation qui traite des grandes th\u00e9matiques : Alimentation, Internet, Environnement, Citoyennet\u00e9 et Handicap.<br \/>Le programme est compos\u00e9 de dessins anim\u00e9s, de d\u00e9fis int\u00e9ractifs, de fiches p\u00e9dagogiques&#8230;<\/td>\n<\/tr>\n<\/tbody>\n<\/table>\n<p><strong><em>Cliquer sur l&#8217;image pour acc\u00e9der \u00e0 la page web<\/em><\/strong><\/p>\n","protected":false},"excerpt":{"rendered":"<p>Vinz et Lou est un programme de sensibilisation qui traite des grandes th\u00e9matiques : Alimentation, Internet, Environnement, Citoyennet\u00e9 et Handicap.Le programme est compos\u00e9 de dessins anim\u00e9s, de d\u00e9fis int\u00e9ractifs, de fiches p\u00e9dagogiques&#8230; Cliquer sur l&#8217;image pour acc\u00e9der \u00e0 la page &hellip; <a href=\"https:\/\/site.ac-martinique.fr\/technologie\/logiciels\/vinz-et-lou\/\">Continuer la lecture <span class=\"meta-nav\">&rarr;<\/span><\/a><\/p>\n","protected":false},"author":80,"featured_media":0,"parent":1039,"menu_order":2,"comment_status":"closed","ping_status":"closed","template":"","meta":{"footnotes":""},"class_list":["post-1655","page","type-page","status-publish","hentry"],"_links":{"self":[{"href":"https:\/\/site.ac-martinique.fr\/technologie\/wp-json\/wp\/v2\/pages\/1655","targetHints":{"allow":["GET"]}}],"collection":[{"href":"https:\/\/site.ac-martinique.fr\/technologie\/wp-json\/wp\/v2\/pages"}],"about":[{"href":"https:\/\/site.ac-martinique.fr\/technologie\/wp-json\/wp\/v2\/types\/page"}],"author":[{"embeddable":true,"href":"https:\/\/site.ac-martinique.fr\/technologie\/wp-json\/wp\/v2\/users\/80"}],"replies":[{"embeddable":true,"href":"https:\/\/site.ac-martinique.fr\/technologie\/wp-json\/wp\/v2\/comments?post=1655"}],"version-history":[{"count":6,"href":"https:\/\/site.ac-martinique.fr\/technologie\/wp-json\/wp\/v2\/pages\/1655\/revisions"}],"predecessor-version":[{"id":1669,"href":"https:\/\/site.ac-martinique.fr\/technologie\/wp-json\/wp\/v2\/pages\/1655\/revisions\/1669"}],"up":[{"embeddable":true,"href":"https:\/\/site.ac-martinique.fr\/technologie\/wp-json\/wp\/v2\/pages\/1039"}],"wp:attachment":[{"href":"https:\/\/site.ac-martinique.fr\/technologie\/wp-json\/wp\/v2\/media?parent=1655"}],"curies":[{"name":"wp","href":"https:\/\/api.w.org\/{rel}","templated":true}]}}