{"id":1668,"date":"2014-01-30T22:06:11","date_gmt":"2014-01-31T02:06:11","guid":{"rendered":"\/technologie\/?page_id=1668"},"modified":"2014-01-30T23:24:18","modified_gmt":"2014-01-31T03:24:18","slug":"brainpop","status":"publish","type":"page","link":"https:\/\/site.ac-martinique.fr\/technologie\/logiciels\/brainpop\/","title":{"rendered":"BRAINPOP"},"content":{"rendered":"<table border=\"0\">\n<tbody>\n<tr>\n<td><a href=\"http:\/\/www.brainpop.fr\/\" target=\"_blank\"><img loading=\"lazy\" decoding=\"async\" src=\"\/technologie\/wp-content\/uploads\/sites\/24\/2014\/01\/French-BrainPOP.jpg\" alt=\"\" width=\"240\" height=\"191\" \/><\/a><\/td>\n<td>\n<p><strong>BrainPOP Fran\u00e7ais<\/strong> est un site \u00e9ducatif r\u00e9unissant plusieurs centaines de films d&#8217;animation en ligne, v\u00e9ritables outils d\u2019enseignement, regroup\u00e9s dans plusieurs cat\u00e9gories.<\/p>\n<p>Thomas, jeune gar\u00e7on curieux de tout et son ami Moby le Robot qui aime poser plein de questions mais aussi faire le pitre, vous invitent dans leurs aventures pour d\u00e9couvrir le monde qui nous entoure et donner aux \u00e9l\u00e8ves l\u2019envie d\u2019en savoir toujours plus. L\u2019ergonomie du site et les p\u00e9rip\u00e9ties des personnages captivent les \u00e9l\u00e8ves.<\/p>\n<p>BrainPOP.fr est un outil p\u00e9dagogique id\u00e9al pour pr\u00e9parer un cours. En classe, BrainPOP permet d&#8217;expliquer des concepts scientifiques compliqu\u00e9s, de v\u00e9rifier les connaissances des \u00e9l\u00e8ves gr\u00e2ce aux quiz ou de compl\u00e9ter une le\u00e7on. Vous trouverez, en plus, pour certains films, une frise chronologique, des exp\u00e9riences \u00e0 r\u00e9aliser en toute s\u00e9curit\u00e9 et autres activit\u00e9s.<\/p>\n<p>L&#8217;utilisation ne n\u00e9cessite aucune formation ni t\u00e9l\u00e9chargement et le site est accessible depuis tout ordinateur connect\u00e9 au r\u00e9seau Internet, o\u00f9 que vous soyez. L&#8217;interface utilisateur et l&#8217;ergonomie permettent une navigation ais\u00e9e dans un espace s\u00e9curis\u00e9 \u00e0 vocation \u00e9ducative uniquement. Il suffit juste de cliquer intuitivement !<\/p>\n<\/td>\n<\/tr>\n<\/tbody>\n<\/table>\n<p><strong><em>Cliquer sur l&#8217;image pour acc\u00e9der \u00e0 la page web<\/em><\/strong><\/p>\n","protected":false},"excerpt":{"rendered":"<p>BrainPOP Fran\u00e7ais est un site \u00e9ducatif r\u00e9unissant plusieurs centaines de films d&#8217;animation en ligne, v\u00e9ritables outils d\u2019enseignement, regroup\u00e9s dans plusieurs cat\u00e9gories. Thomas, jeune gar\u00e7on curieux de tout et son ami Moby le Robot qui aime poser plein de questions mais &hellip; <a href=\"https:\/\/site.ac-martinique.fr\/technologie\/logiciels\/brainpop\/\">Continuer la lecture <span class=\"meta-nav\">&rarr;<\/span><\/a><\/p>\n","protected":false},"author":80,"featured_media":0,"parent":1039,"menu_order":2,"comment_status":"closed","ping_status":"closed","template":"","meta":{"footnotes":""},"class_list":["post-1668","page","type-page","status-publish","hentry"],"_links":{"self":[{"href":"https:\/\/site.ac-martinique.fr\/technologie\/wp-json\/wp\/v2\/pages\/1668","targetHints":{"allow":["GET"]}}],"collection":[{"href":"https:\/\/site.ac-martinique.fr\/technologie\/wp-json\/wp\/v2\/pages"}],"about":[{"href":"https:\/\/site.ac-martinique.fr\/technologie\/wp-json\/wp\/v2\/types\/page"}],"author":[{"embeddable":true,"href":"https:\/\/site.ac-martinique.fr\/technologie\/wp-json\/wp\/v2\/users\/80"}],"replies":[{"embeddable":true,"href":"https:\/\/site.ac-martinique.fr\/technologie\/wp-json\/wp\/v2\/comments?post=1668"}],"version-history":[{"count":4,"href":"https:\/\/site.ac-martinique.fr\/technologie\/wp-json\/wp\/v2\/pages\/1668\/revisions"}],"predecessor-version":[{"id":1711,"href":"https:\/\/site.ac-martinique.fr\/technologie\/wp-json\/wp\/v2\/pages\/1668\/revisions\/1711"}],"up":[{"embeddable":true,"href":"https:\/\/site.ac-martinique.fr\/technologie\/wp-json\/wp\/v2\/pages\/1039"}],"wp:attachment":[{"href":"https:\/\/site.ac-martinique.fr\/technologie\/wp-json\/wp\/v2\/media?parent=1668"}],"curies":[{"name":"wp","href":"https:\/\/api.w.org\/{rel}","templated":true}]}}