{"id":1675,"date":"2014-01-30T22:49:23","date_gmt":"2014-01-31T02:49:23","guid":{"rendered":"\/technologie\/?page_id=1675"},"modified":"2014-01-30T23:23:33","modified_gmt":"2014-01-31T03:23:33","slug":"sweet-home-3d","status":"publish","type":"page","link":"https:\/\/site.ac-martinique.fr\/technologie\/logiciels\/sweet-home-3d\/","title":{"rendered":"Sweet home 3D"},"content":{"rendered":"<table border=\"0\">\n<tbody>\n<tr>\n<td><a href=\"http:\/\/www.sweethome3d.com\/fr\/index.jsp\" target=\"_blank\"><img loading=\"lazy\" decoding=\"async\" src=\"\/technologie\/wp-content\/uploads\/sites\/24\/2014\/01\/SweetHome3d_logo2.jpg\" alt=\"\" width=\"241\" height=\"120\" \/><\/a><\/td>\n<td>\n<p><em><strong>Sweet Home 3D<\/strong>\u00a0est un\u00a0logiciel libre\u00a0d&#8217;aide \u00e0 l&#8217;am\u00e9nagement des meubles d&#8217;un logement sur un plan en 2D, avec une pr\u00e9visualisation en 3D.<\/em><\/p>\n<p>Vous pouvez aussi importer des biblioth\u00e8ques suppl\u00e9mentaires de mod\u00e8les 3D : <a href=\"http:\/\/www.sweethome3d.com\/fr\/importModels.jsp#ModelsLibraries\" target=\"_blank\">Importer les biblioth\u00e8ques<br \/><\/a>ou bien certain mod\u00e8les : <a href=\"http:\/\/www.sweethome3d.com\/fr\/userGuide.jsp#importing3DModels\" target=\"_blank\">importer des mod\u00e8les<\/a><\/p>\n<p style=\"text-align: right\">\u00a0<\/p>\n<p style=\"text-align: right\">compatible PC, MAC et Linux<\/p>\n<\/td>\n<\/tr>\n<\/tbody>\n<\/table>\n<p><strong><em>Cliquer sur l&#8217;image pour acc\u00e9der \u00e0 la page de t\u00e9l\u00e9chargement<\/em><\/strong><\/p>\n<hr \/>\n<p><strong>TUTORIELS :\u00a0<\/strong><\/p>\n<ul>\n<li>Page web du\u00a0<a href=\"http:\/\/www.sweethome3d.com\/fr\/userGuide.jsp\" target=\"_blank\">tutoriel officiel<\/a><\/li>\n<\/ul>\n<ul>\n<li>VID\u00c9O :<br \/>[dailymotion width=&#8221;560&#8243; height=&#8221;315&#8243;]http:\/\/www.dailymotion.com\/video\/x8ph67_didacticiel-sweet-home-3d-1-7_lifestyle[\/dailymotion]<\/li>\n<\/ul>\n<p style=\"text-align: left\">\u00a0<\/p>\n","protected":false},"excerpt":{"rendered":"<p>Sweet Home 3D\u00a0est un\u00a0logiciel libre\u00a0d&#8217;aide \u00e0 l&#8217;am\u00e9nagement des meubles d&#8217;un logement sur un plan en 2D, avec une pr\u00e9visualisation en 3D. Vous pouvez aussi importer des biblioth\u00e8ques suppl\u00e9mentaires de mod\u00e8les 3D : Importer les biblioth\u00e8quesou bien certain mod\u00e8les : importer &hellip; <a href=\"https:\/\/site.ac-martinique.fr\/technologie\/logiciels\/sweet-home-3d\/\">Continuer la lecture <span class=\"meta-nav\">&rarr;<\/span><\/a><\/p>\n","protected":false},"author":80,"featured_media":0,"parent":1039,"menu_order":1,"comment_status":"closed","ping_status":"closed","template":"","meta":{"footnotes":""},"class_list":["post-1675","page","type-page","status-publish","hentry"],"_links":{"self":[{"href":"https:\/\/site.ac-martinique.fr\/technologie\/wp-json\/wp\/v2\/pages\/1675","targetHints":{"allow":["GET"]}}],"collection":[{"href":"https:\/\/site.ac-martinique.fr\/technologie\/wp-json\/wp\/v2\/pages"}],"about":[{"href":"https:\/\/site.ac-martinique.fr\/technologie\/wp-json\/wp\/v2\/types\/page"}],"author":[{"embeddable":true,"href":"https:\/\/site.ac-martinique.fr\/technologie\/wp-json\/wp\/v2\/users\/80"}],"replies":[{"embeddable":true,"href":"https:\/\/site.ac-martinique.fr\/technologie\/wp-json\/wp\/v2\/comments?post=1675"}],"version-history":[{"count":14,"href":"https:\/\/site.ac-martinique.fr\/technologie\/wp-json\/wp\/v2\/pages\/1675\/revisions"}],"predecessor-version":[{"id":1708,"href":"https:\/\/site.ac-martinique.fr\/technologie\/wp-json\/wp\/v2\/pages\/1675\/revisions\/1708"}],"up":[{"embeddable":true,"href":"https:\/\/site.ac-martinique.fr\/technologie\/wp-json\/wp\/v2\/pages\/1039"}],"wp:attachment":[{"href":"https:\/\/site.ac-martinique.fr\/technologie\/wp-json\/wp\/v2\/media?parent=1675"}],"curies":[{"name":"wp","href":"https:\/\/api.w.org\/{rel}","templated":true}]}}